{"id":28827,"date":"2025-09-30T15:25:06","date_gmt":"2025-09-30T19:25:06","guid":{"rendered":"https:\/\/tclgdev.wpenginepowered.com\/?page_id=28827"},"modified":"2025-11-14T18:34:57","modified_gmt":"2025-11-14T23:34:57","slug":"empresas","status":"publish","type":"page","link":"https:\/\/tclgfirm.com\/es\/practice-areas-old\/business-law\/business-formation-and-corporate-governance\/corporations\/","title":{"rendered":"Empresas"},"content":{"rendered":"<div class=\"et_pb_section_0 et_pb_section et_section_regular et_flex_section\">\r\n\r\n<div class=\"et_pb_row_0 et_pb_row et_flex_row\">\r\n\r\n<div class=\"et_pb_column_0 et_pb_column et_flex_column et_pb_css_mix_blend_mode_passthrough et_flex_column_24_24 et_flex_column_24_24_tablet et_flex_column_24_24_phone\">\r\n\r\n<div class=\"et_pb_text_0 et_pb_text et_pb_bg_layout_light et_pb_module et_flex_module preset--group--divi-text--divi-font-body--default\"><div class=\"et_pb_text_inner\"><h1>Empresas<\/p>\n<h1>\n<\/div><\/div><\/div>\r\n\r\n<div class=\"et_pb_column_1 et_pb_column et-last-child et_flex_column et_pb_css_mix_blend_mode_passthrough et_flex_column_24_24 et_flex_column_24_24_tablet et_flex_column_24_24_phone\">\r\n\r\n<div class=\"et_pb_image_0 et_pb_image et_pb_module et_flex_module\"><span class=\"et_pb_image_wrap\"><img loading=\"lazy\" decoding=\"async\" src=\"https:\/\/tclgfirm.com\/wp-content\/uploads\/2025\/09\/TCLG.ISO-Cream.png\" width=\"341\" height=\"350\" srcset=\"https:\/\/tclgfirm.com\/wp-content\/uploads\/2025\/09\/TCLG.ISO-Cream.png 341w, https:\/\/tclgfirm.com\/wp-content\/uploads\/2025\/09\/TCLG.ISO-Cream-292x300.png 292w, https:\/\/tclgfirm.com\/wp-content\/uploads\/2025\/09\/TCLG.ISO-Cream-12x12.png 12w\" sizes=\"(max-width: 341px) 100vw, 341px\" class=\"wp-image-28819\" alt=\"Favicon de Tclg\" \/><\/span><\/div><\/div><\/div><\/div>\r\n\r\n<div class=\"et_pb_section_1 et_pb_section et_section_regular et_flex_section\"><div class=\"et_pb_row_1 et_pb_row et_flex_row\"><div class=\"et_pb_column_2 et_pb_column et-last-child et_flex_column et_pb_css_mix_blend_mode_passthrough et_flex_column_24_24 et_flex_column_24_24_tablet et_flex_column_24_24_phone\"><div class=\"et_pb_text_1 et_pb_text et_pb_bg_layout_light et_pb_module et_flex_module preset--group--divi-text--divi-font-body--default\"><div class=\"et_pb_text_inner\"><span><span><a href=\"https:\/\/tclgfirm.com\/es\/\">Inicio<\/a><\/span><\/span>\n<\/div><\/div><\/div><\/div><\/div>\r\n\r\n\r\n\r\n<div class=\"et_pb_section_2 et_pb_section et_section_regular et_flex_section\">\r\n\r\n<div class=\"et_pb_row_2 et_pb_row et_flex_row\">\r\n\r\n<div class=\"et_pb_column_3 et_pb_column et_flex_column et_pb_css_mix_blend_mode_passthrough et_flex_column_24_24 et_flex_column_24_24_tablet et_flex_column_24_24_phone\">\r\n\r\n<div class=\"et_pb_text_2 et_pb_text et_pb_bg_layout_light et_pb_module et_flex_module preset--group--divi-text--divi-font-body--default\"><div class=\"et_pb_text_inner\"><p>Una sociedad an\u00f3nima es una empresa reconocida como entidad jur\u00eddica propia, que separa a las personas que poseen acciones de la empresa de la propia empresa. Las sociedades an\u00f3nimas se constituyen mediante la presentaci\u00f3n de los estatutos sociales ante el estado y est\u00e1n dirigidas por un consejo de administraci\u00f3n y los directivos de la empresa. Una de las mayores ventajas de una sociedad an\u00f3nima es la responsabilidad limitada, por la que los accionistas no son personalmente responsables de las deudas o los problemas legales de la empresa.<\/p>\n<p>Las sociedades an\u00f3nimas pueden recaudar fondos mediante la emisi\u00f3n de acciones; pueden obtener ganancias y estar sujetas a impuestos. Pueden seguir existiendo incluso si cambia la propiedad y, a menudo, los bancos y los inversionistas las consideran m\u00e1s confiables. Sin embargo, deben cumplir con requisitos formales, como tener <a href=\"\/es\/areas-de-practica\/derecho-mercantil\/constitucion-de-empresas-y-gobierno-corporativo\/estatutos\/\">estatutos<\/a>, celebrar reuniones y llevar registros detallados.<\/p>\n<p>\u00bfListo para crear tu sociedad?<\/p>\n<\/div><\/div>\r\n\r\n<div class=\"et_pb_module et_pb_button_module_wrapper et_pb_button_0_wrapper\"><a class=\"et_pb_button_0 et_pb_button et_pb_bg_layout_light et_pb_module et_flex_module\" href=\"\">CONTACTO<\/a><\/div><\/div>\r\n\r\n<div class=\"et_pb_column_4 et_pb_column et-last-child et_flex_column et_pb_css_mix_blend_mode_passthrough et_flex_column_24_24 et_flex_column_24_24_tablet et_flex_column_24_24_phone\">\r\n\r\n<div class=\"et_pb_text_3 et_pb_text et_pb_bg_layout_light et_pb_module et_flex_module interior-body preset--group--divi-text--divi-font-body--default\"><div class=\"et_pb_text_inner\"><h3>Alcance de los servicios<\/h3>\n<p>TCLG se enorgullece de haber representado y asesorado a cientos de empresas en materia de gobierno corporativo. \u00a1Nuestra firma puede hacer lo mismo por su empresa! Estos son algunos de los servicios de estructura corporativa y gobierno corporativo que ofrece nuestra firma:<\/p>\n<ul>\n<li>Constituci\u00f3n de una entidad comercial<\/li>\n<li>Redactar\/modificar los estatutos sociales, los documentos de constituci\u00f3n o los documentos de sociedad.<\/li>\n<li><a href=\"\/es\/areas-de-practica\/derecho-mercantil\/constitucion-de-empresas-y-gobierno-corporativo\/estatutos\/\">Redactar\/Modificar los estatutos<\/a>, <a href=\"\/es\/areas-de-practica\/derecho-mercantil\/constitucion-de-empresas-y-gobierno-corporativo\/acuerdos-operativos\/\">Acuerdos de explotaci\u00f3n<\/a>, y <a href=\"\/es\/areas-de-practica\/derecho-mercantil\/constitucion-de-empresas-y-gobierno-corporativo\/acuerdos-de-accionistas\/\">Acuerdos de accionistas.<\/a><\/li>\n<li><a href=\"\/es\/areas-de-practica\/derecho-mercantil\/constitucion-de-empresas-y-gobierno-corporativo\/acuerdos-de-compraventa\/\">Redactar\/modificar acuerdos de compraventa.<\/a>,<\/li>\n<li>Borrador de convocatorias de juntas y resoluciones corporativas<\/li>\n<li>Cree clases de acciones y\/o derechos preferentes dentro de su estructura corporativa.<\/li>\n<li>Representa a tu empresa de principio a fin en cualquier <a href=\"\/es\/areas-de-practica\/derecho-mercantil\/constitucion-de-empresas-y-gobierno-corporativo\/ma-restructuring\/\">Fusiones y adquisiciones y reestructuraciones<\/a> transacci\u00f3n.<\/li>\n<li>Borrador de acuerdos de inversi\u00f3n o de derechos de suscripci\u00f3n.<\/li>\n<li>Representa a tu empresa en asuntos relacionados con el cumplimiento normativo y las investigaciones.<\/li>\n<li>Desarrollar y redactar pol\u00edticas de gesti\u00f3n de crisis.<\/li>\n<li>Desarrollar y redactar <a href=\"\/es\/areas-de-practica\/derecho-mercantil\/gestion-de-riesgos\/\">Gesti\u00f3n de riesgos<\/a> pol\u00edticas<\/li>\n<li>Revisar las comunicaciones con los accionistas.<\/li>\n<\/ul>\n<\/div><\/div><\/div><\/div><\/div>","protected":false},"excerpt":{"rendered":"<p>Una sociedad an\u00f3nima es una empresa reconocida como entidad jur\u00eddica propia, que separa a las personas que poseen acciones de la empresa de la propia empresa. <\/p>","protected":false},"author":1,"featured_media":28772,"parent":29007,"menu_order":0,"comment_status":"closed","ping_status":"closed","template":"","meta":{"_acf_changed":false,"footnotes":""},"dipi_cpt_category":[],"class_list":["post-28827","page","type-page","status-publish","has-post-thumbnail","hentry"],"acf":[],"yoast_head":"<!-- This site is optimized with the Yoast SEO Premium plugin v27.5 (Yoast SEO v27.5) - https:\/\/yoast.com\/product\/yoast-seo-premium-wordpress\/ -->\n<title>Corporations - TCLG - The Campbell Law Group<\/title>\n<meta name=\"description\" content=\"A corporation is a business that is recognized as its own legal entity, separating the individuals who own shares in the company from the company itself.\" \/>\n<meta name=\"robots\" content=\"index, follow, max-snippet:-1, max-image-preview:large, max-video-preview:-1\" \/>\n<link rel=\"canonical\" href=\"https:\/\/tclgfirm.com\/es\/areas-de-practica-antiguas\/derecho-mercantil\/constitucion-de-empresas-y-gobierno-corporativo\/empresas\/\" \/>\n<meta property=\"og:locale\" content=\"es_MX\" \/>\n<meta property=\"og:type\" content=\"article\" \/>\n<meta property=\"og:title\" content=\"Corporations\" \/>\n<meta property=\"og:description\" content=\"A corporation is a business that is recognized as its own legal entity, separating the individuals who own shares in the company from the company itself.\" \/>\n<meta property=\"og:url\" content=\"https:\/\/tclgfirm.com\/es\/areas-de-practica-antiguas\/derecho-mercantil\/constitucion-de-empresas-y-gobierno-corporativo\/empresas\/\" \/>\n<meta property=\"og:site_name\" content=\"TCLG - The Campbell Law Group\" \/>\n<meta property=\"article:publisher\" content=\"https:\/\/www.facebook.com\/businessattorneymiami\/\" \/>\n<meta property=\"article:modified_time\" content=\"2025-11-14T23:34:57+00:00\" \/>\n<meta property=\"og:image\" content=\"https:\/\/tclgfirm.com\/wp-content\/uploads\/2024\/01\/modern-business-center-2023-11-27-05-24-47-utc-scaled-2.jpg\" \/>\n\t<meta property=\"og:image:width\" content=\"2560\" \/>\n\t<meta property=\"og:image:height\" content=\"1707\" \/>\n\t<meta property=\"og:image:type\" content=\"image\/jpeg\" \/>\n<meta name=\"twitter:card\" content=\"summary_large_image\" \/>\n<meta name=\"twitter:site\" content=\"@Campbelllawgrp\" \/>\n<script type=\"application\/ld+json\" class=\"yoast-schema-graph\">{\"@context\":\"https:\\\/\\\/schema.org\",\"@graph\":[{\"@type\":\"WebPage\",\"@id\":\"https:\\\/\\\/tclgfirm.com\\\/practice-areas-old\\\/business-law\\\/business-formation-and-corporate-governance\\\/corporations\\\/\",\"url\":\"https:\\\/\\\/tclgfirm.com\\\/practice-areas-old\\\/business-law\\\/business-formation-and-corporate-governance\\\/corporations\\\/\",\"name\":\"Corporations - TCLG - The Campbell Law Group\",\"isPartOf\":{\"@id\":\"https:\\\/\\\/tclgfirm.com\\\/#website\"},\"primaryImageOfPage\":{\"@id\":\"https:\\\/\\\/tclgfirm.com\\\/practice-areas-old\\\/business-law\\\/business-formation-and-corporate-governance\\\/corporations\\\/#primaryimage\"},\"image\":{\"@id\":\"https:\\\/\\\/tclgfirm.com\\\/practice-areas-old\\\/business-law\\\/business-formation-and-corporate-governance\\\/corporations\\\/#primaryimage\"},\"thumbnailUrl\":\"https:\\\/\\\/tclgfirm.com\\\/wp-content\\\/uploads\\\/2024\\\/01\\\/modern-business-center-2023-11-27-05-24-47-utc-scaled-2.jpg\",\"datePublished\":\"2025-09-30T19:25:06+00:00\",\"dateModified\":\"2025-11-14T23:34:57+00:00\",\"description\":\"A corporation is a business that is recognized as its own legal entity, separating the individuals who own shares in the company from the company itself.\",\"breadcrumb\":{\"@id\":\"https:\\\/\\\/tclgfirm.com\\\/practice-areas-old\\\/business-law\\\/business-formation-and-corporate-governance\\\/corporations\\\/#breadcrumb\"},\"inLanguage\":\"es\",\"potentialAction\":[{\"@type\":\"ReadAction\",\"target\":[\"https:\\\/\\\/tclgfirm.com\\\/practice-areas-old\\\/business-law\\\/business-formation-and-corporate-governance\\\/corporations\\\/\"]}]},{\"@type\":\"ImageObject\",\"inLanguage\":\"es\",\"@id\":\"https:\\\/\\\/tclgfirm.com\\\/practice-areas-old\\\/business-law\\\/business-formation-and-corporate-governance\\\/corporations\\\/#primaryimage\",\"url\":\"https:\\\/\\\/tclgfirm.com\\\/wp-content\\\/uploads\\\/2024\\\/01\\\/modern-business-center-2023-11-27-05-24-47-utc-scaled-2.jpg\",\"contentUrl\":\"https:\\\/\\\/tclgfirm.com\\\/wp-content\\\/uploads\\\/2024\\\/01\\\/modern-business-center-2023-11-27-05-24-47-utc-scaled-2.jpg\",\"width\":2560,\"height\":1707,\"caption\":\"Fragment of several floors of modern office center\"},{\"@type\":\"BreadcrumbList\",\"@id\":\"https:\\\/\\\/tclgfirm.com\\\/practice-areas-old\\\/business-law\\\/business-formation-and-corporate-governance\\\/corporations\\\/#breadcrumb\",\"itemListElement\":[{\"@type\":\"ListItem\",\"position\":1,\"name\":\"Home\",\"item\":\"https:\\\/\\\/tclgfirm.com\\\/\"},{\"@type\":\"ListItem\",\"position\":2,\"name\":\"Practice Areas\",\"item\":\"https:\\\/\\\/tclgfirm.com\\\/practice-areas-old\\\/\"},{\"@type\":\"ListItem\",\"position\":3,\"name\":\"Business Law\",\"item\":\"https:\\\/\\\/tclgfirm.com\\\/practice-areas-old\\\/business-law\\\/\"},{\"@type\":\"ListItem\",\"position\":4,\"name\":\"Business Formation &amp; Corporate Governance\",\"item\":\"https:\\\/\\\/tclgfirm.com\\\/practice-areas-old\\\/business-law\\\/business-formation-and-corporate-governance\\\/\"},{\"@type\":\"ListItem\",\"position\":5,\"name\":\"Corporations\"}]},{\"@type\":\"WebSite\",\"@id\":\"https:\\\/\\\/tclgfirm.com\\\/#website\",\"url\":\"https:\\\/\\\/tclgfirm.com\\\/\",\"name\":\"TCLG Business & Corporate Law\",\"description\":\"Business &amp; Corporate Law\",\"publisher\":{\"@id\":\"https:\\\/\\\/tclgfirm.com\\\/#organization\"},\"potentialAction\":[{\"@type\":\"SearchAction\",\"target\":{\"@type\":\"EntryPoint\",\"urlTemplate\":\"https:\\\/\\\/tclgfirm.com\\\/?s={search_term_string}\"},\"query-input\":{\"@type\":\"PropertyValueSpecification\",\"valueRequired\":true,\"valueName\":\"search_term_string\"}}],\"inLanguage\":\"es\"},{\"@type\":\"Organization\",\"@id\":\"https:\\\/\\\/tclgfirm.com\\\/#organization\",\"name\":\"The Campbell Law Group\",\"alternateName\":\"TCLG\",\"url\":\"https:\\\/\\\/tclgfirm.com\\\/\",\"logo\":{\"@type\":\"ImageObject\",\"inLanguage\":\"es\",\"@id\":\"https:\\\/\\\/tclgfirm.com\\\/#\\\/schema\\\/logo\\\/image\\\/\",\"url\":\"https:\\\/\\\/tclgfirm.com\\\/wp-content\\\/uploads\\\/2025\\\/11\\\/logo-yoast.png\",\"contentUrl\":\"https:\\\/\\\/tclgfirm.com\\\/wp-content\\\/uploads\\\/2025\\\/11\\\/logo-yoast.png\",\"width\":696,\"height\":696,\"caption\":\"The Campbell Law Group\"},\"image\":{\"@id\":\"https:\\\/\\\/tclgfirm.com\\\/#\\\/schema\\\/logo\\\/image\\\/\"},\"sameAs\":[\"https:\\\/\\\/www.facebook.com\\\/businessattorneymiami\\\/\",\"https:\\\/\\\/x.com\\\/Campbelllawgrp\"]}]}<\/script>\n<!-- \/ Yoast SEO Premium plugin. -->","yoast_head_json":{"title":"Corporaciones - TCLG - The Campbell Law Group","description":"Una sociedad an\u00f3nima es una empresa reconocida como entidad jur\u00eddica propia, que separa a las personas que poseen acciones de la empresa de la propia empresa.","robots":{"index":"index","follow":"follow","max-snippet":"max-snippet:-1","max-image-preview":"max-image-preview:large","max-video-preview":"max-video-preview:-1"},"canonical":"https:\/\/tclgfirm.com\/es\/areas-de-practica-antiguas\/derecho-mercantil\/constitucion-de-empresas-y-gobierno-corporativo\/empresas\/","og_locale":"es_MX","og_type":"article","og_title":"Corporations","og_description":"A corporation is a business that is recognized as its own legal entity, separating the individuals who own shares in the company from the company itself.","og_url":"https:\/\/tclgfirm.com\/es\/areas-de-practica-antiguas\/derecho-mercantil\/constitucion-de-empresas-y-gobierno-corporativo\/empresas\/","og_site_name":"TCLG - The Campbell Law Group","article_publisher":"https:\/\/www.facebook.com\/businessattorneymiami\/","article_modified_time":"2025-11-14T23:34:57+00:00","og_image":[{"width":2560,"height":1707,"url":"https:\/\/tclgfirm.com\/wp-content\/uploads\/2024\/01\/modern-business-center-2023-11-27-05-24-47-utc-scaled-2.jpg","type":"image\/jpeg"}],"twitter_card":"summary_large_image","twitter_site":"@Campbelllawgrp","schema":{"@context":"https:\/\/schema.org","@graph":[{"@type":"WebPage","@id":"https:\/\/tclgfirm.com\/practice-areas-old\/business-law\/business-formation-and-corporate-governance\/corporations\/","url":"https:\/\/tclgfirm.com\/practice-areas-old\/business-law\/business-formation-and-corporate-governance\/corporations\/","name":"Corporaciones - TCLG - The Campbell Law Group","isPartOf":{"@id":"https:\/\/tclgfirm.com\/#website"},"primaryImageOfPage":{"@id":"https:\/\/tclgfirm.com\/practice-areas-old\/business-law\/business-formation-and-corporate-governance\/corporations\/#primaryimage"},"image":{"@id":"https:\/\/tclgfirm.com\/practice-areas-old\/business-law\/business-formation-and-corporate-governance\/corporations\/#primaryimage"},"thumbnailUrl":"https:\/\/tclgfirm.com\/wp-content\/uploads\/2024\/01\/modern-business-center-2023-11-27-05-24-47-utc-scaled-2.jpg","datePublished":"2025-09-30T19:25:06+00:00","dateModified":"2025-11-14T23:34:57+00:00","description":"Una sociedad an\u00f3nima es una empresa reconocida como entidad jur\u00eddica propia, que separa a las personas que poseen acciones de la empresa de la propia empresa.","breadcrumb":{"@id":"https:\/\/tclgfirm.com\/practice-areas-old\/business-law\/business-formation-and-corporate-governance\/corporations\/#breadcrumb"},"inLanguage":"es","potentialAction":[{"@type":"ReadAction","target":["https:\/\/tclgfirm.com\/practice-areas-old\/business-law\/business-formation-and-corporate-governance\/corporations\/"]}]},{"@type":"ImageObject","inLanguage":"es","@id":"https:\/\/tclgfirm.com\/practice-areas-old\/business-law\/business-formation-and-corporate-governance\/corporations\/#primaryimage","url":"https:\/\/tclgfirm.com\/wp-content\/uploads\/2024\/01\/modern-business-center-2023-11-27-05-24-47-utc-scaled-2.jpg","contentUrl":"https:\/\/tclgfirm.com\/wp-content\/uploads\/2024\/01\/modern-business-center-2023-11-27-05-24-47-utc-scaled-2.jpg","width":2560,"height":1707,"caption":"Fragment of several floors of modern office center"},{"@type":"BreadcrumbList","@id":"https:\/\/tclgfirm.com\/practice-areas-old\/business-law\/business-formation-and-corporate-governance\/corporations\/#breadcrumb","itemListElement":[{"@type":"ListItem","position":1,"name":"Home","item":"https:\/\/tclgfirm.com\/"},{"@type":"ListItem","position":2,"name":"Practice Areas","item":"https:\/\/tclgfirm.com\/practice-areas-old\/"},{"@type":"ListItem","position":3,"name":"Business Law","item":"https:\/\/tclgfirm.com\/practice-areas-old\/business-law\/"},{"@type":"ListItem","position":4,"name":"Business Formation &amp; Corporate Governance","item":"https:\/\/tclgfirm.com\/practice-areas-old\/business-law\/business-formation-and-corporate-governance\/"},{"@type":"ListItem","position":5,"name":"Corporations"}]},{"@type":"WebSite","@id":"https:\/\/tclgfirm.com\/#website","url":"https:\/\/tclgfirm.com\/","name":"Derecho mercantil y corporativo de TCLG","description":"Derecho mercantil y corporativo","publisher":{"@id":"https:\/\/tclgfirm.com\/#organization"},"potentialAction":[{"@type":"SearchAction","target":{"@type":"EntryPoint","urlTemplate":"https:\/\/tclgfirm.com\/?s={search_term_string}"},"query-input":{"@type":"PropertyValueSpecification","valueRequired":true,"valueName":"search_term_string"}}],"inLanguage":"es"},{"@type":"Organization","@id":"https:\/\/tclgfirm.com\/#organization","name":"El Grupo Jur\u00eddico Campbell","alternateName":"TCLG","url":"https:\/\/tclgfirm.com\/","logo":{"@type":"ImageObject","inLanguage":"es","@id":"https:\/\/tclgfirm.com\/#\/schema\/logo\/image\/","url":"https:\/\/tclgfirm.com\/wp-content\/uploads\/2025\/11\/logo-yoast.png","contentUrl":"https:\/\/tclgfirm.com\/wp-content\/uploads\/2025\/11\/logo-yoast.png","width":696,"height":696,"caption":"The Campbell Law Group"},"image":{"@id":"https:\/\/tclgfirm.com\/#\/schema\/logo\/image\/"},"sameAs":["https:\/\/www.facebook.com\/businessattorneymiami\/","https:\/\/x.com\/Campbelllawgrp"]}]}},"_links":{"self":[{"href":"https:\/\/tclgfirm.com\/es\/wp-json\/wp\/v2\/pages\/28827","targetHints":{"allow":["GET"]}}],"collection":[{"href":"https:\/\/tclgfirm.com\/es\/wp-json\/wp\/v2\/pages"}],"about":[{"href":"https:\/\/tclgfirm.com\/es\/wp-json\/wp\/v2\/types\/page"}],"author":[{"embeddable":true,"href":"https:\/\/tclgfirm.com\/es\/wp-json\/wp\/v2\/users\/1"}],"replies":[{"embeddable":true,"href":"https:\/\/tclgfirm.com\/es\/wp-json\/wp\/v2\/comments?post=28827"}],"version-history":[{"count":0,"href":"https:\/\/tclgfirm.com\/es\/wp-json\/wp\/v2\/pages\/28827\/revisions"}],"up":[{"embeddable":true,"href":"https:\/\/tclgfirm.com\/es\/wp-json\/wp\/v2\/pages\/29007"}],"wp:featuredmedia":[{"embeddable":true,"href":"https:\/\/tclgfirm.com\/es\/wp-json\/wp\/v2\/media\/28772"}],"wp:attachment":[{"href":"https:\/\/tclgfirm.com\/es\/wp-json\/wp\/v2\/media?parent=28827"}],"wp:term":[{"taxonomy":"dipi_cpt_category","embeddable":true,"href":"https:\/\/tclgfirm.com\/es\/wp-json\/wp\/v2\/dipi_cpt_category?post=28827"}],"curies":[{"name":"wp","href":"https:\/\/api.w.org\/{rel}","templated":true}]}}