{"id":28831,"date":"2025-09-30T17:35:35","date_gmt":"2025-09-30T21:35:35","guid":{"rendered":"https:\/\/tclgdev.wpenginepowered.com\/?page_id=28831"},"modified":"2025-11-14T18:32:04","modified_gmt":"2025-11-14T23:32:04","slug":"estatutos","status":"publish","type":"page","link":"https:\/\/tclgfirm.com\/es\/practice-areas-old\/business-law\/business-formation-and-corporate-governance\/bylaws\/","title":{"rendered":"Estatutos"},"content":{"rendered":"<div class=\"et_pb_section_0 et_pb_section et_section_regular et_flex_section\">\r\n\r\n<div class=\"et_pb_row_0 et_pb_row et_flex_row\">\r\n\r\n<div class=\"et_pb_column_0 et_pb_column et_flex_column et_pb_css_mix_blend_mode_passthrough et_flex_column_24_24 et_flex_column_24_24_tablet et_flex_column_24_24_phone\">\r\n\r\n<div class=\"et_pb_text_0 et_pb_text et_pb_bg_layout_light et_pb_module et_flex_module preset--group--divi-text--divi-font-body--default\"><div class=\"et_pb_text_inner\"><h1>Estatutos<\/p>\n<h1>\n<\/div><\/div><\/div>\r\n\r\n<div class=\"et_pb_column_1 et_pb_column et-last-child et_flex_column et_pb_css_mix_blend_mode_passthrough et_flex_column_24_24 et_flex_column_24_24_tablet et_flex_column_24_24_phone\">\r\n\r\n<div class=\"et_pb_image_0 et_pb_image et_pb_module et_flex_module\"><span class=\"et_pb_image_wrap\"><img loading=\"lazy\" decoding=\"async\" src=\"https:\/\/tclgfirm.com\/wp-content\/uploads\/2025\/09\/TCLG.ISO-Cream.png\" width=\"341\" height=\"350\" srcset=\"https:\/\/tclgfirm.com\/wp-content\/uploads\/2025\/09\/TCLG.ISO-Cream.png 341w, https:\/\/tclgfirm.com\/wp-content\/uploads\/2025\/09\/TCLG.ISO-Cream-292x300.png 292w, https:\/\/tclgfirm.com\/wp-content\/uploads\/2025\/09\/TCLG.ISO-Cream-12x12.png 12w\" sizes=\"(max-width: 341px) 100vw, 341px\" class=\"wp-image-28819\" alt=\"Favicon de Tclg\" \/><\/span><\/div><\/div><\/div><\/div>\r\n\r\n<div class=\"et_pb_section_1 et_pb_section et_section_regular et_flex_section\"><div class=\"et_pb_row_1 et_pb_row et_flex_row\"><div class=\"et_pb_column_2 et_pb_column et-last-child et_flex_column et_pb_css_mix_blend_mode_passthrough et_flex_column_24_24 et_flex_column_24_24_tablet et_flex_column_24_24_phone\"><div class=\"et_pb_text_1 et_pb_text et_pb_bg_layout_light et_pb_module et_flex_module preset--group--divi-text--divi-font-body--default\"><div class=\"et_pb_text_inner\"><span><span><a href=\"https:\/\/tclgfirm.com\/es\/\">Inicio<\/a><\/span><\/span>\n<\/div><\/div><\/div><\/div><\/div>\r\n\r\n\r\n\r\n<div class=\"et_pb_section_2 et_pb_section et_section_regular et_flex_section\">\r\n\r\n<div class=\"et_pb_row_2 et_pb_row et_flex_row\">\r\n\r\n<div class=\"et_pb_column_3 et_pb_column et-last-child et_flex_column et_pb_css_mix_blend_mode_passthrough et_flex_column_24_24 et_flex_column_24_24_tablet et_flex_column_24_24_phone\">\r\n\r\n<div class=\"et_pb_text_2 et_pb_text et_pb_bg_layout_light et_pb_module et_flex_module phc-pa-text preset--group--divi-text--divi-font-body--default\"><div class=\"et_pb_text_inner\"><p>Ya sea que est\u00e9 lanzando una nueva corporaci\u00f3n o reestructurando una ya existente, sus estatutos son un elemento fundamental del gobierno corporativo interno de su empresa. Los estatutos son m\u00e1s que simples formalidades, son documentos legales cr\u00edticos que describen c\u00f3mo opera su corporaci\u00f3n, toma decisiones y resuelve disputas internas. Unos estatutos bien redactados pueden lograr lo siguiente:<\/p>\n<blockquote>\n<p>Definir las funciones y responsabilidades de los directores, funcionarios y accionistas.<\/p>\n<p>Establecer procedimientos para reuniones, votaciones y acciones de la empresa.<\/p>\n<p>Ayuda a prevenir conflictos internos y luchas de poder.<\/p>\n<p>Proporcionar un marco legal para el cumplimiento y la rendici\u00f3n de cuentas.<\/p>\n<\/blockquote>\n<p>Para obtener ayuda en la redacci\u00f3n o modificaci\u00f3n de los estatutos sociales con el fin de satisfacer las necesidades de gobernanza de su empresa:<\/p>\n<\/div><\/div>\r\n\r\n<div class=\"et_pb_module et_pb_button_module_wrapper et_pb_button_0_wrapper\"><a class=\"et_pb_button_0 et_pb_button et_pb_bg_layout_light et_pb_module et_flex_module\" href=\"\/es\/contact\/\">P\u00d3NGASE EN CONTACTO CON NOSOTROS PARA UNA CONSULTA ESTRAT\u00c9GICA<\/a><\/div><\/div><\/div><\/div>","protected":false},"excerpt":{"rendered":"<p>Los estatutos son documentos legales fundamentales que describen c\u00f3mo opera su corporaci\u00f3n, toma decisiones y resuelve disputas internas.<\/p>","protected":false},"author":1,"featured_media":28788,"parent":29007,"menu_order":0,"comment_status":"closed","ping_status":"closed","template":"","meta":{"_acf_changed":false,"footnotes":""},"dipi_cpt_category":[],"class_list":["post-28831","page","type-page","status-publish","has-post-thumbnail","hentry"],"acf":[],"yoast_head":"<!-- This site is optimized with the Yoast SEO Premium plugin v27.5 (Yoast SEO v27.5) - https:\/\/yoast.com\/product\/yoast-seo-premium-wordpress\/ -->\n<title>Bylaws - TCLG - The Campbell Law Group<\/title>\n<meta name=\"description\" content=\"Bylaws are critical legal documents that outline how your corporation operates, makes decisions, and resolves internal disputes.\" \/>\n<meta name=\"robots\" content=\"index, follow, max-snippet:-1, max-image-preview:large, max-video-preview:-1\" \/>\n<link rel=\"canonical\" href=\"https:\/\/tclgfirm.com\/es\/areas-de-practica-antiguas\/derecho-mercantil\/constitucion-de-empresas-y-gobierno-corporativo\/estatutos\/\" \/>\n<meta property=\"og:locale\" content=\"es_MX\" \/>\n<meta property=\"og:type\" content=\"article\" \/>\n<meta property=\"og:title\" content=\"Bylaws\" \/>\n<meta property=\"og:description\" content=\"Bylaws are critical legal documents that outline how your corporation operates, makes decisions, and resolves internal disputes.\" \/>\n<meta property=\"og:url\" content=\"https:\/\/tclgfirm.com\/es\/areas-de-practica-antiguas\/derecho-mercantil\/constitucion-de-empresas-y-gobierno-corporativo\/estatutos\/\" \/>\n<meta property=\"og:site_name\" content=\"TCLG - The Campbell Law Group\" \/>\n<meta property=\"article:publisher\" content=\"https:\/\/www.facebook.com\/businessattorneymiami\/\" \/>\n<meta property=\"article:modified_time\" content=\"2025-11-14T23:32:04+00:00\" \/>\n<meta property=\"og:image\" content=\"https:\/\/tclgfirm.com\/wp-content\/uploads\/2023\/04\/people-at-board-room-2021-09-24-01-23-01-utc-1.jpg\" \/>\n\t<meta property=\"og:image:width\" content=\"800\" \/>\n\t<meta property=\"og:image:height\" content=\"534\" \/>\n\t<meta property=\"og:image:type\" content=\"image\/jpeg\" \/>\n<meta name=\"twitter:card\" content=\"summary_large_image\" \/>\n<meta name=\"twitter:site\" content=\"@Campbelllawgrp\" \/>\n<script type=\"application\/ld+json\" class=\"yoast-schema-graph\">{\"@context\":\"https:\\\/\\\/schema.org\",\"@graph\":[{\"@type\":\"WebPage\",\"@id\":\"https:\\\/\\\/tclgfirm.com\\\/practice-areas-old\\\/business-law\\\/business-formation-and-corporate-governance\\\/bylaws\\\/\",\"url\":\"https:\\\/\\\/tclgfirm.com\\\/practice-areas-old\\\/business-law\\\/business-formation-and-corporate-governance\\\/bylaws\\\/\",\"name\":\"Bylaws - TCLG - The Campbell Law Group\",\"isPartOf\":{\"@id\":\"https:\\\/\\\/tclgfirm.com\\\/#website\"},\"primaryImageOfPage\":{\"@id\":\"https:\\\/\\\/tclgfirm.com\\\/practice-areas-old\\\/business-law\\\/business-formation-and-corporate-governance\\\/bylaws\\\/#primaryimage\"},\"image\":{\"@id\":\"https:\\\/\\\/tclgfirm.com\\\/practice-areas-old\\\/business-law\\\/business-formation-and-corporate-governance\\\/bylaws\\\/#primaryimage\"},\"thumbnailUrl\":\"https:\\\/\\\/tclgfirm.com\\\/wp-content\\\/uploads\\\/2023\\\/04\\\/people-at-board-room-2021-09-24-01-23-01-utc-1.jpg\",\"datePublished\":\"2025-09-30T21:35:35+00:00\",\"dateModified\":\"2025-11-14T23:32:04+00:00\",\"description\":\"Bylaws are critical legal documents that outline how your corporation operates, makes decisions, and resolves internal disputes.\",\"breadcrumb\":{\"@id\":\"https:\\\/\\\/tclgfirm.com\\\/practice-areas-old\\\/business-law\\\/business-formation-and-corporate-governance\\\/bylaws\\\/#breadcrumb\"},\"inLanguage\":\"es\",\"potentialAction\":[{\"@type\":\"ReadAction\",\"target\":[\"https:\\\/\\\/tclgfirm.com\\\/practice-areas-old\\\/business-law\\\/business-formation-and-corporate-governance\\\/bylaws\\\/\"]}]},{\"@type\":\"ImageObject\",\"inLanguage\":\"es\",\"@id\":\"https:\\\/\\\/tclgfirm.com\\\/practice-areas-old\\\/business-law\\\/business-formation-and-corporate-governance\\\/bylaws\\\/#primaryimage\",\"url\":\"https:\\\/\\\/tclgfirm.com\\\/wp-content\\\/uploads\\\/2023\\\/04\\\/people-at-board-room-2021-09-24-01-23-01-utc-1.jpg\",\"contentUrl\":\"https:\\\/\\\/tclgfirm.com\\\/wp-content\\\/uploads\\\/2023\\\/04\\\/people-at-board-room-2021-09-24-01-23-01-utc-1.jpg\",\"width\":800,\"height\":534,\"caption\":\"Board Room\"},{\"@type\":\"BreadcrumbList\",\"@id\":\"https:\\\/\\\/tclgfirm.com\\\/practice-areas-old\\\/business-law\\\/business-formation-and-corporate-governance\\\/bylaws\\\/#breadcrumb\",\"itemListElement\":[{\"@type\":\"ListItem\",\"position\":1,\"name\":\"Home\",\"item\":\"https:\\\/\\\/tclgfirm.com\\\/\"},{\"@type\":\"ListItem\",\"position\":2,\"name\":\"Practice Areas\",\"item\":\"https:\\\/\\\/tclgfirm.com\\\/practice-areas-old\\\/\"},{\"@type\":\"ListItem\",\"position\":3,\"name\":\"Business Law\",\"item\":\"https:\\\/\\\/tclgfirm.com\\\/practice-areas-old\\\/business-law\\\/\"},{\"@type\":\"ListItem\",\"position\":4,\"name\":\"Business Formation &amp; Corporate Governance\",\"item\":\"https:\\\/\\\/tclgfirm.com\\\/practice-areas-old\\\/business-law\\\/business-formation-and-corporate-governance\\\/\"},{\"@type\":\"ListItem\",\"position\":5,\"name\":\"Bylaws\"}]},{\"@type\":\"WebSite\",\"@id\":\"https:\\\/\\\/tclgfirm.com\\\/#website\",\"url\":\"https:\\\/\\\/tclgfirm.com\\\/\",\"name\":\"TCLG Business & Corporate Law\",\"description\":\"Business &amp; Corporate Law\",\"publisher\":{\"@id\":\"https:\\\/\\\/tclgfirm.com\\\/#organization\"},\"potentialAction\":[{\"@type\":\"SearchAction\",\"target\":{\"@type\":\"EntryPoint\",\"urlTemplate\":\"https:\\\/\\\/tclgfirm.com\\\/?s={search_term_string}\"},\"query-input\":{\"@type\":\"PropertyValueSpecification\",\"valueRequired\":true,\"valueName\":\"search_term_string\"}}],\"inLanguage\":\"es\"},{\"@type\":\"Organization\",\"@id\":\"https:\\\/\\\/tclgfirm.com\\\/#organization\",\"name\":\"The Campbell Law Group\",\"alternateName\":\"TCLG\",\"url\":\"https:\\\/\\\/tclgfirm.com\\\/\",\"logo\":{\"@type\":\"ImageObject\",\"inLanguage\":\"es\",\"@id\":\"https:\\\/\\\/tclgfirm.com\\\/#\\\/schema\\\/logo\\\/image\\\/\",\"url\":\"https:\\\/\\\/tclgfirm.com\\\/wp-content\\\/uploads\\\/2025\\\/11\\\/logo-yoast.png\",\"contentUrl\":\"https:\\\/\\\/tclgfirm.com\\\/wp-content\\\/uploads\\\/2025\\\/11\\\/logo-yoast.png\",\"width\":696,\"height\":696,\"caption\":\"The Campbell Law Group\"},\"image\":{\"@id\":\"https:\\\/\\\/tclgfirm.com\\\/#\\\/schema\\\/logo\\\/image\\\/\"},\"sameAs\":[\"https:\\\/\\\/www.facebook.com\\\/businessattorneymiami\\\/\",\"https:\\\/\\\/x.com\\\/Campbelllawgrp\"]}]}<\/script>\n<!-- \/ Yoast SEO Premium plugin. -->","yoast_head_json":{"title":"Estatutos - TCLG - The Campbell Law Group","description":"Los estatutos son documentos legales fundamentales que describen c\u00f3mo opera su corporaci\u00f3n, toma decisiones y resuelve disputas internas.","robots":{"index":"index","follow":"follow","max-snippet":"max-snippet:-1","max-image-preview":"max-image-preview:large","max-video-preview":"max-video-preview:-1"},"canonical":"https:\/\/tclgfirm.com\/es\/areas-de-practica-antiguas\/derecho-mercantil\/constitucion-de-empresas-y-gobierno-corporativo\/estatutos\/","og_locale":"es_MX","og_type":"article","og_title":"Bylaws","og_description":"Bylaws are critical legal documents that outline how your corporation operates, makes decisions, and resolves internal disputes.","og_url":"https:\/\/tclgfirm.com\/es\/areas-de-practica-antiguas\/derecho-mercantil\/constitucion-de-empresas-y-gobierno-corporativo\/estatutos\/","og_site_name":"TCLG - The Campbell Law Group","article_publisher":"https:\/\/www.facebook.com\/businessattorneymiami\/","article_modified_time":"2025-11-14T23:32:04+00:00","og_image":[{"width":800,"height":534,"url":"https:\/\/tclgfirm.com\/wp-content\/uploads\/2023\/04\/people-at-board-room-2021-09-24-01-23-01-utc-1.jpg","type":"image\/jpeg"}],"twitter_card":"summary_large_image","twitter_site":"@Campbelllawgrp","schema":{"@context":"https:\/\/schema.org","@graph":[{"@type":"WebPage","@id":"https:\/\/tclgfirm.com\/practice-areas-old\/business-law\/business-formation-and-corporate-governance\/bylaws\/","url":"https:\/\/tclgfirm.com\/practice-areas-old\/business-law\/business-formation-and-corporate-governance\/bylaws\/","name":"Estatutos - TCLG - The Campbell Law Group","isPartOf":{"@id":"https:\/\/tclgfirm.com\/#website"},"primaryImageOfPage":{"@id":"https:\/\/tclgfirm.com\/practice-areas-old\/business-law\/business-formation-and-corporate-governance\/bylaws\/#primaryimage"},"image":{"@id":"https:\/\/tclgfirm.com\/practice-areas-old\/business-law\/business-formation-and-corporate-governance\/bylaws\/#primaryimage"},"thumbnailUrl":"https:\/\/tclgfirm.com\/wp-content\/uploads\/2023\/04\/people-at-board-room-2021-09-24-01-23-01-utc-1.jpg","datePublished":"2025-09-30T21:35:35+00:00","dateModified":"2025-11-14T23:32:04+00:00","description":"Los estatutos son documentos legales fundamentales que describen c\u00f3mo opera su corporaci\u00f3n, toma decisiones y resuelve disputas internas.","breadcrumb":{"@id":"https:\/\/tclgfirm.com\/practice-areas-old\/business-law\/business-formation-and-corporate-governance\/bylaws\/#breadcrumb"},"inLanguage":"es","potentialAction":[{"@type":"ReadAction","target":["https:\/\/tclgfirm.com\/practice-areas-old\/business-law\/business-formation-and-corporate-governance\/bylaws\/"]}]},{"@type":"ImageObject","inLanguage":"es","@id":"https:\/\/tclgfirm.com\/practice-areas-old\/business-law\/business-formation-and-corporate-governance\/bylaws\/#primaryimage","url":"https:\/\/tclgfirm.com\/wp-content\/uploads\/2023\/04\/people-at-board-room-2021-09-24-01-23-01-utc-1.jpg","contentUrl":"https:\/\/tclgfirm.com\/wp-content\/uploads\/2023\/04\/people-at-board-room-2021-09-24-01-23-01-utc-1.jpg","width":800,"height":534,"caption":"Board Room"},{"@type":"BreadcrumbList","@id":"https:\/\/tclgfirm.com\/practice-areas-old\/business-law\/business-formation-and-corporate-governance\/bylaws\/#breadcrumb","itemListElement":[{"@type":"ListItem","position":1,"name":"Home","item":"https:\/\/tclgfirm.com\/"},{"@type":"ListItem","position":2,"name":"Practice Areas","item":"https:\/\/tclgfirm.com\/practice-areas-old\/"},{"@type":"ListItem","position":3,"name":"Business Law","item":"https:\/\/tclgfirm.com\/practice-areas-old\/business-law\/"},{"@type":"ListItem","position":4,"name":"Business Formation &amp; Corporate Governance","item":"https:\/\/tclgfirm.com\/practice-areas-old\/business-law\/business-formation-and-corporate-governance\/"},{"@type":"ListItem","position":5,"name":"Bylaws"}]},{"@type":"WebSite","@id":"https:\/\/tclgfirm.com\/#website","url":"https:\/\/tclgfirm.com\/","name":"Derecho mercantil y corporativo de TCLG","description":"Derecho mercantil y corporativo","publisher":{"@id":"https:\/\/tclgfirm.com\/#organization"},"potentialAction":[{"@type":"SearchAction","target":{"@type":"EntryPoint","urlTemplate":"https:\/\/tclgfirm.com\/?s={search_term_string}"},"query-input":{"@type":"PropertyValueSpecification","valueRequired":true,"valueName":"search_term_string"}}],"inLanguage":"es"},{"@type":"Organization","@id":"https:\/\/tclgfirm.com\/#organization","name":"El Grupo Jur\u00eddico Campbell","alternateName":"TCLG","url":"https:\/\/tclgfirm.com\/","logo":{"@type":"ImageObject","inLanguage":"es","@id":"https:\/\/tclgfirm.com\/#\/schema\/logo\/image\/","url":"https:\/\/tclgfirm.com\/wp-content\/uploads\/2025\/11\/logo-yoast.png","contentUrl":"https:\/\/tclgfirm.com\/wp-content\/uploads\/2025\/11\/logo-yoast.png","width":696,"height":696,"caption":"The Campbell Law Group"},"image":{"@id":"https:\/\/tclgfirm.com\/#\/schema\/logo\/image\/"},"sameAs":["https:\/\/www.facebook.com\/businessattorneymiami\/","https:\/\/x.com\/Campbelllawgrp"]}]}},"_links":{"self":[{"href":"https:\/\/tclgfirm.com\/es\/wp-json\/wp\/v2\/pages\/28831","targetHints":{"allow":["GET"]}}],"collection":[{"href":"https:\/\/tclgfirm.com\/es\/wp-json\/wp\/v2\/pages"}],"about":[{"href":"https:\/\/tclgfirm.com\/es\/wp-json\/wp\/v2\/types\/page"}],"author":[{"embeddable":true,"href":"https:\/\/tclgfirm.com\/es\/wp-json\/wp\/v2\/users\/1"}],"replies":[{"embeddable":true,"href":"https:\/\/tclgfirm.com\/es\/wp-json\/wp\/v2\/comments?post=28831"}],"version-history":[{"count":0,"href":"https:\/\/tclgfirm.com\/es\/wp-json\/wp\/v2\/pages\/28831\/revisions"}],"up":[{"embeddable":true,"href":"https:\/\/tclgfirm.com\/es\/wp-json\/wp\/v2\/pages\/29007"}],"wp:featuredmedia":[{"embeddable":true,"href":"https:\/\/tclgfirm.com\/es\/wp-json\/wp\/v2\/media\/28788"}],"wp:attachment":[{"href":"https:\/\/tclgfirm.com\/es\/wp-json\/wp\/v2\/media?parent=28831"}],"wp:term":[{"taxonomy":"dipi_cpt_category","embeddable":true,"href":"https:\/\/tclgfirm.com\/es\/wp-json\/wp\/v2\/dipi_cpt_category?post=28831"}],"curies":[{"name":"wp","href":"https:\/\/api.w.org\/{rel}","templated":true}]}}