{"id":28832,"date":"2025-09-30T17:41:48","date_gmt":"2025-09-30T21:41:48","guid":{"rendered":"https:\/\/tclgdev.wpenginepowered.com\/?page_id=28832"},"modified":"2025-11-14T18:39:53","modified_gmt":"2025-11-14T23:39:53","slug":"acuerdos-operativos","status":"publish","type":"page","link":"https:\/\/tclgfirm.com\/es\/practice-areas\/business-law\/business-formation-and-corporate-governance\/operating-agreements\/","title":{"rendered":"Acuerdos de explotaci\u00f3n"},"content":{"rendered":"<div class=\"et_pb_section_0 et_pb_section et_section_regular et_flex_section\">\r\n\r\n<div class=\"et_pb_row_0 et_pb_row et_flex_row\">\r\n\r\n<div class=\"et_pb_column_0 et_pb_column et_flex_column et_pb_css_mix_blend_mode_passthrough et_flex_column_24_24 et_flex_column_24_24_tablet et_flex_column_24_24_phone\">\r\n\r\n<div class=\"et_pb_text_0 et_pb_text et_pb_bg_layout_light et_pb_module et_flex_module preset--group--divi-text--divi-font-body--default\"><div class=\"et_pb_text_inner\"><h1>Acuerdos de explotaci\u00f3n<\/p>\n<h1>\n<\/div><\/div><\/div>\r\n\r\n<div class=\"et_pb_column_1 et_pb_column et-last-child et_flex_column et_pb_css_mix_blend_mode_passthrough et_flex_column_24_24 et_flex_column_24_24_tablet et_flex_column_24_24_phone\">\r\n\r\n<div class=\"et_pb_image_0 et_pb_image et_pb_module et_flex_module\"><span class=\"et_pb_image_wrap\"><img loading=\"lazy\" decoding=\"async\" src=\"https:\/\/tclgfirm.com\/wp-content\/uploads\/2025\/09\/TCLG.ISO-Cream.png\" width=\"341\" height=\"350\" srcset=\"https:\/\/tclgfirm.com\/wp-content\/uploads\/2025\/09\/TCLG.ISO-Cream.png 341w, https:\/\/tclgfirm.com\/wp-content\/uploads\/2025\/09\/TCLG.ISO-Cream-292x300.png 292w, https:\/\/tclgfirm.com\/wp-content\/uploads\/2025\/09\/TCLG.ISO-Cream-12x12.png 12w\" sizes=\"(max-width: 341px) 100vw, 341px\" class=\"wp-image-28819\" alt=\"Favicon de Tclg\" \/><\/span><\/div><\/div><\/div><\/div>\r\n\r\n<div class=\"et_pb_section_1 et_pb_section et_section_regular et_flex_section\"><div class=\"et_pb_row_1 et_pb_row et_flex_row\"><div class=\"et_pb_column_2 et_pb_column et-last-child et_flex_column et_pb_css_mix_blend_mode_passthrough et_flex_column_24_24 et_flex_column_24_24_tablet et_flex_column_24_24_phone\"><div class=\"et_pb_text_1 et_pb_text et_pb_bg_layout_light et_pb_module et_flex_module preset--group--divi-text--divi-font-body--default\"><div class=\"et_pb_text_inner\"><span><span><a href=\"https:\/\/tclgfirm.com\/es\/\">Inicio<\/a><\/span><\/span>\n<\/div><\/div><\/div><\/div><\/div>\r\n\r\n\r\n\r\n<div class=\"et_pb_section_2 et_pb_section et_section_regular et_flex_section\">\r\n\r\n<div class=\"et_pb_row_2 et_pb_row et_flex_row\">\r\n\r\n<div class=\"et_pb_column_3 et_pb_column et-last-child et_flex_column et_pb_css_mix_blend_mode_passthrough et_flex_column_24_24 et_flex_column_24_24_tablet et_flex_column_24_24_phone\">\r\n\r\n<div class=\"et_pb_text_2 et_pb_text et_pb_bg_layout_light et_pb_module et_flex_module phc-pa-text preset--group--divi-text--divi-font-body--default\"><div class=\"et_pb_text_inner\"><p>Pocos aspectos de la constituci\u00f3n de una sociedad de responsabilidad limitada (LLC) son m\u00e1s importantes que contar con un acuerdo operativo bien redactado. Este contrato legal fundamental define c\u00f3mo se gestionar\u00e1 su negocio, c\u00f3mo se tomar\u00e1n las decisiones y qu\u00e9 suceder\u00e1 si las cosas no salen seg\u00fan lo previsto.<\/p>\n<h2>\u00bfCu\u00e1l es el prop\u00f3sito de un acuerdo operativo?<\/h2>\n<p>Ya sea que est\u00e9 creando una sociedad de responsabilidad limitada (LLC) con un solo miembro o una empresa con varios propietarios, es esencial contar con un acuerdo operativo, ya que este sirve como reglamento interno de su empresa. Sin un acuerdo operativo, su LLC puede estar sujeta a las normas y reglamentos predeterminados que rigen las LLC en Florida, los cuales pueden no reflejar su intenci\u00f3n o no ser adecuados para proteger sus intereses.<\/p>\n<p>Un acuerdo operativo puede ayudar a proporcionar a los socios propietarios una valiosa claridad, control y flexibilidad sobre numerosos aspectos del funcionamiento de la empresa. Un acuerdo operativo s\u00f3lido puede lograr lo siguiente:<\/p>\n<ul>\n<li>Aclara la propiedad y las funciones: define claramente la participaci\u00f3n en la propiedad, los derechos y las responsabilidades de cada miembro.<\/li>\n<li>\u00a0Regula la asignaci\u00f3n de ganancias y p\u00e9rdidas: describe c\u00f3mo se dividir\u00e1n, distribuir\u00e1n y reinvertir\u00e1n las ganancias y p\u00e9rdidas.<\/li>\n<li>Dicta la autoridad para la toma de decisiones: establece c\u00f3mo se toman las decisiones de la empresa y determina los derechos de voto.<\/li>\n<li>Planes para acontecimientos vitales: abordar qu\u00e9 ocurre si un miembro fallece, se divorcia o queda incapacitado.<\/li>\n<li>Controla la transferencia de participaciones: limita qui\u00e9n, cu\u00e1ndo y c\u00f3mo se pueden comprar, vender o heredar las participaciones.<\/li>\n<li>Previene y resuelve disputas: crea mecanismos para resolver conflictos internos entre los miembros antes de que se agraven.<\/li>\n<li>Mejora la protecci\u00f3n legal: refuerza la separaci\u00f3n entre las responsabilidades personales y las empresariales.<\/li>\n<\/ul>\n<p>La redacci\u00f3n de un acuerdo operativo requiere un abogado con experiencia en asuntos legales empresariales y corporativos, y preferiblemente un abogado que comprenda la naturaleza de los negocios y tenga una s\u00f3lida formaci\u00f3n financiera. En TCLG, contamos con una amplia experiencia en la redacci\u00f3n de acuerdos operativos personalizados que se adaptan a sus necesidades.<\/p>\n<p>Si tienes o est\u00e1s creando una sociedad de responsabilidad limitada (LLC) en Florida y necesitas un acuerdo operativo para poner en marcha tu negocio.<\/p>\n<\/div><\/div>\r\n\r\n<div class=\"et_pb_module et_pb_button_module_wrapper et_pb_button_0_wrapper\"><a class=\"et_pb_button_0 et_pb_button et_pb_bg_layout_light et_pb_module et_flex_module\" href=\"\/es\/contact\/\">P\u00d3NGASE EN CONTACTO CON NOSOTROS PARA UNA CONSULTA ESTRAT\u00c9GICA<\/a><\/div><\/div><\/div><\/div>","protected":false},"excerpt":{"rendered":"<p>Un acuerdo operativo es un contrato legal fundamental que define c\u00f3mo se gestionar\u00e1 su negocio, c\u00f3mo se tomar\u00e1n las decisiones y qu\u00e9 suceder\u00e1 si las cosas no salen seg\u00fan lo previsto.<\/p>","protected":false},"author":1,"featured_media":25410,"parent":29007,"menu_order":0,"comment_status":"closed","ping_status":"closed","template":"","meta":{"_acf_changed":false,"footnotes":""},"dipi_cpt_category":[],"class_list":["post-28832","page","type-page","status-publish","has-post-thumbnail","hentry"],"acf":[],"yoast_head":"<!-- This site is optimized with the Yoast SEO Premium plugin v27.3 (Yoast SEO v27.3) - https:\/\/yoast.com\/product\/yoast-seo-premium-wordpress\/ -->\n<title>Operating Agreements - TCLG - The Campbell Law Group<\/title>\n<meta name=\"description\" content=\"An operating agreement is a foundational legal contract defines how your business will be run, how decisions will be made, and what happens if and when things to do not go according to plan.\" \/>\n<meta name=\"robots\" content=\"index, follow, max-snippet:-1, max-image-preview:large, max-video-preview:-1\" \/>\n<link rel=\"canonical\" href=\"https:\/\/tclgfirm.com\/es\/areas-de-practica\/derecho-mercantil\/constitucion-de-empresas-y-gobierno-corporativo\/acuerdos-operativos\/\" \/>\n<meta property=\"og:locale\" content=\"es_MX\" \/>\n<meta property=\"og:type\" content=\"article\" \/>\n<meta property=\"og:title\" content=\"Operating Agreements\" \/>\n<meta property=\"og:description\" content=\"An operating agreement is a foundational legal contract defines how your business will be run, how decisions will be made, and what happens if and when things to do not go according to plan.\" \/>\n<meta property=\"og:url\" content=\"https:\/\/tclgfirm.com\/es\/areas-de-practica\/derecho-mercantil\/constitucion-de-empresas-y-gobierno-corporativo\/acuerdos-operativos\/\" \/>\n<meta property=\"og:site_name\" content=\"TCLG - The Campbell Law Group\" \/>\n<meta property=\"article:publisher\" content=\"https:\/\/www.facebook.com\/businessattorneymiami\/\" \/>\n<meta property=\"article:modified_time\" content=\"2025-11-14T23:39:53+00:00\" \/>\n<meta property=\"og:image\" content=\"https:\/\/tclgfirm.com\/wp-content\/uploads\/2023\/04\/Operating-Agreements-Common-Questions.jpg\" \/>\n\t<meta property=\"og:image:width\" content=\"1254\" \/>\n\t<meta property=\"og:image:height\" content=\"836\" \/>\n\t<meta property=\"og:image:type\" content=\"image\/jpeg\" \/>\n<meta name=\"twitter:card\" content=\"summary_large_image\" \/>\n<meta name=\"twitter:site\" content=\"@Campbelllawgrp\" \/>\n<script type=\"application\/ld+json\" class=\"yoast-schema-graph\">{\"@context\":\"https:\\\/\\\/schema.org\",\"@graph\":[{\"@type\":\"WebPage\",\"@id\":\"https:\\\/\\\/tclgfirm.com\\\/practice-areas\\\/business-law\\\/business-formation-and-corporate-governance\\\/operating-agreements\\\/\",\"url\":\"https:\\\/\\\/tclgfirm.com\\\/practice-areas\\\/business-law\\\/business-formation-and-corporate-governance\\\/operating-agreements\\\/\",\"name\":\"Operating Agreements - TCLG - The Campbell Law Group\",\"isPartOf\":{\"@id\":\"https:\\\/\\\/tclgfirm.com\\\/#website\"},\"primaryImageOfPage\":{\"@id\":\"https:\\\/\\\/tclgfirm.com\\\/practice-areas\\\/business-law\\\/business-formation-and-corporate-governance\\\/operating-agreements\\\/#primaryimage\"},\"image\":{\"@id\":\"https:\\\/\\\/tclgfirm.com\\\/practice-areas\\\/business-law\\\/business-formation-and-corporate-governance\\\/operating-agreements\\\/#primaryimage\"},\"thumbnailUrl\":\"https:\\\/\\\/tclgfirm.com\\\/wp-content\\\/uploads\\\/2023\\\/04\\\/Operating-Agreements-Common-Questions.jpg\",\"datePublished\":\"2025-09-30T21:41:48+00:00\",\"dateModified\":\"2025-11-14T23:39:53+00:00\",\"description\":\"An operating agreement is a foundational legal contract defines how your business will be run, how decisions will be made, and what happens if and when things to do not go according to plan.\",\"breadcrumb\":{\"@id\":\"https:\\\/\\\/tclgfirm.com\\\/practice-areas\\\/business-law\\\/business-formation-and-corporate-governance\\\/operating-agreements\\\/#breadcrumb\"},\"inLanguage\":\"es\",\"potentialAction\":[{\"@type\":\"ReadAction\",\"target\":[\"https:\\\/\\\/tclgfirm.com\\\/practice-areas\\\/business-law\\\/business-formation-and-corporate-governance\\\/operating-agreements\\\/\"]}]},{\"@type\":\"ImageObject\",\"inLanguage\":\"es\",\"@id\":\"https:\\\/\\\/tclgfirm.com\\\/practice-areas\\\/business-law\\\/business-formation-and-corporate-governance\\\/operating-agreements\\\/#primaryimage\",\"url\":\"https:\\\/\\\/tclgfirm.com\\\/wp-content\\\/uploads\\\/2023\\\/04\\\/Operating-Agreements-Common-Questions.jpg\",\"contentUrl\":\"https:\\\/\\\/tclgfirm.com\\\/wp-content\\\/uploads\\\/2023\\\/04\\\/Operating-Agreements-Common-Questions.jpg\",\"width\":1254,\"height\":836,\"caption\":\"Operating Agreement\"},{\"@type\":\"BreadcrumbList\",\"@id\":\"https:\\\/\\\/tclgfirm.com\\\/practice-areas\\\/business-law\\\/business-formation-and-corporate-governance\\\/operating-agreements\\\/#breadcrumb\",\"itemListElement\":[{\"@type\":\"ListItem\",\"position\":1,\"name\":\"Home\",\"item\":\"https:\\\/\\\/tclgfirm.com\\\/\"},{\"@type\":\"ListItem\",\"position\":2,\"name\":\"Practice Areas\",\"item\":\"https:\\\/\\\/tclgfirm.com\\\/practice-areas\\\/\"},{\"@type\":\"ListItem\",\"position\":3,\"name\":\"Business Law\",\"item\":\"https:\\\/\\\/tclgfirm.com\\\/practice-areas\\\/business-law\\\/\"},{\"@type\":\"ListItem\",\"position\":4,\"name\":\"Business Formation &amp; Corporate Governance\",\"item\":\"https:\\\/\\\/tclgfirm.com\\\/practice-areas\\\/business-law\\\/business-formation-and-corporate-governance\\\/\"},{\"@type\":\"ListItem\",\"position\":5,\"name\":\"Operating Agreements\"}]},{\"@type\":\"WebSite\",\"@id\":\"https:\\\/\\\/tclgfirm.com\\\/#website\",\"url\":\"https:\\\/\\\/tclgfirm.com\\\/\",\"name\":\"TCLG Business & Corporate Law\",\"description\":\"Business &amp; Corporate Law\",\"publisher\":{\"@id\":\"https:\\\/\\\/tclgfirm.com\\\/#organization\"},\"potentialAction\":[{\"@type\":\"SearchAction\",\"target\":{\"@type\":\"EntryPoint\",\"urlTemplate\":\"https:\\\/\\\/tclgfirm.com\\\/?s={search_term_string}\"},\"query-input\":{\"@type\":\"PropertyValueSpecification\",\"valueRequired\":true,\"valueName\":\"search_term_string\"}}],\"inLanguage\":\"es\"},{\"@type\":\"Organization\",\"@id\":\"https:\\\/\\\/tclgfirm.com\\\/#organization\",\"name\":\"The Campbell Law Group\",\"alternateName\":\"TCLG\",\"url\":\"https:\\\/\\\/tclgfirm.com\\\/\",\"logo\":{\"@type\":\"ImageObject\",\"inLanguage\":\"es\",\"@id\":\"https:\\\/\\\/tclgfirm.com\\\/#\\\/schema\\\/logo\\\/image\\\/\",\"url\":\"https:\\\/\\\/tclgfirm.com\\\/wp-content\\\/uploads\\\/2025\\\/11\\\/logo-yoast.png\",\"contentUrl\":\"https:\\\/\\\/tclgfirm.com\\\/wp-content\\\/uploads\\\/2025\\\/11\\\/logo-yoast.png\",\"width\":696,\"height\":696,\"caption\":\"The Campbell Law Group\"},\"image\":{\"@id\":\"https:\\\/\\\/tclgfirm.com\\\/#\\\/schema\\\/logo\\\/image\\\/\"},\"sameAs\":[\"https:\\\/\\\/www.facebook.com\\\/businessattorneymiami\\\/\",\"https:\\\/\\\/x.com\\\/Campbelllawgrp\"]}]}<\/script>\n<!-- \/ Yoast SEO Premium plugin. -->","yoast_head_json":{"title":"Acuerdos operativos - TCLG - The Campbell Law Group","description":"Un acuerdo operativo es un contrato legal fundamental que define c\u00f3mo se gestionar\u00e1 su negocio, c\u00f3mo se tomar\u00e1n las decisiones y qu\u00e9 suceder\u00e1 si las cosas no salen seg\u00fan lo previsto.","robots":{"index":"index","follow":"follow","max-snippet":"max-snippet:-1","max-image-preview":"max-image-preview:large","max-video-preview":"max-video-preview:-1"},"canonical":"https:\/\/tclgfirm.com\/es\/areas-de-practica\/derecho-mercantil\/constitucion-de-empresas-y-gobierno-corporativo\/acuerdos-operativos\/","og_locale":"es_MX","og_type":"article","og_title":"Operating Agreements","og_description":"An operating agreement is a foundational legal contract defines how your business will be run, how decisions will be made, and what happens if and when things to do not go according to plan.","og_url":"https:\/\/tclgfirm.com\/es\/areas-de-practica\/derecho-mercantil\/constitucion-de-empresas-y-gobierno-corporativo\/acuerdos-operativos\/","og_site_name":"TCLG - The Campbell Law Group","article_publisher":"https:\/\/www.facebook.com\/businessattorneymiami\/","article_modified_time":"2025-11-14T23:39:53+00:00","og_image":[{"width":1254,"height":836,"url":"https:\/\/tclgfirm.com\/wp-content\/uploads\/2023\/04\/Operating-Agreements-Common-Questions.jpg","type":"image\/jpeg"}],"twitter_card":"summary_large_image","twitter_site":"@Campbelllawgrp","schema":{"@context":"https:\/\/schema.org","@graph":[{"@type":"WebPage","@id":"https:\/\/tclgfirm.com\/practice-areas\/business-law\/business-formation-and-corporate-governance\/operating-agreements\/","url":"https:\/\/tclgfirm.com\/practice-areas\/business-law\/business-formation-and-corporate-governance\/operating-agreements\/","name":"Acuerdos operativos - TCLG - The Campbell Law Group","isPartOf":{"@id":"https:\/\/tclgfirm.com\/#website"},"primaryImageOfPage":{"@id":"https:\/\/tclgfirm.com\/practice-areas\/business-law\/business-formation-and-corporate-governance\/operating-agreements\/#primaryimage"},"image":{"@id":"https:\/\/tclgfirm.com\/practice-areas\/business-law\/business-formation-and-corporate-governance\/operating-agreements\/#primaryimage"},"thumbnailUrl":"https:\/\/tclgfirm.com\/wp-content\/uploads\/2023\/04\/Operating-Agreements-Common-Questions.jpg","datePublished":"2025-09-30T21:41:48+00:00","dateModified":"2025-11-14T23:39:53+00:00","description":"Un acuerdo operativo es un contrato legal fundamental que define c\u00f3mo se gestionar\u00e1 su negocio, c\u00f3mo se tomar\u00e1n las decisiones y qu\u00e9 suceder\u00e1 si las cosas no salen seg\u00fan lo previsto.","breadcrumb":{"@id":"https:\/\/tclgfirm.com\/practice-areas\/business-law\/business-formation-and-corporate-governance\/operating-agreements\/#breadcrumb"},"inLanguage":"es","potentialAction":[{"@type":"ReadAction","target":["https:\/\/tclgfirm.com\/practice-areas\/business-law\/business-formation-and-corporate-governance\/operating-agreements\/"]}]},{"@type":"ImageObject","inLanguage":"es","@id":"https:\/\/tclgfirm.com\/practice-areas\/business-law\/business-formation-and-corporate-governance\/operating-agreements\/#primaryimage","url":"https:\/\/tclgfirm.com\/wp-content\/uploads\/2023\/04\/Operating-Agreements-Common-Questions.jpg","contentUrl":"https:\/\/tclgfirm.com\/wp-content\/uploads\/2023\/04\/Operating-Agreements-Common-Questions.jpg","width":1254,"height":836,"caption":"Operating Agreement"},{"@type":"BreadcrumbList","@id":"https:\/\/tclgfirm.com\/practice-areas\/business-law\/business-formation-and-corporate-governance\/operating-agreements\/#breadcrumb","itemListElement":[{"@type":"ListItem","position":1,"name":"Home","item":"https:\/\/tclgfirm.com\/"},{"@type":"ListItem","position":2,"name":"Practice Areas","item":"https:\/\/tclgfirm.com\/practice-areas\/"},{"@type":"ListItem","position":3,"name":"Business Law","item":"https:\/\/tclgfirm.com\/practice-areas\/business-law\/"},{"@type":"ListItem","position":4,"name":"Business Formation &amp; Corporate Governance","item":"https:\/\/tclgfirm.com\/practice-areas\/business-law\/business-formation-and-corporate-governance\/"},{"@type":"ListItem","position":5,"name":"Operating Agreements"}]},{"@type":"WebSite","@id":"https:\/\/tclgfirm.com\/#website","url":"https:\/\/tclgfirm.com\/","name":"Derecho mercantil y corporativo de TCLG","description":"Derecho mercantil y corporativo","publisher":{"@id":"https:\/\/tclgfirm.com\/#organization"},"potentialAction":[{"@type":"SearchAction","target":{"@type":"EntryPoint","urlTemplate":"https:\/\/tclgfirm.com\/?s={search_term_string}"},"query-input":{"@type":"PropertyValueSpecification","valueRequired":true,"valueName":"search_term_string"}}],"inLanguage":"es"},{"@type":"Organization","@id":"https:\/\/tclgfirm.com\/#organization","name":"El Grupo Jur\u00eddico Campbell","alternateName":"TCLG","url":"https:\/\/tclgfirm.com\/","logo":{"@type":"ImageObject","inLanguage":"es","@id":"https:\/\/tclgfirm.com\/#\/schema\/logo\/image\/","url":"https:\/\/tclgfirm.com\/wp-content\/uploads\/2025\/11\/logo-yoast.png","contentUrl":"https:\/\/tclgfirm.com\/wp-content\/uploads\/2025\/11\/logo-yoast.png","width":696,"height":696,"caption":"The Campbell Law Group"},"image":{"@id":"https:\/\/tclgfirm.com\/#\/schema\/logo\/image\/"},"sameAs":["https:\/\/www.facebook.com\/businessattorneymiami\/","https:\/\/x.com\/Campbelllawgrp"]}]}},"_links":{"self":[{"href":"https:\/\/tclgfirm.com\/es\/wp-json\/wp\/v2\/pages\/28832","targetHints":{"allow":["GET"]}}],"collection":[{"href":"https:\/\/tclgfirm.com\/es\/wp-json\/wp\/v2\/pages"}],"about":[{"href":"https:\/\/tclgfirm.com\/es\/wp-json\/wp\/v2\/types\/page"}],"author":[{"embeddable":true,"href":"https:\/\/tclgfirm.com\/es\/wp-json\/wp\/v2\/users\/1"}],"replies":[{"embeddable":true,"href":"https:\/\/tclgfirm.com\/es\/wp-json\/wp\/v2\/comments?post=28832"}],"version-history":[{"count":0,"href":"https:\/\/tclgfirm.com\/es\/wp-json\/wp\/v2\/pages\/28832\/revisions"}],"up":[{"embeddable":true,"href":"https:\/\/tclgfirm.com\/es\/wp-json\/wp\/v2\/pages\/29007"}],"wp:featuredmedia":[{"embeddable":true,"href":"https:\/\/tclgfirm.com\/es\/wp-json\/wp\/v2\/media\/25410"}],"wp:attachment":[{"href":"https:\/\/tclgfirm.com\/es\/wp-json\/wp\/v2\/media?parent=28832"}],"wp:term":[{"taxonomy":"dipi_cpt_category","embeddable":true,"href":"https:\/\/tclgfirm.com\/es\/wp-json\/wp\/v2\/dipi_cpt_category?post=28832"}],"curies":[{"name":"wp","href":"https:\/\/api.w.org\/{rel}","templated":true}]}}