{"id":28841,"date":"2025-09-30T20:08:41","date_gmt":"2025-10-01T00:08:41","guid":{"rendered":"https:\/\/tclgdev.wpenginepowered.com\/?page_id=28841"},"modified":"2025-11-14T18:14:10","modified_gmt":"2025-11-14T23:14:10","slug":"acuerdos-de-alianza-estrategica-de-empresa-conjunta","status":"publish","type":"page","link":"https:\/\/tclgfirm.com\/es\/practice-areas\/business-law\/business-contracts\/joint-venture-strategic-alliance-agreements\/","title":{"rendered":"Acuerdos de empresa conjunta y alianza estrat\u00e9gica"},"content":{"rendered":"<div class=\"et_pb_section_0 et_pb_section et_section_regular et_flex_section\">\r\n<div class=\"et_pb_row_0 et_pb_row et_flex_row\">\r\n<div class=\"et_pb_column_0 et_pb_column et_flex_column et_pb_css_mix_blend_mode_passthrough et_flex_column_24_24 et_flex_column_24_24_tablet et_flex_column_24_24_phone\">\r\n<div class=\"et_pb_text_0 et_pb_text et_pb_bg_layout_light et_pb_module et_flex_module preset--group--divi-text--divi-font-body--default\"><div class=\"et_pb_text_inner\"><h1>Acuerdos de empresa conjunta y alianza estrat\u00e9gica<\/p>\n<h1>\n<\/div><\/div>\r\n<\/div>\r\n\r\n<div class=\"et_pb_column_1 et_pb_column et-last-child et_flex_column et_pb_css_mix_blend_mode_passthrough et_flex_column_24_24 et_flex_column_24_24_tablet et_flex_column_24_24_phone\">\r\n<div class=\"et_pb_image_0 et_pb_image et_pb_module et_flex_module\"><span class=\"et_pb_image_wrap\"><img loading=\"lazy\" decoding=\"async\" src=\"https:\/\/tclgfirm.com\/wp-content\/uploads\/2025\/09\/TCLG.ISO-Cream.png\" width=\"341\" height=\"350\" srcset=\"https:\/\/tclgfirm.com\/wp-content\/uploads\/2025\/09\/TCLG.ISO-Cream.png 341w, https:\/\/tclgfirm.com\/wp-content\/uploads\/2025\/09\/TCLG.ISO-Cream-292x300.png 292w, https:\/\/tclgfirm.com\/wp-content\/uploads\/2025\/09\/TCLG.ISO-Cream-12x12.png 12w\" sizes=\"(max-width: 341px) 100vw, 341px\" class=\"wp-image-28819\" alt=\"Favicon de Tclg\" \/><\/span><\/div>\r\n<\/div>\r\n<\/div>\r\n<\/div>\r\n\r\n<div class=\"et_pb_section_1 et_pb_section et_section_regular et_flex_section\"><div class=\"et_pb_row_1 et_pb_row et_flex_row\"><div class=\"et_pb_column_2 et_pb_column et-last-child et_flex_column et_pb_css_mix_blend_mode_passthrough et_flex_column_24_24 et_flex_column_24_24_tablet et_flex_column_24_24_phone\"><div class=\"et_pb_text_1 et_pb_text et_pb_bg_layout_light et_pb_module et_flex_module preset--group--divi-text--divi-font-body--default\"><div class=\"et_pb_text_inner\"><span><span><a href=\"https:\/\/tclgfirm.com\/es\/\">Inicio<\/a><\/span><\/span>\n<\/div><\/div><\/div><\/div><\/div>\r\n\r\n\r\n\r\n<div class=\"et_pb_section_2 et_pb_section et_section_regular et_flex_section\">\r\n<div class=\"et_pb_row_2 et_pb_row et_flex_row\">\r\n<div class=\"et_pb_column_3 et_pb_column et-last-child et_flex_column et_pb_css_mix_blend_mode_passthrough et_flex_column_24_24 et_flex_column_24_24_tablet et_flex_column_24_24_phone\">\r\n<div class=\"et_pb_text_2 et_pb_text et_pb_bg_layout_light et_pb_module et_flex_module phc-pa-text preset--group--divi-text--divi-font-body--default\"><div class=\"et_pb_text_inner\" data-et-mv-hidden-phone=\"true\"><p>Las empresas conjuntas (JV) y las alianzas estrat\u00e9gicas son herramientas de finanzas corporativas eficaces para las empresas que buscan expandirse a nuevos mercados, desarrollar productos innovadores o compartir recursos y riesgos.<\/p>\n<p>Una empresa conjunta implica que dos o m\u00e1s empresas ponen en com\u00fan sus recursos para formar una entidad independiente, compartiendo las ganancias, las p\u00e9rdidas y las responsabilidades en la toma de decisiones. Las alianzas estrat\u00e9gicas, por otro lado, son acuerdos de colaboraci\u00f3n sin la formaci\u00f3n de una nueva entidad legal.<\/p>\n<\/div><\/div>\r\n<\/div>\r\n<\/div>\r\n\r\n<div class=\"et_pb_row_3 et_pb_row et_grid_row\">\r\n<div class=\"et_pb_column_4 et_pb_column et_grid_column et_pb_css_mix_blend_mode_passthrough\">\r\n<div class=\"et_pb_blurb_0 et_pb_blurb et_pb_bg_layout_light et_pb_blurb_position_left et_pb_module et_flex_module preset--group--divi-blurb--divi-font-body--default\"><div class=\"et_pb_blurb_content et_flex_module\"><div class=\"et_pb_main_blurb_image\"><span class=\"et_pb_image_wrap\"><span class=\"et-pb-icon et-waypoint et_pb_animation_top et_pb_animation_top_tablet et_pb_animation_top_phone\">\uf067<\/span><\/span><\/div><div class=\"et_pb_blurb_container\"><h4 class=\"et_pb_module_header\">Ventajas<\/h4><div class=\"et_pb_blurb_description\"><ul>\n<li style=\"text-align: left;\"><strong>Expansi\u00f3n del mercado:<\/strong> Acceda a nuevos mercados o bases de clientes.<\/li>\n<li style=\"text-align: left;\"><strong>Compartir recursos:<\/strong> Aunar conocimientos, tecnolog\u00eda y capital en beneficio mutuo.<\/li>\n<li style=\"text-align: left;\"><strong>Mitigaci\u00f3n de riesgos:<\/strong> Compartir los riesgos financieros y operativos entre los socios.<\/li>\n<li style=\"text-align: left;\"><strong>Innovaci\u00f3n:<\/strong> Colaborar en iniciativas de investigaci\u00f3n y desarrollo para crear productos de vanguardia.<\/li>\n<\/ul>\n<\/div><\/div><\/div><\/div>\r\n<\/div>\r\n\r\n<div class=\"et_pb_column_5 et_pb_column et-last-child et_grid_column et_pb_css_mix_blend_mode_passthrough\">\r\n<div class=\"et_pb_blurb_1 et_pb_blurb et_pb_bg_layout_light et_pb_blurb_position_left et_pb_module et_flex_module preset--group--divi-blurb--divi-font-body--default\"><div class=\"et_pb_blurb_content et_flex_module\"><div class=\"et_pb_main_blurb_image\"><span class=\"et_pb_image_wrap\"><span class=\"et-pb-icon et-waypoint et_pb_animation_top et_pb_animation_top_tablet et_pb_animation_top_phone\">\uf068<\/span><\/span><\/div><div class=\"et_pb_blurb_container\"><h4 class=\"et_pb_module_header\">Desventajas<\/h4><div class=\"et_pb_blurb_description\"><ul>\n<li>Desacuerdos sobre la toma de decisiones o la distribuci\u00f3n de beneficios.<\/li>\n<li>Desalineaci\u00f3n cultural u operativa entre socios<\/li>\n<li>Complejidades normativas en las colaboraciones transfronterizas<\/li>\n<\/ul>\n<\/div><\/div><\/div><\/div>\r\n<\/div>\r\n<\/div>\r\n\r\n<div class=\"et_pb_row_4 et_pb_row et_flex_row\">\r\n<div class=\"et_pb_column_6 et_pb_column et-last-child et_flex_column et_pb_css_mix_blend_mode_passthrough et_flex_column_24_24 et_flex_column_24_24_tablet et_flex_column_24_24_phone\">\r\n<div class=\"et_pb_text_3 et_pb_text et_pb_bg_layout_light et_pb_module et_flex_module phc-pa-text preset--group--divi-text--divi-font-body--default\"><div class=\"et_pb_text_inner\" data-et-mv-hidden-phone=\"true\"><p>Para garantizar el \u00e9xito de una empresa conjunta o una asociaci\u00f3n, las empresas deben definir claramente los objetivos, las responsabilidades y las estrategias de salida en acuerdos detallados. Los abogados corporativos desempe\u00f1an un papel crucial en la redacci\u00f3n y negociaci\u00f3n de estos t\u00e9rminos para proteger los intereses de cada parte.<\/p>\n<p>Las colaboraciones en forma de empresas conjuntas y alianzas estrat\u00e9gicas pueden abrir oportunidades de crecimiento, pero tambi\u00e9n requieren acuerdos bien definidos. Dichos acuerdos deben describir claramente t\u00e9rminos como la distribuci\u00f3n de beneficios, la autoridad para la toma de decisiones y la resoluci\u00f3n de disputas, con el fin de evitar posibles conflictos. Si est\u00e1 pensando en embarcarse en una empresa conjunta o una alianza estrat\u00e9gica con otra empresa, perm\u00edtanos ayudarle a crear un contrato s\u00f3lido y legalmente vinculante que regule la relaci\u00f3n: <\/p>\n<\/div><\/div>\r\n\r\n<div class=\"et_pb_module et_pb_button_module_wrapper et_pb_button_0_wrapper\"><a class=\"et_pb_button_0 et_pb_button et_pb_bg_layout_light et_pb_module et_flex_module\" href=\"\/es\/contact\/\">P\u00d3NGASE EN CONTACTO CON NOSOTROS PARA UNA CONSULTA ESTRAT\u00c9GICA<\/a><\/div>\r\n<\/div>\r\n<\/div>\r\n<\/div>","protected":false},"excerpt":{"rendered":"<p>Las empresas conjuntas (JV) y las alianzas estrat\u00e9gicas son herramientas de finanzas corporativas eficaces para las empresas que buscan expandirse a nuevos mercados, desarrollar productos innovadores o compartir recursos y riesgos.<\/p>","protected":false},"author":1,"featured_media":25416,"parent":29011,"menu_order":0,"comment_status":"closed","ping_status":"closed","template":"","meta":{"_acf_changed":false,"footnotes":""},"dipi_cpt_category":[],"class_list":["post-28841","page","type-page","status-publish","has-post-thumbnail","hentry"],"acf":[],"yoast_head":"<!-- This site is optimized with the Yoast SEO Premium plugin v27.3 (Yoast SEO v27.3) - https:\/\/yoast.com\/product\/yoast-seo-premium-wordpress\/ -->\n<title>Joint Venture &amp; Strategic Alliance Agreements - TCLG - The Campbell Law Group<\/title>\n<meta name=\"description\" content=\"Joint ventures (JVs) and strategic partnerships are effective corporate finance tools for businesses seeking to expand into new markets, develop innovative products, or share resources and risks.\" \/>\n<meta name=\"robots\" content=\"index, follow, max-snippet:-1, max-image-preview:large, max-video-preview:-1\" \/>\n<link rel=\"canonical\" href=\"https:\/\/tclgfirm.com\/es\/areas-de-practica\/derecho-mercantil\/contratos-comerciales\/acuerdos-de-alianza-estrategica-de-empresa-conjunta\/\" \/>\n<meta property=\"og:locale\" content=\"es_MX\" \/>\n<meta property=\"og:type\" content=\"article\" \/>\n<meta property=\"og:title\" content=\"Joint Venture &amp; Strategic Alliance Agreements\" \/>\n<meta property=\"og:description\" content=\"Joint ventures (JVs) and strategic partnerships are effective corporate finance tools for businesses seeking to expand into new markets, develop innovative products, or share resources and risks.\" \/>\n<meta property=\"og:url\" content=\"https:\/\/tclgfirm.com\/es\/areas-de-practica\/derecho-mercantil\/contratos-comerciales\/acuerdos-de-alianza-estrategica-de-empresa-conjunta\/\" \/>\n<meta property=\"og:site_name\" content=\"TCLG - The Campbell Law Group\" \/>\n<meta property=\"article:publisher\" content=\"https:\/\/www.facebook.com\/businessattorneymiami\/\" \/>\n<meta property=\"article:modified_time\" content=\"2025-11-14T23:14:10+00:00\" \/>\n<meta property=\"og:image\" content=\"https:\/\/tclgfirm.com\/wp-content\/uploads\/2023\/04\/Client-Agreements-1.jpg\" \/>\n\t<meta property=\"og:image:width\" content=\"700\" \/>\n\t<meta property=\"og:image:height\" content=\"450\" \/>\n\t<meta property=\"og:image:type\" content=\"image\/jpeg\" \/>\n<meta name=\"twitter:card\" content=\"summary_large_image\" \/>\n<meta name=\"twitter:site\" content=\"@Campbelllawgrp\" \/>\n<script type=\"application\/ld+json\" class=\"yoast-schema-graph\">{\"@context\":\"https:\\\/\\\/schema.org\",\"@graph\":[{\"@type\":\"WebPage\",\"@id\":\"https:\\\/\\\/tclgfirm.com\\\/practice-areas\\\/business-law\\\/business-contracts\\\/joint-venture-strategic-alliance-agreements\\\/\",\"url\":\"https:\\\/\\\/tclgfirm.com\\\/practice-areas\\\/business-law\\\/business-contracts\\\/joint-venture-strategic-alliance-agreements\\\/\",\"name\":\"Joint Venture &amp; Strategic Alliance Agreements - TCLG - The Campbell Law Group\",\"isPartOf\":{\"@id\":\"https:\\\/\\\/tclgfirm.com\\\/#website\"},\"primaryImageOfPage\":{\"@id\":\"https:\\\/\\\/tclgfirm.com\\\/practice-areas\\\/business-law\\\/business-contracts\\\/joint-venture-strategic-alliance-agreements\\\/#primaryimage\"},\"image\":{\"@id\":\"https:\\\/\\\/tclgfirm.com\\\/practice-areas\\\/business-law\\\/business-contracts\\\/joint-venture-strategic-alliance-agreements\\\/#primaryimage\"},\"thumbnailUrl\":\"https:\\\/\\\/tclgfirm.com\\\/wp-content\\\/uploads\\\/2023\\\/04\\\/Client-Agreements-1.jpg\",\"datePublished\":\"2025-10-01T00:08:41+00:00\",\"dateModified\":\"2025-11-14T23:14:10+00:00\",\"description\":\"Joint ventures (JVs) and strategic partnerships are effective corporate finance tools for businesses seeking to expand into new markets, develop innovative products, or share resources and risks.\",\"breadcrumb\":{\"@id\":\"https:\\\/\\\/tclgfirm.com\\\/practice-areas\\\/business-law\\\/business-contracts\\\/joint-venture-strategic-alliance-agreements\\\/#breadcrumb\"},\"inLanguage\":\"es\",\"potentialAction\":[{\"@type\":\"ReadAction\",\"target\":[\"https:\\\/\\\/tclgfirm.com\\\/practice-areas\\\/business-law\\\/business-contracts\\\/joint-venture-strategic-alliance-agreements\\\/\"]}]},{\"@type\":\"ImageObject\",\"inLanguage\":\"es\",\"@id\":\"https:\\\/\\\/tclgfirm.com\\\/practice-areas\\\/business-law\\\/business-contracts\\\/joint-venture-strategic-alliance-agreements\\\/#primaryimage\",\"url\":\"https:\\\/\\\/tclgfirm.com\\\/wp-content\\\/uploads\\\/2023\\\/04\\\/Client-Agreements-1.jpg\",\"contentUrl\":\"https:\\\/\\\/tclgfirm.com\\\/wp-content\\\/uploads\\\/2023\\\/04\\\/Client-Agreements-1.jpg\",\"width\":700,\"height\":450,\"caption\":\"Joint Employer\"},{\"@type\":\"BreadcrumbList\",\"@id\":\"https:\\\/\\\/tclgfirm.com\\\/practice-areas\\\/business-law\\\/business-contracts\\\/joint-venture-strategic-alliance-agreements\\\/#breadcrumb\",\"itemListElement\":[{\"@type\":\"ListItem\",\"position\":1,\"name\":\"Home\",\"item\":\"https:\\\/\\\/tclgfirm.com\\\/\"},{\"@type\":\"ListItem\",\"position\":2,\"name\":\"Practice Areas\",\"item\":\"https:\\\/\\\/tclgfirm.com\\\/practice-areas\\\/\"},{\"@type\":\"ListItem\",\"position\":3,\"name\":\"Business Law\",\"item\":\"https:\\\/\\\/tclgfirm.com\\\/practice-areas\\\/business-law\\\/\"},{\"@type\":\"ListItem\",\"position\":4,\"name\":\"Business Contracts\",\"item\":\"https:\\\/\\\/tclgfirm.com\\\/practice-areas\\\/business-law\\\/business-contracts\\\/\"},{\"@type\":\"ListItem\",\"position\":5,\"name\":\"Joint Venture &amp; Strategic Alliance Agreements\"}]},{\"@type\":\"WebSite\",\"@id\":\"https:\\\/\\\/tclgfirm.com\\\/#website\",\"url\":\"https:\\\/\\\/tclgfirm.com\\\/\",\"name\":\"TCLG Business & Corporate Law\",\"description\":\"Business &amp; Corporate Law\",\"publisher\":{\"@id\":\"https:\\\/\\\/tclgfirm.com\\\/#organization\"},\"potentialAction\":[{\"@type\":\"SearchAction\",\"target\":{\"@type\":\"EntryPoint\",\"urlTemplate\":\"https:\\\/\\\/tclgfirm.com\\\/?s={search_term_string}\"},\"query-input\":{\"@type\":\"PropertyValueSpecification\",\"valueRequired\":true,\"valueName\":\"search_term_string\"}}],\"inLanguage\":\"es\"},{\"@type\":\"Organization\",\"@id\":\"https:\\\/\\\/tclgfirm.com\\\/#organization\",\"name\":\"The Campbell Law Group\",\"alternateName\":\"TCLG\",\"url\":\"https:\\\/\\\/tclgfirm.com\\\/\",\"logo\":{\"@type\":\"ImageObject\",\"inLanguage\":\"es\",\"@id\":\"https:\\\/\\\/tclgfirm.com\\\/#\\\/schema\\\/logo\\\/image\\\/\",\"url\":\"https:\\\/\\\/tclgfirm.com\\\/wp-content\\\/uploads\\\/2025\\\/11\\\/logo-yoast.png\",\"contentUrl\":\"https:\\\/\\\/tclgfirm.com\\\/wp-content\\\/uploads\\\/2025\\\/11\\\/logo-yoast.png\",\"width\":696,\"height\":696,\"caption\":\"The Campbell Law Group\"},\"image\":{\"@id\":\"https:\\\/\\\/tclgfirm.com\\\/#\\\/schema\\\/logo\\\/image\\\/\"},\"sameAs\":[\"https:\\\/\\\/www.facebook.com\\\/businessattorneymiami\\\/\",\"https:\\\/\\\/x.com\\\/Campbelllawgrp\"]}]}<\/script>\n<!-- \/ Yoast SEO Premium plugin. -->","yoast_head_json":{"title":"Acuerdos de empresa conjunta y alianza estrat\u00e9gica - TCLG - The Campbell Law Group","description":"Las empresas conjuntas (JV) y las alianzas estrat\u00e9gicas son herramientas de finanzas corporativas eficaces para las empresas que buscan expandirse a nuevos mercados, desarrollar productos innovadores o compartir recursos y riesgos.","robots":{"index":"index","follow":"follow","max-snippet":"max-snippet:-1","max-image-preview":"max-image-preview:large","max-video-preview":"max-video-preview:-1"},"canonical":"https:\/\/tclgfirm.com\/es\/areas-de-practica\/derecho-mercantil\/contratos-comerciales\/acuerdos-de-alianza-estrategica-de-empresa-conjunta\/","og_locale":"es_MX","og_type":"article","og_title":"Joint Venture &amp; Strategic Alliance Agreements","og_description":"Joint ventures (JVs) and strategic partnerships are effective corporate finance tools for businesses seeking to expand into new markets, develop innovative products, or share resources and risks.","og_url":"https:\/\/tclgfirm.com\/es\/areas-de-practica\/derecho-mercantil\/contratos-comerciales\/acuerdos-de-alianza-estrategica-de-empresa-conjunta\/","og_site_name":"TCLG - The Campbell Law Group","article_publisher":"https:\/\/www.facebook.com\/businessattorneymiami\/","article_modified_time":"2025-11-14T23:14:10+00:00","og_image":[{"width":700,"height":450,"url":"https:\/\/tclgfirm.com\/wp-content\/uploads\/2023\/04\/Client-Agreements-1.jpg","type":"image\/jpeg"}],"twitter_card":"summary_large_image","twitter_site":"@Campbelllawgrp","schema":{"@context":"https:\/\/schema.org","@graph":[{"@type":"WebPage","@id":"https:\/\/tclgfirm.com\/practice-areas\/business-law\/business-contracts\/joint-venture-strategic-alliance-agreements\/","url":"https:\/\/tclgfirm.com\/practice-areas\/business-law\/business-contracts\/joint-venture-strategic-alliance-agreements\/","name":"Acuerdos de empresa conjunta y alianza estrat\u00e9gica - TCLG - The Campbell Law Group","isPartOf":{"@id":"https:\/\/tclgfirm.com\/#website"},"primaryImageOfPage":{"@id":"https:\/\/tclgfirm.com\/practice-areas\/business-law\/business-contracts\/joint-venture-strategic-alliance-agreements\/#primaryimage"},"image":{"@id":"https:\/\/tclgfirm.com\/practice-areas\/business-law\/business-contracts\/joint-venture-strategic-alliance-agreements\/#primaryimage"},"thumbnailUrl":"https:\/\/tclgfirm.com\/wp-content\/uploads\/2023\/04\/Client-Agreements-1.jpg","datePublished":"2025-10-01T00:08:41+00:00","dateModified":"2025-11-14T23:14:10+00:00","description":"Las empresas conjuntas (JV) y las alianzas estrat\u00e9gicas son herramientas de finanzas corporativas eficaces para las empresas que buscan expandirse a nuevos mercados, desarrollar productos innovadores o compartir recursos y riesgos.","breadcrumb":{"@id":"https:\/\/tclgfirm.com\/practice-areas\/business-law\/business-contracts\/joint-venture-strategic-alliance-agreements\/#breadcrumb"},"inLanguage":"es","potentialAction":[{"@type":"ReadAction","target":["https:\/\/tclgfirm.com\/practice-areas\/business-law\/business-contracts\/joint-venture-strategic-alliance-agreements\/"]}]},{"@type":"ImageObject","inLanguage":"es","@id":"https:\/\/tclgfirm.com\/practice-areas\/business-law\/business-contracts\/joint-venture-strategic-alliance-agreements\/#primaryimage","url":"https:\/\/tclgfirm.com\/wp-content\/uploads\/2023\/04\/Client-Agreements-1.jpg","contentUrl":"https:\/\/tclgfirm.com\/wp-content\/uploads\/2023\/04\/Client-Agreements-1.jpg","width":700,"height":450,"caption":"Joint Employer"},{"@type":"BreadcrumbList","@id":"https:\/\/tclgfirm.com\/practice-areas\/business-law\/business-contracts\/joint-venture-strategic-alliance-agreements\/#breadcrumb","itemListElement":[{"@type":"ListItem","position":1,"name":"Home","item":"https:\/\/tclgfirm.com\/"},{"@type":"ListItem","position":2,"name":"Practice Areas","item":"https:\/\/tclgfirm.com\/practice-areas\/"},{"@type":"ListItem","position":3,"name":"Business Law","item":"https:\/\/tclgfirm.com\/practice-areas\/business-law\/"},{"@type":"ListItem","position":4,"name":"Business Contracts","item":"https:\/\/tclgfirm.com\/practice-areas\/business-law\/business-contracts\/"},{"@type":"ListItem","position":5,"name":"Joint Venture &amp; Strategic Alliance Agreements"}]},{"@type":"WebSite","@id":"https:\/\/tclgfirm.com\/#website","url":"https:\/\/tclgfirm.com\/","name":"Derecho mercantil y corporativo de TCLG","description":"Derecho mercantil y corporativo","publisher":{"@id":"https:\/\/tclgfirm.com\/#organization"},"potentialAction":[{"@type":"SearchAction","target":{"@type":"EntryPoint","urlTemplate":"https:\/\/tclgfirm.com\/?s={search_term_string}"},"query-input":{"@type":"PropertyValueSpecification","valueRequired":true,"valueName":"search_term_string"}}],"inLanguage":"es"},{"@type":"Organization","@id":"https:\/\/tclgfirm.com\/#organization","name":"El Grupo Jur\u00eddico Campbell","alternateName":"TCLG","url":"https:\/\/tclgfirm.com\/","logo":{"@type":"ImageObject","inLanguage":"es","@id":"https:\/\/tclgfirm.com\/#\/schema\/logo\/image\/","url":"https:\/\/tclgfirm.com\/wp-content\/uploads\/2025\/11\/logo-yoast.png","contentUrl":"https:\/\/tclgfirm.com\/wp-content\/uploads\/2025\/11\/logo-yoast.png","width":696,"height":696,"caption":"The Campbell Law Group"},"image":{"@id":"https:\/\/tclgfirm.com\/#\/schema\/logo\/image\/"},"sameAs":["https:\/\/www.facebook.com\/businessattorneymiami\/","https:\/\/x.com\/Campbelllawgrp"]}]}},"_links":{"self":[{"href":"https:\/\/tclgfirm.com\/es\/wp-json\/wp\/v2\/pages\/28841","targetHints":{"allow":["GET"]}}],"collection":[{"href":"https:\/\/tclgfirm.com\/es\/wp-json\/wp\/v2\/pages"}],"about":[{"href":"https:\/\/tclgfirm.com\/es\/wp-json\/wp\/v2\/types\/page"}],"author":[{"embeddable":true,"href":"https:\/\/tclgfirm.com\/es\/wp-json\/wp\/v2\/users\/1"}],"replies":[{"embeddable":true,"href":"https:\/\/tclgfirm.com\/es\/wp-json\/wp\/v2\/comments?post=28841"}],"version-history":[{"count":0,"href":"https:\/\/tclgfirm.com\/es\/wp-json\/wp\/v2\/pages\/28841\/revisions"}],"up":[{"embeddable":true,"href":"https:\/\/tclgfirm.com\/es\/wp-json\/wp\/v2\/pages\/29011"}],"wp:featuredmedia":[{"embeddable":true,"href":"https:\/\/tclgfirm.com\/es\/wp-json\/wp\/v2\/media\/25416"}],"wp:attachment":[{"href":"https:\/\/tclgfirm.com\/es\/wp-json\/wp\/v2\/media?parent=28841"}],"wp:term":[{"taxonomy":"dipi_cpt_category","embeddable":true,"href":"https:\/\/tclgfirm.com\/es\/wp-json\/wp\/v2\/dipi_cpt_category?post=28841"}],"curies":[{"name":"wp","href":"https:\/\/api.w.org\/{rel}","templated":true}]}}