{"id":28842,"date":"2025-09-30T20:15:56","date_gmt":"2025-10-01T00:15:56","guid":{"rendered":"https:\/\/tclgdev.wpenginepowered.com\/?page_id=28842"},"modified":"2025-11-14T18:15:43","modified_gmt":"2025-11-14T23:15:43","slug":"acuerdos-de-licencia-de-fabricacion-y-distribucion","status":"publish","type":"page","link":"https:\/\/tclgfirm.com\/es\/practice-areas\/business-law\/business-contracts\/manufacturing-distribution-licensing-agreements\/","title":{"rendered":"Acuerdos de fabricaci\u00f3n, distribuci\u00f3n y licencia"},"content":{"rendered":"<div class=\"et_pb_section_0 et_pb_section et_section_regular et_flex_section\">\r\n<div class=\"et_pb_row_0 et_pb_row et_flex_row\">\r\n<div class=\"et_pb_column_0 et_pb_column et_flex_column et_pb_css_mix_blend_mode_passthrough et_flex_column_24_24 et_flex_column_24_24_tablet et_flex_column_24_24_phone\">\r\n<div class=\"et_pb_text_0 et_pb_text et_pb_bg_layout_light et_pb_module et_flex_module preset--group--divi-text--divi-font-body--default\"><div class=\"et_pb_text_inner\"><h1>Acuerdos de fabricaci\u00f3n, distribuci\u00f3n y licencia<\/p>\n<h1>\n<\/div><\/div>\r\n<\/div>\r\n\r\n<div class=\"et_pb_column_1 et_pb_column et-last-child et_flex_column et_pb_css_mix_blend_mode_passthrough et_flex_column_24_24 et_flex_column_24_24_tablet et_flex_column_24_24_phone\">\r\n<div class=\"et_pb_image_0 et_pb_image et_pb_module et_flex_module\"><span class=\"et_pb_image_wrap\"><img loading=\"lazy\" decoding=\"async\" src=\"https:\/\/tclgfirm.com\/wp-content\/uploads\/2025\/09\/TCLG.ISO-Cream.png\" width=\"341\" height=\"350\" srcset=\"https:\/\/tclgfirm.com\/wp-content\/uploads\/2025\/09\/TCLG.ISO-Cream.png 341w, https:\/\/tclgfirm.com\/wp-content\/uploads\/2025\/09\/TCLG.ISO-Cream-292x300.png 292w, https:\/\/tclgfirm.com\/wp-content\/uploads\/2025\/09\/TCLG.ISO-Cream-12x12.png 12w\" sizes=\"(max-width: 341px) 100vw, 341px\" class=\"wp-image-28819\" alt=\"Favicon de Tclg\" \/><\/span><\/div>\r\n<\/div>\r\n<\/div>\r\n<\/div>\r\n\r\n<div class=\"et_pb_section_1 et_pb_section et_section_regular et_flex_section\"><div class=\"et_pb_row_1 et_pb_row et_flex_row\"><div class=\"et_pb_column_2 et_pb_column et-last-child et_flex_column et_pb_css_mix_blend_mode_passthrough et_flex_column_24_24 et_flex_column_24_24_tablet et_flex_column_24_24_phone\"><div class=\"et_pb_text_1 et_pb_text et_pb_bg_layout_light et_pb_module et_flex_module preset--group--divi-text--divi-font-body--default\"><div class=\"et_pb_text_inner\"><span><span><a href=\"https:\/\/tclgfirm.com\/es\/\">Inicio<\/a><\/span><\/span>\n<\/div><\/div><\/div><\/div><\/div>\r\n\r\n\r\n\r\n<div class=\"et_pb_section_2 et_pb_section et_section_regular et_flex_section\">\r\n<div class=\"et_pb_row_2 et_pb_row et_flex_row\">\r\n<div class=\"et_pb_column_3 et_pb_column et-last-child et_flex_column et_pb_css_mix_blend_mode_passthrough et_flex_column_24_24 et_flex_column_24_24_tablet et_flex_column_24_24_phone\">\r\n<div class=\"et_pb_text_2 et_pb_text et_pb_bg_layout_light et_pb_module et_flex_module phc-pa-text preset--group--divi-text--divi-font-body--default\"><div class=\"et_pb_text_inner\" data-et-mv-hidden-phone=\"true\"><h2>Acuerdos de fabricaci\u00f3n<\/h2>\n<p>Un acuerdo de fabricaci\u00f3n es un acuerdo entre un fabricante y una empresa para desarrollar y\/o producir un producto de la empresa. Los acuerdos de fabricaci\u00f3n recogen los t\u00e9rminos materiales entre las partes y pueden incluir el lugar donde se fabricar\u00e1 el producto, el m\u00e9todo de fabricaci\u00f3n del producto, el tipo de materia prima que se utilizar\u00e1 para fabricar el producto, las normas industriales que se utilizar\u00e1n en la fabricaci\u00f3n, la cantidad, el precio, el reparto de responsabilidades entre el fabricante y su empresa, los derechos de propiedad intelectual del producto (informaci\u00f3n sobre licencias), los procesos y procedimientos de pedido entre el fabricante y su empresa y el modo de entrega del producto.<\/p>\n<h2>Acuerdos de distribuci\u00f3n<\/h2>\n<p>Un acuerdo de distribuci\u00f3n es un acuerdo entre el proveedor de un bien, que tambi\u00e9n puede ser el fabricante, y el distribuidor del bien o producto. Muchos de los t\u00e9rminos que se encuentran en un acuerdo de fabricaci\u00f3n tambi\u00e9n se encuentran en un acuerdo de distribuci\u00f3n y viceversa. Un acuerdo de distribuci\u00f3n contiene t\u00e9rminos tales como: qui\u00e9n es responsable de los gastos de env\u00edo del producto desde el fabricante o la empresa al distribuidor o directamente al cliente, los gastos de devoluci\u00f3n, las disposiciones de indemnizaci\u00f3n entre las partes, los derechos de licencia para comercializar el producto, el costo del producto para el distribuidor y las disposiciones sobre riesgos\/p\u00e9rdidas en cuanto a cu\u00e1ndo se transfiere el riesgo de p\u00e9rdida a la empresa, al fabricante y al distribuidor.<\/p>\n<p>A menudo, los acuerdos de distribuci\u00f3n tambi\u00e9n incluyen cl\u00e1usulas que limitan las actividades de comercializaci\u00f3n, empaquetado y presentaci\u00f3n del producto por parte del distribuidor, junto con cl\u00e1usulas sobre el rendimiento de las ventas, si los derechos de distribuci\u00f3n son exclusivos o no exclusivos, y la definici\u00f3n geogr\u00e1fica del territorio en el que el distribuidor puede distribuir el producto.<\/p>\n<h2>Acuerdos de licencia<\/h2>\n<p>Los acuerdos de licencia o contratos de licencia son acuerdos entre dos partes, el licenciante (propietario del producto que se va a licenciar) y el licenciatario (la parte que desea utilizar el producto del licenciante). Un acuerdo de licencia define la relaci\u00f3n entre las partes en lo que respecta al uso del producto del licenciante o propietario. Por ejemplo, un acuerdo de licencia puede otorgar al licenciatario el derecho a reproducir el producto del licenciante o propietario y revenderlo de forma indefinida o durante un periodo de tiempo determinado. El licenciante tambi\u00e9n puede otorgar al licenciatario el derecho a utilizar el logotipo relacionado con el producto con fines de comercializaci\u00f3n o incluso a\u00f1adirlo a un producto existente. A su vez, el licenciatario paga al licenciante por el derecho a utilizar o reproducir el producto del propietario. Existen tres tipos de acuerdos de licencia:<\/p>\n<ul>\n<li>Exclusividad: el licenciatario tiene derechos exclusivos para utilizar\/vender el producto, que pueden estar restringidos por ubicaci\u00f3n geogr\u00e1fica o tiempo.<\/li>\n<li>No exclusiva: el licenciante puede conceder la licencia del producto a varios licenciatarios sin restricciones.<\/li>\n<li>Licencia exclusiva: solo el licenciante posee todos los derechos sobre el producto y probablemente tambi\u00e9n lo fabrica.<\/li>\n<\/ul>\n<p>Cualquiera de estos tipos de acuerdos tambi\u00e9n debe contener disposiciones bien redactadas que protejan a su empresa del uso indebido de su producto o de la informaci\u00f3n obtenida durante el proceso (como la captaci\u00f3n o desviaci\u00f3n de clientes o proveedores) y de la divulgaci\u00f3n de informaci\u00f3n comercialmente sensible y secretos comerciales de su empresa.<\/p>\n<p>Los acuerdos de fabricaci\u00f3n, distribuci\u00f3n y licencia requieren un abogado con experiencia en asuntos legales internacionales y comerciales complejos y, preferiblemente, un abogado que comprenda la naturaleza del negocio y tenga una s\u00f3lida formaci\u00f3n financiera. En TCLG, contamos con una amplia experiencia en la redacci\u00f3n de acuerdos de fabricaci\u00f3n, distribuci\u00f3n y licencia, incluidos los acuerdos que tratan de transacciones transfronterizas y cuestiones jurisdiccionales que deben tenerse en cuenta al celebrar un acuerdo con un fabricante o distribuidor internacional. Si necesita ayuda con cualquiera de estos tipos de acuerdos o desea comentar las necesidades contractuales de su empresa:<\/p>\n<\/div><\/div>\r\n\r\n<div class=\"et_pb_module et_pb_button_module_wrapper et_pb_button_0_wrapper\"><a class=\"et_pb_button_0 et_pb_button et_pb_bg_layout_light et_pb_module et_flex_module\" href=\"\/es\/contact\/\">P\u00d3NGASE EN CONTACTO CON NOSOTROS PARA UNA CONSULTA ESTRAT\u00c9GICA<\/a><\/div>\r\n<\/div>\r\n<\/div>\r\n<\/div>","protected":false},"excerpt":{"rendered":"<p>Un acuerdo de fabricaci\u00f3n es un acuerdo entre un fabricante y una empresa para desarrollar y\/o producir un producto de la empresa.<\/p>","protected":false},"author":1,"featured_media":25317,"parent":29011,"menu_order":0,"comment_status":"closed","ping_status":"closed","template":"","meta":{"_acf_changed":false,"footnotes":""},"dipi_cpt_category":[],"class_list":["post-28842","page","type-page","status-publish","has-post-thumbnail","hentry"],"acf":[],"yoast_head":"<!-- This site is optimized with the Yoast SEO Premium plugin v27.3 (Yoast SEO v27.3) - https:\/\/yoast.com\/product\/yoast-seo-premium-wordpress\/ -->\n<title>Manufacturing, Distribution &amp; Licensing Agreements - TCLG - The Campbell Law Group<\/title>\n<meta name=\"description\" content=\"A manufacturing agreement is an agreement between a manufacturer and a company to develop and\/or produce a company\u2019s product.\" \/>\n<meta name=\"robots\" content=\"index, follow, max-snippet:-1, max-image-preview:large, max-video-preview:-1\" \/>\n<link rel=\"canonical\" href=\"https:\/\/tclgfirm.com\/es\/areas-de-practica\/derecho-mercantil\/contratos-comerciales\/acuerdos-de-licencia-de-fabricacion-y-distribucion\/\" \/>\n<meta property=\"og:locale\" content=\"es_MX\" \/>\n<meta property=\"og:type\" content=\"article\" \/>\n<meta property=\"og:title\" content=\"Manufacturing, Distribution &amp; Licensing Agreements\" \/>\n<meta property=\"og:description\" content=\"A manufacturing agreement is an agreement between a manufacturer and a company to develop and\/or produce a company\u2019s product.\" \/>\n<meta property=\"og:url\" content=\"https:\/\/tclgfirm.com\/es\/areas-de-practica\/derecho-mercantil\/contratos-comerciales\/acuerdos-de-licencia-de-fabricacion-y-distribucion\/\" \/>\n<meta property=\"og:site_name\" content=\"TCLG - The Campbell Law Group\" \/>\n<meta property=\"article:publisher\" content=\"https:\/\/www.facebook.com\/businessattorneymiami\/\" \/>\n<meta property=\"article:modified_time\" content=\"2025-11-14T23:15:43+00:00\" \/>\n<meta property=\"og:image\" content=\"https:\/\/tclgfirm.com\/wp-content\/uploads\/2023\/04\/Before-Signing-a-Construction-Contract.jpg\" \/>\n\t<meta property=\"og:image:width\" content=\"1080\" \/>\n\t<meta property=\"og:image:height\" content=\"721\" \/>\n\t<meta property=\"og:image:type\" content=\"image\/jpeg\" \/>\n<meta name=\"twitter:card\" content=\"summary_large_image\" \/>\n<meta name=\"twitter:site\" content=\"@Campbelllawgrp\" \/>\n<script type=\"application\/ld+json\" class=\"yoast-schema-graph\">{\"@context\":\"https:\\\/\\\/schema.org\",\"@graph\":[{\"@type\":\"WebPage\",\"@id\":\"https:\\\/\\\/tclgfirm.com\\\/practice-areas\\\/business-law\\\/business-contracts\\\/manufacturing-distribution-licensing-agreements\\\/\",\"url\":\"https:\\\/\\\/tclgfirm.com\\\/practice-areas\\\/business-law\\\/business-contracts\\\/manufacturing-distribution-licensing-agreements\\\/\",\"name\":\"Manufacturing, Distribution &amp; Licensing Agreements - TCLG - The Campbell Law Group\",\"isPartOf\":{\"@id\":\"https:\\\/\\\/tclgfirm.com\\\/#website\"},\"primaryImageOfPage\":{\"@id\":\"https:\\\/\\\/tclgfirm.com\\\/practice-areas\\\/business-law\\\/business-contracts\\\/manufacturing-distribution-licensing-agreements\\\/#primaryimage\"},\"image\":{\"@id\":\"https:\\\/\\\/tclgfirm.com\\\/practice-areas\\\/business-law\\\/business-contracts\\\/manufacturing-distribution-licensing-agreements\\\/#primaryimage\"},\"thumbnailUrl\":\"https:\\\/\\\/tclgfirm.com\\\/wp-content\\\/uploads\\\/2023\\\/04\\\/Before-Signing-a-Construction-Contract.jpg\",\"datePublished\":\"2025-10-01T00:15:56+00:00\",\"dateModified\":\"2025-11-14T23:15:43+00:00\",\"description\":\"A manufacturing agreement is an agreement between a manufacturer and a company to develop and\\\/or produce a company\u2019s product.\",\"breadcrumb\":{\"@id\":\"https:\\\/\\\/tclgfirm.com\\\/practice-areas\\\/business-law\\\/business-contracts\\\/manufacturing-distribution-licensing-agreements\\\/#breadcrumb\"},\"inLanguage\":\"es\",\"potentialAction\":[{\"@type\":\"ReadAction\",\"target\":[\"https:\\\/\\\/tclgfirm.com\\\/practice-areas\\\/business-law\\\/business-contracts\\\/manufacturing-distribution-licensing-agreements\\\/\"]}]},{\"@type\":\"ImageObject\",\"inLanguage\":\"es\",\"@id\":\"https:\\\/\\\/tclgfirm.com\\\/practice-areas\\\/business-law\\\/business-contracts\\\/manufacturing-distribution-licensing-agreements\\\/#primaryimage\",\"url\":\"https:\\\/\\\/tclgfirm.com\\\/wp-content\\\/uploads\\\/2023\\\/04\\\/Before-Signing-a-Construction-Contract.jpg\",\"contentUrl\":\"https:\\\/\\\/tclgfirm.com\\\/wp-content\\\/uploads\\\/2023\\\/04\\\/Before-Signing-a-Construction-Contract.jpg\",\"width\":1080,\"height\":721,\"caption\":\"A construction contract is between you and your client. Because you are creating an agreement, you want to make sure you protect your business \u2013 as well as the customer.\"},{\"@type\":\"BreadcrumbList\",\"@id\":\"https:\\\/\\\/tclgfirm.com\\\/practice-areas\\\/business-law\\\/business-contracts\\\/manufacturing-distribution-licensing-agreements\\\/#breadcrumb\",\"itemListElement\":[{\"@type\":\"ListItem\",\"position\":1,\"name\":\"Home\",\"item\":\"https:\\\/\\\/tclgfirm.com\\\/\"},{\"@type\":\"ListItem\",\"position\":2,\"name\":\"Practice Areas\",\"item\":\"https:\\\/\\\/tclgfirm.com\\\/practice-areas\\\/\"},{\"@type\":\"ListItem\",\"position\":3,\"name\":\"Business Law\",\"item\":\"https:\\\/\\\/tclgfirm.com\\\/practice-areas\\\/business-law\\\/\"},{\"@type\":\"ListItem\",\"position\":4,\"name\":\"Business Contracts\",\"item\":\"https:\\\/\\\/tclgfirm.com\\\/practice-areas\\\/business-law\\\/business-contracts\\\/\"},{\"@type\":\"ListItem\",\"position\":5,\"name\":\"Manufacturing, Distribution &amp; Licensing Agreements\"}]},{\"@type\":\"WebSite\",\"@id\":\"https:\\\/\\\/tclgfirm.com\\\/#website\",\"url\":\"https:\\\/\\\/tclgfirm.com\\\/\",\"name\":\"TCLG Business & Corporate Law\",\"description\":\"Business &amp; Corporate Law\",\"publisher\":{\"@id\":\"https:\\\/\\\/tclgfirm.com\\\/#organization\"},\"potentialAction\":[{\"@type\":\"SearchAction\",\"target\":{\"@type\":\"EntryPoint\",\"urlTemplate\":\"https:\\\/\\\/tclgfirm.com\\\/?s={search_term_string}\"},\"query-input\":{\"@type\":\"PropertyValueSpecification\",\"valueRequired\":true,\"valueName\":\"search_term_string\"}}],\"inLanguage\":\"es\"},{\"@type\":\"Organization\",\"@id\":\"https:\\\/\\\/tclgfirm.com\\\/#organization\",\"name\":\"The Campbell Law Group\",\"alternateName\":\"TCLG\",\"url\":\"https:\\\/\\\/tclgfirm.com\\\/\",\"logo\":{\"@type\":\"ImageObject\",\"inLanguage\":\"es\",\"@id\":\"https:\\\/\\\/tclgfirm.com\\\/#\\\/schema\\\/logo\\\/image\\\/\",\"url\":\"https:\\\/\\\/tclgfirm.com\\\/wp-content\\\/uploads\\\/2025\\\/11\\\/logo-yoast.png\",\"contentUrl\":\"https:\\\/\\\/tclgfirm.com\\\/wp-content\\\/uploads\\\/2025\\\/11\\\/logo-yoast.png\",\"width\":696,\"height\":696,\"caption\":\"The Campbell Law Group\"},\"image\":{\"@id\":\"https:\\\/\\\/tclgfirm.com\\\/#\\\/schema\\\/logo\\\/image\\\/\"},\"sameAs\":[\"https:\\\/\\\/www.facebook.com\\\/businessattorneymiami\\\/\",\"https:\\\/\\\/x.com\\\/Campbelllawgrp\"]}]}<\/script>\n<!-- \/ Yoast SEO Premium plugin. -->","yoast_head_json":{"title":"Acuerdos de fabricaci\u00f3n, distribuci\u00f3n y licencia - TCLG - The Campbell Law Group","description":"Un acuerdo de fabricaci\u00f3n es un acuerdo entre un fabricante y una empresa para desarrollar y\/o producir un producto de la empresa.","robots":{"index":"index","follow":"follow","max-snippet":"max-snippet:-1","max-image-preview":"max-image-preview:large","max-video-preview":"max-video-preview:-1"},"canonical":"https:\/\/tclgfirm.com\/es\/areas-de-practica\/derecho-mercantil\/contratos-comerciales\/acuerdos-de-licencia-de-fabricacion-y-distribucion\/","og_locale":"es_MX","og_type":"article","og_title":"Manufacturing, Distribution &amp; Licensing Agreements","og_description":"A manufacturing agreement is an agreement between a manufacturer and a company to develop and\/or produce a company\u2019s product.","og_url":"https:\/\/tclgfirm.com\/es\/areas-de-practica\/derecho-mercantil\/contratos-comerciales\/acuerdos-de-licencia-de-fabricacion-y-distribucion\/","og_site_name":"TCLG - The Campbell Law Group","article_publisher":"https:\/\/www.facebook.com\/businessattorneymiami\/","article_modified_time":"2025-11-14T23:15:43+00:00","og_image":[{"width":1080,"height":721,"url":"https:\/\/tclgfirm.com\/wp-content\/uploads\/2023\/04\/Before-Signing-a-Construction-Contract.jpg","type":"image\/jpeg"}],"twitter_card":"summary_large_image","twitter_site":"@Campbelllawgrp","schema":{"@context":"https:\/\/schema.org","@graph":[{"@type":"WebPage","@id":"https:\/\/tclgfirm.com\/practice-areas\/business-law\/business-contracts\/manufacturing-distribution-licensing-agreements\/","url":"https:\/\/tclgfirm.com\/practice-areas\/business-law\/business-contracts\/manufacturing-distribution-licensing-agreements\/","name":"Acuerdos de fabricaci\u00f3n, distribuci\u00f3n y licencia - TCLG - The Campbell Law Group","isPartOf":{"@id":"https:\/\/tclgfirm.com\/#website"},"primaryImageOfPage":{"@id":"https:\/\/tclgfirm.com\/practice-areas\/business-law\/business-contracts\/manufacturing-distribution-licensing-agreements\/#primaryimage"},"image":{"@id":"https:\/\/tclgfirm.com\/practice-areas\/business-law\/business-contracts\/manufacturing-distribution-licensing-agreements\/#primaryimage"},"thumbnailUrl":"https:\/\/tclgfirm.com\/wp-content\/uploads\/2023\/04\/Before-Signing-a-Construction-Contract.jpg","datePublished":"2025-10-01T00:15:56+00:00","dateModified":"2025-11-14T23:15:43+00:00","description":"Un acuerdo de fabricaci\u00f3n es un acuerdo entre un fabricante y una empresa para desarrollar y\/o producir un producto de la empresa.","breadcrumb":{"@id":"https:\/\/tclgfirm.com\/practice-areas\/business-law\/business-contracts\/manufacturing-distribution-licensing-agreements\/#breadcrumb"},"inLanguage":"es","potentialAction":[{"@type":"ReadAction","target":["https:\/\/tclgfirm.com\/practice-areas\/business-law\/business-contracts\/manufacturing-distribution-licensing-agreements\/"]}]},{"@type":"ImageObject","inLanguage":"es","@id":"https:\/\/tclgfirm.com\/practice-areas\/business-law\/business-contracts\/manufacturing-distribution-licensing-agreements\/#primaryimage","url":"https:\/\/tclgfirm.com\/wp-content\/uploads\/2023\/04\/Before-Signing-a-Construction-Contract.jpg","contentUrl":"https:\/\/tclgfirm.com\/wp-content\/uploads\/2023\/04\/Before-Signing-a-Construction-Contract.jpg","width":1080,"height":721,"caption":"A construction contract is between you and your client. Because you are creating an agreement, you want to make sure you protect your business \u2013 as well as the customer."},{"@type":"BreadcrumbList","@id":"https:\/\/tclgfirm.com\/practice-areas\/business-law\/business-contracts\/manufacturing-distribution-licensing-agreements\/#breadcrumb","itemListElement":[{"@type":"ListItem","position":1,"name":"Home","item":"https:\/\/tclgfirm.com\/"},{"@type":"ListItem","position":2,"name":"Practice Areas","item":"https:\/\/tclgfirm.com\/practice-areas\/"},{"@type":"ListItem","position":3,"name":"Business Law","item":"https:\/\/tclgfirm.com\/practice-areas\/business-law\/"},{"@type":"ListItem","position":4,"name":"Business Contracts","item":"https:\/\/tclgfirm.com\/practice-areas\/business-law\/business-contracts\/"},{"@type":"ListItem","position":5,"name":"Manufacturing, Distribution &amp; Licensing Agreements"}]},{"@type":"WebSite","@id":"https:\/\/tclgfirm.com\/#website","url":"https:\/\/tclgfirm.com\/","name":"Derecho mercantil y corporativo de TCLG","description":"Derecho mercantil y corporativo","publisher":{"@id":"https:\/\/tclgfirm.com\/#organization"},"potentialAction":[{"@type":"SearchAction","target":{"@type":"EntryPoint","urlTemplate":"https:\/\/tclgfirm.com\/?s={search_term_string}"},"query-input":{"@type":"PropertyValueSpecification","valueRequired":true,"valueName":"search_term_string"}}],"inLanguage":"es"},{"@type":"Organization","@id":"https:\/\/tclgfirm.com\/#organization","name":"El Grupo Jur\u00eddico Campbell","alternateName":"TCLG","url":"https:\/\/tclgfirm.com\/","logo":{"@type":"ImageObject","inLanguage":"es","@id":"https:\/\/tclgfirm.com\/#\/schema\/logo\/image\/","url":"https:\/\/tclgfirm.com\/wp-content\/uploads\/2025\/11\/logo-yoast.png","contentUrl":"https:\/\/tclgfirm.com\/wp-content\/uploads\/2025\/11\/logo-yoast.png","width":696,"height":696,"caption":"The Campbell Law Group"},"image":{"@id":"https:\/\/tclgfirm.com\/#\/schema\/logo\/image\/"},"sameAs":["https:\/\/www.facebook.com\/businessattorneymiami\/","https:\/\/x.com\/Campbelllawgrp"]}]}},"_links":{"self":[{"href":"https:\/\/tclgfirm.com\/es\/wp-json\/wp\/v2\/pages\/28842","targetHints":{"allow":["GET"]}}],"collection":[{"href":"https:\/\/tclgfirm.com\/es\/wp-json\/wp\/v2\/pages"}],"about":[{"href":"https:\/\/tclgfirm.com\/es\/wp-json\/wp\/v2\/types\/page"}],"author":[{"embeddable":true,"href":"https:\/\/tclgfirm.com\/es\/wp-json\/wp\/v2\/users\/1"}],"replies":[{"embeddable":true,"href":"https:\/\/tclgfirm.com\/es\/wp-json\/wp\/v2\/comments?post=28842"}],"version-history":[{"count":0,"href":"https:\/\/tclgfirm.com\/es\/wp-json\/wp\/v2\/pages\/28842\/revisions"}],"up":[{"embeddable":true,"href":"https:\/\/tclgfirm.com\/es\/wp-json\/wp\/v2\/pages\/29011"}],"wp:featuredmedia":[{"embeddable":true,"href":"https:\/\/tclgfirm.com\/es\/wp-json\/wp\/v2\/media\/25317"}],"wp:attachment":[{"href":"https:\/\/tclgfirm.com\/es\/wp-json\/wp\/v2\/media?parent=28842"}],"wp:term":[{"taxonomy":"dipi_cpt_category","embeddable":true,"href":"https:\/\/tclgfirm.com\/es\/wp-json\/wp\/v2\/dipi_cpt_category?post=28842"}],"curies":[{"name":"wp","href":"https:\/\/api.w.org\/{rel}","templated":true}]}}