{"id":28846,"date":"2025-10-01T03:30:31","date_gmt":"2025-10-01T07:30:31","guid":{"rendered":"https:\/\/tclgdev.wpenginepowered.com\/?page_id=28846"},"modified":"2026-02-11T13:34:33","modified_gmt":"2026-02-11T18:34:33","slug":"contrato-de-compraventa-de-acciones","status":"publish","type":"page","link":"https:\/\/tclgfirm.com\/es\/practice-areas-old\/business-law\/purchase-or-sale-of-a-business\/stock-purchase-agreement\/","title":{"rendered":"Acuerdo de compra de acciones"},"content":{"rendered":"<div class=\"et_pb_section_0 et_pb_section et_section_regular et_flex_section preset--module--divi-section--mjwl5e219h\">\n<div class=\"et_pb_row_0 et_pb_row et_flex_row\">\n<div class=\"et_pb_column_0 et_pb_column et_flex_column et_pb_css_mix_blend_mode_passthrough et_flex_column_18_24 et_flex_column_18_24_tablet et_flex_column_24_24_phone\">\n<div class=\"et_pb_text_0 et_pb_text et_pb_bg_layout_light et_pb_module et_block_module preset--group--divi-text--divi-font-body--default\"><div class=\"et_pb_text_inner\"><h1>Acuerdo de compra de acciones<\/p>\n<h1>\n<\/div><\/div>\n<\/div>\n\n<div class=\"et_pb_column_1 et_pb_column et-last-child et_flex_column et_pb_css_mix_blend_mode_passthrough et_flex_column_6_24 et_flex_column_6_24_tablet et_flex_column_24_24_phone\">\n<div class=\"et_pb_image_0 et_pb_image et_pb_module et_block_module\"><span class=\"et_pb_image_wrap\"><img loading=\"lazy\" decoding=\"async\" src=\"https:\/\/tclgfirm.com\/wp-content\/uploads\/2025\/09\/TCLG.ISO-Cream.png\" width=\"341\" height=\"350\" srcset=\"https:\/\/tclgfirm.com\/wp-content\/uploads\/2025\/09\/TCLG.ISO-Cream.png 341w, https:\/\/tclgfirm.com\/wp-content\/uploads\/2025\/09\/TCLG.ISO-Cream-292x300.png 292w, https:\/\/tclgfirm.com\/wp-content\/uploads\/2025\/09\/TCLG.ISO-Cream-12x12.png 12w\" sizes=\"(max-width: 341px) 100vw, 341px\" class=\"wp-image-28819\" alt=\"Favicon de Tclg\" \/><\/span><\/div>\n<\/div>\n<\/div>\n<\/div>\n\n<div class=\"et_pb_section_1 et_pb_section et_section_regular et_flex_section\">\n<div class=\"et_pb_row_1 et_pb_row et_flex_row\">\n<div class=\"et_pb_column_2 et_pb_column et-last-child et_flex_column et_pb_css_mix_blend_mode_passthrough et_flex_column_24_24 et_flex_column_24_24_tablet et_flex_column_24_24_phone\">\n<div class=\"et_pb_text_1 et_pb_text et_pb_bg_layout_light et_pb_module et_block_module preset--group--divi-text--divi-font-body--default\"><div class=\"et_pb_text_inner\"><span><span><a href=\"https:\/\/tclgfirm.com\/es\/\">Inicio<\/a><\/span><\/span>\n<\/div><\/div>\n<\/div>\n<\/div>\n<\/div>\n\n<div class=\"et_pb_section_2 et_pb_section et_section_regular et_flex_section\">\n<div class=\"et_pb_row_2 et_pb_row et_flex_row\">\n<div class=\"et_pb_column_3 et_pb_column et-last-child et_flex_column et_pb_css_mix_blend_mode_passthrough et_flex_column_24_24 et_flex_column_24_24_tablet et_flex_column_24_24_phone\">\n<div class=\"et_pb_text_2 et_pb_text et_pb_bg_layout_light et_pb_module et_flex_module preset--group--divi-text--divi-font-body--default\"><div class=\"et_pb_text_inner\"><p>Los acuerdos de compraventa de acciones (SPA) desempe\u00f1an un papel \u00fanico y fundamental en la transferencia de la propiedad de una empresa. Estos contratos legalmente vinculantes est\u00e1n dise\u00f1ados espec\u00edficamente para definir los t\u00e9rminos y condiciones de la venta de las acciones de una empresa, una funci\u00f3n que los distingue de los acuerdos de compraventa de activos (APA), que se centran en la venta de activos espec\u00edficos de la empresa.<\/p>\n<p>Un contrato de compraventa de acciones establece principalmente el precio de las acciones que se venden y proporciona un marco claro para la transacci\u00f3n. Su enfoque clave en la prevenci\u00f3n y mitigaci\u00f3n de riesgos lo convierte en una herramienta fundamental en cualquier transacci\u00f3n de acciones, ya sea entre particulares o empresas. Al comprar las acciones de una empresa, el comprador ocupa el lugar del propietario actual y asume toda la responsabilidad de las operaciones, deudas y obligaciones de la empresa. Por eso es fundamental contar con un contrato de compraventa de acciones bien redactado.<\/p>\n<p>Si su objetivo es adquirir toda la empresa, incluyendo sus operaciones, plantilla, posici\u00f3n en el mercado y base de clientes consolidada, un SPA es la mejor opci\u00f3n. Los SPA son especialmente habituales en fusiones y adquisiciones, en las que el comprador desea beneficiarse de la infraestructura existente de la empresa, la reputaci\u00f3n de la marca y la continuidad en el mercado. Este enfoque agiliza la transferencia de la propiedad sin necesidad de separar los activos individuales.<\/p>\n<\/div><\/div>\n\n<div class=\"et_pb_text_3 et_pb_text et_pb_bg_layout_light et_pb_module et_block_module phc-pa-text preset--group--divi-text--divi-font-body--default\"><div class=\"et_pb_text_inner\"><h2>Cl\u00e1usulas clave en un contrato de compraventa de acciones<\/h2>\n<p>\u00a0<\/p>\n<table border=\"1px solid rgb(52, 23, 27)\">\n<tbody>\n<tr>\n<th><strong>Secci\u00f3n<\/strong><\/th>\n<th><strong>Objetivo<\/strong><\/th>\n<\/tr>\n<tr>\n<td>1. Partes<\/td>\n<td>Identifica a todas las partes legales involucradas en la transacci\u00f3n.<\/td>\n<\/tr>\n<tr>\n<td>2. Considerandos<\/td>\n<td>Establece el contexto y el prop\u00f3sito del acuerdo.<\/td>\n<\/tr>\n<tr>\n<td>3. Definiciones<\/td>\n<td>Aclara los t\u00e9rminos clave para una interpretaci\u00f3n coherente.<\/td>\n<\/tr>\n<tr>\n<td>4. Consideraci\u00f3n<\/td>\n<td>Detalla los t\u00e9rminos financieros de la transacci\u00f3n.<\/td>\n<\/tr>\n<tr>\n<td>5. Declaraciones y garant\u00edas del vendedor<\/td>\n<td>Garantiza al comprador la titularidad legal y la situaci\u00f3n de la empresa del vendedor.<\/td>\n<\/tr>\n<tr>\n<td>6. Declaraciones y garant\u00edas del comprador<\/td>\n<td>Confirma la capacidad legal y financiera del comprador para completar la compra.<\/td>\n<\/tr>\n<tr>\n<td>7. Indemnizaci\u00f3n<\/td>\n<td>Protege a las partes contra p\u00e9rdidas debidas a incumplimientos o declaraciones falsas.<\/td>\n<\/tr>\n<tr>\n<td>8. Fuerza mayor<\/td>\n<td>Excusas por incumplimiento debido a acontecimientos externos incontrolables.<\/td>\n<\/tr>\n<tr>\n<td>9. Cl\u00e1usulas adicionales<\/td>\n<td>Incluye las cl\u00e1usulas legales necesarias para garantizar su aplicabilidad.<\/td>\n<\/tr>\n<\/tbody>\n<\/table>\n<\/div><\/div>\n<\/div>\n<\/div>\n\n<div class=\"et_pb_row_3 et_pb_row et_flex_row\">\n<div class=\"et_pb_column_4 et_pb_column et-last-child et_flex_column et_pb_css_mix_blend_mode_passthrough et_flex_column_24_24 et_flex_column_24_24_tablet et_flex_column_24_24_phone\">\n<div class=\"et_pb_text_4 et_pb_text et_pb_bg_layout_light et_pb_module et_flex_module preset--group--divi-text--divi-font-body--default\"><div class=\"et_pb_text_inner\"><h2>Los retos de los acuerdos de compra de acciones<\/h2>\n<p>La redacci\u00f3n y gesti\u00f3n de los SPA es un proceso complejo, ya que estos acuerdos est\u00e1n dise\u00f1ados para regular la transferencia de la propiedad de una empresa mediante la compra de acciones. Cada SPA consta de una serie de cl\u00e1usulas diferentes que abordan aspectos legales, financieros y operativos fundamentales de la transacci\u00f3n, de modo que ambas partes, el comprador y el vendedor, est\u00e9n protegidas y sus obligaciones est\u00e9n claramente definidas. Esto se complica a\u00fan m\u00e1s por la necesidad de adaptar el acuerdo a las circunstancias particulares de la transacci\u00f3n, entre las que se incluyen:<\/p>\n<ul>\n<li>Las necesidades y objetivos espec\u00edficos de las partes.<\/li>\n<li>La naturaleza y cantidad de las acciones que se transfieren.<\/li>\n<li>Consideraciones espec\u00edficas del sector<\/li>\n<li>Factores transfronterizos<\/li>\n<\/ul>\n<h2>Descuidos comunes<\/h2>\n<p>Sin la orientaci\u00f3n de un experto legal, es mucho m\u00e1s probable que se produzcan descuidos u omisiones en los SPA, e incluso los errores menores pueden tener consecuencias de gran alcance. A diferencia de los contratos comerciales gen\u00e9ricos, los SPA requieren precisi\u00f3n y atenci\u00f3n al detalle, ya que a menudo implican importantes inversiones financieras y la transferencia del control. Los errores o ambig\u00fcedades en el acuerdo pueden dar lugar a costosas disputas, p\u00e9rdidas financieras y responsabilidades legales mucho despu\u00e9s de que se haya finalizado la transacci\u00f3n. A continuaci\u00f3n se presentan algunos ejemplos concretos de c\u00f3mo unos SPA mal redactados pueden dar lugar a graves problemas:<\/p>\n<\/div><\/div>\n\n<div class=\"et_pb_text_5 et_pb_text et_pb_bg_layout_light et_pb_module et_block_module phc-pa-text preset--group--divi-text--divi-font-body--default\"><div class=\"et_pb_text_inner\"><table border=\"1px solid rgb(52, 23, 27)\">\n<tbody>\n<tr>\n<th><strong>Tema<\/strong><\/th>\n<th><strong>Qu\u00e9 es<\/strong><\/th>\n<th>Consecuencias de una redacci\u00f3n deficiente<\/th>\n<\/tr>\n<tr>\n<td>1. Declaraciones y garant\u00edas inadecuadas<\/td>\n<td>Divulgaci\u00f3n insuficiente o poco clara por parte del vendedor sobre la situaci\u00f3n de la empresa, sus activos y pasivos.<\/td>\n<td>Identifica a todas las partes legales involucradas en la transacci\u00f3n.<\/td>\n<\/tr>\n<tr>\n<td>2. Condiciones de pago poco claras<\/td>\n<td>T\u00e9rminos vagos o incompletos en relaci\u00f3n con el precio de compra, el calendario de pagos, el dep\u00f3sito en garant\u00eda o los ajustes.<\/td>\n<td>Disputas sobre pagos, desacuerdos sobre valoraciones o retrasos en los cierres debido a la falta de claridad.<\/td>\n<\/tr>\n<tr>\n<td>3. Indemnizaci\u00f3n insuficiente<\/td>\n<td>Cl\u00e1usulas d\u00e9biles o inexistentes que cubren incumplimientos, reclamaciones de terceros o declaraciones falsas.<\/td>\n<td>Carga injusta de responsabilidad y exposici\u00f3n a reclamaciones financieras ilimitadas o a largo plazo.<\/td>\n<\/tr>\n<tr>\n<td>4. Ausencia de cl\u00e1usula de fuerza mayor<\/td>\n<td>Sin protecci\u00f3n contra acontecimientos imprevistos que afecten al cumplimiento del contrato.<\/td>\n<td>Carga injusta de responsabilidad y exposici\u00f3n a reclamaciones financieras ilimitadas o a largo plazo.<\/td>\n<\/tr>\n<tr>\n<td>5. Errores normativos y de cumplimiento<\/td>\n<td>No tener en cuenta las obligaciones legales, normativas o fiscales en la transacci\u00f3n.<\/td>\n<td>Sanciones, acuerdos anulados o responsabilidades inesperadas por incumplimiento.<\/td>\n<\/tr>\n<\/tbody>\n<\/table>\n<\/div>\n<\/div>\n<\/div>\n<\/div>\n<div class=\"et_pb_row_3 et_pb_row et_flex_row\">\n<div class=\"et_pb_column_4 et_pb_column et-last-child et_flex_column_24_24 et_flex_column et_pb_css_mix_blend_mode_passthrough\">\n<div class=\"et_pb_text_6 et_pb_text et_pb_bg_layout_light et_pb_module phc-pa-text\">\n<div class=\"et_pb_text_inner\"><\/div>\n<\/div>\n<\/div>\n<\/div>\n<\/div><\/div>\n<\/div>\n<\/div>\n<\/div>","protected":false},"excerpt":{"rendered":"","protected":false},"author":1,"featured_media":0,"parent":29015,"menu_order":0,"comment_status":"closed","ping_status":"closed","template":"","meta":{"_acf_changed":false,"footnotes":""},"dipi_cpt_category":[],"class_list":["post-28846","page","type-page","status-publish","hentry"],"acf":[],"yoast_head":"<!-- This site is optimized with the Yoast SEO Premium plugin v27.5 (Yoast SEO v27.5) - https:\/\/yoast.com\/product\/yoast-seo-premium-wordpress\/ -->\n<title>Stock Purchase Agreement - TCLG - The Campbell Law Group<\/title>\n<meta name=\"robots\" content=\"index, follow, max-snippet:-1, max-image-preview:large, max-video-preview:-1\" \/>\n<link rel=\"canonical\" href=\"https:\/\/tclgfirm.com\/es\/areas-de-practica-antiguas\/derecho-mercantil\/compra-o-venta-de-un-negocio\/contrato-de-compraventa-de-acciones\/\" \/>\n<meta property=\"og:locale\" content=\"es_MX\" \/>\n<meta property=\"og:type\" content=\"article\" \/>\n<meta property=\"og:title\" content=\"Stock Purchase Agreement\" \/>\n<meta property=\"og:url\" content=\"https:\/\/tclgfirm.com\/es\/areas-de-practica-antiguas\/derecho-mercantil\/compra-o-venta-de-un-negocio\/contrato-de-compraventa-de-acciones\/\" \/>\n<meta property=\"og:site_name\" content=\"TCLG - The Campbell Law Group\" \/>\n<meta property=\"article:publisher\" content=\"https:\/\/www.facebook.com\/businessattorneymiami\/\" \/>\n<meta property=\"article:modified_time\" content=\"2026-02-11T18:34:33+00:00\" \/>\n<meta property=\"og:image\" content=\"https:\/\/tclgfirm.com\/wp-content\/uploads\/2025\/11\/site-image-1.png\" \/>\n\t<meta property=\"og:image:width\" content=\"1200\" \/>\n\t<meta property=\"og:image:height\" content=\"675\" \/>\n\t<meta property=\"og:image:type\" content=\"image\/png\" \/>\n<meta name=\"twitter:card\" content=\"summary_large_image\" \/>\n<meta name=\"twitter:site\" content=\"@Campbelllawgrp\" \/>\n<script type=\"application\/ld+json\" class=\"yoast-schema-graph\">{\"@context\":\"https:\\\/\\\/schema.org\",\"@graph\":[{\"@type\":\"WebPage\",\"@id\":\"https:\\\/\\\/tclgfirm.com\\\/practice-areas-old\\\/business-law\\\/purchase-or-sale-of-a-business\\\/stock-purchase-agreement\\\/\",\"url\":\"https:\\\/\\\/tclgfirm.com\\\/practice-areas-old\\\/business-law\\\/purchase-or-sale-of-a-business\\\/stock-purchase-agreement\\\/\",\"name\":\"Stock Purchase Agreement - TCLG - The Campbell Law Group\",\"isPartOf\":{\"@id\":\"https:\\\/\\\/tclgfirm.com\\\/#website\"},\"datePublished\":\"2025-10-01T07:30:31+00:00\",\"dateModified\":\"2026-02-11T18:34:33+00:00\",\"breadcrumb\":{\"@id\":\"https:\\\/\\\/tclgfirm.com\\\/practice-areas-old\\\/business-law\\\/purchase-or-sale-of-a-business\\\/stock-purchase-agreement\\\/#breadcrumb\"},\"inLanguage\":\"es\",\"potentialAction\":[{\"@type\":\"ReadAction\",\"target\":[\"https:\\\/\\\/tclgfirm.com\\\/practice-areas-old\\\/business-law\\\/purchase-or-sale-of-a-business\\\/stock-purchase-agreement\\\/\"]}]},{\"@type\":\"BreadcrumbList\",\"@id\":\"https:\\\/\\\/tclgfirm.com\\\/practice-areas-old\\\/business-law\\\/purchase-or-sale-of-a-business\\\/stock-purchase-agreement\\\/#breadcrumb\",\"itemListElement\":[{\"@type\":\"ListItem\",\"position\":1,\"name\":\"Home\",\"item\":\"https:\\\/\\\/tclgfirm.com\\\/\"},{\"@type\":\"ListItem\",\"position\":2,\"name\":\"Practice Areas\",\"item\":\"https:\\\/\\\/tclgfirm.com\\\/practice-areas-old\\\/\"},{\"@type\":\"ListItem\",\"position\":3,\"name\":\"Business Law\",\"item\":\"https:\\\/\\\/tclgfirm.com\\\/practice-areas-old\\\/business-law\\\/\"},{\"@type\":\"ListItem\",\"position\":4,\"name\":\"Purchase or Sale of a Business\",\"item\":\"https:\\\/\\\/tclgfirm.com\\\/practice-areas-old\\\/business-law\\\/purchase-or-sale-of-a-business\\\/\"},{\"@type\":\"ListItem\",\"position\":5,\"name\":\"Stock Purchase Agreement\"}]},{\"@type\":\"WebSite\",\"@id\":\"https:\\\/\\\/tclgfirm.com\\\/#website\",\"url\":\"https:\\\/\\\/tclgfirm.com\\\/\",\"name\":\"TCLG Business & Corporate Law\",\"description\":\"Business &amp; Corporate Law\",\"publisher\":{\"@id\":\"https:\\\/\\\/tclgfirm.com\\\/#organization\"},\"potentialAction\":[{\"@type\":\"SearchAction\",\"target\":{\"@type\":\"EntryPoint\",\"urlTemplate\":\"https:\\\/\\\/tclgfirm.com\\\/?s={search_term_string}\"},\"query-input\":{\"@type\":\"PropertyValueSpecification\",\"valueRequired\":true,\"valueName\":\"search_term_string\"}}],\"inLanguage\":\"es\"},{\"@type\":\"Organization\",\"@id\":\"https:\\\/\\\/tclgfirm.com\\\/#organization\",\"name\":\"The Campbell Law Group\",\"alternateName\":\"TCLG\",\"url\":\"https:\\\/\\\/tclgfirm.com\\\/\",\"logo\":{\"@type\":\"ImageObject\",\"inLanguage\":\"es\",\"@id\":\"https:\\\/\\\/tclgfirm.com\\\/#\\\/schema\\\/logo\\\/image\\\/\",\"url\":\"https:\\\/\\\/tclgfirm.com\\\/wp-content\\\/uploads\\\/2025\\\/11\\\/logo-yoast.png\",\"contentUrl\":\"https:\\\/\\\/tclgfirm.com\\\/wp-content\\\/uploads\\\/2025\\\/11\\\/logo-yoast.png\",\"width\":696,\"height\":696,\"caption\":\"The Campbell Law Group\"},\"image\":{\"@id\":\"https:\\\/\\\/tclgfirm.com\\\/#\\\/schema\\\/logo\\\/image\\\/\"},\"sameAs\":[\"https:\\\/\\\/www.facebook.com\\\/businessattorneymiami\\\/\",\"https:\\\/\\\/x.com\\\/Campbelllawgrp\"]}]}<\/script>\n<!-- \/ Yoast SEO Premium plugin. -->","yoast_head_json":{"title":"Contrato de compraventa de acciones - TCLG - The Campbell Law Group","robots":{"index":"index","follow":"follow","max-snippet":"max-snippet:-1","max-image-preview":"max-image-preview:large","max-video-preview":"max-video-preview:-1"},"canonical":"https:\/\/tclgfirm.com\/es\/areas-de-practica-antiguas\/derecho-mercantil\/compra-o-venta-de-un-negocio\/contrato-de-compraventa-de-acciones\/","og_locale":"es_MX","og_type":"article","og_title":"Stock Purchase Agreement","og_url":"https:\/\/tclgfirm.com\/es\/areas-de-practica-antiguas\/derecho-mercantil\/compra-o-venta-de-un-negocio\/contrato-de-compraventa-de-acciones\/","og_site_name":"TCLG - The Campbell Law Group","article_publisher":"https:\/\/www.facebook.com\/businessattorneymiami\/","article_modified_time":"2026-02-11T18:34:33+00:00","og_image":[{"width":1200,"height":675,"url":"https:\/\/tclgfirm.com\/wp-content\/uploads\/2025\/11\/site-image-1.png","type":"image\/png"}],"twitter_card":"summary_large_image","twitter_site":"@Campbelllawgrp","schema":{"@context":"https:\/\/schema.org","@graph":[{"@type":"WebPage","@id":"https:\/\/tclgfirm.com\/practice-areas-old\/business-law\/purchase-or-sale-of-a-business\/stock-purchase-agreement\/","url":"https:\/\/tclgfirm.com\/practice-areas-old\/business-law\/purchase-or-sale-of-a-business\/stock-purchase-agreement\/","name":"Contrato de compraventa de acciones - TCLG - The Campbell Law Group","isPartOf":{"@id":"https:\/\/tclgfirm.com\/#website"},"datePublished":"2025-10-01T07:30:31+00:00","dateModified":"2026-02-11T18:34:33+00:00","breadcrumb":{"@id":"https:\/\/tclgfirm.com\/practice-areas-old\/business-law\/purchase-or-sale-of-a-business\/stock-purchase-agreement\/#breadcrumb"},"inLanguage":"es","potentialAction":[{"@type":"ReadAction","target":["https:\/\/tclgfirm.com\/practice-areas-old\/business-law\/purchase-or-sale-of-a-business\/stock-purchase-agreement\/"]}]},{"@type":"BreadcrumbList","@id":"https:\/\/tclgfirm.com\/practice-areas-old\/business-law\/purchase-or-sale-of-a-business\/stock-purchase-agreement\/#breadcrumb","itemListElement":[{"@type":"ListItem","position":1,"name":"Home","item":"https:\/\/tclgfirm.com\/"},{"@type":"ListItem","position":2,"name":"Practice Areas","item":"https:\/\/tclgfirm.com\/practice-areas-old\/"},{"@type":"ListItem","position":3,"name":"Business Law","item":"https:\/\/tclgfirm.com\/practice-areas-old\/business-law\/"},{"@type":"ListItem","position":4,"name":"Purchase or Sale of a Business","item":"https:\/\/tclgfirm.com\/practice-areas-old\/business-law\/purchase-or-sale-of-a-business\/"},{"@type":"ListItem","position":5,"name":"Stock Purchase Agreement"}]},{"@type":"WebSite","@id":"https:\/\/tclgfirm.com\/#website","url":"https:\/\/tclgfirm.com\/","name":"Derecho mercantil y corporativo de TCLG","description":"Derecho mercantil y corporativo","publisher":{"@id":"https:\/\/tclgfirm.com\/#organization"},"potentialAction":[{"@type":"SearchAction","target":{"@type":"EntryPoint","urlTemplate":"https:\/\/tclgfirm.com\/?s={search_term_string}"},"query-input":{"@type":"PropertyValueSpecification","valueRequired":true,"valueName":"search_term_string"}}],"inLanguage":"es"},{"@type":"Organization","@id":"https:\/\/tclgfirm.com\/#organization","name":"El Grupo Jur\u00eddico Campbell","alternateName":"TCLG","url":"https:\/\/tclgfirm.com\/","logo":{"@type":"ImageObject","inLanguage":"es","@id":"https:\/\/tclgfirm.com\/#\/schema\/logo\/image\/","url":"https:\/\/tclgfirm.com\/wp-content\/uploads\/2025\/11\/logo-yoast.png","contentUrl":"https:\/\/tclgfirm.com\/wp-content\/uploads\/2025\/11\/logo-yoast.png","width":696,"height":696,"caption":"The Campbell Law Group"},"image":{"@id":"https:\/\/tclgfirm.com\/#\/schema\/logo\/image\/"},"sameAs":["https:\/\/www.facebook.com\/businessattorneymiami\/","https:\/\/x.com\/Campbelllawgrp"]}]}},"_links":{"self":[{"href":"https:\/\/tclgfirm.com\/es\/wp-json\/wp\/v2\/pages\/28846","targetHints":{"allow":["GET"]}}],"collection":[{"href":"https:\/\/tclgfirm.com\/es\/wp-json\/wp\/v2\/pages"}],"about":[{"href":"https:\/\/tclgfirm.com\/es\/wp-json\/wp\/v2\/types\/page"}],"author":[{"embeddable":true,"href":"https:\/\/tclgfirm.com\/es\/wp-json\/wp\/v2\/users\/1"}],"replies":[{"embeddable":true,"href":"https:\/\/tclgfirm.com\/es\/wp-json\/wp\/v2\/comments?post=28846"}],"version-history":[{"count":0,"href":"https:\/\/tclgfirm.com\/es\/wp-json\/wp\/v2\/pages\/28846\/revisions"}],"up":[{"embeddable":true,"href":"https:\/\/tclgfirm.com\/es\/wp-json\/wp\/v2\/pages\/29015"}],"wp:attachment":[{"href":"https:\/\/tclgfirm.com\/es\/wp-json\/wp\/v2\/media?parent=28846"}],"wp:term":[{"taxonomy":"dipi_cpt_category","embeddable":true,"href":"https:\/\/tclgfirm.com\/es\/wp-json\/wp\/v2\/dipi_cpt_category?post=28846"}],"curies":[{"name":"wp","href":"https:\/\/api.w.org\/{rel}","templated":true}]}}