{"id":28850,"date":"2025-10-01T05:21:19","date_gmt":"2025-10-01T09:21:19","guid":{"rendered":"https:\/\/tclgdev.wpenginepowered.com\/?page_id=28850"},"modified":"2025-11-16T20:37:32","modified_gmt":"2025-11-17T01:37:32","slug":"contrato-de-compra-de-participacion-social","status":"publish","type":"page","link":"https:\/\/tclgfirm.com\/es\/practice-areas\/business-law\/purchase-or-sale-of-a-business\/membership-interest-purchase-agreement\/","title":{"rendered":"Acuerdo de compra de participaciones"},"content":{"rendered":"<div class=\"et_pb_section_0 et_pb_section et_section_regular et_flex_section\">\n<div class=\"et_pb_row_0 et_pb_row et_flex_row\">\n<div class=\"et_pb_column_0 et_pb_column et_flex_column et_pb_css_mix_blend_mode_passthrough et_flex_column_24_24 et_flex_column_24_24_tablet et_flex_column_24_24_phone\">\n<div class=\"et_pb_text_0 et_pb_text et_pb_bg_layout_light et_pb_module et_flex_module preset--group--divi-text--divi-font-body--default\"><div class=\"et_pb_text_inner\"><h1>Acuerdo de compra de participaciones<\/p>\n<h1>\n<\/div><\/div>\n<\/div>\n\n<div class=\"et_pb_column_1 et_pb_column et-last-child et_flex_column et_pb_css_mix_blend_mode_passthrough et_flex_column_24_24 et_flex_column_24_24_tablet et_flex_column_24_24_phone\">\n<div class=\"et_pb_image_0 et_pb_image et_pb_module et_flex_module\"><span class=\"et_pb_image_wrap\"><img loading=\"lazy\" decoding=\"async\" src=\"https:\/\/tclgfirm.com\/wp-content\/uploads\/2025\/09\/TCLG.ISO-Cream.png\" width=\"341\" height=\"350\" srcset=\"https:\/\/tclgfirm.com\/wp-content\/uploads\/2025\/09\/TCLG.ISO-Cream.png 341w, https:\/\/tclgfirm.com\/wp-content\/uploads\/2025\/09\/TCLG.ISO-Cream-292x300.png 292w, https:\/\/tclgfirm.com\/wp-content\/uploads\/2025\/09\/TCLG.ISO-Cream-12x12.png 12w\" sizes=\"(max-width: 341px) 100vw, 341px\" class=\"wp-image-28819\" alt=\"Favicon de Tclg\" \/><\/span><\/div>\n<\/div>\n<\/div>\n<\/div>\n\n<div class=\"et_pb_section_1 et_pb_section et_section_regular et_flex_section\">\n<div class=\"et_pb_row_1 et_pb_row et_flex_row\">\n<div class=\"et_pb_column_2 et_pb_column et-last-child et_flex_column et_pb_css_mix_blend_mode_passthrough et_flex_column_24_24 et_flex_column_24_24_tablet et_flex_column_24_24_phone\">\n<div class=\"et_pb_text_1 et_pb_text et_pb_bg_layout_light et_pb_module et_flex_module preset--group--divi-text--divi-font-body--default\"><div class=\"et_pb_text_inner\"><span><span><a href=\"https:\/\/tclgfirm.com\/es\/\">Inicio<\/a><\/span><\/span>\n<\/div><\/div>\n<\/div>\n<\/div>\n<\/div>\n\n<div class=\"et_pb_section_2 et_pb_section et_section_regular et_flex_section phc-pa-text\">\n<div class=\"et_pb_row_2 et_pb_row et_flex_row\">\n<div class=\"et_pb_column_3 et_pb_column et-last-child et_flex_column et_pb_css_mix_blend_mode_passthrough et_flex_column_24_24 et_flex_column_24_24_tablet et_flex_column_24_24_phone\">\n<div class=\"et_pb_text_2 et_pb_text et_pb_bg_layout_light et_pb_module et_flex_module preset--group--divi-text--divi-font-body--default\"><div class=\"et_pb_text_inner\"><p>Al comprar o vender una participaci\u00f3n en una sociedad de responsabilidad limitada (LLC), no basta con un apret\u00f3n de manos, un correo electr\u00f3nico informal o un intercambio por escrito. Es esencial contar con un acuerdo de compra de participaci\u00f3n (MIPA) para garantizar que los t\u00e9rminos de la transacci\u00f3n sean claros, exigibles y legalmente v\u00e1lidos. Un MIPA rige la venta y la transferencia de la participaci\u00f3n en una LLC de un miembro a otra parte. Ya sea para la venta total o parcial de la participaci\u00f3n, el MIPA establece los t\u00e9rminos, derechos y obligaciones de las partes involucradas y gu\u00eda la transacci\u00f3n.<\/p>\n<\/div><\/div>\n\n<div class=\"et_pb_text_3 et_pb_text et_pb_bg_layout_light et_pb_module et_flex_module phc-pa-text preset--module--divi-text--jn6y88ja1n\"><div class=\"et_pb_text_inner\" data-et-mv-hidden-phone=\"true\"><table style=\"width: 80%px; border-collapse: collapse; background-color: #f4f3f1; margin-left: auto; margin-right: auto; height: 612px;\" border=\"1px solid rgb(52, 23, 27)\">\n<tbody>\n<tr style=\"height: 18px;\">\n<th style=\"width: 105.281px; text-align: center; border: 1px solid #34171b; height: 18px;\"><strong>Cl\u00e1usula<\/strong><\/th>\n<th style=\"width: 122.219px; text-align: center; border: 1px solid #34171b; height: 18px;\"><strong>Objetivo<\/strong><\/th>\n<th style=\"width: 150.5px; text-align: center; border: 1px solid #34171b; height: 18px;\">Qu\u00e9 cubre<\/th>\n<\/tr>\n<tr style=\"height: 90px;\">\n<td style=\"width: 105.281px; border: 1px solid #34171b; height: 90px;\">Precio de compra y condiciones de pago<\/td>\n<td style=\"width: 122.219px; border: 1px solid #34171b; height: 90px;\">Establece la estructura financiera del acuerdo.<\/td>\n<td style=\"width: 150.5px; border: 1px solid #34171b; height: 90px;\">\n<ul>\n<li>Precio total de compra<\/li>\n<li>M\u00e9todo de pago (por ejemplo, transferencia bancaria)<\/li>\n<li>Calendario\/horario: ajustes de precios o imprevistos.<\/li>\n<\/ul>\n<\/td>\n<\/tr>\n<tr style=\"height: 54px;\">\n<td style=\"width: 105.281px; border: 1px solid #34171b; height: 54px;\">Propiedad y transferencia de derechos<\/td>\n<td style=\"width: 122.219px; border: 1px solid #34171b; height: 54px;\">Define exactamente qu\u00e9 participaciones de propiedad se transfieren.<\/td>\n<td style=\"width: 150.5px; border: 1px solid #34171b; height: 54px;\">\n<ul>\n<li>Porcentaje de participaci\u00f3n en la membres\u00eda<\/li>\n<li>Derechos de voto - Distribuci\u00f3n de ganancias\/p\u00e9rdidas<\/li>\n<\/ul>\n<\/td>\n<\/tr>\n<tr style=\"height: 54px;\">\n<td style=\"width: 105.281px; border: 1px solid #34171b; height: 54px;\">Diligencia debida y declaraciones<\/td>\n<td style=\"width: 122.219px; border: 1px solid #34171b; height: 54px;\">Protege al comprador al exigir al vendedor que proporcione informaci\u00f3n completa y precisa.<\/td>\n<td style=\"width: 150.5px; border: 1px solid #34171b; height: 54px;\">\n<ul>\n<li>Estados financieros<\/li>\n<li>Pasivos y deudas<\/li>\n<li>Situaci\u00f3n legal y cumplimiento normativo de la empresa<\/li>\n<\/ul>\n<\/td>\n<\/tr>\n<tr style=\"height: 54px;\">\n<td style=\"width: 105.281px; border: 1px solid #34171b; height: 54px;\">Indemnizaci\u00f3n<\/td>\n<td style=\"width: 122.219px; border: 1px solid #34171b; height: 54px;\">Asigna la responsabilidad de los asuntos posteriores al cierre.<\/td>\n<td style=\"width: 150.5px; border: 1px solid #34171b; height: 54px;\">\n<ul>\n<li>Cobertura por incumplimientos o declaraciones falsas<\/li>\n<li>Gastos legales<\/li>\n<li>Plazos y l\u00edmites de responsabilidad<\/li>\n<\/ul>\n<\/td>\n<\/tr>\n<tr style=\"height: 72px;\">\n<td style=\"width: 105.281px; border: 1px solid #34171b; height: 72px;\">No competencia y confidencialidad<\/td>\n<td style=\"width: 122.219px; border: 1px solid #34171b; height: 72px;\">Evita el uso indebido de informaci\u00f3n comercial confidencial despu\u00e9s de la venta.<\/td>\n<td style=\"width: 150.5px; border: 1px solid #34171b; height: 72px;\">\n<ul>\n<li>Restricciones sobre actividades competitivas<\/li>\n<li>Protecci\u00f3n de informaci\u00f3n confidencial y secretos comerciales<\/li>\n<\/ul>\n<\/td>\n<\/tr>\n<tr>\n<td style=\"width: 105.281px; border: 1px solid #34171b;\">Legislaci\u00f3n aplicable y resoluci\u00f3n de disputas<\/td>\n<td style=\"width: 122.219px; border: 1px solid #34171b;\">Establece c\u00f3mo se tratar\u00e1n las cuestiones legales.<\/td>\n<td style=\"width: 150.5px; border: 1px solid #34171b;\">\n<ul>\n<li>Elecci\u00f3n de la ley aplicable - Jurisdicci\u00f3n<\/li>\n<li>Proceso de arbitraje o mediaci\u00f3n<\/li>\n<\/ul>\n<\/td>\n<\/tr>\n<\/tbody>\n<\/table>\n<\/div><\/div>\n\n<div class=\"et_pb_text_4 et_pb_text et_pb_bg_layout_light et_pb_module et_flex_module phc-pa-text preset--group--divi-text--divi-font-body--default\"><div class=\"et_pb_text_inner\"><p>Un MIPA bien redactado garantiza que el vendedor pueda salir limpiamente con responsabilidad limitada y que el comprador sea introducido adecuadamente en el negocio como miembro con todos los derechos que se representaron para la venta. Los MIPA tambi\u00e9n deben redactarse de acuerdo con los estatutos de una sociedad de responsabilidad limitada (LLC). <a href=\"\/es\/areas-de-practica\/derecho-mercantil\/constitucion-de-empresas-y-gobierno-corporativo\/acuerdos-operativos\/\" target=\"_blank\" rel=\"noopener\">Acuerdo de explotaci\u00f3n<\/a> ya que la venta de participaciones sociales que entre en conflicto con el acuerdo operativo de una empresa puede considerarse nula. Por lo tanto, es imprescindible contar con un abogado que pueda interpretar y comprender las restricciones de un acuerdo operativo para que le ayude a redactar su MIPA.<\/p>\n<p>TCLG est\u00e1 perfectamente equipado para revisar, redactar o negociar un MIPA con el fin de garantizar el cumplimiento del acuerdo operativo aplicable y proteger sus intereses, tanto si es un comprador que busca seguridad como un vendedor que desea sacar provecho de su propiedad. Si necesita ayuda con sus acuerdos de compra de participaciones sociales: <\/p>\n<\/div><\/div>\n\n<div class=\"et_pb_module et_pb_button_module_wrapper et_pb_button_0_wrapper\"><a class=\"et_pb_button_0 et_pb_button et_pb_bg_layout_light et_pb_module et_flex_module\" href=\"\/es\/contact\/\">CONTACTO<\/a><\/div>\n<\/div>\n<\/div>\n<\/div>","protected":false},"excerpt":{"rendered":"","protected":false},"author":1,"featured_media":0,"parent":29015,"menu_order":0,"comment_status":"closed","ping_status":"closed","template":"","meta":{"_acf_changed":false,"footnotes":""},"dipi_cpt_category":[],"class_list":["post-28850","page","type-page","status-publish","hentry"],"acf":[],"yoast_head":"<!-- This site is optimized with the Yoast SEO Premium plugin v27.4 (Yoast SEO v27.4) - https:\/\/yoast.com\/product\/yoast-seo-premium-wordpress\/ -->\n<title>Membership Interest Purchase Agreement - TCLG - The Campbell Law Group<\/title>\n<meta name=\"robots\" content=\"index, follow, max-snippet:-1, max-image-preview:large, max-video-preview:-1\" \/>\n<link rel=\"canonical\" href=\"https:\/\/tclgfirm.com\/es\/areas-de-practica\/derecho-mercantil\/compra-o-venta-de-un-negocio\/contrato-de-compra-de-participacion-social\/\" \/>\n<meta property=\"og:locale\" content=\"es_MX\" \/>\n<meta property=\"og:type\" content=\"article\" \/>\n<meta property=\"og:title\" content=\"Membership Interest Purchase Agreement\" \/>\n<meta property=\"og:url\" content=\"https:\/\/tclgfirm.com\/es\/areas-de-practica\/derecho-mercantil\/compra-o-venta-de-un-negocio\/contrato-de-compra-de-participacion-social\/\" \/>\n<meta property=\"og:site_name\" content=\"TCLG - The Campbell Law Group\" \/>\n<meta property=\"article:publisher\" content=\"https:\/\/www.facebook.com\/businessattorneymiami\/\" \/>\n<meta property=\"article:modified_time\" content=\"2025-11-17T01:37:32+00:00\" \/>\n<meta property=\"og:image\" content=\"https:\/\/tclgfirm.com\/wp-content\/uploads\/2025\/11\/site-image-1.png\" \/>\n\t<meta property=\"og:image:width\" content=\"1200\" \/>\n\t<meta property=\"og:image:height\" content=\"675\" \/>\n\t<meta property=\"og:image:type\" content=\"image\/png\" \/>\n<meta name=\"twitter:card\" content=\"summary_large_image\" \/>\n<meta name=\"twitter:site\" content=\"@Campbelllawgrp\" \/>\n<script type=\"application\/ld+json\" class=\"yoast-schema-graph\">{\"@context\":\"https:\\\/\\\/schema.org\",\"@graph\":[{\"@type\":\"WebPage\",\"@id\":\"https:\\\/\\\/tclgfirm.com\\\/practice-areas\\\/business-law\\\/purchase-or-sale-of-a-business\\\/membership-interest-purchase-agreement\\\/\",\"url\":\"https:\\\/\\\/tclgfirm.com\\\/practice-areas\\\/business-law\\\/purchase-or-sale-of-a-business\\\/membership-interest-purchase-agreement\\\/\",\"name\":\"Membership Interest Purchase Agreement - TCLG - The Campbell Law Group\",\"isPartOf\":{\"@id\":\"https:\\\/\\\/tclgfirm.com\\\/#website\"},\"datePublished\":\"2025-10-01T09:21:19+00:00\",\"dateModified\":\"2025-11-17T01:37:32+00:00\",\"breadcrumb\":{\"@id\":\"https:\\\/\\\/tclgfirm.com\\\/practice-areas\\\/business-law\\\/purchase-or-sale-of-a-business\\\/membership-interest-purchase-agreement\\\/#breadcrumb\"},\"inLanguage\":\"es\",\"potentialAction\":[{\"@type\":\"ReadAction\",\"target\":[\"https:\\\/\\\/tclgfirm.com\\\/practice-areas\\\/business-law\\\/purchase-or-sale-of-a-business\\\/membership-interest-purchase-agreement\\\/\"]}]},{\"@type\":\"BreadcrumbList\",\"@id\":\"https:\\\/\\\/tclgfirm.com\\\/practice-areas\\\/business-law\\\/purchase-or-sale-of-a-business\\\/membership-interest-purchase-agreement\\\/#breadcrumb\",\"itemListElement\":[{\"@type\":\"ListItem\",\"position\":1,\"name\":\"Home\",\"item\":\"https:\\\/\\\/tclgfirm.com\\\/\"},{\"@type\":\"ListItem\",\"position\":2,\"name\":\"Practice Areas\",\"item\":\"https:\\\/\\\/tclgfirm.com\\\/practice-areas\\\/\"},{\"@type\":\"ListItem\",\"position\":3,\"name\":\"Business Law\",\"item\":\"https:\\\/\\\/tclgfirm.com\\\/practice-areas\\\/business-law\\\/\"},{\"@type\":\"ListItem\",\"position\":4,\"name\":\"Purchase or Sale of a Business\",\"item\":\"https:\\\/\\\/tclgfirm.com\\\/practice-areas\\\/business-law\\\/purchase-or-sale-of-a-business\\\/\"},{\"@type\":\"ListItem\",\"position\":5,\"name\":\"Membership Interest Purchase Agreement\"}]},{\"@type\":\"WebSite\",\"@id\":\"https:\\\/\\\/tclgfirm.com\\\/#website\",\"url\":\"https:\\\/\\\/tclgfirm.com\\\/\",\"name\":\"TCLG Business & Corporate Law\",\"description\":\"Business &amp; Corporate Law\",\"publisher\":{\"@id\":\"https:\\\/\\\/tclgfirm.com\\\/#organization\"},\"potentialAction\":[{\"@type\":\"SearchAction\",\"target\":{\"@type\":\"EntryPoint\",\"urlTemplate\":\"https:\\\/\\\/tclgfirm.com\\\/?s={search_term_string}\"},\"query-input\":{\"@type\":\"PropertyValueSpecification\",\"valueRequired\":true,\"valueName\":\"search_term_string\"}}],\"inLanguage\":\"es\"},{\"@type\":\"Organization\",\"@id\":\"https:\\\/\\\/tclgfirm.com\\\/#organization\",\"name\":\"The Campbell Law Group\",\"alternateName\":\"TCLG\",\"url\":\"https:\\\/\\\/tclgfirm.com\\\/\",\"logo\":{\"@type\":\"ImageObject\",\"inLanguage\":\"es\",\"@id\":\"https:\\\/\\\/tclgfirm.com\\\/#\\\/schema\\\/logo\\\/image\\\/\",\"url\":\"https:\\\/\\\/tclgfirm.com\\\/wp-content\\\/uploads\\\/2025\\\/11\\\/logo-yoast.png\",\"contentUrl\":\"https:\\\/\\\/tclgfirm.com\\\/wp-content\\\/uploads\\\/2025\\\/11\\\/logo-yoast.png\",\"width\":696,\"height\":696,\"caption\":\"The Campbell Law Group\"},\"image\":{\"@id\":\"https:\\\/\\\/tclgfirm.com\\\/#\\\/schema\\\/logo\\\/image\\\/\"},\"sameAs\":[\"https:\\\/\\\/www.facebook.com\\\/businessattorneymiami\\\/\",\"https:\\\/\\\/x.com\\\/Campbelllawgrp\"]}]}<\/script>\n<!-- \/ Yoast SEO Premium plugin. -->","yoast_head_json":{"title":"Contrato de compra de participaci\u00f3n en la sociedad - TCLG - The Campbell Law Group","robots":{"index":"index","follow":"follow","max-snippet":"max-snippet:-1","max-image-preview":"max-image-preview:large","max-video-preview":"max-video-preview:-1"},"canonical":"https:\/\/tclgfirm.com\/es\/areas-de-practica\/derecho-mercantil\/compra-o-venta-de-un-negocio\/contrato-de-compra-de-participacion-social\/","og_locale":"es_MX","og_type":"article","og_title":"Membership Interest Purchase Agreement","og_url":"https:\/\/tclgfirm.com\/es\/areas-de-practica\/derecho-mercantil\/compra-o-venta-de-un-negocio\/contrato-de-compra-de-participacion-social\/","og_site_name":"TCLG - The Campbell Law Group","article_publisher":"https:\/\/www.facebook.com\/businessattorneymiami\/","article_modified_time":"2025-11-17T01:37:32+00:00","og_image":[{"width":1200,"height":675,"url":"https:\/\/tclgfirm.com\/wp-content\/uploads\/2025\/11\/site-image-1.png","type":"image\/png"}],"twitter_card":"summary_large_image","twitter_site":"@Campbelllawgrp","schema":{"@context":"https:\/\/schema.org","@graph":[{"@type":"WebPage","@id":"https:\/\/tclgfirm.com\/practice-areas\/business-law\/purchase-or-sale-of-a-business\/membership-interest-purchase-agreement\/","url":"https:\/\/tclgfirm.com\/practice-areas\/business-law\/purchase-or-sale-of-a-business\/membership-interest-purchase-agreement\/","name":"Contrato de compra de participaci\u00f3n en la sociedad - TCLG - The Campbell Law Group","isPartOf":{"@id":"https:\/\/tclgfirm.com\/#website"},"datePublished":"2025-10-01T09:21:19+00:00","dateModified":"2025-11-17T01:37:32+00:00","breadcrumb":{"@id":"https:\/\/tclgfirm.com\/practice-areas\/business-law\/purchase-or-sale-of-a-business\/membership-interest-purchase-agreement\/#breadcrumb"},"inLanguage":"es","potentialAction":[{"@type":"ReadAction","target":["https:\/\/tclgfirm.com\/practice-areas\/business-law\/purchase-or-sale-of-a-business\/membership-interest-purchase-agreement\/"]}]},{"@type":"BreadcrumbList","@id":"https:\/\/tclgfirm.com\/practice-areas\/business-law\/purchase-or-sale-of-a-business\/membership-interest-purchase-agreement\/#breadcrumb","itemListElement":[{"@type":"ListItem","position":1,"name":"Home","item":"https:\/\/tclgfirm.com\/"},{"@type":"ListItem","position":2,"name":"Practice Areas","item":"https:\/\/tclgfirm.com\/practice-areas\/"},{"@type":"ListItem","position":3,"name":"Business Law","item":"https:\/\/tclgfirm.com\/practice-areas\/business-law\/"},{"@type":"ListItem","position":4,"name":"Purchase or Sale of a Business","item":"https:\/\/tclgfirm.com\/practice-areas\/business-law\/purchase-or-sale-of-a-business\/"},{"@type":"ListItem","position":5,"name":"Membership Interest Purchase Agreement"}]},{"@type":"WebSite","@id":"https:\/\/tclgfirm.com\/#website","url":"https:\/\/tclgfirm.com\/","name":"Derecho mercantil y corporativo de TCLG","description":"Derecho mercantil y corporativo","publisher":{"@id":"https:\/\/tclgfirm.com\/#organization"},"potentialAction":[{"@type":"SearchAction","target":{"@type":"EntryPoint","urlTemplate":"https:\/\/tclgfirm.com\/?s={search_term_string}"},"query-input":{"@type":"PropertyValueSpecification","valueRequired":true,"valueName":"search_term_string"}}],"inLanguage":"es"},{"@type":"Organization","@id":"https:\/\/tclgfirm.com\/#organization","name":"El Grupo Jur\u00eddico Campbell","alternateName":"TCLG","url":"https:\/\/tclgfirm.com\/","logo":{"@type":"ImageObject","inLanguage":"es","@id":"https:\/\/tclgfirm.com\/#\/schema\/logo\/image\/","url":"https:\/\/tclgfirm.com\/wp-content\/uploads\/2025\/11\/logo-yoast.png","contentUrl":"https:\/\/tclgfirm.com\/wp-content\/uploads\/2025\/11\/logo-yoast.png","width":696,"height":696,"caption":"The Campbell Law Group"},"image":{"@id":"https:\/\/tclgfirm.com\/#\/schema\/logo\/image\/"},"sameAs":["https:\/\/www.facebook.com\/businessattorneymiami\/","https:\/\/x.com\/Campbelllawgrp"]}]}},"_links":{"self":[{"href":"https:\/\/tclgfirm.com\/es\/wp-json\/wp\/v2\/pages\/28850","targetHints":{"allow":["GET"]}}],"collection":[{"href":"https:\/\/tclgfirm.com\/es\/wp-json\/wp\/v2\/pages"}],"about":[{"href":"https:\/\/tclgfirm.com\/es\/wp-json\/wp\/v2\/types\/page"}],"author":[{"embeddable":true,"href":"https:\/\/tclgfirm.com\/es\/wp-json\/wp\/v2\/users\/1"}],"replies":[{"embeddable":true,"href":"https:\/\/tclgfirm.com\/es\/wp-json\/wp\/v2\/comments?post=28850"}],"version-history":[{"count":0,"href":"https:\/\/tclgfirm.com\/es\/wp-json\/wp\/v2\/pages\/28850\/revisions"}],"up":[{"embeddable":true,"href":"https:\/\/tclgfirm.com\/es\/wp-json\/wp\/v2\/pages\/29015"}],"wp:attachment":[{"href":"https:\/\/tclgfirm.com\/es\/wp-json\/wp\/v2\/media?parent=28850"}],"wp:term":[{"taxonomy":"dipi_cpt_category","embeddable":true,"href":"https:\/\/tclgfirm.com\/es\/wp-json\/wp\/v2\/dipi_cpt_category?post=28850"}],"curies":[{"name":"wp","href":"https:\/\/api.w.org\/{rel}","templated":true}]}}