{"id":28855,"date":"2025-10-01T13:20:30","date_gmt":"2025-10-01T17:20:30","guid":{"rendered":"https:\/\/tclgdev.wpenginepowered.com\/?page_id=28855"},"modified":"2025-11-14T17:36:01","modified_gmt":"2025-11-14T22:36:01","slug":"acuerdos-prenupciales","status":"publish","type":"page","link":"https:\/\/tclgfirm.com\/es\/practice-areas\/business-law\/risk-management\/prenuptial-agreements\/","title":{"rendered":"Acuerdos prenupciales"},"content":{"rendered":"<div class=\"et_pb_section_0 et_pb_section et_section_regular et_flex_section preset--module--divi-section--mjwl5e219h\">\n<div class=\"et_pb_row_0 et_pb_row et_flex_row\">\n<div class=\"et_pb_column_0 et_pb_column et_flex_column et_pb_css_mix_blend_mode_passthrough et_flex_column_24_24 et_flex_column_24_24_tablet et_flex_column_24_24_phone\">\n<div class=\"et_pb_text_0 et_pb_text et_pb_bg_layout_light et_pb_module et_flex_module preset--group--divi-text--divi-font-body--default\"><div class=\"et_pb_text_inner\"><h1>Acuerdos prenupciales<\/p>\n<h1>\n<\/div><\/div>\n<\/div>\n\n<div class=\"et_pb_column_1 et_pb_column et-last-child et_flex_column et_pb_css_mix_blend_mode_passthrough et_flex_column_24_24 et_flex_column_24_24_tablet et_flex_column_24_24_phone\">\n<div class=\"et_pb_image_0 et_pb_image et_pb_module et_flex_module\"><span class=\"et_pb_image_wrap\"><img loading=\"lazy\" decoding=\"async\" src=\"https:\/\/tclgfirm.com\/wp-content\/uploads\/2025\/09\/TCLG.ISO-Cream.png\" width=\"341\" height=\"350\" srcset=\"https:\/\/tclgfirm.com\/wp-content\/uploads\/2025\/09\/TCLG.ISO-Cream.png 341w, https:\/\/tclgfirm.com\/wp-content\/uploads\/2025\/09\/TCLG.ISO-Cream-292x300.png 292w, https:\/\/tclgfirm.com\/wp-content\/uploads\/2025\/09\/TCLG.ISO-Cream-12x12.png 12w\" sizes=\"(max-width: 341px) 100vw, 341px\" class=\"wp-image-28819\" alt=\"Favicon de Tclg\" \/><\/span><\/div>\n<\/div>\n<\/div>\n<\/div>\n\n<div class=\"et_pb_section_1 et_pb_section et_section_regular et_flex_section\"><div class=\"et_pb_row_1 et_pb_row et_flex_row\"><div class=\"et_pb_column_2 et_pb_column et-last-child et_flex_column et_pb_css_mix_blend_mode_passthrough et_flex_column_24_24 et_flex_column_24_24_tablet et_flex_column_24_24_phone\"><div class=\"et_pb_text_1 et_pb_text et_pb_bg_layout_light et_pb_module et_flex_module preset--group--divi-text--divi-font-body--default\"><div class=\"et_pb_text_inner\"><span><span><a href=\"https:\/\/tclgfirm.com\/es\/\">Inicio<\/a><\/span><\/span>\n<\/div><\/div><\/div><\/div><\/div>\n\n\n\n<div class=\"et_pb_section_2 et_pb_section et_section_regular et_flex_section\">\n<div class=\"et_pb_row_2 et_pb_row et_flex_row\">\n<div class=\"et_pb_column_3 et_pb_column et-last-child et_flex_column et_pb_css_mix_blend_mode_passthrough et_flex_column_24_24 et_flex_column_24_24_tablet et_flex_column_24_24_phone\">\n<div class=\"et_pb_text_2 et_pb_text et_pb_bg_layout_light et_pb_module et_flex_module phc-pa-text preset--group--divi-text--divi-font-body--default\"><div class=\"et_pb_text_inner\"><p>Los acuerdos prenupciales, tambi\u00e9n llamados \u201cacuerdos prematrimoniales\u201d en el estado de Florida, son contratos legalmente vinculantes entre futuros c\u00f3nyuges. Estos acuerdos tienen diversos fines, entre los que se incluyen la planificaci\u00f3n financiera, la protecci\u00f3n del patrimonio, la protecci\u00f3n de los bienes familiares, la preservaci\u00f3n de los acuerdos financieros previstos y las \u00faltimas voluntades en caso de divorcio o fallecimiento, y la prevenci\u00f3n de la interferencia de los tribunales en asuntos privados durante un divorcio.<\/p>\n<p>Aunque no todo el mundo firma estos acuerdos, son m\u00e1s comunes entre las parejas con un elevado patrimonio, ya que suelen tener activos sustanciales, carteras financieras complejas y din\u00e1micas familiares intrincadas que pueden beneficiarse de la claridad y la protecci\u00f3n que ofrecen los acuerdos prenupciales.<\/p>\n<h2>\u00bfQu\u00e9 cuestiones pueden abordar los acuerdos prenupciales?<\/h2>\n<p>En Florida, las parejas pueden utilizar contratos prenupciales para celebrar cualquier acuerdo que no viole la ley ni el orden p\u00fablico. Por lo general, estos acuerdos se centran en los derechos y responsabilidades financieras de cada c\u00f3nyuge durante y despu\u00e9s del matrimonio. Los acuerdos prenupciales en Florida suelen abarcar las siguientes cuestiones:<\/p>\n<blockquote>\n<ul>\n<li>C\u00f3mo cada c\u00f3nyuge administrar\u00e1 o controlar\u00e1 los bienes durante el matrimonio.<\/li>\n<li>Divisi\u00f3n de bienes en caso de divorcio, fallecimiento u otros acontecimientos importantes.<\/li>\n<li>Si uno de los c\u00f3nyuges pagar\u00e1 una pensi\u00f3n alimenticia durante la separaci\u00f3n o el divorcio, especificando la cantidad y la duraci\u00f3n.<\/li>\n<li>El destino de los planes de jubilaci\u00f3n o las pensiones de cada c\u00f3nyuge.<\/li>\n<li>El manejo de los ingresos procedentes de p\u00f3lizas de seguro de vida<\/li>\n<li>Si alguno de los c\u00f3nyuges est\u00e1 obligado a redactar un testamento para ejecutar los t\u00e9rminos del acuerdo.<\/li>\n<li>Determinaci\u00f3n de las leyes estatales que regir\u00e1n la interpretaci\u00f3n del acuerdo, si fuera necesario.<\/li>\n<\/ul>\n<\/blockquote>\n<p>Es importante se\u00f1alar que un acuerdo prenupcial no puede afectar a cuestiones relacionadas con la custodia o la manutenci\u00f3n de los hijos en Florida. El tribunal determina el c\u00e1lculo de la manutenci\u00f3n de los hijos bas\u00e1ndose en la capacidad econ\u00f3mica actual de los padres y las necesidades inmediatas de los hijos durante la separaci\u00f3n o el divorcio. El derecho a la manutenci\u00f3n de los hijos se considera una responsabilidad hacia el ni\u00f1o y no puede renunciarse mediante acuerdos.<\/p>\n<p>Del mismo modo, las decisiones sobre la custodia de los hijos se toman en funci\u00f3n del inter\u00e9s superior del menor en el momento de la separaci\u00f3n o el divorcio. Si los padres desean llegar a un acuerdo sobre la manutenci\u00f3n o la custodia de los hijos, pueden hacerlo durante el proceso de divorcio o separaci\u00f3n, sujeto a la aprobaci\u00f3n del tribunal.<\/p>\n<h2>C\u00f3mo garantizar la validez de su acuerdo prenupcial en Florida<\/h2>\n<p>En Florida, la aplicabilidad de los acuerdos prenupciales suele determinarse en virtud de la Ley Uniforme de Acuerdos Prenupciales (UPAA), que el estado adopt\u00f3 en 2007. Esta ley establece directrices para que los tribunales eval\u00faen la validez de los acuerdos prenupciales. A pesar del reconocimiento de los acuerdos prenupciales, existen varias razones por las que un tribunal podr\u00eda optar por no aplicarlos:<\/p>\n<\/div><\/div>\n\n<div class=\"et_pb_text_3 et_pb_text et_pb_bg_layout_light et_pb_module et_flex_module phc-pa-text preset--group--divi-text--divi-font-body--default\"><div class=\"et_pb_text_inner\" data-et-mv-hidden-tablet=\"true\" data-et-mv-hidden-phone=\"true\"><p>\u00a0<\/p>\n<table style=\"width: 90%; border-collapse: collapse; background-color: #f4f3f1; margin-left: auto; margin-right: auto; height: 612px;\" border=\"1px solid rgb(52, 23, 27)\">\n<tbody>\n<tr style=\"height: 18px;\">\n<th style=\"width: 33.3333%; text-align: center; border: 1px solid #34171b; height: 18px;\"><strong>Tema<\/strong><\/th>\n<th style=\"width: 33.3333%; text-align: center; border: 1px solid #34171b; height: 18px;\"><strong>Descripci\u00f3n<\/strong><\/th>\n<th style=\"width: 33.3333%; text-align: center; border: 1px solid #34171b; height: 18px;\">Consecuencias legales<\/th>\n<\/tr>\n<tr style=\"height: 90px;\">\n<td style=\"width: 33.3333%; border: 1px solid #34171b; height: 90px;\">Ausencia de un acuerdo escrito y firmado<\/td>\n<td style=\"width: 33.3333%; border: 1px solid #34171b; height: 90px;\">La ley de Florida exige que los acuerdos prenupciales se redacten por escrito y sean firmados por ambas partes.<\/td>\n<td style=\"width: 33.3333%; border: 1px solid #34171b; height: 90px;\">Los acuerdos verbales u orales no son exigibles y pueden ser desestimados por el tribunal.<\/td>\n<\/tr>\n<tr style=\"height: 54px;\">\n<td style=\"width: 33.3333%; border: 1px solid #34171b; height: 54px;\">Incumplimiento de la obligaci\u00f3n de revelar informaci\u00f3n completa y veraz<\/td>\n<td style=\"width: 33.3333%; border: 1px solid #34171b; height: 54px;\">Cada parte debe revelar \u00edntegramente sus activos, deudas y obligaciones financieras antes de firmar.<\/td>\n<td style=\"width: 33.3333%; border: 1px solid #34171b; height: 54px;\">La falta de divulgaci\u00f3n puede dar lugar a la invalidaci\u00f3n del acuerdo, incluso si no es intencionada.<\/td>\n<\/tr>\n<tr style=\"height: 54px;\">\n<td style=\"width: 33.3333%; border: 1px solid #34171b; height: 54px;\">Coacci\u00f3n o presi\u00f3n durante la firma<\/td>\n<td style=\"width: 33.3333%; border: 1px solid #34171b; height: 54px;\">Los acuerdos deben firmarse de manera voluntaria y sin presiones indebidas ni manipulaciones.<\/td>\n<td style=\"width: 33.3333%; border: 1px solid #34171b; height: 54px;\">Si se demuestra que hubo coacci\u00f3n o presi\u00f3n, el tribunal puede anular el acuerdo. Estos casos suelen depender de las circunstancias espec\u00edficas.<\/td>\n<\/tr>\n<tr style=\"height: 54px;\">\n<td style=\"width: 33.3333%; border: 1px solid #34171b; height: 54px;\">4. Ausencia de cl\u00e1usula de fuerza mayor<\/td>\n<td style=\"width: 33.3333%; border: 1px solid #34171b; height: 54px;\">Sin protecci\u00f3n contra acontecimientos imprevistos que afecten al cumplimiento del contrato.<\/td>\n<td style=\"width: 33.3333%; border: 1px solid #34171b; height: 54px;\">Carga injusta de responsabilidad y exposici\u00f3n a reclamaciones financieras ilimitadas o a largo plazo.<\/td>\n<\/tr>\n<tr style=\"height: 72px;\">\n<td style=\"width: 33.3333%; border: 1px solid #34171b; height: 72px;\">Inclusi\u00f3n de t\u00e9rminos ilegales<\/td>\n<td style=\"width: 33.3333%; border: 1px solid #34171b; height: 72px;\">La ley de Florida proh\u00edbe que los acuerdos prenupciales incluyan cl\u00e1usulas sobre la custodia de los hijos, la manutenci\u00f3n infantil o el r\u00e9gimen de visitas.<\/td>\n<td style=\"width: 33.3333%; border: 1px solid #34171b; height: 72px;\">La inclusi\u00f3n de dichos t\u00e9rminos puede dar lugar a la modificaci\u00f3n o eliminaci\u00f3n de cl\u00e1usulas ilegales, o incluso de todo el acuerdo.<\/td>\n<\/tr>\n<\/tbody>\n<\/table>\n<\/div><\/div>\n<\/div>\n<\/div>\n\n<div class=\"et_pb_row_3 et_pb_row et_flex_row\">\n<div class=\"et_pb_column_4 et_pb_column et-last-child et_flex_column et_pb_css_mix_blend_mode_passthrough et_flex_column_24_24 et_flex_column_24_24_tablet et_flex_column_24_24_phone\">\n<div class=\"et_pb_accordion_0 et_pb_accordion et_pb_module et_flex_module preset--group--divi-accordion--divi-font-body--default\">\n<div class=\"et_pb_accordion_item_0 et_pb_accordion_item et_pb_toggle et_pb_module et_pb_toggle_open et_flex_module preset--group--divi-accordion-item--divi-font-body--default\"><h4 class=\"et_pb_toggle_title\">Ausencia de un acuerdo escrito y firmado<\/h4><div class=\"et_pb_toggle_content et_flex_module\"><p><strong>Descripci\u00f3n<\/strong><br \/>La ley de Florida exige que los acuerdos prenupciales se redacten por escrito y sean firmados por ambas partes.<\/p>\n<p><strong>Consecuencias legales<\/strong><br \/>Los acuerdos verbales u orales no son exigibles y pueden ser desestimados por el tribunal.<\/p>\n<\/div><\/div>\n\n<div class=\"et_pb_accordion_item_1 et_pb_accordion_item et_pb_toggle et_pb_module et_pb_toggle_close et_flex_module preset--group--divi-accordion-item--divi-font-body--default\"><h4 class=\"et_pb_toggle_title\">Incumplimiento de la obligaci\u00f3n de revelar informaci\u00f3n completa y veraz<\/h4><div class=\"et_pb_toggle_content et_flex_module\"><p><strong>Descripci\u00f3n<\/strong><br \/>Cada parte debe revelar \u00edntegramente sus activos, deudas y obligaciones financieras antes de firmar.<\/p>\n<p><strong>Consecuencias legales<\/strong><br \/>La falta de divulgaci\u00f3n puede dar lugar a la invalidaci\u00f3n del acuerdo, incluso si no es intencionada.<\/p>\n<\/div><\/div>\n\n<div class=\"et_pb_accordion_item_2 et_pb_accordion_item et_pb_toggle et_pb_module et_pb_toggle_close et_flex_module preset--group--divi-accordion-item--divi-font-body--default\"><h4 class=\"et_pb_toggle_title\">Coacci\u00f3n o presi\u00f3n durante la firma<\/h4><div class=\"et_pb_toggle_content et_flex_module\"><p><strong>Descripci\u00f3n<\/strong><br \/>Los acuerdos deben firmarse de manera voluntaria y sin presiones indebidas ni manipulaciones.<\/p>\n<p><strong>Consecuencias legales<\/strong><br \/>Si se demuestra que hubo coacci\u00f3n o presi\u00f3n, el tribunal puede anular el acuerdo. Estos casos suelen depender de las circunstancias espec\u00edficas.<\/p>\n<\/div><\/div>\n\n<div class=\"et_pb_accordion_item_3 et_pb_accordion_item et_pb_toggle et_pb_module et_pb_toggle_close et_flex_module preset--group--divi-accordion-item--divi-font-body--default\"><h4 class=\"et_pb_toggle_title\">Inclusi\u00f3n de t\u00e9rminos ilegales<\/h4><div class=\"et_pb_toggle_content et_flex_module\"><p><strong>Descripci\u00f3n<\/strong><br \/>La ley de Florida proh\u00edbe que los acuerdos prenupciales incluyan cl\u00e1usulas sobre la custodia de los hijos, la manutenci\u00f3n infantil o el r\u00e9gimen de visitas.<\/p>\n<p><strong>Consecuencias legales<\/strong><br \/>La inclusi\u00f3n de dichos t\u00e9rminos puede dar lugar a la modificaci\u00f3n o eliminaci\u00f3n de cl\u00e1usulas ilegales, o incluso de todo el acuerdo.<\/p>\n<\/div><\/div>\n<\/div>\n\n<div class=\"et_pb_text_4 et_pb_text et_pb_bg_layout_light et_pb_module et_flex_module phc-pa-text preset--group--divi-text--divi-font-body--default\"><div class=\"et_pb_text_inner\"><p>Es importante tener en cuenta estos factores y ser proactivo al tratar acuerdos prenupciales en Florida. Es recomendable buscar el asesoramiento de abogados con experiencia en derecho de familia para garantizar que su acuerdo sea v\u00e1lido y ejecutable, especialmente en caso de que se produzcan cambios o desacuerdos en su matrimonio.<\/p>\n<h3>La combinaci\u00f3n \u00fanica de experiencia en derecho mercantil y derecho de familia de Campbell Law Group<\/h3>\n<p>La redacci\u00f3n de acuerdos prenupciales requiere conocimientos espec\u00edficos sobre temas de derecho mercantil y de familia. En TCLG, contamos con una amplia experiencia en diversas \u00e1reas jur\u00eddicas, entre ellas el derecho corporativo, el derecho mercantil y el derecho de familia. Esta amplia experiencia y conocimientos jur\u00eddicos nos permiten manejar las complejidades de la intersecci\u00f3n entre asuntos financieros y familiares para clientes de alto patrimonio. Nuestro equipo especializado se compromete a ofrecer soluciones jur\u00eddicas personalizadas, garantizando la protecci\u00f3n de los activos e intereses de nuestros clientes. Para saber si un acuerdo prenupcial es adecuado para usted: <\/p>\n<\/div><\/div>\n\n<div class=\"et_pb_module et_pb_button_module_wrapper et_pb_button_0_wrapper\"><a class=\"et_pb_button_0 et_pb_button et_pb_bg_layout_light et_pb_module et_flex_module\" href=\"\/es\/contact\/\">CONTACTO<\/a><\/div>\n<\/div>\n<\/div>\n<\/div>","protected":false},"excerpt":{"rendered":"","protected":false},"author":1,"featured_media":0,"parent":29019,"menu_order":0,"comment_status":"closed","ping_status":"closed","template":"","meta":{"_acf_changed":false,"footnotes":""},"dipi_cpt_category":[],"class_list":["post-28855","page","type-page","status-publish","hentry"],"acf":[],"yoast_head":"<!-- This site is optimized with the Yoast SEO Premium plugin v27.4 (Yoast SEO v27.4) - https:\/\/yoast.com\/product\/yoast-seo-premium-wordpress\/ -->\n<title>Prenuptial Agreements - TCLG - The Campbell Law Group<\/title>\n<meta name=\"robots\" content=\"index, follow, max-snippet:-1, max-image-preview:large, max-video-preview:-1\" \/>\n<link rel=\"canonical\" href=\"https:\/\/tclgfirm.com\/es\/areas-de-practica\/derecho-mercantil\/gestion-de-riesgos\/acuerdos-prenupciales\/\" \/>\n<meta property=\"og:locale\" content=\"es_MX\" \/>\n<meta property=\"og:type\" content=\"article\" \/>\n<meta property=\"og:title\" content=\"Prenuptial Agreements\" \/>\n<meta property=\"og:url\" content=\"https:\/\/tclgfirm.com\/es\/areas-de-practica\/derecho-mercantil\/gestion-de-riesgos\/acuerdos-prenupciales\/\" \/>\n<meta property=\"og:site_name\" content=\"TCLG - The Campbell Law Group\" \/>\n<meta property=\"article:publisher\" content=\"https:\/\/www.facebook.com\/businessattorneymiami\/\" \/>\n<meta property=\"article:modified_time\" content=\"2025-11-14T22:36:01+00:00\" \/>\n<meta property=\"og:image\" content=\"https:\/\/tclgfirm.com\/wp-content\/uploads\/2025\/11\/site-image-1.png\" \/>\n\t<meta property=\"og:image:width\" content=\"1200\" \/>\n\t<meta property=\"og:image:height\" content=\"675\" \/>\n\t<meta property=\"og:image:type\" content=\"image\/png\" \/>\n<meta name=\"twitter:card\" content=\"summary_large_image\" \/>\n<meta name=\"twitter:site\" content=\"@Campbelllawgrp\" \/>\n<script type=\"application\/ld+json\" class=\"yoast-schema-graph\">{\"@context\":\"https:\\\/\\\/schema.org\",\"@graph\":[{\"@type\":\"WebPage\",\"@id\":\"https:\\\/\\\/tclgfirm.com\\\/practice-areas\\\/business-law\\\/risk-management\\\/prenuptial-agreements\\\/\",\"url\":\"https:\\\/\\\/tclgfirm.com\\\/practice-areas\\\/business-law\\\/risk-management\\\/prenuptial-agreements\\\/\",\"name\":\"Prenuptial Agreements - TCLG - The Campbell Law Group\",\"isPartOf\":{\"@id\":\"https:\\\/\\\/tclgfirm.com\\\/#website\"},\"datePublished\":\"2025-10-01T17:20:30+00:00\",\"dateModified\":\"2025-11-14T22:36:01+00:00\",\"breadcrumb\":{\"@id\":\"https:\\\/\\\/tclgfirm.com\\\/practice-areas\\\/business-law\\\/risk-management\\\/prenuptial-agreements\\\/#breadcrumb\"},\"inLanguage\":\"es\",\"potentialAction\":[{\"@type\":\"ReadAction\",\"target\":[\"https:\\\/\\\/tclgfirm.com\\\/practice-areas\\\/business-law\\\/risk-management\\\/prenuptial-agreements\\\/\"]}]},{\"@type\":\"BreadcrumbList\",\"@id\":\"https:\\\/\\\/tclgfirm.com\\\/practice-areas\\\/business-law\\\/risk-management\\\/prenuptial-agreements\\\/#breadcrumb\",\"itemListElement\":[{\"@type\":\"ListItem\",\"position\":1,\"name\":\"Home\",\"item\":\"https:\\\/\\\/tclgfirm.com\\\/\"},{\"@type\":\"ListItem\",\"position\":2,\"name\":\"Practice Areas\",\"item\":\"https:\\\/\\\/tclgfirm.com\\\/practice-areas\\\/\"},{\"@type\":\"ListItem\",\"position\":3,\"name\":\"Business Law\",\"item\":\"https:\\\/\\\/tclgfirm.com\\\/practice-areas\\\/business-law\\\/\"},{\"@type\":\"ListItem\",\"position\":4,\"name\":\"Risk Management\",\"item\":\"https:\\\/\\\/tclgfirm.com\\\/practice-areas\\\/business-law\\\/risk-management\\\/\"},{\"@type\":\"ListItem\",\"position\":5,\"name\":\"Prenuptial Agreements\"}]},{\"@type\":\"WebSite\",\"@id\":\"https:\\\/\\\/tclgfirm.com\\\/#website\",\"url\":\"https:\\\/\\\/tclgfirm.com\\\/\",\"name\":\"TCLG Business & Corporate Law\",\"description\":\"Business &amp; Corporate Law\",\"publisher\":{\"@id\":\"https:\\\/\\\/tclgfirm.com\\\/#organization\"},\"potentialAction\":[{\"@type\":\"SearchAction\",\"target\":{\"@type\":\"EntryPoint\",\"urlTemplate\":\"https:\\\/\\\/tclgfirm.com\\\/?s={search_term_string}\"},\"query-input\":{\"@type\":\"PropertyValueSpecification\",\"valueRequired\":true,\"valueName\":\"search_term_string\"}}],\"inLanguage\":\"es\"},{\"@type\":\"Organization\",\"@id\":\"https:\\\/\\\/tclgfirm.com\\\/#organization\",\"name\":\"The Campbell Law Group\",\"alternateName\":\"TCLG\",\"url\":\"https:\\\/\\\/tclgfirm.com\\\/\",\"logo\":{\"@type\":\"ImageObject\",\"inLanguage\":\"es\",\"@id\":\"https:\\\/\\\/tclgfirm.com\\\/#\\\/schema\\\/logo\\\/image\\\/\",\"url\":\"https:\\\/\\\/tclgfirm.com\\\/wp-content\\\/uploads\\\/2025\\\/11\\\/logo-yoast.png\",\"contentUrl\":\"https:\\\/\\\/tclgfirm.com\\\/wp-content\\\/uploads\\\/2025\\\/11\\\/logo-yoast.png\",\"width\":696,\"height\":696,\"caption\":\"The Campbell Law Group\"},\"image\":{\"@id\":\"https:\\\/\\\/tclgfirm.com\\\/#\\\/schema\\\/logo\\\/image\\\/\"},\"sameAs\":[\"https:\\\/\\\/www.facebook.com\\\/businessattorneymiami\\\/\",\"https:\\\/\\\/x.com\\\/Campbelllawgrp\"]}]}<\/script>\n<!-- \/ Yoast SEO Premium plugin. -->","yoast_head_json":{"title":"Acuerdos prenupciales - TCLG - The Campbell Law Group","robots":{"index":"index","follow":"follow","max-snippet":"max-snippet:-1","max-image-preview":"max-image-preview:large","max-video-preview":"max-video-preview:-1"},"canonical":"https:\/\/tclgfirm.com\/es\/areas-de-practica\/derecho-mercantil\/gestion-de-riesgos\/acuerdos-prenupciales\/","og_locale":"es_MX","og_type":"article","og_title":"Prenuptial Agreements","og_url":"https:\/\/tclgfirm.com\/es\/areas-de-practica\/derecho-mercantil\/gestion-de-riesgos\/acuerdos-prenupciales\/","og_site_name":"TCLG - The Campbell Law Group","article_publisher":"https:\/\/www.facebook.com\/businessattorneymiami\/","article_modified_time":"2025-11-14T22:36:01+00:00","og_image":[{"width":1200,"height":675,"url":"https:\/\/tclgfirm.com\/wp-content\/uploads\/2025\/11\/site-image-1.png","type":"image\/png"}],"twitter_card":"summary_large_image","twitter_site":"@Campbelllawgrp","schema":{"@context":"https:\/\/schema.org","@graph":[{"@type":"WebPage","@id":"https:\/\/tclgfirm.com\/practice-areas\/business-law\/risk-management\/prenuptial-agreements\/","url":"https:\/\/tclgfirm.com\/practice-areas\/business-law\/risk-management\/prenuptial-agreements\/","name":"Acuerdos prenupciales - TCLG - The Campbell Law Group","isPartOf":{"@id":"https:\/\/tclgfirm.com\/#website"},"datePublished":"2025-10-01T17:20:30+00:00","dateModified":"2025-11-14T22:36:01+00:00","breadcrumb":{"@id":"https:\/\/tclgfirm.com\/practice-areas\/business-law\/risk-management\/prenuptial-agreements\/#breadcrumb"},"inLanguage":"es","potentialAction":[{"@type":"ReadAction","target":["https:\/\/tclgfirm.com\/practice-areas\/business-law\/risk-management\/prenuptial-agreements\/"]}]},{"@type":"BreadcrumbList","@id":"https:\/\/tclgfirm.com\/practice-areas\/business-law\/risk-management\/prenuptial-agreements\/#breadcrumb","itemListElement":[{"@type":"ListItem","position":1,"name":"Home","item":"https:\/\/tclgfirm.com\/"},{"@type":"ListItem","position":2,"name":"Practice Areas","item":"https:\/\/tclgfirm.com\/practice-areas\/"},{"@type":"ListItem","position":3,"name":"Business Law","item":"https:\/\/tclgfirm.com\/practice-areas\/business-law\/"},{"@type":"ListItem","position":4,"name":"Risk Management","item":"https:\/\/tclgfirm.com\/practice-areas\/business-law\/risk-management\/"},{"@type":"ListItem","position":5,"name":"Prenuptial Agreements"}]},{"@type":"WebSite","@id":"https:\/\/tclgfirm.com\/#website","url":"https:\/\/tclgfirm.com\/","name":"Derecho mercantil y corporativo de TCLG","description":"Derecho mercantil y corporativo","publisher":{"@id":"https:\/\/tclgfirm.com\/#organization"},"potentialAction":[{"@type":"SearchAction","target":{"@type":"EntryPoint","urlTemplate":"https:\/\/tclgfirm.com\/?s={search_term_string}"},"query-input":{"@type":"PropertyValueSpecification","valueRequired":true,"valueName":"search_term_string"}}],"inLanguage":"es"},{"@type":"Organization","@id":"https:\/\/tclgfirm.com\/#organization","name":"El Grupo Jur\u00eddico Campbell","alternateName":"TCLG","url":"https:\/\/tclgfirm.com\/","logo":{"@type":"ImageObject","inLanguage":"es","@id":"https:\/\/tclgfirm.com\/#\/schema\/logo\/image\/","url":"https:\/\/tclgfirm.com\/wp-content\/uploads\/2025\/11\/logo-yoast.png","contentUrl":"https:\/\/tclgfirm.com\/wp-content\/uploads\/2025\/11\/logo-yoast.png","width":696,"height":696,"caption":"The Campbell Law Group"},"image":{"@id":"https:\/\/tclgfirm.com\/#\/schema\/logo\/image\/"},"sameAs":["https:\/\/www.facebook.com\/businessattorneymiami\/","https:\/\/x.com\/Campbelllawgrp"]}]}},"_links":{"self":[{"href":"https:\/\/tclgfirm.com\/es\/wp-json\/wp\/v2\/pages\/28855","targetHints":{"allow":["GET"]}}],"collection":[{"href":"https:\/\/tclgfirm.com\/es\/wp-json\/wp\/v2\/pages"}],"about":[{"href":"https:\/\/tclgfirm.com\/es\/wp-json\/wp\/v2\/types\/page"}],"author":[{"embeddable":true,"href":"https:\/\/tclgfirm.com\/es\/wp-json\/wp\/v2\/users\/1"}],"replies":[{"embeddable":true,"href":"https:\/\/tclgfirm.com\/es\/wp-json\/wp\/v2\/comments?post=28855"}],"version-history":[{"count":0,"href":"https:\/\/tclgfirm.com\/es\/wp-json\/wp\/v2\/pages\/28855\/revisions"}],"up":[{"embeddable":true,"href":"https:\/\/tclgfirm.com\/es\/wp-json\/wp\/v2\/pages\/29019"}],"wp:attachment":[{"href":"https:\/\/tclgfirm.com\/es\/wp-json\/wp\/v2\/media?parent=28855"}],"wp:term":[{"taxonomy":"dipi_cpt_category","embeddable":true,"href":"https:\/\/tclgfirm.com\/es\/wp-json\/wp\/v2\/dipi_cpt_category?post=28855"}],"curies":[{"name":"wp","href":"https:\/\/api.w.org\/{rel}","templated":true}]}}