{"id":28856,"date":"2025-10-01T13:52:46","date_gmt":"2025-10-01T17:52:46","guid":{"rendered":"https:\/\/tclgdev.wpenginepowered.com\/?page_id=28856"},"modified":"2025-11-14T17:35:18","modified_gmt":"2025-11-14T22:35:18","slug":"acuerdos-posnupciales","status":"publish","type":"page","link":"https:\/\/tclgfirm.com\/es\/practice-areas\/business-law\/risk-management\/postnuptial-agreements\/","title":{"rendered":"Acuerdos posnupciales"},"content":{"rendered":"<div class=\"et_pb_section_0 et_pb_section et_section_regular et_flex_section preset--module--divi-section--mjwl5e219h\">\n<div class=\"et_pb_row_0 et_pb_row et_flex_row\">\n<div class=\"et_pb_column_0 et_pb_column et_flex_column et_pb_css_mix_blend_mode_passthrough et_flex_column_24_24 et_flex_column_24_24_tablet et_flex_column_24_24_phone\">\n<div class=\"et_pb_text_0 et_pb_text et_pb_bg_layout_light et_pb_module et_flex_module preset--group--divi-text--divi-font-body--default\"><div class=\"et_pb_text_inner\"><h1>Acuerdos posnupciales<\/p>\n<h1>\n<\/div><\/div>\n<\/div>\n\n<div class=\"et_pb_column_1 et_pb_column et-last-child et_flex_column et_pb_css_mix_blend_mode_passthrough et_flex_column_24_24 et_flex_column_24_24_tablet et_flex_column_24_24_phone\">\n<div class=\"et_pb_image_0 et_pb_image et_pb_module et_flex_module\"><span class=\"et_pb_image_wrap\"><img loading=\"lazy\" decoding=\"async\" src=\"https:\/\/tclgfirm.com\/wp-content\/uploads\/2025\/09\/TCLG.ISO-Cream.png\" width=\"341\" height=\"350\" srcset=\"https:\/\/tclgfirm.com\/wp-content\/uploads\/2025\/09\/TCLG.ISO-Cream.png 341w, https:\/\/tclgfirm.com\/wp-content\/uploads\/2025\/09\/TCLG.ISO-Cream-292x300.png 292w, https:\/\/tclgfirm.com\/wp-content\/uploads\/2025\/09\/TCLG.ISO-Cream-12x12.png 12w\" sizes=\"(max-width: 341px) 100vw, 341px\" class=\"wp-image-28819\" alt=\"Favicon de Tclg\" \/><\/span><\/div>\n<\/div>\n<\/div>\n<\/div>\n\n<div class=\"et_pb_section_1 et_pb_section et_section_regular et_flex_section\"><div class=\"et_pb_row_1 et_pb_row et_flex_row\"><div class=\"et_pb_column_2 et_pb_column et-last-child et_flex_column et_pb_css_mix_blend_mode_passthrough et_flex_column_24_24 et_flex_column_24_24_tablet et_flex_column_24_24_phone\"><div class=\"et_pb_text_1 et_pb_text et_pb_bg_layout_light et_pb_module et_flex_module preset--group--divi-text--divi-font-body--default\"><div class=\"et_pb_text_inner\"><span><span><a href=\"https:\/\/tclgfirm.com\/es\/\">Inicio<\/a><\/span><\/span>\n<\/div><\/div><\/div><\/div><\/div>\n\n\n\n<div class=\"et_pb_section_2 et_pb_section et_section_regular et_flex_section\">\n<div class=\"et_pb_row_2 et_pb_row et_flex_row\">\n<div class=\"et_pb_column_3 et_pb_column et-last-child et_flex_column et_pb_css_mix_blend_mode_passthrough et_flex_column_24_24 et_flex_column_24_24_tablet et_flex_column_24_24_phone\">\n<div class=\"et_pb_text_2 et_pb_text et_pb_bg_layout_light et_pb_module et_flex_module phc-pa-text preset--group--divi-text--divi-font-body--default\"><div class=\"et_pb_text_inner\"><p>Un acuerdo posnupcial, m\u00e1s conocido como \u201cpostnup\u201d, sirve como protecci\u00f3n para las personas con un elevado patrimonio que se encuentran en un matrimonio sin un acuerdo previo. <a href=\"\/es\/areas-de-practica\/derecho-mercantil\/gestion-de-riesgos\/acuerdos-prenupciales\/\">Acuerdo prenupcial<\/a>. Aunque normalmente se recomienda establecer estos acuerdos antes del matrimonio, un acuerdo posnupcial ofrece un nivel de protecci\u00f3n similar, aunque sea despu\u00e9s de que el matrimonio ya se haya celebrado.<\/p>\n<p>Al igual que un acuerdo prenupcial, un acuerdo posnupcial describe la divisi\u00f3n de bienes, la pensi\u00f3n alimenticia y otros asuntos financieros en caso de divorcio. Al establecer pautas y expectativas claras durante el matrimonio, las parejas pueden mitigar el riesgo de disputas legales y reducir potencialmente el impacto emocional de los procedimientos de divorcio.<\/p>\n<p>Para las personas con un elevado patrimonio neto, lo que est\u00e1 en juego suele ser mayor, lo que hace que la necesidad de este tipo de acuerdos sea a\u00fan m\u00e1s crucial. Las carteras financieras complejas, los intereses comerciales y otros activos pueden complicar los procedimientos de divorcio, lo que da lugar a litigios prolongados y p\u00e9rdidas econ\u00f3micas sustanciales. Un acuerdo posnupcial ofrece una soluci\u00f3n proactiva, ya que permite a las parejas abordar estas preocupaciones y proteger sus respectivos intereses.<\/p>\n<h2>\u00bfQu\u00e9 es un acuerdo posnupcial?<\/h2>\n<p>Un acuerdo posnupcial, a veces denominado acuerdo posmatrimonial, es un acuerdo contractual alcanzado entre los c\u00f3nyuges despu\u00e9s del matrimonio, en el que se delimita la propiedad de los activos financieros en caso de divorcio. Este acuerdo puede definir las responsabilidades respectivas de cada c\u00f3nyuge a lo largo de la duraci\u00f3n del matrimonio.<\/p>\n<p>En Florida, para que un acuerdo posnupcial sea legalmente v\u00e1lido, debe estar documentado por escrito y firmado por ambas partes. Tambi\u00e9n debe cumplir con los requisitos y regulaciones legales pertinentes. Es fundamental que el acuerdo demuestre que ambos c\u00f3nyuges han revelado abiertamente su situaci\u00f3n financiera al otro antes de celebrar el contrato.<\/p>\n<p>De acuerdo con la legislaci\u00f3n de Florida, un acuerdo posnupcial no ser\u00e1 v\u00e1lido ante un tribunal si se ha obtenido mediante fraude, coacci\u00f3n, intimidaci\u00f3n o cualquier forma de abuso. Del mismo modo, un acuerdo que parezca injustamente sesgado hacia una de las partes puede ser rechazado por el tribunal.<\/p>\n<h2>Acuerdo prenupcial frente a acuerdo posnupcial: \u00bfcu\u00e1l es la diferencia?<\/h2>\n<p>Los acuerdos posnupciales comparten algunas similitudes clave con los acuerdos prenupciales.<\/p>\n<blockquote>\n<ul>\n<li>Son fundamentalmente acuerdos contractuales.<\/li>\n<li>Describen la divisi\u00f3n de bienes en caso de disoluci\u00f3n del matrimonio.<\/li>\n<li>Estos acuerdos tambi\u00e9n pueden definir las responsabilidades financieras durante el matrimonio.<\/li>\n<\/ul>\n<\/blockquote>\n<p>Por lo general, tanto los acuerdos prenupciales como los posnupciales sirven para proteger los bienes importantes que uno de los c\u00f3nyuges aporta al matrimonio, como bienes inmuebles, herencias, negocios familiares e inversiones. Por ejemplo, estos acuerdos pueden especificar que el c\u00f3nyuge que originalmente era propietario de determinados bienes conserve la propiedad en caso de divorcio.<\/p>\n<p>Tambi\u00e9n pueden describir situaciones en las que el otro c\u00f3nyuge obtiene un porcentaje de propiedad con el tiempo, reconociendo sus contribuciones a iniciativas como los negocios familiares durante el matrimonio. Estos acuerdos suelen detallar las obligaciones financieras durante el matrimonio, como la gesti\u00f3n de inversiones, la preparaci\u00f3n de impuestos y el presupuesto familiar. En los casos en que uno de los c\u00f3nyuges tenga previsto continuar su formaci\u00f3n, el acuerdo puede establecer responsabilidades en materia de matr\u00edcula, plazos de graduaci\u00f3n y el compromiso de buscar empleo en su campo una vez finalizados los estudios.<\/p>\n<p>Sin embargo, es importante se\u00f1alar que los acuerdos prenupciales y posnupciales no pueden dictar acuerdos de manutenci\u00f3n o custodia de hijos existentes o futuros. Los tribunales deben determinar estas cuestiones bas\u00e1ndose en el inter\u00e9s superior del ni\u00f1o. No obstante, dichos acuerdos pueden incluir disposiciones para ni\u00f1os con necesidades especiales o para bienes mantenidos en fideicomiso en su beneficio.<\/p>\n<p>Una diferencia clave entre los acuerdos posnupciales y prenupciales radica en c\u00f3mo tratan los bienes adquiridos durante el matrimonio. En muchas jurisdicciones legales, incluida Florida, los bienes obtenidos despu\u00e9s del matrimonio suelen considerarse bienes gananciales, independientemente de la propiedad individual previa a la uni\u00f3n en la mayor\u00eda de los casos, especialmente cuando los bienes no se han separado o pagado parcialmente con bienes o ingresos gananciales.<\/p>\n<p>Por lo tanto, un acuerdo posnupcial debe tener en cuenta todos los bienes acumulados y que se hayan revalorizado durante el matrimonio, incluyendo elementos como las opciones sobre acciones obtenidas o los bienes inmuebles adquiridos despu\u00e9s de la ceremonia nupcial. Este enfoque integral garantiza que el acuerdo ofrezca una cobertura completa y facilite un reparto equitativo de los bienes en caso de divorcio, salvaguardando los intereses de ambos c\u00f3nyuges.<\/p>\n<p>Los acuerdos posnupciales se someten a un escrutinio para garantizar que respeten los principios de justicia, equidad y transparencia. Dado que estos acuerdos se negocian despu\u00e9s de que el matrimonio haya comenzado, se espera que reflejen las circunstancias y la din\u00e1mica cambiantes de la relaci\u00f3n, sin las presiones inmediatas asociadas a las negociaciones premaritales y con un nivel de confianza inherente entre las partes casadas.<\/p>\n<p>En esencia, aunque tanto los acuerdos prenupciales como los posnupciales describen la divisi\u00f3n de bienes y las responsabilidades financieras, su tratamiento de los bienes adquiridos durante el matrimonio y las percepciones que rodean su creaci\u00f3n difieren significativamente.<\/p>\n<p>La creaci\u00f3n de un acuerdo posnupcial requiere un an\u00e1lisis minucioso de todos los bienes conyugales para garantizar una cobertura completa, adem\u00e1s de un escrutinio para asegurar la imparcialidad, la transparencia y la equidad, dada la ausencia de presiones premaritales inmediatas. Estas diferencias subrayan la naturaleza matizada de los acuerdos posnupciales, destacando su papel en la protecci\u00f3n de los intereses de los c\u00f3nyuges en medio de las complejidades del matrimonio y el posible divorcio.<\/p>\n<h2>\u00bfPor qu\u00e9 firmar un acuerdo posnupcial?<\/h2>\n<p>Hay varias razones por las que una pareja puede decidir, despu\u00e9s de casarse, que debe redactar un acuerdo legal sobre la divisi\u00f3n de bienes y otras cuestiones en caso de divorcio. Algunas de estas razones son:<\/p>\n<\/div><\/div>\n\n<div class=\"et_pb_text_3 et_pb_text et_pb_bg_layout_light et_pb_module et_flex_module phc-pa-text preset--group--divi-text--divi-font-body--default\"><div class=\"et_pb_text_inner\" data-et-mv-hidden-phone=\"true\"><p>&nbsp;<\/p>\n<table style=\"width: 90%; border-collapse: collapse; background-color: #f4f3f1; margin-left: auto; margin-right: auto; height: 175px;\" border=\"1px solid #34171B\">\n<tbody>\n<tr style=\"height: 18px;\">\n<th style=\"width: 33.3333%; text-align: center; border: 1px solid #34171b; height: 18px;\"><strong>Raz\u00f3n<\/strong><\/th>\n<th style=\"width: 66.6667%; text-align: center; border: 1px solid #34171b; height: 18px;\"><strong>Descripci\u00f3n<\/strong><\/th>\n<\/tr>\n<tr style=\"height: 18px;\">\n<td style=\"width: 33.3333%; border: 1px solid #34171b; height: 18px;\">Cambios financieros significativos<\/td>\n<td style=\"width: 66.6667%; border: 1px solid #34171b; height: 18px;\">Un aumento repentino de los ingresos, una herencia o la adquisici\u00f3n de activos valiosos pueden justificar la actualizaci\u00f3n de las condiciones de la divisi\u00f3n de bienes.<\/td>\n<\/tr>\n<tr style=\"height: 18px;\">\n<td style=\"width: 33.3333%; border: 1px solid #34171b; height: 18px;\">Nuevas empresas o inversiones<\/td>\n<td style=\"width: 66.6667%; border: 1px solid #34171b; height: 18px;\">Los c\u00f3nyuges pueden querer definir los derechos de propiedad y las responsabilidades en los negocios o inversiones reci\u00e9n creados.<\/td>\n<\/tr>\n<tr style=\"height: 14px;\">\n<td style=\"width: 33.3333%; border: 1px solid #34171b; height: 14px;\">Alineaci\u00f3n de la planificaci\u00f3n patrimonial<\/td>\n<td style=\"width: 66.6667%; border: 1px solid #34171b; height: 14px;\">Ayuda a garantizar que los planes sucesorios y de herencia reflejen los deseos de ambos c\u00f3nyuges, especialmente en el caso de familias reconstituidas o con hijos anteriores.<\/td>\n<\/tr>\n<tr style=\"height: 18px;\">\n<td style=\"width: 33.3333%; border: 1px solid #34171b; height: 18px;\">Adquisici\u00f3n de nuevos activos<\/td>\n<td style=\"width: 66.6667%; border: 1px solid #34171b; height: 18px;\">Aborda los bienes o inversiones adquiridos despu\u00e9s del acuerdo prenupcial, asegurando que est\u00e9n debidamente cubiertos en el acuerdo.<\/td>\n<\/tr>\n<tr style=\"height: 18px;\">\n<td style=\"width: 33.3333%; border: 1px solid #34171b; height: 18px;\">Reconstrucci\u00f3n de relaciones despu\u00e9s de un conflicto<\/td>\n<td style=\"width: 66.6667%; border: 1px solid #34171b; height: 18px;\">Se usa como herramienta para dar tranquilidad y estabilidad despu\u00e9s de resolver problemas matrimoniales o cuestiones relacionadas con la confianza.<\/td>\n<\/tr>\n<tr style=\"height: 18px;\">\n<td style=\"width: 33.3333%; border: 1px solid #34171b; height: 18px;\">Aplazamiento del acuerdo hasta despu\u00e9s del matrimonio<\/td>\n<td style=\"width: 66.6667%; border: 1px solid #34171b; height: 18px;\">Algunas parejas prefieren esperar hasta despu\u00e9s de la boda para elaborar conjuntamente y con detenimiento un acuerdo financiero.<\/td>\n<\/tr>\n<\/tbody>\n<\/table>\n<\/div><\/div>\n<\/div>\n<\/div>\n\n<div class=\"et_pb_row_3 et_pb_row et_flex_row\">\n<div class=\"et_pb_column_4 et_pb_column et-last-child et_flex_column et_pb_css_mix_blend_mode_passthrough et_flex_column_24_24 et_flex_column_24_24_tablet et_flex_column_24_24_phone\">\n<div class=\"et_pb_text_4 et_pb_text et_pb_bg_layout_light et_pb_module et_flex_module phc-pa-text preset--group--divi-text--divi-font-body--default\"><div class=\"et_pb_text_inner\"><p>Sea cual sea el motivo, es fundamental que las parejas busquen el asesoramiento de un abogado confiable y con experiencia especializado en derecho de familia, especialmente cuando se trata de personas con un elevado patrimonio. Esa experiencia jur\u00eddica garantiza que el acuerdo posnupcial sea completo, jur\u00eddicamente s\u00f3lido y dise\u00f1ado para adaptarse a las circunstancias particulares de la situaci\u00f3n de la pareja. TCLG cuenta con los recursos necesarios para determinar si un acuerdo posnupcial es lo m\u00e1s conveniente para usted y para ayudarle a redactarlo.<\/p>\n<\/div><\/div>\n\n<div class=\"et_pb_module et_pb_button_module_wrapper et_pb_button_0_wrapper\"><a class=\"et_pb_button_0 et_pb_button et_pb_bg_layout_light et_pb_module et_flex_module\" href=\"\/es\/contact\/\">CONTACTO<\/a><\/div>\n<\/div>\n<\/div>\n<\/div>","protected":false},"excerpt":{"rendered":"","protected":false},"author":1,"featured_media":0,"parent":29019,"menu_order":0,"comment_status":"closed","ping_status":"closed","template":"","meta":{"_acf_changed":false,"footnotes":""},"dipi_cpt_category":[],"class_list":["post-28856","page","type-page","status-publish","hentry"],"acf":[],"yoast_head":"<!-- This site is optimized with the Yoast SEO Premium plugin v27.3 (Yoast SEO v27.3) - https:\/\/yoast.com\/product\/yoast-seo-premium-wordpress\/ -->\n<title>Postnuptial Agreements - TCLG - The Campbell Law Group<\/title>\n<meta name=\"robots\" content=\"index, follow, max-snippet:-1, max-image-preview:large, max-video-preview:-1\" \/>\n<link rel=\"canonical\" href=\"https:\/\/tclgfirm.com\/es\/areas-de-practica\/derecho-mercantil\/gestion-de-riesgos\/acuerdos-posnupciales\/\" \/>\n<meta property=\"og:locale\" content=\"es_MX\" \/>\n<meta property=\"og:type\" content=\"article\" \/>\n<meta property=\"og:title\" content=\"Postnuptial Agreements\" \/>\n<meta property=\"og:url\" content=\"https:\/\/tclgfirm.com\/es\/areas-de-practica\/derecho-mercantil\/gestion-de-riesgos\/acuerdos-posnupciales\/\" \/>\n<meta property=\"og:site_name\" content=\"TCLG - The Campbell Law Group\" \/>\n<meta property=\"article:publisher\" content=\"https:\/\/www.facebook.com\/businessattorneymiami\/\" \/>\n<meta property=\"article:modified_time\" content=\"2025-11-14T22:35:18+00:00\" \/>\n<meta property=\"og:image\" content=\"https:\/\/tclgfirm.com\/wp-content\/uploads\/2025\/11\/site-image-1.png\" \/>\n\t<meta property=\"og:image:width\" content=\"1200\" \/>\n\t<meta property=\"og:image:height\" content=\"675\" \/>\n\t<meta property=\"og:image:type\" content=\"image\/png\" \/>\n<meta name=\"twitter:card\" content=\"summary_large_image\" \/>\n<meta name=\"twitter:site\" content=\"@Campbelllawgrp\" \/>\n<script type=\"application\/ld+json\" class=\"yoast-schema-graph\">{\"@context\":\"https:\\\/\\\/schema.org\",\"@graph\":[{\"@type\":\"WebPage\",\"@id\":\"https:\\\/\\\/tclgfirm.com\\\/practice-areas\\\/business-law\\\/risk-management\\\/postnuptial-agreements\\\/\",\"url\":\"https:\\\/\\\/tclgfirm.com\\\/practice-areas\\\/business-law\\\/risk-management\\\/postnuptial-agreements\\\/\",\"name\":\"Postnuptial Agreements - TCLG - The Campbell Law Group\",\"isPartOf\":{\"@id\":\"https:\\\/\\\/tclgfirm.com\\\/#website\"},\"datePublished\":\"2025-10-01T17:52:46+00:00\",\"dateModified\":\"2025-11-14T22:35:18+00:00\",\"breadcrumb\":{\"@id\":\"https:\\\/\\\/tclgfirm.com\\\/practice-areas\\\/business-law\\\/risk-management\\\/postnuptial-agreements\\\/#breadcrumb\"},\"inLanguage\":\"es\",\"potentialAction\":[{\"@type\":\"ReadAction\",\"target\":[\"https:\\\/\\\/tclgfirm.com\\\/practice-areas\\\/business-law\\\/risk-management\\\/postnuptial-agreements\\\/\"]}]},{\"@type\":\"BreadcrumbList\",\"@id\":\"https:\\\/\\\/tclgfirm.com\\\/practice-areas\\\/business-law\\\/risk-management\\\/postnuptial-agreements\\\/#breadcrumb\",\"itemListElement\":[{\"@type\":\"ListItem\",\"position\":1,\"name\":\"Home\",\"item\":\"https:\\\/\\\/tclgfirm.com\\\/\"},{\"@type\":\"ListItem\",\"position\":2,\"name\":\"Practice Areas\",\"item\":\"https:\\\/\\\/tclgfirm.com\\\/practice-areas\\\/\"},{\"@type\":\"ListItem\",\"position\":3,\"name\":\"Business Law\",\"item\":\"https:\\\/\\\/tclgfirm.com\\\/practice-areas\\\/business-law\\\/\"},{\"@type\":\"ListItem\",\"position\":4,\"name\":\"Risk Management\",\"item\":\"https:\\\/\\\/tclgfirm.com\\\/practice-areas\\\/business-law\\\/risk-management\\\/\"},{\"@type\":\"ListItem\",\"position\":5,\"name\":\"Postnuptial Agreements\"}]},{\"@type\":\"WebSite\",\"@id\":\"https:\\\/\\\/tclgfirm.com\\\/#website\",\"url\":\"https:\\\/\\\/tclgfirm.com\\\/\",\"name\":\"TCLG Business & Corporate Law\",\"description\":\"Business &amp; Corporate Law\",\"publisher\":{\"@id\":\"https:\\\/\\\/tclgfirm.com\\\/#organization\"},\"potentialAction\":[{\"@type\":\"SearchAction\",\"target\":{\"@type\":\"EntryPoint\",\"urlTemplate\":\"https:\\\/\\\/tclgfirm.com\\\/?s={search_term_string}\"},\"query-input\":{\"@type\":\"PropertyValueSpecification\",\"valueRequired\":true,\"valueName\":\"search_term_string\"}}],\"inLanguage\":\"es\"},{\"@type\":\"Organization\",\"@id\":\"https:\\\/\\\/tclgfirm.com\\\/#organization\",\"name\":\"The Campbell Law Group\",\"alternateName\":\"TCLG\",\"url\":\"https:\\\/\\\/tclgfirm.com\\\/\",\"logo\":{\"@type\":\"ImageObject\",\"inLanguage\":\"es\",\"@id\":\"https:\\\/\\\/tclgfirm.com\\\/#\\\/schema\\\/logo\\\/image\\\/\",\"url\":\"https:\\\/\\\/tclgfirm.com\\\/wp-content\\\/uploads\\\/2025\\\/11\\\/logo-yoast.png\",\"contentUrl\":\"https:\\\/\\\/tclgfirm.com\\\/wp-content\\\/uploads\\\/2025\\\/11\\\/logo-yoast.png\",\"width\":696,\"height\":696,\"caption\":\"The Campbell Law Group\"},\"image\":{\"@id\":\"https:\\\/\\\/tclgfirm.com\\\/#\\\/schema\\\/logo\\\/image\\\/\"},\"sameAs\":[\"https:\\\/\\\/www.facebook.com\\\/businessattorneymiami\\\/\",\"https:\\\/\\\/x.com\\\/Campbelllawgrp\"]}]}<\/script>\n<!-- \/ Yoast SEO Premium plugin. -->","yoast_head_json":{"title":"Acuerdos posnupciales - TCLG - The Campbell Law Group","robots":{"index":"index","follow":"follow","max-snippet":"max-snippet:-1","max-image-preview":"max-image-preview:large","max-video-preview":"max-video-preview:-1"},"canonical":"https:\/\/tclgfirm.com\/es\/areas-de-practica\/derecho-mercantil\/gestion-de-riesgos\/acuerdos-posnupciales\/","og_locale":"es_MX","og_type":"article","og_title":"Postnuptial Agreements","og_url":"https:\/\/tclgfirm.com\/es\/areas-de-practica\/derecho-mercantil\/gestion-de-riesgos\/acuerdos-posnupciales\/","og_site_name":"TCLG - The Campbell Law Group","article_publisher":"https:\/\/www.facebook.com\/businessattorneymiami\/","article_modified_time":"2025-11-14T22:35:18+00:00","og_image":[{"width":1200,"height":675,"url":"https:\/\/tclgfirm.com\/wp-content\/uploads\/2025\/11\/site-image-1.png","type":"image\/png"}],"twitter_card":"summary_large_image","twitter_site":"@Campbelllawgrp","schema":{"@context":"https:\/\/schema.org","@graph":[{"@type":"WebPage","@id":"https:\/\/tclgfirm.com\/practice-areas\/business-law\/risk-management\/postnuptial-agreements\/","url":"https:\/\/tclgfirm.com\/practice-areas\/business-law\/risk-management\/postnuptial-agreements\/","name":"Acuerdos posnupciales - TCLG - The Campbell Law Group","isPartOf":{"@id":"https:\/\/tclgfirm.com\/#website"},"datePublished":"2025-10-01T17:52:46+00:00","dateModified":"2025-11-14T22:35:18+00:00","breadcrumb":{"@id":"https:\/\/tclgfirm.com\/practice-areas\/business-law\/risk-management\/postnuptial-agreements\/#breadcrumb"},"inLanguage":"es","potentialAction":[{"@type":"ReadAction","target":["https:\/\/tclgfirm.com\/practice-areas\/business-law\/risk-management\/postnuptial-agreements\/"]}]},{"@type":"BreadcrumbList","@id":"https:\/\/tclgfirm.com\/practice-areas\/business-law\/risk-management\/postnuptial-agreements\/#breadcrumb","itemListElement":[{"@type":"ListItem","position":1,"name":"Home","item":"https:\/\/tclgfirm.com\/"},{"@type":"ListItem","position":2,"name":"Practice Areas","item":"https:\/\/tclgfirm.com\/practice-areas\/"},{"@type":"ListItem","position":3,"name":"Business Law","item":"https:\/\/tclgfirm.com\/practice-areas\/business-law\/"},{"@type":"ListItem","position":4,"name":"Risk Management","item":"https:\/\/tclgfirm.com\/practice-areas\/business-law\/risk-management\/"},{"@type":"ListItem","position":5,"name":"Postnuptial Agreements"}]},{"@type":"WebSite","@id":"https:\/\/tclgfirm.com\/#website","url":"https:\/\/tclgfirm.com\/","name":"Derecho mercantil y corporativo de TCLG","description":"Derecho mercantil y corporativo","publisher":{"@id":"https:\/\/tclgfirm.com\/#organization"},"potentialAction":[{"@type":"SearchAction","target":{"@type":"EntryPoint","urlTemplate":"https:\/\/tclgfirm.com\/?s={search_term_string}"},"query-input":{"@type":"PropertyValueSpecification","valueRequired":true,"valueName":"search_term_string"}}],"inLanguage":"es"},{"@type":"Organization","@id":"https:\/\/tclgfirm.com\/#organization","name":"El Grupo Jur\u00eddico Campbell","alternateName":"TCLG","url":"https:\/\/tclgfirm.com\/","logo":{"@type":"ImageObject","inLanguage":"es","@id":"https:\/\/tclgfirm.com\/#\/schema\/logo\/image\/","url":"https:\/\/tclgfirm.com\/wp-content\/uploads\/2025\/11\/logo-yoast.png","contentUrl":"https:\/\/tclgfirm.com\/wp-content\/uploads\/2025\/11\/logo-yoast.png","width":696,"height":696,"caption":"The Campbell Law Group"},"image":{"@id":"https:\/\/tclgfirm.com\/#\/schema\/logo\/image\/"},"sameAs":["https:\/\/www.facebook.com\/businessattorneymiami\/","https:\/\/x.com\/Campbelllawgrp"]}]}},"_links":{"self":[{"href":"https:\/\/tclgfirm.com\/es\/wp-json\/wp\/v2\/pages\/28856","targetHints":{"allow":["GET"]}}],"collection":[{"href":"https:\/\/tclgfirm.com\/es\/wp-json\/wp\/v2\/pages"}],"about":[{"href":"https:\/\/tclgfirm.com\/es\/wp-json\/wp\/v2\/types\/page"}],"author":[{"embeddable":true,"href":"https:\/\/tclgfirm.com\/es\/wp-json\/wp\/v2\/users\/1"}],"replies":[{"embeddable":true,"href":"https:\/\/tclgfirm.com\/es\/wp-json\/wp\/v2\/comments?post=28856"}],"version-history":[{"count":0,"href":"https:\/\/tclgfirm.com\/es\/wp-json\/wp\/v2\/pages\/28856\/revisions"}],"up":[{"embeddable":true,"href":"https:\/\/tclgfirm.com\/es\/wp-json\/wp\/v2\/pages\/29019"}],"wp:attachment":[{"href":"https:\/\/tclgfirm.com\/es\/wp-json\/wp\/v2\/media?parent=28856"}],"wp:term":[{"taxonomy":"dipi_cpt_category","embeddable":true,"href":"https:\/\/tclgfirm.com\/es\/wp-json\/wp\/v2\/dipi_cpt_category?post=28856"}],"curies":[{"name":"wp","href":"https:\/\/api.w.org\/{rel}","templated":true}]}}