{"id":28857,"date":"2025-10-01T14:06:12","date_gmt":"2025-10-01T18:06:12","guid":{"rendered":"https:\/\/tclgdev.wpenginepowered.com\/?page_id=28857"},"modified":"2025-11-14T17:36:43","modified_gmt":"2025-11-14T22:36:43","slug":"representacion-en-procedimientos-de-divorcio","status":"publish","type":"page","link":"https:\/\/tclgfirm.com\/es\/practice-areas-old\/business-law\/risk-management\/representation-in-divorce-proceeding\/","title":{"rendered":"Representaci\u00f3n en un proceso de divorcio"},"content":{"rendered":"<div class=\"et_pb_section_0 et_pb_section et_section_regular et_flex_section preset--module--divi-section--mjwl5e219h\">\n<div class=\"et_pb_row_0 et_pb_row et_flex_row\">\n<div class=\"et_pb_column_0 et_pb_column et_flex_column et_pb_css_mix_blend_mode_passthrough et_flex_column_24_24 et_flex_column_24_24_tablet et_flex_column_24_24_phone\">\n<div class=\"et_pb_text_0 et_pb_text et_pb_bg_layout_light et_pb_module et_flex_module preset--group--divi-text--divi-font-body--default\"><div class=\"et_pb_text_inner\"><h1>Representaci\u00f3n en un proceso de divorcio<\/p>\n<h1>\n<\/div><\/div>\n<\/div>\n\n<div class=\"et_pb_column_1 et_pb_column et-last-child et_flex_column et_pb_css_mix_blend_mode_passthrough et_flex_column_24_24 et_flex_column_24_24_tablet et_flex_column_24_24_phone\">\n<div class=\"et_pb_image_0 et_pb_image et_pb_module et_flex_module\"><span class=\"et_pb_image_wrap\"><img loading=\"lazy\" decoding=\"async\" src=\"https:\/\/tclgfirm.com\/wp-content\/uploads\/2025\/09\/TCLG.ISO-Cream.png\" width=\"341\" height=\"350\" srcset=\"https:\/\/tclgfirm.com\/wp-content\/uploads\/2025\/09\/TCLG.ISO-Cream.png 341w, https:\/\/tclgfirm.com\/wp-content\/uploads\/2025\/09\/TCLG.ISO-Cream-292x300.png 292w, https:\/\/tclgfirm.com\/wp-content\/uploads\/2025\/09\/TCLG.ISO-Cream-12x12.png 12w\" sizes=\"(max-width: 341px) 100vw, 341px\" class=\"wp-image-28819\" alt=\"Favicon de Tclg\" \/><\/span><\/div>\n<\/div>\n<\/div>\n<\/div>\n\n<div class=\"et_pb_section_1 et_pb_section et_section_regular et_flex_section\"><div class=\"et_pb_row_1 et_pb_row et_flex_row\"><div class=\"et_pb_column_2 et_pb_column et-last-child et_flex_column et_pb_css_mix_blend_mode_passthrough et_flex_column_24_24 et_flex_column_24_24_tablet et_flex_column_24_24_phone\"><div class=\"et_pb_text_1 et_pb_text et_pb_bg_layout_light et_pb_module et_flex_module preset--group--divi-text--divi-font-body--default\"><div class=\"et_pb_text_inner\"><span><span><a href=\"https:\/\/tclgfirm.com\/es\/\">Inicio<\/a><\/span><\/span>\n<\/div><\/div><\/div><\/div><\/div>\n\n\n\n<div class=\"et_pb_section_2 et_pb_section et_section_regular et_flex_section\">\n<div class=\"et_pb_row_2 et_pb_row et_flex_row\">\n<div class=\"et_pb_column_3 et_pb_column et-last-child et_flex_column et_pb_css_mix_blend_mode_passthrough et_flex_column_24_24 et_flex_column_24_24_tablet et_flex_column_24_24_phone\">\n<div class=\"et_pb_text_2 et_pb_text et_pb_bg_layout_light et_pb_module et_flex_module phc-pa-text preset--group--divi-text--divi-font-body--default\"><div class=\"et_pb_text_inner\"><p>El divorcio es, sin duda, una de las experiencias m\u00e1s dif\u00edciles y emotivas de la vida, marcada por profundos cambios en las relaciones personales y la situaci\u00f3n financiera. Cuando el divorcio se cruza con la propiedad de un negocio, se a\u00f1ade un nivel adicional de complejidad y alto riesgo; para los propietarios de negocios en Florida, proteger los activos de su negocio durante el divorcio se convierte en algo crucial.<\/p>\n<p>Imagina por un momento el recorrido de un emprendedor dedicado que ha puesto todo su coraz\u00f3n, su alma y un sinf\u00edn de horas en crear un negocio desde cero. Gracias a su firme determinaci\u00f3n y su compromiso inquebrantable, ha transformado su visi\u00f3n inicial en una empresa rentable y respetada. Como es l\u00f3gico, quiere proteger su negocio durante el proceso de divorcio.<\/p>\n<p>Existen diversas estrategias y medidas legales que los empresarios de Florida pueden emplear para proteger sus negocios durante un divorcio en el Estado del Sol.<\/p>\n<h2>Comprender el enfoque de Florida respecto a la divisi\u00f3n de bienes<\/h2>\n<p>El enfoque de Florida respecto a la divisi\u00f3n de bienes en casos de divorcio se basa en el principio de distribuci\u00f3n equitativa. Esto significa que, cuando un matrimonio termina, los bienes conyugales, que pueden incluir negocios, se dividen de manera justa entre los c\u00f3nyuges. Sin embargo, es importante se\u00f1alar que \u201cequitativo\u201d no significa necesariamente \u201cigualitario\u201d: la divisi\u00f3n pretende ser justa y razonable, en lugar de un reparto estricto al 50 %. Para llegar a una distribuci\u00f3n justa, se tienen en cuenta varios factores cruciales:<\/p>\n<ul>\n<li>Duraci\u00f3n del matrimonio: La duraci\u00f3n del matrimonio es un factor importante. Los matrimonios m\u00e1s largos pueden dar lugar a una evaluaci\u00f3n m\u00e1s compleja y matizada de los bienes y activos.<\/li>\n<li>Contribuciones financieras y no financieras: Se examinan las contribuciones de cada c\u00f3nyuge al matrimonio, tanto financieras como no financieras. Esto incluye contribuciones como las tareas dom\u00e9sticas, el cuidado de los hijos y el apoyo a la carrera profesional o la educaci\u00f3n del otro c\u00f3nyuge.<\/li>\n<li>Circunstancias econ\u00f3micas: Se eval\u00faa la situaci\u00f3n financiera y las perspectivas de cada c\u00f3nyuge. Esto implica examinar sus ingresos, su empleabilidad y su bienestar econ\u00f3mico general.<\/li>\n<li>Interrupciones profesionales y educativas: Se tienen en cuenta las interrupciones en la carrera profesional o las oportunidades educativas causadas por el matrimonio o las responsabilidades familiares.<\/li>\n<li>Contribuciones a la carrera profesional o la educaci\u00f3n: si uno de los c\u00f3nyuges contribuy\u00f3 de manera significativa a la carrera profesional o la educaci\u00f3n del otro durante el matrimonio, esto se tendr\u00e1 en cuenta.<\/li>\n<li>Disipaci\u00f3n de los bienes conyugales: Cualquier disipaci\u00f3n, despilfarro, agotamiento o destrucci\u00f3n deliberados de los bienes conyugales por parte de cualquiera de los c\u00f3nyuges puede afectar a la distribuci\u00f3n.<\/li>\n<li>Bienes y deudas no matrimoniales: Los bienes y deudas que no se consideran propiedad matrimonial, como los adquiridos antes del matrimonio o por herencia, suelen excluirse de la distribuci\u00f3n equitativa.<\/li>\n<li>Otros factores: El tribunal podr\u00e1 considerar cualquier otro factor relevante que sea necesario para lograr la equidad y la justicia entre las partes involucradas.<\/li>\n<\/ul>\n<p>Dado este marco legal, resulta evidente que los empresarios de Florida deben ser proactivos a la hora de proteger sus intereses comerciales durante los procesos de divorcio. Las estrategias legales eficaces, como los acuerdos prenupciales, las valoraciones empresariales y las medidas de protecci\u00f3n de activos, pueden ayudar a los empresarios a sortear las complejidades de la divisi\u00f3n de bienes, al tiempo que garantizan que sus negocios sigan siendo viables y permanezcan intactos.<\/p>\n<h3>Valorar su negocio<\/h3>\n<p>El primer paso para proteger su negocio durante un divorcio es determinar con precisi\u00f3n su valor. El valor del negocio ser\u00e1 un factor crucial en la divisi\u00f3n de bienes. Estas son las consideraciones clave:<\/p>\n<ul>\n<li>Contrate a un tasador calificado: Considere la posibilidad de contratar a un tasador profesional o a un contador forense con experiencia en la valoraci\u00f3n de empresas. Ellos evaluar\u00e1n el valor de su empresa de manera objetiva, teniendo en cuenta los estados financieros, los activos, los pasivos, el flujo de caja y el potencial de ganancias futuras.<\/li>\n<li>Identificar los bienes gananciales y los bienes privativos: si puede demostrar que una parte del valor de su negocio es privativo (por ejemplo, que era de su propiedad antes del matrimonio o que lo recibi\u00f3 como regalo o herencia), es posible que se excluya de la distribuci\u00f3n equitativa. Otro aspecto importante a la hora de identificar los bienes gananciales y los bienes privativos durante la valoraci\u00f3n de un negocio es si el negocio tiene fondo de comercio personal o fondo de comercio empresarial.<\/li>\n<li>Elija el m\u00e9todo de valoraci\u00f3n adecuado: dependiendo de la naturaleza de su negocio, pueden ser m\u00e1s adecuados diferentes m\u00e9todos de valoraci\u00f3n, como el enfoque de ingresos, el enfoque de mercado o el enfoque de activos. Su valorador le ayudar\u00e1 a determinar el mejor m\u00e9todo.<\/li>\n<li>Mantenga registros detallados: Es esencial llevar registros meticulosos de las transacciones financieras, los contratos y la estructura de propiedad de su empresa. Estos registros ser\u00e1n muy valiosos durante el proceso de valoraci\u00f3n.<\/li>\n<\/ul>\n<h2>Estrategias para la divisi\u00f3n de bienes<\/h2>\n<p>Una vez que se haya valorado su negocio, el siguiente paso consiste en desarrollar estrategias para protegerlo durante el proceso de divisi\u00f3n de bienes:<\/p>\n<ul>\n<li>Negocie un acuerdo: Considere la opci\u00f3n de negociar un acuerdo con su c\u00f3nyuge en el que se describan los t\u00e9rminos de la divisi\u00f3n de bienes, incluyendo c\u00f3mo se gestionar\u00e1 el negocio. Un acuerdo amistoso puede proporcionar un mayor control sobre el resultado.<\/li>\n<li>Compre la parte de su c\u00f3nyuge: si su c\u00f3nyuge tiene derecho a una parte del negocio, puede considerar la posibilidad de comprar su participaci\u00f3n. Dependiendo de su situaci\u00f3n financiera, esto puede hacerse mediante un pago \u00fanico o pagos estructurados.<\/li>\n<li>Establezca un fideicomiso o un acuerdo de sociedad: considere la posibilidad de establecer un fideicomiso o un acuerdo de sociedad que defina claramente las funciones de propiedad y gesti\u00f3n. Estos acuerdos pueden ayudar a proteger su negocio en caso de divorcio y especificarlo como bien no matrimonial.<\/li>\n<li>Considere la posibilidad de celebrar acuerdos prenupciales o posnupciales: tanto si a\u00fan no se ha casado como si ya lo ha hecho y desea proteger su negocio, los acuerdos prenupciales o posnupciales pueden ser una forma proactiva de salvaguardar sus activos.<br \/>Estrategias de protecci\u00f3n de activos<\/li>\n<\/ul>\n<p>M\u00e1s all\u00e1 de la divisi\u00f3n y valoraci\u00f3n de bienes, aqu\u00ed hay algunas estrategias eficaces de protecci\u00f3n de activos que los propietarios de negocios de Florida deben considerar:<\/p>\n<ul>\n<li>Mantenga las finanzas separadas: mantenga una separaci\u00f3n clara entre sus finanzas personales y las de su negocio. Evite mezclar activos, ya que esto puede difuminar la l\u00ednea entre los bienes gananciales y los bienes privativos.<\/li>\n<li>Minimice la participaci\u00f3n de su c\u00f3nyuge: si su c\u00f3nyuge participa activamente en el negocio, explore formas de reestructurar las funciones o la propiedad para reducir su impacto en las operaciones y las finanzas de la empresa.<\/li>\n<li>Proteger la propiedad intelectual: Asegurarse de que cualquier propiedad intelectual relacionada con el negocio, como patentes, marcas registradas o derechos de autor, est\u00e9 adecuadamente protegida y documentada.<\/li>\n<li>Actualice los documentos de planificaci\u00f3n patrimonial: revise y actualice sus documentos de planificaci\u00f3n patrimonial, incluidos testamentos y fideicomisos, para reflejar sus preferencias con respecto a la propiedad futura de la empresa en caso de divorcio o fallecimiento.<\/li>\n<li>Busque asesoramiento de expertos legales: consulte con profesionales legales y financieros con experiencia en estrategias de protecci\u00f3n de activos. Ellos pueden ayudarle a estructurar su negocio para minimizar la vulnerabilidad durante los procedimientos de divorcio.<\/li>\n<\/ul>\n<h3>La combinaci\u00f3n \u00fanica de experiencia en derecho mercantil y derecho de familia de TCLG<\/h3>\n<p>La confluencia del divorcio y la propiedad de negocios en Florida presenta un desaf\u00edo complejo y multifac\u00e9tico que requiere una consideraci\u00f3n cuidadosa y medidas proactivas. En TCLG, comprendemos las complejidades \u00fanicas a las que se enfrentan las personas y los propietarios de negocios cuando sus vidas personales se cruzan con sus intereses comerciales.<\/p>\n<p>Nuestra firma se enfoca en una amplia gama de \u00e1reas legales, incluyendo derecho corporativo, derecho mercantil, derecho laboral, derecho ambiental y derecho familiar. Esta experiencia diversa nos permite brindar orientaci\u00f3n integral a nuestros clientes, asegur\u00e1ndonos de que reciban el apoyo personalizado que necesitan en momentos dif\u00edciles. Si necesita representaci\u00f3n legal para su negocio o intereses comerciales en un proceso de divorcio: <\/p>\n<\/div><\/div>\n<\/div>\n<\/div>\n\n<div class=\"et_pb_row_3 et_pb_row et_flex_row\">\n<div class=\"et_pb_column_4 et_pb_column et-last-child et_flex_column et_pb_css_mix_blend_mode_passthrough et_flex_column_24_24 et_flex_column_24_24_tablet et_flex_column_24_24_phone\">\n<div class=\"et_pb_module et_pb_button_module_wrapper et_pb_button_0_wrapper\"><a class=\"et_pb_button_0 et_pb_button et_pb_bg_layout_light et_pb_module et_flex_module\" href=\"\/es\/contact\/\">CONTACTO<\/a><\/div>\n<\/div>\n<\/div>\n<\/div>","protected":false},"excerpt":{"rendered":"","protected":false},"author":1,"featured_media":0,"parent":29019,"menu_order":0,"comment_status":"closed","ping_status":"closed","template":"","meta":{"_acf_changed":false,"footnotes":""},"dipi_cpt_category":[],"class_list":["post-28857","page","type-page","status-publish","hentry"],"acf":[],"yoast_head":"<!-- This site is optimized with the Yoast SEO Premium plugin v27.5 (Yoast SEO v27.5) - https:\/\/yoast.com\/product\/yoast-seo-premium-wordpress\/ -->\n<title>Representation in a Divorce Proceeding - TCLG - The Campbell Law Group<\/title>\n<meta name=\"robots\" content=\"index, follow, max-snippet:-1, max-image-preview:large, max-video-preview:-1\" \/>\n<link rel=\"canonical\" href=\"https:\/\/tclgfirm.com\/es\/areas-de-practica-antiguas\/derecho-mercantil\/gestion-de-riesgos\/representacion-en-procedimientos-de-divorcio\/\" \/>\n<meta property=\"og:locale\" content=\"es_MX\" \/>\n<meta property=\"og:type\" content=\"article\" \/>\n<meta property=\"og:title\" content=\"Representation in a Divorce Proceeding\" \/>\n<meta property=\"og:url\" content=\"https:\/\/tclgfirm.com\/es\/areas-de-practica-antiguas\/derecho-mercantil\/gestion-de-riesgos\/representacion-en-procedimientos-de-divorcio\/\" \/>\n<meta property=\"og:site_name\" content=\"TCLG - The Campbell Law Group\" \/>\n<meta property=\"article:publisher\" content=\"https:\/\/www.facebook.com\/businessattorneymiami\/\" \/>\n<meta property=\"article:modified_time\" content=\"2025-11-14T22:36:43+00:00\" \/>\n<meta property=\"og:image\" content=\"https:\/\/tclgfirm.com\/wp-content\/uploads\/2025\/11\/site-image-1.png\" \/>\n\t<meta property=\"og:image:width\" content=\"1200\" \/>\n\t<meta property=\"og:image:height\" content=\"675\" \/>\n\t<meta property=\"og:image:type\" content=\"image\/png\" \/>\n<meta name=\"twitter:card\" content=\"summary_large_image\" \/>\n<meta name=\"twitter:site\" content=\"@Campbelllawgrp\" \/>\n<script type=\"application\/ld+json\" class=\"yoast-schema-graph\">{\"@context\":\"https:\\\/\\\/schema.org\",\"@graph\":[{\"@type\":\"WebPage\",\"@id\":\"https:\\\/\\\/tclgfirm.com\\\/practice-areas-old\\\/business-law\\\/risk-management\\\/representation-in-divorce-proceeding\\\/\",\"url\":\"https:\\\/\\\/tclgfirm.com\\\/practice-areas-old\\\/business-law\\\/risk-management\\\/representation-in-divorce-proceeding\\\/\",\"name\":\"Representation in a Divorce Proceeding - TCLG - The Campbell Law Group\",\"isPartOf\":{\"@id\":\"https:\\\/\\\/tclgfirm.com\\\/#website\"},\"datePublished\":\"2025-10-01T18:06:12+00:00\",\"dateModified\":\"2025-11-14T22:36:43+00:00\",\"breadcrumb\":{\"@id\":\"https:\\\/\\\/tclgfirm.com\\\/practice-areas-old\\\/business-law\\\/risk-management\\\/representation-in-divorce-proceeding\\\/#breadcrumb\"},\"inLanguage\":\"es\",\"potentialAction\":[{\"@type\":\"ReadAction\",\"target\":[\"https:\\\/\\\/tclgfirm.com\\\/practice-areas-old\\\/business-law\\\/risk-management\\\/representation-in-divorce-proceeding\\\/\"]}]},{\"@type\":\"BreadcrumbList\",\"@id\":\"https:\\\/\\\/tclgfirm.com\\\/practice-areas-old\\\/business-law\\\/risk-management\\\/representation-in-divorce-proceeding\\\/#breadcrumb\",\"itemListElement\":[{\"@type\":\"ListItem\",\"position\":1,\"name\":\"Home\",\"item\":\"https:\\\/\\\/tclgfirm.com\\\/\"},{\"@type\":\"ListItem\",\"position\":2,\"name\":\"Practice Areas\",\"item\":\"https:\\\/\\\/tclgfirm.com\\\/practice-areas-old\\\/\"},{\"@type\":\"ListItem\",\"position\":3,\"name\":\"Business Law\",\"item\":\"https:\\\/\\\/tclgfirm.com\\\/practice-areas-old\\\/business-law\\\/\"},{\"@type\":\"ListItem\",\"position\":4,\"name\":\"Risk Management\",\"item\":\"https:\\\/\\\/tclgfirm.com\\\/practice-areas-old\\\/business-law\\\/risk-management\\\/\"},{\"@type\":\"ListItem\",\"position\":5,\"name\":\"Representation in a Divorce Proceeding\"}]},{\"@type\":\"WebSite\",\"@id\":\"https:\\\/\\\/tclgfirm.com\\\/#website\",\"url\":\"https:\\\/\\\/tclgfirm.com\\\/\",\"name\":\"TCLG Business & Corporate Law\",\"description\":\"Business &amp; Corporate Law\",\"publisher\":{\"@id\":\"https:\\\/\\\/tclgfirm.com\\\/#organization\"},\"potentialAction\":[{\"@type\":\"SearchAction\",\"target\":{\"@type\":\"EntryPoint\",\"urlTemplate\":\"https:\\\/\\\/tclgfirm.com\\\/?s={search_term_string}\"},\"query-input\":{\"@type\":\"PropertyValueSpecification\",\"valueRequired\":true,\"valueName\":\"search_term_string\"}}],\"inLanguage\":\"es\"},{\"@type\":\"Organization\",\"@id\":\"https:\\\/\\\/tclgfirm.com\\\/#organization\",\"name\":\"The Campbell Law Group\",\"alternateName\":\"TCLG\",\"url\":\"https:\\\/\\\/tclgfirm.com\\\/\",\"logo\":{\"@type\":\"ImageObject\",\"inLanguage\":\"es\",\"@id\":\"https:\\\/\\\/tclgfirm.com\\\/#\\\/schema\\\/logo\\\/image\\\/\",\"url\":\"https:\\\/\\\/tclgfirm.com\\\/wp-content\\\/uploads\\\/2025\\\/11\\\/logo-yoast.png\",\"contentUrl\":\"https:\\\/\\\/tclgfirm.com\\\/wp-content\\\/uploads\\\/2025\\\/11\\\/logo-yoast.png\",\"width\":696,\"height\":696,\"caption\":\"The Campbell Law Group\"},\"image\":{\"@id\":\"https:\\\/\\\/tclgfirm.com\\\/#\\\/schema\\\/logo\\\/image\\\/\"},\"sameAs\":[\"https:\\\/\\\/www.facebook.com\\\/businessattorneymiami\\\/\",\"https:\\\/\\\/x.com\\\/Campbelllawgrp\"]}]}<\/script>\n<!-- \/ Yoast SEO Premium plugin. -->","yoast_head_json":{"title":"Representaci\u00f3n en un proceso de divorcio - TCLG - The Campbell Law Group","robots":{"index":"index","follow":"follow","max-snippet":"max-snippet:-1","max-image-preview":"max-image-preview:large","max-video-preview":"max-video-preview:-1"},"canonical":"https:\/\/tclgfirm.com\/es\/areas-de-practica-antiguas\/derecho-mercantil\/gestion-de-riesgos\/representacion-en-procedimientos-de-divorcio\/","og_locale":"es_MX","og_type":"article","og_title":"Representation in a Divorce Proceeding","og_url":"https:\/\/tclgfirm.com\/es\/areas-de-practica-antiguas\/derecho-mercantil\/gestion-de-riesgos\/representacion-en-procedimientos-de-divorcio\/","og_site_name":"TCLG - The Campbell Law Group","article_publisher":"https:\/\/www.facebook.com\/businessattorneymiami\/","article_modified_time":"2025-11-14T22:36:43+00:00","og_image":[{"width":1200,"height":675,"url":"https:\/\/tclgfirm.com\/wp-content\/uploads\/2025\/11\/site-image-1.png","type":"image\/png"}],"twitter_card":"summary_large_image","twitter_site":"@Campbelllawgrp","schema":{"@context":"https:\/\/schema.org","@graph":[{"@type":"WebPage","@id":"https:\/\/tclgfirm.com\/practice-areas-old\/business-law\/risk-management\/representation-in-divorce-proceeding\/","url":"https:\/\/tclgfirm.com\/practice-areas-old\/business-law\/risk-management\/representation-in-divorce-proceeding\/","name":"Representaci\u00f3n en un proceso de divorcio - TCLG - The Campbell Law Group","isPartOf":{"@id":"https:\/\/tclgfirm.com\/#website"},"datePublished":"2025-10-01T18:06:12+00:00","dateModified":"2025-11-14T22:36:43+00:00","breadcrumb":{"@id":"https:\/\/tclgfirm.com\/practice-areas-old\/business-law\/risk-management\/representation-in-divorce-proceeding\/#breadcrumb"},"inLanguage":"es","potentialAction":[{"@type":"ReadAction","target":["https:\/\/tclgfirm.com\/practice-areas-old\/business-law\/risk-management\/representation-in-divorce-proceeding\/"]}]},{"@type":"BreadcrumbList","@id":"https:\/\/tclgfirm.com\/practice-areas-old\/business-law\/risk-management\/representation-in-divorce-proceeding\/#breadcrumb","itemListElement":[{"@type":"ListItem","position":1,"name":"Home","item":"https:\/\/tclgfirm.com\/"},{"@type":"ListItem","position":2,"name":"Practice Areas","item":"https:\/\/tclgfirm.com\/practice-areas-old\/"},{"@type":"ListItem","position":3,"name":"Business Law","item":"https:\/\/tclgfirm.com\/practice-areas-old\/business-law\/"},{"@type":"ListItem","position":4,"name":"Risk Management","item":"https:\/\/tclgfirm.com\/practice-areas-old\/business-law\/risk-management\/"},{"@type":"ListItem","position":5,"name":"Representation in a Divorce Proceeding"}]},{"@type":"WebSite","@id":"https:\/\/tclgfirm.com\/#website","url":"https:\/\/tclgfirm.com\/","name":"Derecho mercantil y corporativo de TCLG","description":"Derecho mercantil y corporativo","publisher":{"@id":"https:\/\/tclgfirm.com\/#organization"},"potentialAction":[{"@type":"SearchAction","target":{"@type":"EntryPoint","urlTemplate":"https:\/\/tclgfirm.com\/?s={search_term_string}"},"query-input":{"@type":"PropertyValueSpecification","valueRequired":true,"valueName":"search_term_string"}}],"inLanguage":"es"},{"@type":"Organization","@id":"https:\/\/tclgfirm.com\/#organization","name":"El Grupo Jur\u00eddico Campbell","alternateName":"TCLG","url":"https:\/\/tclgfirm.com\/","logo":{"@type":"ImageObject","inLanguage":"es","@id":"https:\/\/tclgfirm.com\/#\/schema\/logo\/image\/","url":"https:\/\/tclgfirm.com\/wp-content\/uploads\/2025\/11\/logo-yoast.png","contentUrl":"https:\/\/tclgfirm.com\/wp-content\/uploads\/2025\/11\/logo-yoast.png","width":696,"height":696,"caption":"The Campbell Law Group"},"image":{"@id":"https:\/\/tclgfirm.com\/#\/schema\/logo\/image\/"},"sameAs":["https:\/\/www.facebook.com\/businessattorneymiami\/","https:\/\/x.com\/Campbelllawgrp"]}]}},"_links":{"self":[{"href":"https:\/\/tclgfirm.com\/es\/wp-json\/wp\/v2\/pages\/28857","targetHints":{"allow":["GET"]}}],"collection":[{"href":"https:\/\/tclgfirm.com\/es\/wp-json\/wp\/v2\/pages"}],"about":[{"href":"https:\/\/tclgfirm.com\/es\/wp-json\/wp\/v2\/types\/page"}],"author":[{"embeddable":true,"href":"https:\/\/tclgfirm.com\/es\/wp-json\/wp\/v2\/users\/1"}],"replies":[{"embeddable":true,"href":"https:\/\/tclgfirm.com\/es\/wp-json\/wp\/v2\/comments?post=28857"}],"version-history":[{"count":0,"href":"https:\/\/tclgfirm.com\/es\/wp-json\/wp\/v2\/pages\/28857\/revisions"}],"up":[{"embeddable":true,"href":"https:\/\/tclgfirm.com\/es\/wp-json\/wp\/v2\/pages\/29019"}],"wp:attachment":[{"href":"https:\/\/tclgfirm.com\/es\/wp-json\/wp\/v2\/media?parent=28857"}],"wp:term":[{"taxonomy":"dipi_cpt_category","embeddable":true,"href":"https:\/\/tclgfirm.com\/es\/wp-json\/wp\/v2\/dipi_cpt_category?post=28857"}],"curies":[{"name":"wp","href":"https:\/\/api.w.org\/{rel}","templated":true}]}}