{"id":28862,"date":"2025-10-01T15:25:17","date_gmt":"2025-10-01T19:25:17","guid":{"rendered":"https:\/\/tclgdev.wpenginepowered.com\/?page_id=28862"},"modified":"2025-11-14T17:49:25","modified_gmt":"2025-11-14T22:49:25","slug":"obligaciones-fiduciarias","status":"publish","type":"page","link":"https:\/\/tclgfirm.com\/es\/practice-areas-old\/business-litigation\/breach-of-fiduciary-duty\/fiduciary-duties\/","title":{"rendered":"Obligaciones fiduciarias"},"content":{"rendered":"<div class=\"et_pb_section_0 et_pb_section et_section_regular et_flex_section preset--module--divi-section--mjwl5e219h\">\n<div class=\"et_pb_row_0 et_pb_row et_flex_row\">\n<div class=\"et_pb_column_0 et_pb_column et_flex_column et_pb_css_mix_blend_mode_passthrough et_flex_column_24_24 et_flex_column_24_24_tablet et_flex_column_24_24_phone\">\n<div class=\"et_pb_text_0 et_pb_text et_pb_bg_layout_light et_pb_module et_flex_module preset--group--divi-text--divi-font-body--default\"><div class=\"et_pb_text_inner\"><h1>Obligaciones fiduciarias<\/h1>\n<\/div><\/div>\n<\/div>\n\n<div class=\"et_pb_column_1 et_pb_column et-last-child et_flex_column et_pb_css_mix_blend_mode_passthrough et_flex_column_24_24 et_flex_column_24_24_tablet et_flex_column_24_24_phone\">\n<div class=\"et_pb_image_0 et_pb_image et_pb_module et_flex_module\"><span class=\"et_pb_image_wrap\"><img loading=\"lazy\" decoding=\"async\" src=\"https:\/\/tclgfirm.com\/wp-content\/uploads\/2025\/09\/TCLG.ISO-Cream.png\" width=\"341\" height=\"350\" srcset=\"https:\/\/tclgfirm.com\/wp-content\/uploads\/2025\/09\/TCLG.ISO-Cream.png 341w, https:\/\/tclgfirm.com\/wp-content\/uploads\/2025\/09\/TCLG.ISO-Cream-292x300.png 292w, https:\/\/tclgfirm.com\/wp-content\/uploads\/2025\/09\/TCLG.ISO-Cream-12x12.png 12w\" sizes=\"(max-width: 341px) 100vw, 341px\" class=\"wp-image-28819\" alt=\"Favicon de Tclg\" \/><\/span><\/div>\n<\/div>\n<\/div>\n<\/div>\n\n<div class=\"et_pb_section_1 et_pb_section et_section_regular et_flex_section\">\n<div class=\"et_pb_row_1 et_pb_row et_flex_row\">\n<div class=\"et_pb_column_2 et_pb_column et-last-child et_flex_column et_pb_css_mix_blend_mode_passthrough et_flex_column_24_24 et_flex_column_24_24_tablet et_flex_column_24_24_phone\">\n<div class=\"et_pb_text_1 et_pb_text et_pb_bg_layout_light et_pb_module et_flex_module preset--group--divi-text--divi-font-body--default\"><div class=\"et_pb_text_inner\"><span><span><a href=\"https:\/\/tclgfirm.com\/es\/\">Inicio<\/a><\/span><\/span>\n<\/div><\/div>\n<\/div>\n<\/div>\n<\/div>\n\n<div class=\"et_pb_section_2 et_pb_section et_section_regular et_flex_section\">\n<div class=\"et_pb_row_2 et_pb_row et_flex_row\">\n<div class=\"et_pb_column_3 et_pb_column et-last-child et_flex_column et_pb_css_mix_blend_mode_passthrough et_flex_column_24_24 et_flex_column_24_24_tablet et_flex_column_24_24_phone\">\n<div class=\"et_pb_text_2 et_pb_text et_pb_bg_layout_light et_pb_module et_flex_module phc-pa-text preset--group--divi-text--divi-font-body--default\"><div class=\"et_pb_text_inner\"><div class=\"et_pb_text_2 et_pb_text et_pb_bg_layout_light et_pb_module phc-pa-text\">\n<div class=\"et_pb_text_inner\">\n<h2 tabindex=\"-1\">\u00bfQu\u00e9 es una obligaci\u00f3n fiduciaria?<\/h2>\n<p>Para comprender qu\u00e9 constituye un incumplimiento del deber fiduciario, es necesario entender qui\u00e9n se considera un fiduciario y en qu\u00e9 circunstancias un fiduciario tiene un deber.<\/p>\n<p>Un fiduciario es una persona u organizaci\u00f3n a la que se le ha confiado la importante tarea de administrar los activos e intereses de otra persona. Los fiduciarios est\u00e1n obligados a actuar en el mejor inter\u00e9s de sus clientes y tienen prohibido considerar sus propios intereses al tomar decisiones o brindar asesoramiento. Tienen el deber de lealtad y diligencia, y deben actuar de buena fe mientras protegen los intereses de sus clientes.<\/p>\n<p>El deber de un fiduciario de actuar en el mejor inter\u00e9s de otra persona puede surgir de forma expresa o impl\u00edcita. Por ejemplo, las disposiciones legales definen los deberes fiduciarios expresos de los abogados, corredores de bolsa, fideicomisarios, directores corporativos y socios, entre otros.<\/p>\n<p>Una obligaci\u00f3n fiduciaria impl\u00edcita surge de circunstancias \u00fanicas en las que las partes mantienen una relaci\u00f3n confidencial o de confianza entre s\u00ed. Un ejemplo de obligaci\u00f3n fiduciaria impl\u00edcita podr\u00eda ser una situaci\u00f3n en la que una persona consulta regularmente a un asesor financiero durante muchos a\u00f1os, confi\u00e1ndole sus asuntos personales y financieros y confiando en su experiencia para tomar decisiones importantes en materia de inversiones. En tal caso, se puede considerar que el asesor financiero tiene la obligaci\u00f3n fiduciaria impl\u00edcita de actuar en el mejor inter\u00e9s del cliente, dada la relaci\u00f3n de confidencialidad y confianza que existe entre ellos.<\/p>\n<p>Seg\u00fan la legislaci\u00f3n de Florida, una demanda por incumplimiento del deber fiduciario puede tramitarse ante los tribunales si el demandante puede demostrar que una de las partes ha asumido una posici\u00f3n de confianza y la obligaci\u00f3n de proteger a una parte m\u00e1s vulnerable.<\/p>\n<h4 tabindex=\"-1\">Ejemplos de fiduciarios<\/h4>\n<p>&nbsp;<\/p>\n<\/div>\n<\/div>\n<div class=\"et_pb_text_3 et_pb_text et_pb_bg_layout_light et_pb_module phc-pa-text\">\n<div class=\"et_pb_text_inner\">\n<h3 tabindex=\"-1\">Cl\u00e1usulas clave en un contrato de compraventa de acciones<\/h3>\n<p>&nbsp;<\/p>\n<table border=\"1px solid rgb(52, 23, 27)\">\n<tbody>\n<tr>\n<th><strong>Funci\u00f3n fiduciaria<\/strong><\/th>\n<th><strong>Descripci\u00f3n \/ Responsabilidad<\/strong><\/th>\n<\/tr>\n<tr>\n<td>Asesores de inversi\u00f3n<\/td>\n<td>Administrar las inversiones de los clientes con lealtad y cuidado, anteponiendo sus intereses financieros.<\/td>\n<\/tr>\n<tr>\n<td>Fideicomisarios<\/td>\n<td>Administrar los activos fiduciarios en beneficio de los beneficiarios, garantizando su correcta administraci\u00f3n y distribuci\u00f3n.<\/td>\n<\/tr>\n<tr>\n<td>Representantes personales<\/td>\n<td>Administrar los bienes de personas fallecidas, actuando en el mejor inter\u00e9s de los herederos y beneficiarios.<\/td>\n<\/tr>\n<tr>\n<td>Directores o funcionarios de la empresa<\/td>\n<td>Supervisar las operaciones de la empresa actuando en el mejor inter\u00e9s de los accionistas y de la corporaci\u00f3n.<\/td>\n<\/tr>\n<tr>\n<td>Accionistas mayoritarios<\/td>\n<td>Tiene obligaciones fiduciarias con los accionistas minoritarios debido a su control e influencia sobre la empresa.<\/td>\n<\/tr>\n<tr>\n<td>Apoderados (mediante poder notarial)<\/td>\n<td>Autorizado para tomar decisiones legales o financieras en nombre de otra persona, con estrictas obligaciones de lealtad y diligencia.<\/td>\n<\/tr>\n<tr>\n<td>Socios de empresas conjuntas o socios comerciales<\/td>\n<td>Tener obligaciones de lealtad, equidad y transparencia mutua dentro de la empresa.<\/td>\n<\/tr>\n<tr>\n<td>Agentes<\/td>\n<td>Actuar en nombre de los mandantes y seguir sus instrucciones, protegiendo al mismo tiempo los intereses de estos.<\/td>\n<\/tr>\n<tr>\n<td>Empleados<\/td>\n<td>Tienen el deber de lealtad y confidencialidad hacia los empleadores, y de actuar en el mejor inter\u00e9s de estos.<\/td>\n<\/tr>\n<tr>\n<td>Fiduciarios contractuales<\/td>\n<td>En determinados contratos, en los que se espera que una de las partes proteja o act\u00fae en el mejor inter\u00e9s de la otra parte.<\/td>\n<\/tr>\n<\/tbody>\n<\/table>\n<\/div>\n<\/div>\n<div class=\"et_pb_text_4 et_pb_text et_pb_bg_layout_light et_pb_module phc-pa-text\">\n<div class=\"et_pb_text_inner\">\n<p>Cuando los fiduciarios incumplen su deber, est\u00e1n actuando esencialmente en contra de los intereses de la persona o entidad a la que representan. Se produce un incumplimiento del deber fiduciario cuando el fiduciario act\u00faa de manera que se beneficia a s\u00ed mismo a expensas de la persona a la que representa. Esto puede adoptar muchas formas, incluida la autocontrataci\u00f3n, en la que el fiduciario realiza transacciones que le benefician a \u00e9l mismo a expensas de la persona a la que representa.<\/p>\n<p>Por ejemplo, un asesor financiero que recomienda a su cliente una inversi\u00f3n de alto riesgo porque le reportar\u00e1 una comisi\u00f3n mayor, aunque no sea lo m\u00e1s conveniente para el cliente, estar\u00eda incumpliendo su deber fiduciario. Del mismo modo, un fideicomisario que utiliza los activos del fideicomiso en beneficio propio o un director de empresa que participa en operaciones con informaci\u00f3n privilegiada tambi\u00e9n estar\u00edan incumpliendo su deber fiduciario.<\/p>\n<p>Cuando se produce un incumplimiento del deber fiduciario, la persona o entidad que ha resultado perjudicada por dicho incumplimiento puede emprender acciones legales para recuperar los da\u00f1os y perjuicios. Esto puede incluir da\u00f1os y perjuicios econ\u00f3micos, como la cantidad de dinero perdida como consecuencia del incumplimiento, as\u00ed como da\u00f1os y perjuicios punitivos para castigar al fiduciario por su conducta indebida.<\/p>\n<h2 tabindex=\"-1\">\u00bfQu\u00e9 constituye un incumplimiento del deber fiduciario?<\/h2>\n<p>En pocas palabras, se produce un incumplimiento del deber fiduciario cuando un fiduciario no cumple con su deber de lealtad y cuidado hacia su cliente o beneficiario. Este incumplimiento puede producirse cuando el fiduciario act\u00faa en contra de los intereses de su cliente o beneficiario, caus\u00e1ndole un perjuicio o da\u00f1o. Es importante se\u00f1alar que el incumplimiento del deber fiduciario es distinto de la negligencia, que se refiere a un error o incumplimiento de las obligaciones, en lugar de a acciones intencionadas o motivadas por el inter\u00e9s propio.<\/p>\n<p>A continuaci\u00f3n se presentan varios ejemplos de acciones que pueden considerarse un incumplimiento del deber fiduciario:<\/p>\n<ul>\n<li>Utilizar informaci\u00f3n confidencial obtenida de un empleador para obtener beneficios personales.<\/li>\n<li>Tomar decisiones en nombre de una empresa como director o funcionario que no se ajusten a los mejores intereses de la empresa o de los accionistas.<\/li>\n<li>Robar fondos de clientes o socios.<\/li>\n<li>Beneficiarios fraudulentos de un testamento o fideicomiso<\/li>\n<li>Mala gesti\u00f3n de los activos de una empresa o fideicomiso.<\/li>\n<li>Ocultar informaci\u00f3n cr\u00edtica necesaria para tomar una decisi\u00f3n a la persona a la que se le debe un deber.<\/li>\n<li>No revelar los conflictos de intereses<\/li>\n<li>Crear deuda en nombre de una empresa a sabiendas de que esta no podr\u00e1 pagarla.<\/li>\n<li>Robar oportunidades de negocio a tu empresa o empleador.<\/li>\n<\/ul>\n<p>Identificar un incumplimiento del deber fiduciario puede resultar complicado y requerir un examen exhaustivo de las circunstancias y de la relaci\u00f3n del fiduciario con la parte afectada, ya que las repercusiones de dichos incumplimientos pueden ser significativas.<\/p>\n<p>Las consecuencias del incumplimiento del deber fiduciario pueden variar en funci\u00f3n de las circunstancias espec\u00edficas y la gravedad del incumplimiento. En general, las consecuencias pueden incluir:<\/p>\n<ol>\n<li>Acci\u00f3n legal: La parte perjudicada puede presentar una demanda por da\u00f1os y perjuicios derivados del incumplimiento del deber fiduciario.<\/li>\n<li>Da\u00f1os monetarios: si se demuestra el incumplimiento del deber fiduciario, la parte perjudicada puede tener derecho a recuperar da\u00f1os monetarios, que pueden incluir lucro cesante, restituci\u00f3n y otras p\u00e9rdidas financieras.<\/li>\n<li>Devoluci\u00f3n: El fiduciario puede estar obligado a devolver cualquier ganancia o beneficio que haya obtenido como resultado del incumplimiento.<\/li>\n<li>Mandamiento judicial: La parte perjudicada puede solicitar un mandamiento judicial para impedir que el fiduciario contin\u00fae con su conducta il\u00edcita.<\/li>\n<li>Destituci\u00f3n: Si el fiduciario incumpli\u00f3 su deber, podr\u00eda ser destituido de su cargo y se le podr\u00eda prohibir ocupar cargos similares en el futuro.<\/li>\n<li>Cargos penales: En algunos casos, el incumplimiento del deber fiduciario puede alcanzar el nivel de actividad delictiva, lo que da lugar a cargos penales y sanciones.<\/li>\n<\/ol>\n<p>Para evaluar si tiene una reclamaci\u00f3n por incumplimiento del deber fiduciario y ver qu\u00e9 medidas puede tomar al respecto:<\/p>\n<\/div>\n<\/div>\n<\/div><\/div>\n<\/div>\n<\/div>\n<\/div>","protected":false},"excerpt":{"rendered":"","protected":false},"author":1,"featured_media":0,"parent":29032,"menu_order":0,"comment_status":"closed","ping_status":"closed","template":"","meta":{"_acf_changed":false,"footnotes":""},"dipi_cpt_category":[],"class_list":["post-28862","page","type-page","status-publish","hentry"],"acf":[],"yoast_head":"<!-- This site is optimized with the Yoast SEO Premium plugin v27.5 (Yoast SEO v27.5) - https:\/\/yoast.com\/product\/yoast-seo-premium-wordpress\/ -->\n<title>Fiduciary Duties - TCLG - The Campbell Law Group<\/title>\n<meta name=\"robots\" content=\"index, follow, max-snippet:-1, max-image-preview:large, max-video-preview:-1\" \/>\n<link rel=\"canonical\" href=\"https:\/\/tclgfirm.com\/es\/areas-de-practica-antiguas\/litigio-comercial\/incumplimiento-del-deber-fiduciario\/obligaciones-fiduciarias\/\" \/>\n<meta property=\"og:locale\" content=\"es_MX\" \/>\n<meta property=\"og:type\" content=\"article\" \/>\n<meta property=\"og:title\" content=\"Fiduciary Duties\" \/>\n<meta property=\"og:url\" content=\"https:\/\/tclgfirm.com\/es\/areas-de-practica-antiguas\/litigio-comercial\/incumplimiento-del-deber-fiduciario\/obligaciones-fiduciarias\/\" \/>\n<meta property=\"og:site_name\" content=\"TCLG - The Campbell Law Group\" \/>\n<meta property=\"article:publisher\" content=\"https:\/\/www.facebook.com\/businessattorneymiami\/\" \/>\n<meta property=\"article:modified_time\" content=\"2025-11-14T22:49:25+00:00\" \/>\n<meta property=\"og:image\" content=\"https:\/\/tclgfirm.com\/wp-content\/uploads\/2025\/11\/site-image-1.png\" \/>\n\t<meta property=\"og:image:width\" content=\"1200\" \/>\n\t<meta property=\"og:image:height\" content=\"675\" \/>\n\t<meta property=\"og:image:type\" content=\"image\/png\" \/>\n<meta name=\"twitter:card\" content=\"summary_large_image\" \/>\n<meta name=\"twitter:site\" content=\"@Campbelllawgrp\" \/>\n<script type=\"application\/ld+json\" class=\"yoast-schema-graph\">{\"@context\":\"https:\\\/\\\/schema.org\",\"@graph\":[{\"@type\":\"WebPage\",\"@id\":\"https:\\\/\\\/tclgfirm.com\\\/practice-areas-old\\\/business-litigation\\\/breach-of-fiduciary-duty\\\/fiduciary-duties\\\/\",\"url\":\"https:\\\/\\\/tclgfirm.com\\\/practice-areas-old\\\/business-litigation\\\/breach-of-fiduciary-duty\\\/fiduciary-duties\\\/\",\"name\":\"Fiduciary Duties - TCLG - The Campbell Law Group\",\"isPartOf\":{\"@id\":\"https:\\\/\\\/tclgfirm.com\\\/#website\"},\"datePublished\":\"2025-10-01T19:25:17+00:00\",\"dateModified\":\"2025-11-14T22:49:25+00:00\",\"breadcrumb\":{\"@id\":\"https:\\\/\\\/tclgfirm.com\\\/practice-areas-old\\\/business-litigation\\\/breach-of-fiduciary-duty\\\/fiduciary-duties\\\/#breadcrumb\"},\"inLanguage\":\"es\",\"potentialAction\":[{\"@type\":\"ReadAction\",\"target\":[\"https:\\\/\\\/tclgfirm.com\\\/practice-areas-old\\\/business-litigation\\\/breach-of-fiduciary-duty\\\/fiduciary-duties\\\/\"]}]},{\"@type\":\"BreadcrumbList\",\"@id\":\"https:\\\/\\\/tclgfirm.com\\\/practice-areas-old\\\/business-litigation\\\/breach-of-fiduciary-duty\\\/fiduciary-duties\\\/#breadcrumb\",\"itemListElement\":[{\"@type\":\"ListItem\",\"position\":1,\"name\":\"Home\",\"item\":\"https:\\\/\\\/tclgfirm.com\\\/\"},{\"@type\":\"ListItem\",\"position\":2,\"name\":\"Practice Areas\",\"item\":\"https:\\\/\\\/tclgfirm.com\\\/practice-areas-old\\\/\"},{\"@type\":\"ListItem\",\"position\":3,\"name\":\"Business Litigation\",\"item\":\"https:\\\/\\\/tclgfirm.com\\\/practice-areas-old\\\/business-litigation\\\/\"},{\"@type\":\"ListItem\",\"position\":4,\"name\":\"Breach of Fiduciary Duty\",\"item\":\"https:\\\/\\\/tclgfirm.com\\\/practice-areas-old\\\/business-litigation\\\/breach-of-fiduciary-duty\\\/\"},{\"@type\":\"ListItem\",\"position\":5,\"name\":\"Fiduciary Duties\"}]},{\"@type\":\"WebSite\",\"@id\":\"https:\\\/\\\/tclgfirm.com\\\/#website\",\"url\":\"https:\\\/\\\/tclgfirm.com\\\/\",\"name\":\"TCLG Business & Corporate Law\",\"description\":\"Business &amp; Corporate Law\",\"publisher\":{\"@id\":\"https:\\\/\\\/tclgfirm.com\\\/#organization\"},\"potentialAction\":[{\"@type\":\"SearchAction\",\"target\":{\"@type\":\"EntryPoint\",\"urlTemplate\":\"https:\\\/\\\/tclgfirm.com\\\/?s={search_term_string}\"},\"query-input\":{\"@type\":\"PropertyValueSpecification\",\"valueRequired\":true,\"valueName\":\"search_term_string\"}}],\"inLanguage\":\"es\"},{\"@type\":\"Organization\",\"@id\":\"https:\\\/\\\/tclgfirm.com\\\/#organization\",\"name\":\"The Campbell Law Group\",\"alternateName\":\"TCLG\",\"url\":\"https:\\\/\\\/tclgfirm.com\\\/\",\"logo\":{\"@type\":\"ImageObject\",\"inLanguage\":\"es\",\"@id\":\"https:\\\/\\\/tclgfirm.com\\\/#\\\/schema\\\/logo\\\/image\\\/\",\"url\":\"https:\\\/\\\/tclgfirm.com\\\/wp-content\\\/uploads\\\/2025\\\/11\\\/logo-yoast.png\",\"contentUrl\":\"https:\\\/\\\/tclgfirm.com\\\/wp-content\\\/uploads\\\/2025\\\/11\\\/logo-yoast.png\",\"width\":696,\"height\":696,\"caption\":\"The Campbell Law Group\"},\"image\":{\"@id\":\"https:\\\/\\\/tclgfirm.com\\\/#\\\/schema\\\/logo\\\/image\\\/\"},\"sameAs\":[\"https:\\\/\\\/www.facebook.com\\\/businessattorneymiami\\\/\",\"https:\\\/\\\/x.com\\\/Campbelllawgrp\"]}]}<\/script>\n<!-- \/ Yoast SEO Premium plugin. -->","yoast_head_json":{"title":"Obligaciones fiduciarias - TCLG - The Campbell Law Group","robots":{"index":"index","follow":"follow","max-snippet":"max-snippet:-1","max-image-preview":"max-image-preview:large","max-video-preview":"max-video-preview:-1"},"canonical":"https:\/\/tclgfirm.com\/es\/areas-de-practica-antiguas\/litigio-comercial\/incumplimiento-del-deber-fiduciario\/obligaciones-fiduciarias\/","og_locale":"es_MX","og_type":"article","og_title":"Fiduciary Duties","og_url":"https:\/\/tclgfirm.com\/es\/areas-de-practica-antiguas\/litigio-comercial\/incumplimiento-del-deber-fiduciario\/obligaciones-fiduciarias\/","og_site_name":"TCLG - The Campbell Law Group","article_publisher":"https:\/\/www.facebook.com\/businessattorneymiami\/","article_modified_time":"2025-11-14T22:49:25+00:00","og_image":[{"width":1200,"height":675,"url":"https:\/\/tclgfirm.com\/wp-content\/uploads\/2025\/11\/site-image-1.png","type":"image\/png"}],"twitter_card":"summary_large_image","twitter_site":"@Campbelllawgrp","schema":{"@context":"https:\/\/schema.org","@graph":[{"@type":"WebPage","@id":"https:\/\/tclgfirm.com\/practice-areas-old\/business-litigation\/breach-of-fiduciary-duty\/fiduciary-duties\/","url":"https:\/\/tclgfirm.com\/practice-areas-old\/business-litigation\/breach-of-fiduciary-duty\/fiduciary-duties\/","name":"Obligaciones fiduciarias - TCLG - The Campbell Law Group","isPartOf":{"@id":"https:\/\/tclgfirm.com\/#website"},"datePublished":"2025-10-01T19:25:17+00:00","dateModified":"2025-11-14T22:49:25+00:00","breadcrumb":{"@id":"https:\/\/tclgfirm.com\/practice-areas-old\/business-litigation\/breach-of-fiduciary-duty\/fiduciary-duties\/#breadcrumb"},"inLanguage":"es","potentialAction":[{"@type":"ReadAction","target":["https:\/\/tclgfirm.com\/practice-areas-old\/business-litigation\/breach-of-fiduciary-duty\/fiduciary-duties\/"]}]},{"@type":"BreadcrumbList","@id":"https:\/\/tclgfirm.com\/practice-areas-old\/business-litigation\/breach-of-fiduciary-duty\/fiduciary-duties\/#breadcrumb","itemListElement":[{"@type":"ListItem","position":1,"name":"Home","item":"https:\/\/tclgfirm.com\/"},{"@type":"ListItem","position":2,"name":"Practice Areas","item":"https:\/\/tclgfirm.com\/practice-areas-old\/"},{"@type":"ListItem","position":3,"name":"Business Litigation","item":"https:\/\/tclgfirm.com\/practice-areas-old\/business-litigation\/"},{"@type":"ListItem","position":4,"name":"Breach of Fiduciary Duty","item":"https:\/\/tclgfirm.com\/practice-areas-old\/business-litigation\/breach-of-fiduciary-duty\/"},{"@type":"ListItem","position":5,"name":"Fiduciary Duties"}]},{"@type":"WebSite","@id":"https:\/\/tclgfirm.com\/#website","url":"https:\/\/tclgfirm.com\/","name":"Derecho mercantil y corporativo de TCLG","description":"Derecho mercantil y corporativo","publisher":{"@id":"https:\/\/tclgfirm.com\/#organization"},"potentialAction":[{"@type":"SearchAction","target":{"@type":"EntryPoint","urlTemplate":"https:\/\/tclgfirm.com\/?s={search_term_string}"},"query-input":{"@type":"PropertyValueSpecification","valueRequired":true,"valueName":"search_term_string"}}],"inLanguage":"es"},{"@type":"Organization","@id":"https:\/\/tclgfirm.com\/#organization","name":"El Grupo Jur\u00eddico Campbell","alternateName":"TCLG","url":"https:\/\/tclgfirm.com\/","logo":{"@type":"ImageObject","inLanguage":"es","@id":"https:\/\/tclgfirm.com\/#\/schema\/logo\/image\/","url":"https:\/\/tclgfirm.com\/wp-content\/uploads\/2025\/11\/logo-yoast.png","contentUrl":"https:\/\/tclgfirm.com\/wp-content\/uploads\/2025\/11\/logo-yoast.png","width":696,"height":696,"caption":"The Campbell Law Group"},"image":{"@id":"https:\/\/tclgfirm.com\/#\/schema\/logo\/image\/"},"sameAs":["https:\/\/www.facebook.com\/businessattorneymiami\/","https:\/\/x.com\/Campbelllawgrp"]}]}},"_links":{"self":[{"href":"https:\/\/tclgfirm.com\/es\/wp-json\/wp\/v2\/pages\/28862","targetHints":{"allow":["GET"]}}],"collection":[{"href":"https:\/\/tclgfirm.com\/es\/wp-json\/wp\/v2\/pages"}],"about":[{"href":"https:\/\/tclgfirm.com\/es\/wp-json\/wp\/v2\/types\/page"}],"author":[{"embeddable":true,"href":"https:\/\/tclgfirm.com\/es\/wp-json\/wp\/v2\/users\/1"}],"replies":[{"embeddable":true,"href":"https:\/\/tclgfirm.com\/es\/wp-json\/wp\/v2\/comments?post=28862"}],"version-history":[{"count":0,"href":"https:\/\/tclgfirm.com\/es\/wp-json\/wp\/v2\/pages\/28862\/revisions"}],"up":[{"embeddable":true,"href":"https:\/\/tclgfirm.com\/es\/wp-json\/wp\/v2\/pages\/29032"}],"wp:attachment":[{"href":"https:\/\/tclgfirm.com\/es\/wp-json\/wp\/v2\/media?parent=28862"}],"wp:term":[{"taxonomy":"dipi_cpt_category","embeddable":true,"href":"https:\/\/tclgfirm.com\/es\/wp-json\/wp\/v2\/dipi_cpt_category?post=28862"}],"curies":[{"name":"wp","href":"https:\/\/api.w.org\/{rel}","templated":true}]}}