{"id":28866,"date":"2025-10-01T16:23:51","date_gmt":"2025-10-01T20:23:51","guid":{"rendered":"https:\/\/tclgdev.wpenginepowered.com\/?page_id=28866"},"modified":"2025-11-14T17:56:54","modified_gmt":"2025-11-14T22:56:54","slug":"relaciones-comerciales-ventajosas","status":"publish","type":"page","link":"https:\/\/tclgfirm.com\/es\/practice-areas-old\/business-litigation\/tortious-interference\/advantageous-business-relationships\/","title":{"rendered":"Relaciones comerciales ventajosas"},"content":{"rendered":"<div class=\"et_pb_section_0 et_pb_section et_section_regular et_flex_section preset--module--divi-section--mjwl5e219h\">\n<div class=\"et_pb_row_0 et_pb_row et_flex_row\">\n<div class=\"et_pb_column_0 et_pb_column et_flex_column et_pb_css_mix_blend_mode_passthrough et_flex_column_24_24 et_flex_column_24_24_tablet et_flex_column_24_24_phone\">\n<div class=\"et_pb_text_0 et_pb_text et_pb_bg_layout_light et_pb_module et_flex_module preset--group--divi-text--divi-font-body--default\"><div class=\"et_pb_text_inner\"><h1>Relaciones comerciales ventajosas<\/h1>\n<\/div><\/div>\n<\/div>\n\n<div class=\"et_pb_column_1 et_pb_column et-last-child et_flex_column et_pb_css_mix_blend_mode_passthrough et_flex_column_24_24 et_flex_column_24_24_tablet et_flex_column_24_24_phone\">\n<div class=\"et_pb_image_0 et_pb_image et_pb_module et_flex_module\"><span class=\"et_pb_image_wrap\"><img loading=\"lazy\" decoding=\"async\" src=\"https:\/\/tclgfirm.com\/wp-content\/uploads\/2025\/09\/TCLG.ISO-Cream.png\" width=\"341\" height=\"350\" srcset=\"https:\/\/tclgfirm.com\/wp-content\/uploads\/2025\/09\/TCLG.ISO-Cream.png 341w, https:\/\/tclgfirm.com\/wp-content\/uploads\/2025\/09\/TCLG.ISO-Cream-292x300.png 292w, https:\/\/tclgfirm.com\/wp-content\/uploads\/2025\/09\/TCLG.ISO-Cream-12x12.png 12w\" sizes=\"(max-width: 341px) 100vw, 341px\" class=\"wp-image-28819\" alt=\"Favicon de Tclg\" \/><\/span><\/div>\n<\/div>\n<\/div>\n<\/div>\n\n<div class=\"et_pb_section_1 et_pb_section et_section_regular et_flex_section\"><div class=\"et_pb_row_1 et_pb_row et_flex_row\"><div class=\"et_pb_column_2 et_pb_column et-last-child et_flex_column et_pb_css_mix_blend_mode_passthrough et_flex_column_24_24 et_flex_column_24_24_tablet et_flex_column_24_24_phone\"><div class=\"et_pb_text_1 et_pb_text et_pb_bg_layout_light et_pb_module et_flex_module preset--group--divi-text--divi-font-body--default\"><div class=\"et_pb_text_inner\"><span><span><a href=\"https:\/\/tclgfirm.com\/es\/\">Inicio<\/a><\/span><\/span>\n<\/div><\/div><\/div><\/div><\/div>\n\n\n\n<div class=\"et_pb_section_2 et_pb_section et_section_regular et_flex_section\">\n<div class=\"et_pb_row_2 et_pb_row et_flex_row\">\n<div class=\"et_pb_column_3 et_pb_column et-last-child et_flex_column et_pb_css_mix_blend_mode_passthrough et_flex_column_24_24 et_flex_column_24_24_tablet et_flex_column_24_24_phone\">\n<div class=\"et_pb_text_2 et_pb_text et_pb_bg_layout_light et_pb_module et_flex_module phc-pa-text preset--group--divi-text--divi-font-body--default\"><div class=\"et_pb_text_inner\"><p>Establecer relaciones puede llevar a\u00f1os, al igual que desarrollar sus secretos comerciales m\u00e1s importantes, mientras que la destrucci\u00f3n de estos elementos de su negocio puede ocurrir en un instante. Del mismo modo, un acuerdo comercial puede llevar meses e incluso a\u00f1os de planificaci\u00f3n para llegar a buen t\u00e9rmino, mientras que la interferencia intencionada de terceros puede detener un acuerdo de la noche a la ma\u00f1ana. Cuando entidades externas act\u00faan para perjudicar la fortuna econ\u00f3mica de su empresa mientras se enriquecen en el proceso, son infractores que cometen <a href=\"\/es\/areas-de-practica\/litigio-comercial\/interferencia-ilicita\/\" title=\"interferencia il\u00edcita\">interferencia il\u00edcita<\/a> con una relaci\u00f3n comercial ventajosa.<\/p>\n<p>Hay ciertos aspectos de la interferencia il\u00edcita que deben demostrarse para que el litigio tenga \u00e9xito. El demandante debe poder demostrar la existencia de una relaci\u00f3n comercial o econ\u00f3mica ventajosa, o una relaci\u00f3n potencial, de la que el autor del delito era consciente. El demandante tambi\u00e9n debe demostrar que el autor del delito civil intervino de manera intencionada e injustificada en la relaci\u00f3n pendiente o posible entre su empresa y otro cliente o empresa (como un proveedor, una entidad comercial cuya compra estaba considerando, una empresa que estaba considerando fusionar, etc.). Y, por \u00faltimo, la acci\u00f3n del autor del delito civil debe haber causado da\u00f1os a su empresa.<\/p>\n<p>En la mayor\u00eda de los casos, la interferencia il\u00edcita del autor del da\u00f1o debe ser intencional para que usted pueda cobrar da\u00f1os y perjuicios, y debe incluir alg\u00fan tipo de acto il\u00edcito (como el uso indebido de informaci\u00f3n confidencial que el autor del da\u00f1o utiliza para interferir con sus clientes o relaciones beneficiosas).<\/p>\n<p>Litigar contra la interferencia il\u00edcita en una relaci\u00f3n comercial ventajosa requiere una representaci\u00f3n legal agresiva, bien versada en el derecho de da\u00f1os de Florida y con amplia experiencia en la presentaci\u00f3n de casos de interferencia il\u00edcita en los tribunales de Florida.<\/p>\n<p>Nuestro despacho cuenta con la experiencia y los recursos necesarios para construir un caso s\u00f3lido y litigar una acci\u00f3n por interferencia il\u00edcita en su nombre. La experiencia es importante. Su negocio se beneficiar\u00e1 de contar con un despacho de abogados capaz de anticipar los argumentos que la parte contraria esgrimir\u00eda en un caso de este tipo. Ya sea en la redacci\u00f3n de contratos, en la negociaci\u00f3n o en el litigio, nuestro objetivo es anticipar cualquier problema potencial que pueda perjudicar a nuestro cliente y abordarlo de forma proactiva.<\/p>\n<p>Si considera que alguien ha interferido il\u00edcitamente en sus relaciones comerciales en el estado de Florida, Campbell Law Group puede ayudarle a detener dicha interferencia y a recuperar la indemnizaci\u00f3n por da\u00f1os y perjuicios a la que tiene derecho.<\/p>\n<\/div><\/div>\n\n<div class=\"et_pb_module et_pb_button_module_wrapper et_pb_button_0_wrapper\"><a class=\"et_pb_button_0 et_pb_button et_pb_bg_layout_light et_pb_module et_flex_module\" href=\"\/es\/contact\/\">CONTACTO<\/a><\/div>\n<\/div>\n<\/div>\n<\/div>","protected":false},"excerpt":{"rendered":"","protected":false},"author":1,"featured_media":0,"parent":29041,"menu_order":0,"comment_status":"closed","ping_status":"closed","template":"","meta":{"_acf_changed":false,"footnotes":""},"dipi_cpt_category":[],"class_list":["post-28866","page","type-page","status-publish","hentry"],"acf":[],"yoast_head":"<!-- This site is optimized with the Yoast SEO Premium plugin v27.5 (Yoast SEO v27.5) - https:\/\/yoast.com\/product\/yoast-seo-premium-wordpress\/ -->\n<title>Advantageous Business Relationships - TCLG - The Campbell Law Group<\/title>\n<meta name=\"robots\" content=\"index, follow, max-snippet:-1, max-image-preview:large, max-video-preview:-1\" \/>\n<link rel=\"canonical\" href=\"https:\/\/tclgfirm.com\/es\/areas-de-practica-antiguas\/litigio-comercial\/interferencia-ilicita\/relaciones-comerciales-ventajosas\/\" \/>\n<meta property=\"og:locale\" content=\"es_MX\" \/>\n<meta property=\"og:type\" content=\"article\" \/>\n<meta property=\"og:title\" content=\"Advantageous Business Relationships\" \/>\n<meta property=\"og:url\" content=\"https:\/\/tclgfirm.com\/es\/areas-de-practica-antiguas\/litigio-comercial\/interferencia-ilicita\/relaciones-comerciales-ventajosas\/\" \/>\n<meta property=\"og:site_name\" content=\"TCLG - The Campbell Law Group\" \/>\n<meta property=\"article:publisher\" content=\"https:\/\/www.facebook.com\/businessattorneymiami\/\" \/>\n<meta property=\"article:modified_time\" content=\"2025-11-14T22:56:54+00:00\" \/>\n<meta property=\"og:image\" content=\"https:\/\/tclgfirm.com\/wp-content\/uploads\/2025\/11\/site-image-1.png\" \/>\n\t<meta property=\"og:image:width\" content=\"1200\" \/>\n\t<meta property=\"og:image:height\" content=\"675\" \/>\n\t<meta property=\"og:image:type\" content=\"image\/png\" \/>\n<meta name=\"twitter:card\" content=\"summary_large_image\" \/>\n<meta name=\"twitter:site\" content=\"@Campbelllawgrp\" \/>\n<script type=\"application\/ld+json\" class=\"yoast-schema-graph\">{\"@context\":\"https:\\\/\\\/schema.org\",\"@graph\":[{\"@type\":\"WebPage\",\"@id\":\"https:\\\/\\\/tclgfirm.com\\\/practice-areas-old\\\/business-litigation\\\/tortious-interference\\\/advantageous-business-relationships\\\/\",\"url\":\"https:\\\/\\\/tclgfirm.com\\\/practice-areas-old\\\/business-litigation\\\/tortious-interference\\\/advantageous-business-relationships\\\/\",\"name\":\"Advantageous Business Relationships - TCLG - The Campbell Law Group\",\"isPartOf\":{\"@id\":\"https:\\\/\\\/tclgfirm.com\\\/#website\"},\"datePublished\":\"2025-10-01T20:23:51+00:00\",\"dateModified\":\"2025-11-14T22:56:54+00:00\",\"breadcrumb\":{\"@id\":\"https:\\\/\\\/tclgfirm.com\\\/practice-areas-old\\\/business-litigation\\\/tortious-interference\\\/advantageous-business-relationships\\\/#breadcrumb\"},\"inLanguage\":\"es\",\"potentialAction\":[{\"@type\":\"ReadAction\",\"target\":[\"https:\\\/\\\/tclgfirm.com\\\/practice-areas-old\\\/business-litigation\\\/tortious-interference\\\/advantageous-business-relationships\\\/\"]}]},{\"@type\":\"BreadcrumbList\",\"@id\":\"https:\\\/\\\/tclgfirm.com\\\/practice-areas-old\\\/business-litigation\\\/tortious-interference\\\/advantageous-business-relationships\\\/#breadcrumb\",\"itemListElement\":[{\"@type\":\"ListItem\",\"position\":1,\"name\":\"Home\",\"item\":\"https:\\\/\\\/tclgfirm.com\\\/\"},{\"@type\":\"ListItem\",\"position\":2,\"name\":\"Practice Areas\",\"item\":\"https:\\\/\\\/tclgfirm.com\\\/practice-areas-old\\\/\"},{\"@type\":\"ListItem\",\"position\":3,\"name\":\"Business Litigation\",\"item\":\"https:\\\/\\\/tclgfirm.com\\\/practice-areas-old\\\/business-litigation\\\/\"},{\"@type\":\"ListItem\",\"position\":4,\"name\":\"Tortious Interference\",\"item\":\"https:\\\/\\\/tclgfirm.com\\\/practice-areas-old\\\/business-litigation\\\/tortious-interference\\\/\"},{\"@type\":\"ListItem\",\"position\":5,\"name\":\"Advantageous Business Relationships\"}]},{\"@type\":\"WebSite\",\"@id\":\"https:\\\/\\\/tclgfirm.com\\\/#website\",\"url\":\"https:\\\/\\\/tclgfirm.com\\\/\",\"name\":\"TCLG Business & Corporate Law\",\"description\":\"Business &amp; Corporate Law\",\"publisher\":{\"@id\":\"https:\\\/\\\/tclgfirm.com\\\/#organization\"},\"potentialAction\":[{\"@type\":\"SearchAction\",\"target\":{\"@type\":\"EntryPoint\",\"urlTemplate\":\"https:\\\/\\\/tclgfirm.com\\\/?s={search_term_string}\"},\"query-input\":{\"@type\":\"PropertyValueSpecification\",\"valueRequired\":true,\"valueName\":\"search_term_string\"}}],\"inLanguage\":\"es\"},{\"@type\":\"Organization\",\"@id\":\"https:\\\/\\\/tclgfirm.com\\\/#organization\",\"name\":\"The Campbell Law Group\",\"alternateName\":\"TCLG\",\"url\":\"https:\\\/\\\/tclgfirm.com\\\/\",\"logo\":{\"@type\":\"ImageObject\",\"inLanguage\":\"es\",\"@id\":\"https:\\\/\\\/tclgfirm.com\\\/#\\\/schema\\\/logo\\\/image\\\/\",\"url\":\"https:\\\/\\\/tclgfirm.com\\\/wp-content\\\/uploads\\\/2025\\\/11\\\/logo-yoast.png\",\"contentUrl\":\"https:\\\/\\\/tclgfirm.com\\\/wp-content\\\/uploads\\\/2025\\\/11\\\/logo-yoast.png\",\"width\":696,\"height\":696,\"caption\":\"The Campbell Law Group\"},\"image\":{\"@id\":\"https:\\\/\\\/tclgfirm.com\\\/#\\\/schema\\\/logo\\\/image\\\/\"},\"sameAs\":[\"https:\\\/\\\/www.facebook.com\\\/businessattorneymiami\\\/\",\"https:\\\/\\\/x.com\\\/Campbelllawgrp\"]}]}<\/script>\n<!-- \/ Yoast SEO Premium plugin. -->","yoast_head_json":{"title":"Relaciones comerciales ventajosas - TCLG - The Campbell Law Group","robots":{"index":"index","follow":"follow","max-snippet":"max-snippet:-1","max-image-preview":"max-image-preview:large","max-video-preview":"max-video-preview:-1"},"canonical":"https:\/\/tclgfirm.com\/es\/areas-de-practica-antiguas\/litigio-comercial\/interferencia-ilicita\/relaciones-comerciales-ventajosas\/","og_locale":"es_MX","og_type":"article","og_title":"Advantageous Business Relationships","og_url":"https:\/\/tclgfirm.com\/es\/areas-de-practica-antiguas\/litigio-comercial\/interferencia-ilicita\/relaciones-comerciales-ventajosas\/","og_site_name":"TCLG - The Campbell Law Group","article_publisher":"https:\/\/www.facebook.com\/businessattorneymiami\/","article_modified_time":"2025-11-14T22:56:54+00:00","og_image":[{"width":1200,"height":675,"url":"https:\/\/tclgfirm.com\/wp-content\/uploads\/2025\/11\/site-image-1.png","type":"image\/png"}],"twitter_card":"summary_large_image","twitter_site":"@Campbelllawgrp","schema":{"@context":"https:\/\/schema.org","@graph":[{"@type":"WebPage","@id":"https:\/\/tclgfirm.com\/practice-areas-old\/business-litigation\/tortious-interference\/advantageous-business-relationships\/","url":"https:\/\/tclgfirm.com\/practice-areas-old\/business-litigation\/tortious-interference\/advantageous-business-relationships\/","name":"Relaciones comerciales ventajosas - TCLG - The Campbell Law Group","isPartOf":{"@id":"https:\/\/tclgfirm.com\/#website"},"datePublished":"2025-10-01T20:23:51+00:00","dateModified":"2025-11-14T22:56:54+00:00","breadcrumb":{"@id":"https:\/\/tclgfirm.com\/practice-areas-old\/business-litigation\/tortious-interference\/advantageous-business-relationships\/#breadcrumb"},"inLanguage":"es","potentialAction":[{"@type":"ReadAction","target":["https:\/\/tclgfirm.com\/practice-areas-old\/business-litigation\/tortious-interference\/advantageous-business-relationships\/"]}]},{"@type":"BreadcrumbList","@id":"https:\/\/tclgfirm.com\/practice-areas-old\/business-litigation\/tortious-interference\/advantageous-business-relationships\/#breadcrumb","itemListElement":[{"@type":"ListItem","position":1,"name":"Home","item":"https:\/\/tclgfirm.com\/"},{"@type":"ListItem","position":2,"name":"Practice Areas","item":"https:\/\/tclgfirm.com\/practice-areas-old\/"},{"@type":"ListItem","position":3,"name":"Business Litigation","item":"https:\/\/tclgfirm.com\/practice-areas-old\/business-litigation\/"},{"@type":"ListItem","position":4,"name":"Tortious Interference","item":"https:\/\/tclgfirm.com\/practice-areas-old\/business-litigation\/tortious-interference\/"},{"@type":"ListItem","position":5,"name":"Advantageous Business Relationships"}]},{"@type":"WebSite","@id":"https:\/\/tclgfirm.com\/#website","url":"https:\/\/tclgfirm.com\/","name":"Derecho mercantil y corporativo de TCLG","description":"Derecho mercantil y corporativo","publisher":{"@id":"https:\/\/tclgfirm.com\/#organization"},"potentialAction":[{"@type":"SearchAction","target":{"@type":"EntryPoint","urlTemplate":"https:\/\/tclgfirm.com\/?s={search_term_string}"},"query-input":{"@type":"PropertyValueSpecification","valueRequired":true,"valueName":"search_term_string"}}],"inLanguage":"es"},{"@type":"Organization","@id":"https:\/\/tclgfirm.com\/#organization","name":"El Grupo Jur\u00eddico Campbell","alternateName":"TCLG","url":"https:\/\/tclgfirm.com\/","logo":{"@type":"ImageObject","inLanguage":"es","@id":"https:\/\/tclgfirm.com\/#\/schema\/logo\/image\/","url":"https:\/\/tclgfirm.com\/wp-content\/uploads\/2025\/11\/logo-yoast.png","contentUrl":"https:\/\/tclgfirm.com\/wp-content\/uploads\/2025\/11\/logo-yoast.png","width":696,"height":696,"caption":"The Campbell Law Group"},"image":{"@id":"https:\/\/tclgfirm.com\/#\/schema\/logo\/image\/"},"sameAs":["https:\/\/www.facebook.com\/businessattorneymiami\/","https:\/\/x.com\/Campbelllawgrp"]}]}},"_links":{"self":[{"href":"https:\/\/tclgfirm.com\/es\/wp-json\/wp\/v2\/pages\/28866","targetHints":{"allow":["GET"]}}],"collection":[{"href":"https:\/\/tclgfirm.com\/es\/wp-json\/wp\/v2\/pages"}],"about":[{"href":"https:\/\/tclgfirm.com\/es\/wp-json\/wp\/v2\/types\/page"}],"author":[{"embeddable":true,"href":"https:\/\/tclgfirm.com\/es\/wp-json\/wp\/v2\/users\/1"}],"replies":[{"embeddable":true,"href":"https:\/\/tclgfirm.com\/es\/wp-json\/wp\/v2\/comments?post=28866"}],"version-history":[{"count":0,"href":"https:\/\/tclgfirm.com\/es\/wp-json\/wp\/v2\/pages\/28866\/revisions"}],"up":[{"embeddable":true,"href":"https:\/\/tclgfirm.com\/es\/wp-json\/wp\/v2\/pages\/29041"}],"wp:attachment":[{"href":"https:\/\/tclgfirm.com\/es\/wp-json\/wp\/v2\/media?parent=28866"}],"wp:term":[{"taxonomy":"dipi_cpt_category","embeddable":true,"href":"https:\/\/tclgfirm.com\/es\/wp-json\/wp\/v2\/dipi_cpt_category?post=28866"}],"curies":[{"name":"wp","href":"https:\/\/api.w.org\/{rel}","templated":true}]}}