{"id":28867,"date":"2025-10-01T16:27:06","date_gmt":"2025-10-01T20:27:06","guid":{"rendered":"https:\/\/tclgdev.wpenginepowered.com\/?page_id=28867"},"modified":"2025-11-14T17:58:17","modified_gmt":"2025-11-14T22:58:17","slug":"relaciones-comerciales-contractuales","status":"publish","type":"page","link":"https:\/\/tclgfirm.com\/es\/practice-areas-old\/business-litigation\/tortious-interference\/contractual-business-relationships\/","title":{"rendered":"Relaciones comerciales contractuales"},"content":{"rendered":"<div class=\"et_pb_section_0 et_pb_section et_section_regular et_flex_section preset--module--divi-section--mjwl5e219h\">\n<div class=\"et_pb_row_0 et_pb_row et_flex_row\">\n<div class=\"et_pb_column_0 et_pb_column et_flex_column et_pb_css_mix_blend_mode_passthrough et_flex_column_24_24 et_flex_column_24_24_tablet et_flex_column_24_24_phone\">\n<div class=\"et_pb_text_0 et_pb_text et_pb_bg_layout_light et_pb_module et_flex_module preset--group--divi-text--divi-font-body--default\"><div class=\"et_pb_text_inner\"><h1>Relaciones comerciales contractuales<\/h1>\n<\/div><\/div>\n<\/div>\n\n<div class=\"et_pb_column_1 et_pb_column et-last-child et_flex_column et_pb_css_mix_blend_mode_passthrough et_flex_column_24_24 et_flex_column_24_24_tablet et_flex_column_24_24_phone\">\n<div class=\"et_pb_image_0 et_pb_image et_pb_module et_flex_module\"><span class=\"et_pb_image_wrap\"><img loading=\"lazy\" decoding=\"async\" src=\"https:\/\/tclgfirm.com\/wp-content\/uploads\/2025\/09\/TCLG.ISO-Cream.png\" width=\"341\" height=\"350\" srcset=\"https:\/\/tclgfirm.com\/wp-content\/uploads\/2025\/09\/TCLG.ISO-Cream.png 341w, https:\/\/tclgfirm.com\/wp-content\/uploads\/2025\/09\/TCLG.ISO-Cream-292x300.png 292w, https:\/\/tclgfirm.com\/wp-content\/uploads\/2025\/09\/TCLG.ISO-Cream-12x12.png 12w\" sizes=\"(max-width: 341px) 100vw, 341px\" class=\"wp-image-28819\" alt=\"Favicon de Tclg\" \/><\/span><\/div>\n<\/div>\n<\/div>\n<\/div>\n\n<div class=\"et_pb_section_1 et_pb_section et_section_regular et_flex_section\"><div class=\"et_pb_row_1 et_pb_row et_flex_row\"><div class=\"et_pb_column_2 et_pb_column et-last-child et_flex_column et_pb_css_mix_blend_mode_passthrough et_flex_column_24_24 et_flex_column_24_24_tablet et_flex_column_24_24_phone\"><div class=\"et_pb_text_1 et_pb_text et_pb_bg_layout_light et_pb_module et_flex_module preset--group--divi-text--divi-font-body--default\"><div class=\"et_pb_text_inner\"><span><span><a href=\"https:\/\/tclgfirm.com\/es\/\">Inicio<\/a><\/span><\/span>\n<\/div><\/div><\/div><\/div><\/div>\n\n\n\n<div class=\"et_pb_section_2 et_pb_section et_section_regular et_flex_section\">\n<div class=\"et_pb_row_2 et_pb_row et_flex_row\">\n<div class=\"et_pb_column_3 et_pb_column et-last-child et_flex_column et_pb_css_mix_blend_mode_passthrough et_flex_column_24_24 et_flex_column_24_24_tablet et_flex_column_24_24_phone\">\n<div class=\"et_pb_text_2 et_pb_text et_pb_bg_layout_light et_pb_module et_flex_module phc-pa-text preset--group--divi-text--divi-font-body--default\"><div class=\"et_pb_text_inner\"><p>La interferencia il\u00edcita en una relaci\u00f3n contractual puede causar da\u00f1os incalculables a las empresas y, en ocasiones, pasar completamente desapercibida hasta que la situaci\u00f3n se vuelve grave. Si considera que su empresa puede ser v\u00edctima de una interferencia il\u00edcita, contar con un abogado experimentado y con amplia trayectoria a su lado puede marcar la diferencia a la hora de litigar con \u00e9xito.<\/p>\n<p>Para demostrar la interferencia il\u00edcita en una relaci\u00f3n contractual comercial, deben demostrarse ciertos elementos clave. Por lo general, debe poder demostrar la existencia de una relaci\u00f3n contractual que el autor del delito conoc\u00eda. El autor del delito debe causar de forma intencionada y sin justificaci\u00f3n un incumplimiento o una interrupci\u00f3n de la relaci\u00f3n contractual. Por \u00faltimo, las acciones del autor del delito que causaron el incumplimiento o la interrupci\u00f3n deben haber provocado da\u00f1os a su negocio. Por lo general, la interferencia il\u00edcita del autor del delito debe ser intencionada, y no negligente, para que usted pueda cobrar una indemnizaci\u00f3n por da\u00f1os y perjuicios, y debe incluir alg\u00fan tipo de acto il\u00edcito y\/o uso o acceso indebido de informaci\u00f3n confidencial que el autor del delito utilice para interferir en su relaci\u00f3n contractual.<\/p>\n<p>Un ejemplo com\u00fan de interferencia il\u00edcita en una relaci\u00f3n contractual es cuando un tercero convence o coacciona a un proveedor para que rescinda o limite un contrato y, por lo tanto, deje de prestar servicios a una empresa competidora o lo haga de forma restringida.<\/p>\n<p>Lo que constituye una interferencia il\u00edcita se basa en gran medida en las leyes y estatutos sobre responsabilidad civil de cada estado, as\u00ed como en lo que cada tribunal ha dictaminado en casos anteriores. Florida tiene un historial bastante s\u00f3lido en cuanto a la indemnizaci\u00f3n de las partes perjudicadas por un autor de un delito civil, aunque cada caso debe decidirse en funci\u00f3n de sus propias circunstancias. Muchos empresarios cometen el error de suponer que los tribunales de Florida no estar\u00e1n de acuerdo con la conducta intencionada del autor del delito civil y simplemente considerar\u00e1n el comportamiento como \u201ccompetencia\u201d. La interferencia il\u00edcita en una relaci\u00f3n contractual es una causa de acci\u00f3n com\u00fan en Florida y los tribunales reconocer\u00e1n el da\u00f1o econ\u00f3mico resultante de las acciones del autor del delito civil cuando sea merecido.<\/p>\n<p>Ninguno de estos casos es \u201cblanco o negro\u201d y no deben darse por sentados. Para ganar un juicio por interferencia il\u00edcita, los abogados del demandante deben presentar un caso s\u00f3lido y convincente que no deje nada al azar.<\/p>\n<p>Al igual que con cualquier litigio, es fundamental que primero consulte con un abogado con experiencia para asegurarse de que tiene motivos y pruebas suficientes para llevar adelante su caso. Nuestra firma, con sede en el sur de Florida, tiene una amplia experiencia en casos de interferencia il\u00edcita y puede representar a su empresa o actuar como asesor legal en litigios. Para saber c\u00f3mo puede ayudarle TCLG:\u00a0<\/p>\n<p>&nbsp;<\/p>\n<\/div><\/div>\n\n<div class=\"et_pb_module et_pb_button_module_wrapper et_pb_button_0_wrapper\"><a class=\"et_pb_button_0 et_pb_button et_pb_bg_layout_light et_pb_module et_flex_module\" href=\"\/es\/contact\/\">CONTACTO<\/a><\/div>\n<\/div>\n<\/div>\n<\/div>","protected":false},"excerpt":{"rendered":"","protected":false},"author":1,"featured_media":0,"parent":29041,"menu_order":0,"comment_status":"closed","ping_status":"closed","template":"","meta":{"_acf_changed":false,"footnotes":""},"dipi_cpt_category":[],"class_list":["post-28867","page","type-page","status-publish","hentry"],"acf":[],"yoast_head":"<!-- This site is optimized with the Yoast SEO Premium plugin v27.5 (Yoast SEO v27.5) - https:\/\/yoast.com\/product\/yoast-seo-premium-wordpress\/ -->\n<title>Contractual Business Relationships - TCLG - The Campbell Law Group<\/title>\n<meta name=\"robots\" content=\"index, follow, max-snippet:-1, max-image-preview:large, max-video-preview:-1\" \/>\n<link rel=\"canonical\" href=\"https:\/\/tclgfirm.com\/es\/areas-de-practica-antiguas\/litigio-comercial\/interferencia-ilicita\/relaciones-comerciales-contractuales\/\" \/>\n<meta property=\"og:locale\" content=\"es_MX\" \/>\n<meta property=\"og:type\" content=\"article\" \/>\n<meta property=\"og:title\" content=\"Contractual Business Relationships\" \/>\n<meta property=\"og:url\" content=\"https:\/\/tclgfirm.com\/es\/areas-de-practica-antiguas\/litigio-comercial\/interferencia-ilicita\/relaciones-comerciales-contractuales\/\" \/>\n<meta property=\"og:site_name\" content=\"TCLG - The Campbell Law Group\" \/>\n<meta property=\"article:publisher\" content=\"https:\/\/www.facebook.com\/businessattorneymiami\/\" \/>\n<meta property=\"article:modified_time\" content=\"2025-11-14T22:58:17+00:00\" \/>\n<meta property=\"og:image\" content=\"https:\/\/tclgfirm.com\/wp-content\/uploads\/2025\/11\/site-image-1.png\" \/>\n\t<meta property=\"og:image:width\" content=\"1200\" \/>\n\t<meta property=\"og:image:height\" content=\"675\" \/>\n\t<meta property=\"og:image:type\" content=\"image\/png\" \/>\n<meta name=\"twitter:card\" content=\"summary_large_image\" \/>\n<meta name=\"twitter:site\" content=\"@Campbelllawgrp\" \/>\n<script type=\"application\/ld+json\" class=\"yoast-schema-graph\">{\"@context\":\"https:\\\/\\\/schema.org\",\"@graph\":[{\"@type\":\"WebPage\",\"@id\":\"https:\\\/\\\/tclgfirm.com\\\/practice-areas-old\\\/business-litigation\\\/tortious-interference\\\/contractual-business-relationships\\\/\",\"url\":\"https:\\\/\\\/tclgfirm.com\\\/practice-areas-old\\\/business-litigation\\\/tortious-interference\\\/contractual-business-relationships\\\/\",\"name\":\"Contractual Business Relationships - TCLG - The Campbell Law Group\",\"isPartOf\":{\"@id\":\"https:\\\/\\\/tclgfirm.com\\\/#website\"},\"datePublished\":\"2025-10-01T20:27:06+00:00\",\"dateModified\":\"2025-11-14T22:58:17+00:00\",\"breadcrumb\":{\"@id\":\"https:\\\/\\\/tclgfirm.com\\\/practice-areas-old\\\/business-litigation\\\/tortious-interference\\\/contractual-business-relationships\\\/#breadcrumb\"},\"inLanguage\":\"es\",\"potentialAction\":[{\"@type\":\"ReadAction\",\"target\":[\"https:\\\/\\\/tclgfirm.com\\\/practice-areas-old\\\/business-litigation\\\/tortious-interference\\\/contractual-business-relationships\\\/\"]}]},{\"@type\":\"BreadcrumbList\",\"@id\":\"https:\\\/\\\/tclgfirm.com\\\/practice-areas-old\\\/business-litigation\\\/tortious-interference\\\/contractual-business-relationships\\\/#breadcrumb\",\"itemListElement\":[{\"@type\":\"ListItem\",\"position\":1,\"name\":\"Home\",\"item\":\"https:\\\/\\\/tclgfirm.com\\\/\"},{\"@type\":\"ListItem\",\"position\":2,\"name\":\"Practice Areas\",\"item\":\"https:\\\/\\\/tclgfirm.com\\\/practice-areas-old\\\/\"},{\"@type\":\"ListItem\",\"position\":3,\"name\":\"Business Litigation\",\"item\":\"https:\\\/\\\/tclgfirm.com\\\/practice-areas-old\\\/business-litigation\\\/\"},{\"@type\":\"ListItem\",\"position\":4,\"name\":\"Tortious Interference\",\"item\":\"https:\\\/\\\/tclgfirm.com\\\/practice-areas-old\\\/business-litigation\\\/tortious-interference\\\/\"},{\"@type\":\"ListItem\",\"position\":5,\"name\":\"Contractual Business Relationships\"}]},{\"@type\":\"WebSite\",\"@id\":\"https:\\\/\\\/tclgfirm.com\\\/#website\",\"url\":\"https:\\\/\\\/tclgfirm.com\\\/\",\"name\":\"TCLG Business & Corporate Law\",\"description\":\"Business &amp; Corporate Law\",\"publisher\":{\"@id\":\"https:\\\/\\\/tclgfirm.com\\\/#organization\"},\"potentialAction\":[{\"@type\":\"SearchAction\",\"target\":{\"@type\":\"EntryPoint\",\"urlTemplate\":\"https:\\\/\\\/tclgfirm.com\\\/?s={search_term_string}\"},\"query-input\":{\"@type\":\"PropertyValueSpecification\",\"valueRequired\":true,\"valueName\":\"search_term_string\"}}],\"inLanguage\":\"es\"},{\"@type\":\"Organization\",\"@id\":\"https:\\\/\\\/tclgfirm.com\\\/#organization\",\"name\":\"The Campbell Law Group\",\"alternateName\":\"TCLG\",\"url\":\"https:\\\/\\\/tclgfirm.com\\\/\",\"logo\":{\"@type\":\"ImageObject\",\"inLanguage\":\"es\",\"@id\":\"https:\\\/\\\/tclgfirm.com\\\/#\\\/schema\\\/logo\\\/image\\\/\",\"url\":\"https:\\\/\\\/tclgfirm.com\\\/wp-content\\\/uploads\\\/2025\\\/11\\\/logo-yoast.png\",\"contentUrl\":\"https:\\\/\\\/tclgfirm.com\\\/wp-content\\\/uploads\\\/2025\\\/11\\\/logo-yoast.png\",\"width\":696,\"height\":696,\"caption\":\"The Campbell Law Group\"},\"image\":{\"@id\":\"https:\\\/\\\/tclgfirm.com\\\/#\\\/schema\\\/logo\\\/image\\\/\"},\"sameAs\":[\"https:\\\/\\\/www.facebook.com\\\/businessattorneymiami\\\/\",\"https:\\\/\\\/x.com\\\/Campbelllawgrp\"]}]}<\/script>\n<!-- \/ Yoast SEO Premium plugin. -->","yoast_head_json":{"title":"Relaciones comerciales contractuales - TCLG - The Campbell Law Group","robots":{"index":"index","follow":"follow","max-snippet":"max-snippet:-1","max-image-preview":"max-image-preview:large","max-video-preview":"max-video-preview:-1"},"canonical":"https:\/\/tclgfirm.com\/es\/areas-de-practica-antiguas\/litigio-comercial\/interferencia-ilicita\/relaciones-comerciales-contractuales\/","og_locale":"es_MX","og_type":"article","og_title":"Contractual Business Relationships","og_url":"https:\/\/tclgfirm.com\/es\/areas-de-practica-antiguas\/litigio-comercial\/interferencia-ilicita\/relaciones-comerciales-contractuales\/","og_site_name":"TCLG - The Campbell Law Group","article_publisher":"https:\/\/www.facebook.com\/businessattorneymiami\/","article_modified_time":"2025-11-14T22:58:17+00:00","og_image":[{"width":1200,"height":675,"url":"https:\/\/tclgfirm.com\/wp-content\/uploads\/2025\/11\/site-image-1.png","type":"image\/png"}],"twitter_card":"summary_large_image","twitter_site":"@Campbelllawgrp","schema":{"@context":"https:\/\/schema.org","@graph":[{"@type":"WebPage","@id":"https:\/\/tclgfirm.com\/practice-areas-old\/business-litigation\/tortious-interference\/contractual-business-relationships\/","url":"https:\/\/tclgfirm.com\/practice-areas-old\/business-litigation\/tortious-interference\/contractual-business-relationships\/","name":"Relaciones comerciales contractuales - TCLG - The Campbell Law Group","isPartOf":{"@id":"https:\/\/tclgfirm.com\/#website"},"datePublished":"2025-10-01T20:27:06+00:00","dateModified":"2025-11-14T22:58:17+00:00","breadcrumb":{"@id":"https:\/\/tclgfirm.com\/practice-areas-old\/business-litigation\/tortious-interference\/contractual-business-relationships\/#breadcrumb"},"inLanguage":"es","potentialAction":[{"@type":"ReadAction","target":["https:\/\/tclgfirm.com\/practice-areas-old\/business-litigation\/tortious-interference\/contractual-business-relationships\/"]}]},{"@type":"BreadcrumbList","@id":"https:\/\/tclgfirm.com\/practice-areas-old\/business-litigation\/tortious-interference\/contractual-business-relationships\/#breadcrumb","itemListElement":[{"@type":"ListItem","position":1,"name":"Home","item":"https:\/\/tclgfirm.com\/"},{"@type":"ListItem","position":2,"name":"Practice Areas","item":"https:\/\/tclgfirm.com\/practice-areas-old\/"},{"@type":"ListItem","position":3,"name":"Business Litigation","item":"https:\/\/tclgfirm.com\/practice-areas-old\/business-litigation\/"},{"@type":"ListItem","position":4,"name":"Tortious Interference","item":"https:\/\/tclgfirm.com\/practice-areas-old\/business-litigation\/tortious-interference\/"},{"@type":"ListItem","position":5,"name":"Contractual Business Relationships"}]},{"@type":"WebSite","@id":"https:\/\/tclgfirm.com\/#website","url":"https:\/\/tclgfirm.com\/","name":"Derecho mercantil y corporativo de TCLG","description":"Derecho mercantil y corporativo","publisher":{"@id":"https:\/\/tclgfirm.com\/#organization"},"potentialAction":[{"@type":"SearchAction","target":{"@type":"EntryPoint","urlTemplate":"https:\/\/tclgfirm.com\/?s={search_term_string}"},"query-input":{"@type":"PropertyValueSpecification","valueRequired":true,"valueName":"search_term_string"}}],"inLanguage":"es"},{"@type":"Organization","@id":"https:\/\/tclgfirm.com\/#organization","name":"El Grupo Jur\u00eddico Campbell","alternateName":"TCLG","url":"https:\/\/tclgfirm.com\/","logo":{"@type":"ImageObject","inLanguage":"es","@id":"https:\/\/tclgfirm.com\/#\/schema\/logo\/image\/","url":"https:\/\/tclgfirm.com\/wp-content\/uploads\/2025\/11\/logo-yoast.png","contentUrl":"https:\/\/tclgfirm.com\/wp-content\/uploads\/2025\/11\/logo-yoast.png","width":696,"height":696,"caption":"The Campbell Law Group"},"image":{"@id":"https:\/\/tclgfirm.com\/#\/schema\/logo\/image\/"},"sameAs":["https:\/\/www.facebook.com\/businessattorneymiami\/","https:\/\/x.com\/Campbelllawgrp"]}]}},"_links":{"self":[{"href":"https:\/\/tclgfirm.com\/es\/wp-json\/wp\/v2\/pages\/28867","targetHints":{"allow":["GET"]}}],"collection":[{"href":"https:\/\/tclgfirm.com\/es\/wp-json\/wp\/v2\/pages"}],"about":[{"href":"https:\/\/tclgfirm.com\/es\/wp-json\/wp\/v2\/types\/page"}],"author":[{"embeddable":true,"href":"https:\/\/tclgfirm.com\/es\/wp-json\/wp\/v2\/users\/1"}],"replies":[{"embeddable":true,"href":"https:\/\/tclgfirm.com\/es\/wp-json\/wp\/v2\/comments?post=28867"}],"version-history":[{"count":0,"href":"https:\/\/tclgfirm.com\/es\/wp-json\/wp\/v2\/pages\/28867\/revisions"}],"up":[{"embeddable":true,"href":"https:\/\/tclgfirm.com\/es\/wp-json\/wp\/v2\/pages\/29041"}],"wp:attachment":[{"href":"https:\/\/tclgfirm.com\/es\/wp-json\/wp\/v2\/media?parent=28867"}],"wp:term":[{"taxonomy":"dipi_cpt_category","embeddable":true,"href":"https:\/\/tclgfirm.com\/es\/wp-json\/wp\/v2\/dipi_cpt_category?post=28867"}],"curies":[{"name":"wp","href":"https:\/\/api.w.org\/{rel}","templated":true}]}}