{"id":28870,"date":"2025-10-02T12:46:48","date_gmt":"2025-10-02T16:46:48","guid":{"rendered":"https:\/\/tclgdev.wpenginepowered.com\/?page_id=28870"},"modified":"2025-11-14T17:52:37","modified_gmt":"2025-11-14T22:52:37","slug":"conversion","status":"publish","type":"page","link":"https:\/\/tclgfirm.com\/es\/practice-areas-old\/business-litigation\/misappropriation-fraud-and-other-business-torts\/conversion\/","title":{"rendered":"Conversi\u00f3n"},"content":{"rendered":"<div class=\"et_pb_section_0 et_pb_section et_section_regular et_flex_section preset--module--divi-section--mjwl5e219h\">\n<div class=\"et_pb_row_0 et_pb_row et_flex_row\">\n<div class=\"et_pb_column_0 et_pb_column et_flex_column et_pb_css_mix_blend_mode_passthrough et_flex_column_24_24 et_flex_column_24_24_tablet et_flex_column_24_24_phone\">\n<div class=\"et_pb_text_0 et_pb_text et_pb_bg_layout_light et_pb_module et_flex_module preset--group--divi-text--divi-font-body--default\"><div class=\"et_pb_text_inner\"><h1>Conversi\u00f3n<\/h1>\n<\/div><\/div>\n<\/div>\n\n<div class=\"et_pb_column_1 et_pb_column et-last-child et_flex_column et_pb_css_mix_blend_mode_passthrough et_flex_column_24_24 et_flex_column_24_24_tablet et_flex_column_24_24_phone\">\n<div class=\"et_pb_image_0 et_pb_image et_pb_module et_flex_module\"><span class=\"et_pb_image_wrap\"><img loading=\"lazy\" decoding=\"async\" src=\"https:\/\/tclgfirm.com\/wp-content\/uploads\/2025\/09\/TCLG.ISO-Cream.png\" width=\"341\" height=\"350\" srcset=\"https:\/\/tclgfirm.com\/wp-content\/uploads\/2025\/09\/TCLG.ISO-Cream.png 341w, https:\/\/tclgfirm.com\/wp-content\/uploads\/2025\/09\/TCLG.ISO-Cream-292x300.png 292w, https:\/\/tclgfirm.com\/wp-content\/uploads\/2025\/09\/TCLG.ISO-Cream-12x12.png 12w\" sizes=\"(max-width: 341px) 100vw, 341px\" class=\"wp-image-28819\" alt=\"Favicon de Tclg\" \/><\/span><\/div>\n<\/div>\n<\/div>\n<\/div>\n\n<div class=\"et_pb_section_1 et_pb_section et_section_regular et_flex_section\"><div class=\"et_pb_row_1 et_pb_row et_flex_row\"><div class=\"et_pb_column_2 et_pb_column et-last-child et_flex_column et_pb_css_mix_blend_mode_passthrough et_flex_column_24_24 et_flex_column_24_24_tablet et_flex_column_24_24_phone\"><div class=\"et_pb_text_1 et_pb_text et_pb_bg_layout_light et_pb_module et_flex_module preset--group--divi-text--divi-font-body--default\"><div class=\"et_pb_text_inner\"><span><span><a href=\"https:\/\/tclgfirm.com\/es\/\">Inicio<\/a><\/span><\/span>\n<\/div><\/div><\/div><\/div><\/div>\n\n\n\n<div class=\"et_pb_section_2 et_pb_section et_section_regular et_flex_section\">\n<div class=\"et_pb_row_2 et_pb_row et_flex_row\">\n<div class=\"et_pb_column_3 et_pb_column et-last-child et_flex_column et_pb_css_mix_blend_mode_passthrough et_flex_column_24_24 et_flex_column_24_24_tablet et_flex_column_24_24_phone\">\n<div class=\"et_pb_text_2 et_pb_text et_pb_bg_layout_light et_pb_module et_flex_module phc-pa-text preset--group--divi-text--divi-font-body--default\"><div class=\"et_pb_text_inner\"><p>La tergiversaci\u00f3n y el fraude son delitos graves que pueden causar da\u00f1os significativos tanto a particulares como a empresas. Si usted o su empresa han sido enga\u00f1ados intencionadamente, pueden tener opciones legales para obtener compensaci\u00f3n y justicia. Tanto si le han enga\u00f1ado en una transacci\u00f3n, como si le han inducido a firmar un contrato o se ha fiado de las declaraciones de otra persona que han resultado ser falsas, puede que necesite emprender acciones legales r\u00e1pidas para recuperarse.<\/p>\n<p>Si sospecha que usted o su empresa han sido v\u00edctimas de tergiversaci\u00f3n o fraude, es crucial que busque la orientaci\u00f3n de abogados con experiencia en litigios comerciales en Florida. Un abogado puede ayudarle a evaluar su caso, reunir pruebas y elaborar una estrategia legal s\u00f3lida para interponer todos los recursos legales disponibles.<\/p>\n<h2>Litigios por falsedad<\/h2>\n<p>La tergiversaci\u00f3n es una declaraci\u00f3n u omisi\u00f3n que es falsa o enga\u00f1osa o que hace que otras declaraciones sean enga\u00f1osas con la intenci\u00f3n de enga\u00f1ar. Es crucial entender las distinciones entre la tergiversaci\u00f3n y otras causas de acci\u00f3n por fraude, como el fraude en la inducci\u00f3n, para presentar un caso contra un estafador de manera efectiva. En Florida, hay dos tipos de tergiversaci\u00f3n: fraudulenta y negligente.<br \/>Falsedad negligente<br \/>La tergiversaci\u00f3n negligente se produce cuando un demandado hace una declaraci\u00f3n sobre un hecho material que cree verdadera pero que, de hecho, es falsa. Para ello es fundamental que el demandado supiera que la declaraci\u00f3n era falsa y que tuviera la intenci\u00f3n o esperara que otra persona confiara en ella.<\/p>\n<h2>Falsedad fraudulenta<\/h2>\n<p>En cambio, la tergiversaci\u00f3n fraudulenta se produce cuando el demandado hace intencionadamente una declaraci\u00f3n falsa sobre un hecho material, con la expectativa de que otra persona se f\u00ede de ella.<\/p>\n<p>Los elementos de la falsedad fraudulenta son:<\/p>\n<ol style=\"list-style-type: lower-roman;\">\n<li>Declaraci\u00f3n falsa intencionada relativa a un hecho material;<\/li>\n<li>Conocimiento de la falsedad de la declaraci\u00f3n;<\/li>\n<li>Intenci\u00f3n de enga\u00f1ar o inducir a la confianza;<\/li>\n<li>Confianza en la tergiversaci\u00f3n;<\/li>\n<li>Da\u00f1os o p\u00e9rdidas reales como consecuencia de ello.<\/li>\n<\/ol>\n<p>No permita que nadie se salga con la suya enga\u00f1\u00e1ndole a usted o a su empresa. Busque justicia a trav\u00e9s de un litigio por tergiversaci\u00f3n y haga que la parte responsable rinda cuentas.<\/p>\n<h2>Litigios por fraude<\/h2>\n<p>El fraude es un delito grave que puede causar da\u00f1os significativos a quienes caen v\u00edctimas del mismo. El litigio asociado puede adoptar diversas formas, como fraude en la inducci\u00f3n, tambi\u00e9n conocido como demanda por inducci\u00f3n fraudulenta, tergiversaci\u00f3n fraudulenta, como se ha comentado anteriormente, fraude constructivo y fraude simple. Es crucial distinguir entre ellos para determinar el curso de acci\u00f3n apropiado.<\/p>\n<\/div><\/div>\n\n<div class=\"et_pb_text_3 et_pb_text et_pb_bg_layout_light et_pb_module et_flex_module phc-pa-text preset--group--divi-text--divi-font-body--default\"><div class=\"et_pb_text_inner\" data-et-mv-hidden-phone=\"true\"><table style=\"width: 90%; border-collapse: collapse; background-color: #f4f3f1; margin-left: auto; margin-right: auto;\" border=\"1px solid #34171B\">\n<colgroup>\n<col style=\"width: 20%;\" \/>\n<col style=\"width: 30%;\" \/>\n<col style=\"width: 30%;\" \/>\n<col style=\"width: 20%;\" \/> <\/colgroup>\n<tbody>\n<tr>\n<th style=\"text-align: center; border: 1px solid #34171B;\"><strong>Tipo de fraude<\/strong><\/th>\n<th style=\"text-align: center; border: 1px solid #34171B;\"><strong>Definici\u00f3n<\/strong><\/th>\n<th style=\"text-align: center; border: 1px solid #34171B;\"><strong>Elementos clave<\/strong><\/th>\n<th style=\"text-align: center; border: 1px solid #34171B;\"><strong>Contextos comunes<\/strong><\/th>\n<\/tr>\n<tr>\n<td style=\"border: 1px solid #34171B;\">Fraude (General)<\/td>\n<td style=\"border: 1px solid #34171B;\">Una declaraci\u00f3n falsa y enga\u00f1osa a sabiendas sobre un hecho material realizada para inducir a la acci\u00f3n, causando da\u00f1o a la v\u00edctima.<\/td>\n<td style=\"border: 1px solid #34171B;\">1. Declaraci\u00f3n falsa de hechos materiales;<br \/>\n2. Conocimiento de la falsedad;<br \/>\n3. Intenci\u00f3n de inducir confianza;<br \/>\n4. Da\u00f1os derivados de la confianza<\/td>\n<td style=\"border: 1px solid #34171B;\">Transacciones comerciales, fraude en las inversiones, publicidad enga\u00f1osa<\/td>\n<\/tr>\n<tr>\n<td style=\"border: 1px solid #34171B;\">Fraude en la inducci\u00f3n<\/td>\n<td style=\"border: 1px solid #34171B;\">Una declaraci\u00f3n falsa hecha para persuadir a alguien de celebrar un contrato o emprender una acci\u00f3n, con el resultado de un perjuicio.<\/td>\n<td style=\"border: 1px solid #34171B;\">1. Falseamiento de hechos materiales;<br \/>\n2. Conocimiento (o deber\u00eda haber conocido) de la falsedad;<br \/>\n3. Intenci\u00f3n de inducir confianza;<br \/>\n4. Confianza justificada y perjuicio resultante<\/td>\n<td style=\"border: 1px solid #34171B;\">Negociaciones contractuales, acuerdos inmobiliarios, ofertas de empleo<\/td>\n<\/tr>\n<tr>\n<td style=\"border: 1px solid #34171B;\">Fraude constructivo<\/td>\n<td style=\"border: 1px solid #34171B;\">Surge de un incumplimiento del deber o de la confianza en las relaciones confidenciales o fiduciarias, a menudo con influencia indebida.<\/td>\n<td style=\"border: 1px solid #34171B;\">1. Relaci\u00f3n fiduciaria\/confidencial;<br \/>\n2. Deber incumplido mediante enga\u00f1o o extralimitaci\u00f3n;<br \/>\n3. Da\u00f1o a la parte confiada<\/td>\n<td style=\"border: 1px solid #34171B;\">Deberes fiduciarios, abuso de ancianos, conflictos societarios<\/td>\n<\/tr>\n<\/tbody>\n<\/table>\n<\/div><\/div>\n\n<div class=\"et_pb_accordion_0 et_pb_accordion et_pb_module et_flex_module preset--group--divi-accordion--divi-font-body--default\">\n<div class=\"et_pb_accordion_item_0 et_pb_accordion_item et_pb_toggle et_pb_module et_pb_toggle_open et_flex_module preset--group--divi-accordion-item--divi-font-body--default\"><h4 class=\"et_pb_toggle_title\">Fraude (General)<\/h4><div class=\"et_pb_toggle_content et_flex_module\"><p><strong>Definici\u00f3n<\/strong><br \/>Una declaraci\u00f3n falsa y enga\u00f1osa a sabiendas sobre un hecho material realizada para inducir a la acci\u00f3n, causando da\u00f1o a la v\u00edctima. <\/p>\n<p><strong>Elementos clave<\/strong> <\/p>\n<ol>\n<li>Declaraci\u00f3n falsa de hechos materiales;<\/li>\n<li>Conocimiento de la falsedad;<\/li>\n<li>Intenci\u00f3n de inducir confianza;<\/li>\n<li>Da\u00f1os derivados de la confianza<\/li>\n<\/ol>\n<p><strong>Contextos comunes<\/strong><br \/>Transacciones comerciales, fraude en las inversiones, publicidad enga\u00f1osa<\/p>\n<\/div><\/div>\n\n<div class=\"et_pb_accordion_item_1 et_pb_accordion_item et_pb_toggle et_pb_module et_pb_toggle_close et_flex_module preset--group--divi-accordion-item--divi-font-body--default\"><h4 class=\"et_pb_toggle_title\">Fraude en la inducci\u00f3n<\/h4><div class=\"et_pb_toggle_content et_flex_module\"><p><strong>Definici\u00f3n<\/strong><br \/>Una declaraci\u00f3n falsa hecha para persuadir a alguien de celebrar un contrato o emprender una acci\u00f3n, con el resultado de un perjuicio. <\/p>\n<p><strong>Elementos clave<\/strong><\/p>\n<ol>\n<li>Tergiversaci\u00f3n de hechos materiales;<\/li>\n<li>Conocimiento (o deber\u00eda haber conocido) de la falsedad;<\/li>\n<li>Intenci\u00f3n de inducir confianza;<\/li>\n<li>Confianza justificada y perjuicio resultante<\/li>\n<\/ol>\n<p><strong>Contextos comunes<\/strong><br \/>Negociaciones contractuales, acuerdos inmobiliarios, ofertas de empleo<\/p>\n<\/div><\/div>\n\n<div class=\"et_pb_accordion_item_2 et_pb_accordion_item et_pb_toggle et_pb_module et_pb_toggle_close et_flex_module preset--group--divi-accordion-item--divi-font-body--default\"><h4 class=\"et_pb_toggle_title\">Fraude constructivo<\/h4><div class=\"et_pb_toggle_content et_flex_module\"><p><strong>Definici\u00f3n<\/strong><br \/>Surge de un incumplimiento del deber o de la confianza en las relaciones confidenciales o fiduciarias, a menudo con influencia indebida. <\/p>\n<p><strong>Elementos clave<\/strong><\/p>\n<ol>\n<li>Relaci\u00f3n fiduciaria\/confidencial;<\/li>\n<li>Incumplimiento del deber por enga\u00f1o o extralimitaci\u00f3n;<\/li>\n<li>Da\u00f1o a la parte confiada<\/li>\n<\/ol>\n<p><strong>Contextos comunes<\/strong><br \/>Deberes fiduciarios, abuso de ancianos, conflictos societarios<\/p>\n<\/div><\/div>\n<\/div>\n\n<div class=\"et_pb_text_4 et_pb_text et_pb_bg_layout_light et_pb_module et_flex_module phc-pa-text preset--group--divi-text--divi-font-body--default\"><div class=\"et_pb_text_inner\"><p>Independientemente del tipo de fraude o tergiversaci\u00f3n, estas demandas deben presentarse con un alto nivel de especificidad. Por lo tanto, es crucial que un abogado con experiencia en derecho mercantil revise su caso antes de iniciar el litigio.<\/p>\n<h2>Otros agravios comerciales<\/h2>\n<p>Al igual que las demandas por tergiversaci\u00f3n y fraude se basan en actos il\u00edcitos de una persona, existen otras demandas que surgen en el contexto empresarial y se basan en actos il\u00edcitos. Se conocen como delitos civiles empresariales. Un delito civil es un acto il\u00edcito o una infracci\u00f3n de un derecho (fuera de un contrato) que da lugar a responsabilidad civil. Los delitos intencionales son aquellos en los que el infractor o autor del delito actu\u00f3 con la intenci\u00f3n de causar da\u00f1o. Otros ejemplos de delitos que suelen darse en los litigios comerciales son <a href=\"\/es\/areas-de-practica\/litigio-comercial\/misrepresentation-fraud-and-other-business-torts\/conversion\/\" title=\"Conversi\u00f3n\">Conversi\u00f3n<\/a>, <a href=\"\/es\/areas-de-practica\/litigio-comercial\/misrepresentation-fraud-and-other-business-torts\/civi-theft\/\" title=\"Robo civil\">Robo civil<\/a>, y <a href=\"\/es\/areas-de-practica\/litigio-comercial\/misrepresentation-fraud-and-other-business-torts\/conspiracion\/\" title=\"Conspiraci\u00f3n\">Conspiraci\u00f3n<\/a> cometer un acto il\u00edcito subyacente.<\/p>\n<h3>Construir un caso legal s\u00f3lido con The Campbell Law Group<\/h3>\n<p>A medida que profundiza en los matices del fraude, la tergiversaci\u00f3n y los agravios comerciales, puede empezar a darse cuenta de que estas reclamaciones son muy t\u00e9cnicas y pueden ser complejas. Para navegar por este complejo panorama jur\u00eddico, es crucial llevar a cabo una investigaci\u00f3n exhaustiva para determinar el curso de acci\u00f3n apropiado para usted o su empresa. El desarrollo de estrategias legales eficaces, la recopilaci\u00f3n de pruebas y la elaboraci\u00f3n de argumentos persuasivos son esenciales para construir un caso s\u00f3lido.<\/p>\n<p>Si sospecha que ha sido v\u00edctima de fraude, tergiversaci\u00f3n u otro delito comercial, es fundamental que busque la orientaci\u00f3n de abogados litigantes expertos en derecho mercantil de Florida que puedan ayudarle a ejercer todas las acciones legales disponibles. Nuestro equipo se dedica a proteger sus intereses y a garantizar la compensaci\u00f3n que usted se merece. TCLG est\u00e1 muy familiarizado con este tipo de reclamaciones y est\u00e1 perfectamente capacitado para asesorarle a usted o a su empresa sobre sus derechos y recursos. Para ver c\u00f3mo TCLG puede ayudarle a usted y a su empresa:<\/p>\n<\/div><\/div>\n\n<div class=\"et_pb_module et_pb_button_module_wrapper et_pb_button_0_wrapper\"><a class=\"et_pb_button_0 et_pb_button et_pb_bg_layout_light et_pb_module et_flex_module\" href=\"\/es\/contact\/\">CONTACTO<\/a><\/div>\n<\/div>\n<\/div>\n<\/div>","protected":false},"excerpt":{"rendered":"","protected":false},"author":1,"featured_media":0,"parent":29037,"menu_order":0,"comment_status":"closed","ping_status":"closed","template":"","meta":{"_acf_changed":false,"footnotes":""},"dipi_cpt_category":[],"class_list":["post-28870","page","type-page","status-publish","hentry"],"acf":[],"yoast_head":"<!-- This site is optimized with the Yoast SEO Premium plugin v27.5 (Yoast SEO v27.5) - https:\/\/yoast.com\/product\/yoast-seo-premium-wordpress\/ -->\n<title>Conversion - TCLG - The Campbell Law Group<\/title>\n<meta name=\"robots\" content=\"index, follow, max-snippet:-1, max-image-preview:large, max-video-preview:-1\" \/>\n<link rel=\"canonical\" href=\"https:\/\/tclgfirm.com\/es\/areas-de-practica-antiguas\/litigio-comercial\/malversacion-fraude-y-otros-delitos-civiles-empresariales\/conversion\/\" \/>\n<meta property=\"og:locale\" content=\"es_MX\" \/>\n<meta property=\"og:type\" content=\"article\" \/>\n<meta property=\"og:title\" content=\"Conversion\" \/>\n<meta property=\"og:url\" content=\"https:\/\/tclgfirm.com\/es\/areas-de-practica-antiguas\/litigio-comercial\/malversacion-fraude-y-otros-delitos-civiles-empresariales\/conversion\/\" \/>\n<meta property=\"og:site_name\" content=\"TCLG - The Campbell Law Group\" \/>\n<meta property=\"article:publisher\" content=\"https:\/\/www.facebook.com\/businessattorneymiami\/\" \/>\n<meta property=\"article:modified_time\" content=\"2025-11-14T22:52:37+00:00\" \/>\n<meta property=\"og:image\" content=\"https:\/\/tclgfirm.com\/wp-content\/uploads\/2025\/11\/site-image-1.png\" \/>\n\t<meta property=\"og:image:width\" content=\"1200\" \/>\n\t<meta property=\"og:image:height\" content=\"675\" \/>\n\t<meta property=\"og:image:type\" content=\"image\/png\" \/>\n<meta name=\"twitter:card\" content=\"summary_large_image\" \/>\n<meta name=\"twitter:site\" content=\"@Campbelllawgrp\" \/>\n<script type=\"application\/ld+json\" class=\"yoast-schema-graph\">{\"@context\":\"https:\\\/\\\/schema.org\",\"@graph\":[{\"@type\":\"WebPage\",\"@id\":\"https:\\\/\\\/tclgfirm.com\\\/practice-areas-old\\\/business-litigation\\\/misappropriation-fraud-and-other-business-torts\\\/conversion\\\/\",\"url\":\"https:\\\/\\\/tclgfirm.com\\\/practice-areas-old\\\/business-litigation\\\/misappropriation-fraud-and-other-business-torts\\\/conversion\\\/\",\"name\":\"Conversion - TCLG - The Campbell Law Group\",\"isPartOf\":{\"@id\":\"https:\\\/\\\/tclgfirm.com\\\/#website\"},\"datePublished\":\"2025-10-02T16:46:48+00:00\",\"dateModified\":\"2025-11-14T22:52:37+00:00\",\"breadcrumb\":{\"@id\":\"https:\\\/\\\/tclgfirm.com\\\/practice-areas-old\\\/business-litigation\\\/misappropriation-fraud-and-other-business-torts\\\/conversion\\\/#breadcrumb\"},\"inLanguage\":\"es\",\"potentialAction\":[{\"@type\":\"ReadAction\",\"target\":[\"https:\\\/\\\/tclgfirm.com\\\/practice-areas-old\\\/business-litigation\\\/misappropriation-fraud-and-other-business-torts\\\/conversion\\\/\"]}]},{\"@type\":\"BreadcrumbList\",\"@id\":\"https:\\\/\\\/tclgfirm.com\\\/practice-areas-old\\\/business-litigation\\\/misappropriation-fraud-and-other-business-torts\\\/conversion\\\/#breadcrumb\",\"itemListElement\":[{\"@type\":\"ListItem\",\"position\":1,\"name\":\"Home\",\"item\":\"https:\\\/\\\/tclgfirm.com\\\/\"},{\"@type\":\"ListItem\",\"position\":2,\"name\":\"Practice Areas\",\"item\":\"https:\\\/\\\/tclgfirm.com\\\/practice-areas-old\\\/\"},{\"@type\":\"ListItem\",\"position\":3,\"name\":\"Business Litigation\",\"item\":\"https:\\\/\\\/tclgfirm.com\\\/practice-areas-old\\\/business-litigation\\\/\"},{\"@type\":\"ListItem\",\"position\":4,\"name\":\"Misappropriation \\\/ Fraud and Other Business Torts\",\"item\":\"https:\\\/\\\/tclgfirm.com\\\/practice-areas-old\\\/business-litigation\\\/misappropriation-fraud-and-other-business-torts\\\/\"},{\"@type\":\"ListItem\",\"position\":5,\"name\":\"Conversion\"}]},{\"@type\":\"WebSite\",\"@id\":\"https:\\\/\\\/tclgfirm.com\\\/#website\",\"url\":\"https:\\\/\\\/tclgfirm.com\\\/\",\"name\":\"TCLG Business & Corporate Law\",\"description\":\"Business &amp; Corporate Law\",\"publisher\":{\"@id\":\"https:\\\/\\\/tclgfirm.com\\\/#organization\"},\"potentialAction\":[{\"@type\":\"SearchAction\",\"target\":{\"@type\":\"EntryPoint\",\"urlTemplate\":\"https:\\\/\\\/tclgfirm.com\\\/?s={search_term_string}\"},\"query-input\":{\"@type\":\"PropertyValueSpecification\",\"valueRequired\":true,\"valueName\":\"search_term_string\"}}],\"inLanguage\":\"es\"},{\"@type\":\"Organization\",\"@id\":\"https:\\\/\\\/tclgfirm.com\\\/#organization\",\"name\":\"The Campbell Law Group\",\"alternateName\":\"TCLG\",\"url\":\"https:\\\/\\\/tclgfirm.com\\\/\",\"logo\":{\"@type\":\"ImageObject\",\"inLanguage\":\"es\",\"@id\":\"https:\\\/\\\/tclgfirm.com\\\/#\\\/schema\\\/logo\\\/image\\\/\",\"url\":\"https:\\\/\\\/tclgfirm.com\\\/wp-content\\\/uploads\\\/2025\\\/11\\\/logo-yoast.png\",\"contentUrl\":\"https:\\\/\\\/tclgfirm.com\\\/wp-content\\\/uploads\\\/2025\\\/11\\\/logo-yoast.png\",\"width\":696,\"height\":696,\"caption\":\"The Campbell Law Group\"},\"image\":{\"@id\":\"https:\\\/\\\/tclgfirm.com\\\/#\\\/schema\\\/logo\\\/image\\\/\"},\"sameAs\":[\"https:\\\/\\\/www.facebook.com\\\/businessattorneymiami\\\/\",\"https:\\\/\\\/x.com\\\/Campbelllawgrp\"]}]}<\/script>\n<!-- \/ Yoast SEO Premium plugin. -->","yoast_head_json":{"title":"Conversi\u00f3n - TCLG - The Campbell Law Group","robots":{"index":"index","follow":"follow","max-snippet":"max-snippet:-1","max-image-preview":"max-image-preview:large","max-video-preview":"max-video-preview:-1"},"canonical":"https:\/\/tclgfirm.com\/es\/areas-de-practica-antiguas\/litigio-comercial\/malversacion-fraude-y-otros-delitos-civiles-empresariales\/conversion\/","og_locale":"es_MX","og_type":"article","og_title":"Conversion","og_url":"https:\/\/tclgfirm.com\/es\/areas-de-practica-antiguas\/litigio-comercial\/malversacion-fraude-y-otros-delitos-civiles-empresariales\/conversion\/","og_site_name":"TCLG - The Campbell Law Group","article_publisher":"https:\/\/www.facebook.com\/businessattorneymiami\/","article_modified_time":"2025-11-14T22:52:37+00:00","og_image":[{"width":1200,"height":675,"url":"https:\/\/tclgfirm.com\/wp-content\/uploads\/2025\/11\/site-image-1.png","type":"image\/png"}],"twitter_card":"summary_large_image","twitter_site":"@Campbelllawgrp","schema":{"@context":"https:\/\/schema.org","@graph":[{"@type":"WebPage","@id":"https:\/\/tclgfirm.com\/practice-areas-old\/business-litigation\/misappropriation-fraud-and-other-business-torts\/conversion\/","url":"https:\/\/tclgfirm.com\/practice-areas-old\/business-litigation\/misappropriation-fraud-and-other-business-torts\/conversion\/","name":"Conversi\u00f3n - TCLG - The Campbell Law Group","isPartOf":{"@id":"https:\/\/tclgfirm.com\/#website"},"datePublished":"2025-10-02T16:46:48+00:00","dateModified":"2025-11-14T22:52:37+00:00","breadcrumb":{"@id":"https:\/\/tclgfirm.com\/practice-areas-old\/business-litigation\/misappropriation-fraud-and-other-business-torts\/conversion\/#breadcrumb"},"inLanguage":"es","potentialAction":[{"@type":"ReadAction","target":["https:\/\/tclgfirm.com\/practice-areas-old\/business-litigation\/misappropriation-fraud-and-other-business-torts\/conversion\/"]}]},{"@type":"BreadcrumbList","@id":"https:\/\/tclgfirm.com\/practice-areas-old\/business-litigation\/misappropriation-fraud-and-other-business-torts\/conversion\/#breadcrumb","itemListElement":[{"@type":"ListItem","position":1,"name":"Home","item":"https:\/\/tclgfirm.com\/"},{"@type":"ListItem","position":2,"name":"Practice Areas","item":"https:\/\/tclgfirm.com\/practice-areas-old\/"},{"@type":"ListItem","position":3,"name":"Business Litigation","item":"https:\/\/tclgfirm.com\/practice-areas-old\/business-litigation\/"},{"@type":"ListItem","position":4,"name":"Misappropriation \/ Fraud and Other Business Torts","item":"https:\/\/tclgfirm.com\/practice-areas-old\/business-litigation\/misappropriation-fraud-and-other-business-torts\/"},{"@type":"ListItem","position":5,"name":"Conversion"}]},{"@type":"WebSite","@id":"https:\/\/tclgfirm.com\/#website","url":"https:\/\/tclgfirm.com\/","name":"Derecho mercantil y corporativo de TCLG","description":"Derecho mercantil y corporativo","publisher":{"@id":"https:\/\/tclgfirm.com\/#organization"},"potentialAction":[{"@type":"SearchAction","target":{"@type":"EntryPoint","urlTemplate":"https:\/\/tclgfirm.com\/?s={search_term_string}"},"query-input":{"@type":"PropertyValueSpecification","valueRequired":true,"valueName":"search_term_string"}}],"inLanguage":"es"},{"@type":"Organization","@id":"https:\/\/tclgfirm.com\/#organization","name":"El Grupo Jur\u00eddico Campbell","alternateName":"TCLG","url":"https:\/\/tclgfirm.com\/","logo":{"@type":"ImageObject","inLanguage":"es","@id":"https:\/\/tclgfirm.com\/#\/schema\/logo\/image\/","url":"https:\/\/tclgfirm.com\/wp-content\/uploads\/2025\/11\/logo-yoast.png","contentUrl":"https:\/\/tclgfirm.com\/wp-content\/uploads\/2025\/11\/logo-yoast.png","width":696,"height":696,"caption":"The Campbell Law Group"},"image":{"@id":"https:\/\/tclgfirm.com\/#\/schema\/logo\/image\/"},"sameAs":["https:\/\/www.facebook.com\/businessattorneymiami\/","https:\/\/x.com\/Campbelllawgrp"]}]}},"_links":{"self":[{"href":"https:\/\/tclgfirm.com\/es\/wp-json\/wp\/v2\/pages\/28870","targetHints":{"allow":["GET"]}}],"collection":[{"href":"https:\/\/tclgfirm.com\/es\/wp-json\/wp\/v2\/pages"}],"about":[{"href":"https:\/\/tclgfirm.com\/es\/wp-json\/wp\/v2\/types\/page"}],"author":[{"embeddable":true,"href":"https:\/\/tclgfirm.com\/es\/wp-json\/wp\/v2\/users\/1"}],"replies":[{"embeddable":true,"href":"https:\/\/tclgfirm.com\/es\/wp-json\/wp\/v2\/comments?post=28870"}],"version-history":[{"count":0,"href":"https:\/\/tclgfirm.com\/es\/wp-json\/wp\/v2\/pages\/28870\/revisions"}],"up":[{"embeddable":true,"href":"https:\/\/tclgfirm.com\/es\/wp-json\/wp\/v2\/pages\/29037"}],"wp:attachment":[{"href":"https:\/\/tclgfirm.com\/es\/wp-json\/wp\/v2\/media?parent=28870"}],"wp:term":[{"taxonomy":"dipi_cpt_category","embeddable":true,"href":"https:\/\/tclgfirm.com\/es\/wp-json\/wp\/v2\/dipi_cpt_category?post=28870"}],"curies":[{"name":"wp","href":"https:\/\/api.w.org\/{rel}","templated":true}]}}