{"id":28871,"date":"2025-10-02T13:57:58","date_gmt":"2025-10-02T17:57:58","guid":{"rendered":"https:\/\/tclgdev.wpenginepowered.com\/?page_id=28871"},"modified":"2025-11-14T17:48:30","modified_gmt":"2025-11-14T22:48:30","slug":"hurto-civil","status":"publish","type":"page","link":"https:\/\/tclgfirm.com\/es\/practice-areas-old\/business-litigation\/misappropriation-fraud-and-other-business-torts\/civil-theft\/","title":{"rendered":"Robo civil"},"content":{"rendered":"<div class=\"et_pb_section_0 et_pb_section et_section_regular et_flex_section preset--module--divi-section--mjwl5e219h\">\n<div class=\"et_pb_row_0 et_pb_row et_flex_row\">\n<div class=\"et_pb_column_0 et_pb_column et_flex_column et_pb_css_mix_blend_mode_passthrough et_flex_column_24_24 et_flex_column_24_24_tablet et_flex_column_24_24_phone\">\n<div class=\"et_pb_text_0 et_pb_text et_pb_bg_layout_light et_pb_module et_flex_module preset--group--divi-text--divi-font-body--default\"><div class=\"et_pb_text_inner\"><h1>Robo civil<\/h1>\n<\/div><\/div>\n<\/div>\n\n<div class=\"et_pb_column_1 et_pb_column et-last-child et_flex_column et_pb_css_mix_blend_mode_passthrough et_flex_column_24_24 et_flex_column_24_24_tablet et_flex_column_24_24_phone\">\n<div class=\"et_pb_image_0 et_pb_image et_pb_module et_flex_module\"><span class=\"et_pb_image_wrap\"><img loading=\"lazy\" decoding=\"async\" src=\"https:\/\/tclgfirm.com\/wp-content\/uploads\/2025\/09\/TCLG.ISO-Cream.png\" width=\"341\" height=\"350\" srcset=\"https:\/\/tclgfirm.com\/wp-content\/uploads\/2025\/09\/TCLG.ISO-Cream.png 341w, https:\/\/tclgfirm.com\/wp-content\/uploads\/2025\/09\/TCLG.ISO-Cream-292x300.png 292w, https:\/\/tclgfirm.com\/wp-content\/uploads\/2025\/09\/TCLG.ISO-Cream-12x12.png 12w\" sizes=\"(max-width: 341px) 100vw, 341px\" class=\"wp-image-28819\" alt=\"Favicon de Tclg\" \/><\/span><\/div>\n<\/div>\n<\/div>\n<\/div>\n\n<div class=\"et_pb_section_1 et_pb_section et_section_regular et_flex_section\"><div class=\"et_pb_row_1 et_pb_row et_flex_row\"><div class=\"et_pb_column_2 et_pb_column et-last-child et_flex_column et_pb_css_mix_blend_mode_passthrough et_flex_column_24_24 et_flex_column_24_24_tablet et_flex_column_24_24_phone\"><div class=\"et_pb_text_1 et_pb_text et_pb_bg_layout_light et_pb_module et_flex_module preset--group--divi-text--divi-font-body--default\"><div class=\"et_pb_text_inner\"><span><span><a href=\"https:\/\/tclgfirm.com\/es\/\">Inicio<\/a><\/span><\/span>\n<\/div><\/div><\/div><\/div><\/div>\n\n\n\n<div class=\"et_pb_section_2 et_pb_section et_section_regular et_flex_section\">\n<div class=\"et_pb_row_2 et_pb_row et_flex_row\">\n<div class=\"et_pb_column_3 et_pb_column et-last-child et_flex_column et_pb_css_mix_blend_mode_passthrough et_flex_column_24_24 et_flex_column_24_24_tablet et_flex_column_24_24_phone\">\n<div class=\"et_pb_text_2 et_pb_text et_pb_bg_layout_light et_pb_module et_flex_module phc-pa-text preset--group--divi-text--divi-font-body--default\"><div class=\"et_pb_text_inner\"><p>Litigar casos de robo civil puede ser un proceso abrumador y complejo para cualquier empresa. Estos casos pueden ser estresantes y llevar mucho tiempo, lo que afecta a los recursos y la reputaci\u00f3n de la empresa. Adem\u00e1s, las acusaciones falsas de robo civil pueden causar un da\u00f1o significativo a una empresa, tanto en t\u00e9rminos de percepci\u00f3n p\u00fablica como de estabilidad financiera.<\/p>\n<p>Los litigios civiles por robo pueden surgir de diversas actividades delictivas, como el robo, la posesi\u00f3n de bienes alterados, el tr\u00e1fico de bienes robados y la explotaci\u00f3n de personas mayores. La ley de Florida sobre robo civil, Fla. Stat. \u00a7 772.11, establece la responsabilidad civil por tales pr\u00e1cticas delictivas. Sin embargo, para poder presentar una demanda civil por robo, el acto delictivo debe infringir secciones espec\u00edficas de los Estatutos de Florida, y el demandante debe presentar pruebas claras y convincentes para demostrar las acusaciones.<\/p>\n<p>Las acusaciones falsas de robo civil tambi\u00e9n pueden tener graves consecuencias para una empresa si finalmente se demuestra que son falsas. Dichas acusaciones pueden da\u00f1ar la reputaci\u00f3n de una empresa y causar un da\u00f1o a largo plazo a su marca. Adem\u00e1s, las empresas que se enfrentan a acusaciones falsas pueden verse obligadas a gastar importantes recursos para defenderse de reclamaciones infundadas. Estos recursos podr\u00edan destinarse mejor a otras operaciones comerciales cr\u00edticas.<\/p>\n<h2>Ejemplos de hurto civil en Florida<\/h2>\n<p>Para las empresas de Florida, el robo civil puede adoptar diversas formas que pueden causar un da\u00f1o significativo al bienestar financiero y a la reputaci\u00f3n de una empresa. A continuaci\u00f3n se presentan algunos ejemplos de robo civil que las empresas deben conocer, as\u00ed como otras causas de acci\u00f3n que pueden dar lugar a un robo civil:<\/p>\n<\/div><\/div>\n\n<div class=\"et_pb_text_3 et_pb_text et_pb_bg_layout_light et_pb_module et_flex_module phc-pa-text preset--group--divi-text--divi-font-body--default\"><div class=\"et_pb_text_inner\" data-et-mv-hidden-phone=\"true\"><table style=\"width: 90%; border-collapse: collapse; background-color: #f4f3f1; margin-left: auto; margin-right: auto; border: 1px solid #34171B;\">\n<colgroup>\n<col style=\"width: 33.3333%;\" \/>\n<col style=\"width: 66.6667%;\" \/> <\/colgroup>\n<tbody>\n<tr>\n<th style=\"text-align: center; border: 1px solid #34171B;\"><strong>Secci\u00f3n<\/strong><\/th>\n<th style=\"text-align: center; border: 1px solid #34171B;\"><strong>Objetivo<\/strong><\/th>\n<\/tr>\n<tr>\n<td style=\"border: 1px solid #34171B;\">Robo por parte de empleados<\/td>\n<td style=\"border: 1px solid #34171B;\">Apropiaci\u00f3n indebida de bienes o activos de la empresa por parte de los empleados para uso personal.<\/td>\n<\/tr>\n<tr>\n<td style=\"border: 1px solid #34171B;\">Malversaci\u00f3n<\/td>\n<td style=\"border: 1px solid #34171B;\">Uso indebido de fondos o activos de la empresa, a menudo mediante la manipulaci\u00f3n de registros financieros.<\/td>\n<\/tr>\n<tr>\n<td style=\"border: 1px solid #34171B;\"><a href=\"\/es\/areas-de-practica\/litigio-comercial\/misrepresentation-fraud-and-other-business-torts\/fraud\/\">Fraude<\/a><\/td>\n<td style=\"border: 1px solid #34171B;\">Falsa representaci\u00f3n para obtener dinero\/bienes (por ejemplo, falsificaci\u00f3n de facturas).<\/td>\n<\/tr>\n<tr>\n<td style=\"border: 1px solid #34171B;\"><a href=\"\/es\/areas-de-practica\/litigio-comercial\/\" title=\"Incumplimiento de contrato\">Incumplimiento de contrato <\/a><\/td>\n<td style=\"border: 1px solid #34171B;\">Incumplimiento de las obligaciones contractuales (por ejemplo, no entregar servicios\/bienes) y recibir dinero o bienes.<\/td>\n<\/tr>\n<tr>\n<td style=\"border: 1px solid #34171B;\"><a href=\"\/es\/areas-de-practica\/litigio-comercial\/misrepresentation-fraud-and-other-business-torts\/conversion\/\" title=\"Conversi\u00f3n\">Conversi\u00f3n<\/a><\/td>\n<td style=\"border: 1px solid #34171B;\">Tomar o utilizar indebidamente bienes de la empresa como propios.<\/td>\n<\/tr>\n<tr>\n<td style=\"border: 1px solid #34171B;\">Extorsi\u00f3n<\/td>\n<td style=\"border: 1px solid #34171B;\">Amenazas o coacci\u00f3n utilizadas para obtener dinero o bienes de una empresa.<\/td>\n<\/tr>\n<\/tbody>\n<\/table>\n<\/div><\/div>\n\n<div class=\"et_pb_text_4 et_pb_text et_pb_bg_layout_light et_pb_module et_flex_module phc-pa-text preset--group--divi-text--divi-font-body--default\"><div class=\"et_pb_text_inner\"><p>Las empresas de Florida deben estar atentas para protegerse contra el robo civil y tomar medidas inmediatas si sospechan que se ha producido alg\u00fan tipo de robo. Es recomendable consultar con un profesional del derecho que pueda ayudar a las empresas a navegar por las complejidades de los litigios por robo civil y proteger sus intereses legales y financieros.<\/p>\n<p>Los litigios por robo civil y las acusaciones falsas de robo civil pueden tener graves consecuencias para las empresas, tanto en t\u00e9rminos de reputaci\u00f3n como de estabilidad financiera. Por lo tanto, es esencial buscar asesoramiento legal y representaci\u00f3n de profesionales con experiencia que puedan navegar por las complejidades de los casos de robo civil y proteger los intereses de una empresa. TCLG se especializa en litigios comerciales complejos y tiene una amplia experiencia en litigios por robo civil. Con un profundo conocimiento de las complejidades de la legislaci\u00f3n sobre hurto civil de Florida, el bufete puede proporcionar asesoramiento estrat\u00e9gico y representaci\u00f3n para ayudar a las empresas a proteger sus derechos y prevenir futuros problemas legales. Tanto si va a presentar una demanda por hurto civil como si se enfrenta a ella, TCLG puede ayudarle en todo el proceso: <\/p>\n<\/div><\/div>\n\n<div class=\"et_pb_module et_pb_button_module_wrapper et_pb_button_0_wrapper\"><a class=\"et_pb_button_0 et_pb_button et_pb_bg_layout_light et_pb_module et_flex_module\" href=\"\/es\/contact\/\">CONTACTO<\/a><\/div>\n<\/div>\n<\/div>\n<\/div>","protected":false},"excerpt":{"rendered":"","protected":false},"author":1,"featured_media":0,"parent":29037,"menu_order":0,"comment_status":"closed","ping_status":"closed","template":"","meta":{"_acf_changed":false,"footnotes":""},"dipi_cpt_category":[],"class_list":["post-28871","page","type-page","status-publish","hentry"],"acf":[],"yoast_head":"<!-- This site is optimized with the Yoast SEO Premium plugin v27.5 (Yoast SEO v27.5) - https:\/\/yoast.com\/product\/yoast-seo-premium-wordpress\/ -->\n<title>Civil Theft - TCLG - The Campbell Law Group<\/title>\n<meta name=\"robots\" content=\"index, follow, max-snippet:-1, max-image-preview:large, max-video-preview:-1\" \/>\n<link rel=\"canonical\" href=\"https:\/\/tclgfirm.com\/es\/areas-de-practica-antiguas\/litigio-comercial\/malversacion-fraude-y-otros-delitos-civiles-empresariales\/hurto-civil\/\" \/>\n<meta property=\"og:locale\" content=\"es_MX\" \/>\n<meta property=\"og:type\" content=\"article\" \/>\n<meta property=\"og:title\" content=\"Civil Theft\" \/>\n<meta property=\"og:url\" content=\"https:\/\/tclgfirm.com\/es\/areas-de-practica-antiguas\/litigio-comercial\/malversacion-fraude-y-otros-delitos-civiles-empresariales\/hurto-civil\/\" \/>\n<meta property=\"og:site_name\" content=\"TCLG - The Campbell Law Group\" \/>\n<meta property=\"article:publisher\" content=\"https:\/\/www.facebook.com\/businessattorneymiami\/\" \/>\n<meta property=\"article:modified_time\" content=\"2025-11-14T22:48:30+00:00\" \/>\n<meta property=\"og:image\" content=\"https:\/\/tclgfirm.com\/wp-content\/uploads\/2025\/11\/site-image-1.png\" \/>\n\t<meta property=\"og:image:width\" content=\"1200\" \/>\n\t<meta property=\"og:image:height\" content=\"675\" \/>\n\t<meta property=\"og:image:type\" content=\"image\/png\" \/>\n<meta name=\"twitter:card\" content=\"summary_large_image\" \/>\n<meta name=\"twitter:site\" content=\"@Campbelllawgrp\" \/>\n<script type=\"application\/ld+json\" class=\"yoast-schema-graph\">{\"@context\":\"https:\\\/\\\/schema.org\",\"@graph\":[{\"@type\":\"WebPage\",\"@id\":\"https:\\\/\\\/tclgfirm.com\\\/practice-areas-old\\\/business-litigation\\\/misappropriation-fraud-and-other-business-torts\\\/civil-theft\\\/\",\"url\":\"https:\\\/\\\/tclgfirm.com\\\/practice-areas-old\\\/business-litigation\\\/misappropriation-fraud-and-other-business-torts\\\/civil-theft\\\/\",\"name\":\"Civil Theft - TCLG - The Campbell Law Group\",\"isPartOf\":{\"@id\":\"https:\\\/\\\/tclgfirm.com\\\/#website\"},\"datePublished\":\"2025-10-02T17:57:58+00:00\",\"dateModified\":\"2025-11-14T22:48:30+00:00\",\"breadcrumb\":{\"@id\":\"https:\\\/\\\/tclgfirm.com\\\/practice-areas-old\\\/business-litigation\\\/misappropriation-fraud-and-other-business-torts\\\/civil-theft\\\/#breadcrumb\"},\"inLanguage\":\"es\",\"potentialAction\":[{\"@type\":\"ReadAction\",\"target\":[\"https:\\\/\\\/tclgfirm.com\\\/practice-areas-old\\\/business-litigation\\\/misappropriation-fraud-and-other-business-torts\\\/civil-theft\\\/\"]}]},{\"@type\":\"BreadcrumbList\",\"@id\":\"https:\\\/\\\/tclgfirm.com\\\/practice-areas-old\\\/business-litigation\\\/misappropriation-fraud-and-other-business-torts\\\/civil-theft\\\/#breadcrumb\",\"itemListElement\":[{\"@type\":\"ListItem\",\"position\":1,\"name\":\"Home\",\"item\":\"https:\\\/\\\/tclgfirm.com\\\/\"},{\"@type\":\"ListItem\",\"position\":2,\"name\":\"Practice Areas\",\"item\":\"https:\\\/\\\/tclgfirm.com\\\/practice-areas-old\\\/\"},{\"@type\":\"ListItem\",\"position\":3,\"name\":\"Business Litigation\",\"item\":\"https:\\\/\\\/tclgfirm.com\\\/practice-areas-old\\\/business-litigation\\\/\"},{\"@type\":\"ListItem\",\"position\":4,\"name\":\"Misappropriation \\\/ Fraud and Other Business Torts\",\"item\":\"https:\\\/\\\/tclgfirm.com\\\/practice-areas-old\\\/business-litigation\\\/misappropriation-fraud-and-other-business-torts\\\/\"},{\"@type\":\"ListItem\",\"position\":5,\"name\":\"Civil Theft\"}]},{\"@type\":\"WebSite\",\"@id\":\"https:\\\/\\\/tclgfirm.com\\\/#website\",\"url\":\"https:\\\/\\\/tclgfirm.com\\\/\",\"name\":\"TCLG Business & Corporate Law\",\"description\":\"Business &amp; Corporate Law\",\"publisher\":{\"@id\":\"https:\\\/\\\/tclgfirm.com\\\/#organization\"},\"potentialAction\":[{\"@type\":\"SearchAction\",\"target\":{\"@type\":\"EntryPoint\",\"urlTemplate\":\"https:\\\/\\\/tclgfirm.com\\\/?s={search_term_string}\"},\"query-input\":{\"@type\":\"PropertyValueSpecification\",\"valueRequired\":true,\"valueName\":\"search_term_string\"}}],\"inLanguage\":\"es\"},{\"@type\":\"Organization\",\"@id\":\"https:\\\/\\\/tclgfirm.com\\\/#organization\",\"name\":\"The Campbell Law Group\",\"alternateName\":\"TCLG\",\"url\":\"https:\\\/\\\/tclgfirm.com\\\/\",\"logo\":{\"@type\":\"ImageObject\",\"inLanguage\":\"es\",\"@id\":\"https:\\\/\\\/tclgfirm.com\\\/#\\\/schema\\\/logo\\\/image\\\/\",\"url\":\"https:\\\/\\\/tclgfirm.com\\\/wp-content\\\/uploads\\\/2025\\\/11\\\/logo-yoast.png\",\"contentUrl\":\"https:\\\/\\\/tclgfirm.com\\\/wp-content\\\/uploads\\\/2025\\\/11\\\/logo-yoast.png\",\"width\":696,\"height\":696,\"caption\":\"The Campbell Law Group\"},\"image\":{\"@id\":\"https:\\\/\\\/tclgfirm.com\\\/#\\\/schema\\\/logo\\\/image\\\/\"},\"sameAs\":[\"https:\\\/\\\/www.facebook.com\\\/businessattorneymiami\\\/\",\"https:\\\/\\\/x.com\\\/Campbelllawgrp\"]}]}<\/script>\n<!-- \/ Yoast SEO Premium plugin. -->","yoast_head_json":{"title":"Robo civil - TCLG - The Campbell Law Group","robots":{"index":"index","follow":"follow","max-snippet":"max-snippet:-1","max-image-preview":"max-image-preview:large","max-video-preview":"max-video-preview:-1"},"canonical":"https:\/\/tclgfirm.com\/es\/areas-de-practica-antiguas\/litigio-comercial\/malversacion-fraude-y-otros-delitos-civiles-empresariales\/hurto-civil\/","og_locale":"es_MX","og_type":"article","og_title":"Civil Theft","og_url":"https:\/\/tclgfirm.com\/es\/areas-de-practica-antiguas\/litigio-comercial\/malversacion-fraude-y-otros-delitos-civiles-empresariales\/hurto-civil\/","og_site_name":"TCLG - The Campbell Law Group","article_publisher":"https:\/\/www.facebook.com\/businessattorneymiami\/","article_modified_time":"2025-11-14T22:48:30+00:00","og_image":[{"width":1200,"height":675,"url":"https:\/\/tclgfirm.com\/wp-content\/uploads\/2025\/11\/site-image-1.png","type":"image\/png"}],"twitter_card":"summary_large_image","twitter_site":"@Campbelllawgrp","schema":{"@context":"https:\/\/schema.org","@graph":[{"@type":"WebPage","@id":"https:\/\/tclgfirm.com\/practice-areas-old\/business-litigation\/misappropriation-fraud-and-other-business-torts\/civil-theft\/","url":"https:\/\/tclgfirm.com\/practice-areas-old\/business-litigation\/misappropriation-fraud-and-other-business-torts\/civil-theft\/","name":"Robo civil - TCLG - The Campbell Law Group","isPartOf":{"@id":"https:\/\/tclgfirm.com\/#website"},"datePublished":"2025-10-02T17:57:58+00:00","dateModified":"2025-11-14T22:48:30+00:00","breadcrumb":{"@id":"https:\/\/tclgfirm.com\/practice-areas-old\/business-litigation\/misappropriation-fraud-and-other-business-torts\/civil-theft\/#breadcrumb"},"inLanguage":"es","potentialAction":[{"@type":"ReadAction","target":["https:\/\/tclgfirm.com\/practice-areas-old\/business-litigation\/misappropriation-fraud-and-other-business-torts\/civil-theft\/"]}]},{"@type":"BreadcrumbList","@id":"https:\/\/tclgfirm.com\/practice-areas-old\/business-litigation\/misappropriation-fraud-and-other-business-torts\/civil-theft\/#breadcrumb","itemListElement":[{"@type":"ListItem","position":1,"name":"Home","item":"https:\/\/tclgfirm.com\/"},{"@type":"ListItem","position":2,"name":"Practice Areas","item":"https:\/\/tclgfirm.com\/practice-areas-old\/"},{"@type":"ListItem","position":3,"name":"Business Litigation","item":"https:\/\/tclgfirm.com\/practice-areas-old\/business-litigation\/"},{"@type":"ListItem","position":4,"name":"Misappropriation \/ Fraud and Other Business Torts","item":"https:\/\/tclgfirm.com\/practice-areas-old\/business-litigation\/misappropriation-fraud-and-other-business-torts\/"},{"@type":"ListItem","position":5,"name":"Civil Theft"}]},{"@type":"WebSite","@id":"https:\/\/tclgfirm.com\/#website","url":"https:\/\/tclgfirm.com\/","name":"Derecho mercantil y corporativo de TCLG","description":"Derecho mercantil y corporativo","publisher":{"@id":"https:\/\/tclgfirm.com\/#organization"},"potentialAction":[{"@type":"SearchAction","target":{"@type":"EntryPoint","urlTemplate":"https:\/\/tclgfirm.com\/?s={search_term_string}"},"query-input":{"@type":"PropertyValueSpecification","valueRequired":true,"valueName":"search_term_string"}}],"inLanguage":"es"},{"@type":"Organization","@id":"https:\/\/tclgfirm.com\/#organization","name":"El Grupo Jur\u00eddico Campbell","alternateName":"TCLG","url":"https:\/\/tclgfirm.com\/","logo":{"@type":"ImageObject","inLanguage":"es","@id":"https:\/\/tclgfirm.com\/#\/schema\/logo\/image\/","url":"https:\/\/tclgfirm.com\/wp-content\/uploads\/2025\/11\/logo-yoast.png","contentUrl":"https:\/\/tclgfirm.com\/wp-content\/uploads\/2025\/11\/logo-yoast.png","width":696,"height":696,"caption":"The Campbell Law Group"},"image":{"@id":"https:\/\/tclgfirm.com\/#\/schema\/logo\/image\/"},"sameAs":["https:\/\/www.facebook.com\/businessattorneymiami\/","https:\/\/x.com\/Campbelllawgrp"]}]}},"_links":{"self":[{"href":"https:\/\/tclgfirm.com\/es\/wp-json\/wp\/v2\/pages\/28871","targetHints":{"allow":["GET"]}}],"collection":[{"href":"https:\/\/tclgfirm.com\/es\/wp-json\/wp\/v2\/pages"}],"about":[{"href":"https:\/\/tclgfirm.com\/es\/wp-json\/wp\/v2\/types\/page"}],"author":[{"embeddable":true,"href":"https:\/\/tclgfirm.com\/es\/wp-json\/wp\/v2\/users\/1"}],"replies":[{"embeddable":true,"href":"https:\/\/tclgfirm.com\/es\/wp-json\/wp\/v2\/comments?post=28871"}],"version-history":[{"count":0,"href":"https:\/\/tclgfirm.com\/es\/wp-json\/wp\/v2\/pages\/28871\/revisions"}],"up":[{"embeddable":true,"href":"https:\/\/tclgfirm.com\/es\/wp-json\/wp\/v2\/pages\/29037"}],"wp:attachment":[{"href":"https:\/\/tclgfirm.com\/es\/wp-json\/wp\/v2\/media?parent=28871"}],"wp:term":[{"taxonomy":"dipi_cpt_category","embeddable":true,"href":"https:\/\/tclgfirm.com\/es\/wp-json\/wp\/v2\/dipi_cpt_category?post=28871"}],"curies":[{"name":"wp","href":"https:\/\/api.w.org\/{rel}","templated":true}]}}