{"id":28889,"date":"2025-10-03T13:45:26","date_gmt":"2025-10-03T17:45:26","guid":{"rendered":"https:\/\/tclgdev.wpenginepowered.com\/?page_id=28889"},"modified":"2025-11-14T18:01:53","modified_gmt":"2025-11-14T23:01:53","slug":"defensa-contra-la-discriminacion","status":"publish","type":"page","link":"https:\/\/tclgfirm.com\/es\/practice-areas\/employment-law\/employment-defense-litigation\/discrimination-defense\/","title":{"rendered":"Defensa contra la discriminaci\u00f3n"},"content":{"rendered":"<div class=\"et_pb_section_0 et_pb_section et_section_regular et_flex_section preset--module--divi-section--mjwl5e219h\">\n<div class=\"et_pb_row_0 et_pb_row et_flex_row\">\n<div class=\"et_pb_column_0 et_pb_column et_flex_column et_pb_css_mix_blend_mode_passthrough et_flex_column_24_24 et_flex_column_24_24_tablet et_flex_column_24_24_phone\">\n<div class=\"et_pb_text_0 et_pb_text et_pb_bg_layout_light et_pb_module et_flex_module preset--group--divi-text--divi-font-body--default\"><div class=\"et_pb_text_inner\"><h1>Defensa contra la discriminaci\u00f3n<\/h1>\n<\/div><\/div>\n<\/div>\n\n<div class=\"et_pb_column_1 et_pb_column et-last-child et_flex_column et_pb_css_mix_blend_mode_passthrough et_flex_column_24_24 et_flex_column_24_24_tablet et_flex_column_24_24_phone\">\n<div class=\"et_pb_image_0 et_pb_image et_pb_module et_flex_module\"><span class=\"et_pb_image_wrap\"><img loading=\"lazy\" decoding=\"async\" src=\"https:\/\/tclgfirm.com\/wp-content\/uploads\/2025\/09\/TCLG.ISO-Cream.png\" width=\"341\" height=\"350\" srcset=\"https:\/\/tclgfirm.com\/wp-content\/uploads\/2025\/09\/TCLG.ISO-Cream.png 341w, https:\/\/tclgfirm.com\/wp-content\/uploads\/2025\/09\/TCLG.ISO-Cream-292x300.png 292w, https:\/\/tclgfirm.com\/wp-content\/uploads\/2025\/09\/TCLG.ISO-Cream-12x12.png 12w\" sizes=\"(max-width: 341px) 100vw, 341px\" class=\"wp-image-28819\" alt=\"Favicon de Tclg\" \/><\/span><\/div>\n<\/div>\n<\/div>\n<\/div>\n\n<div class=\"et_pb_section_1 et_pb_section et_section_regular et_flex_section\"><div class=\"et_pb_row_1 et_pb_row et_flex_row\"><div class=\"et_pb_column_2 et_pb_column et-last-child et_flex_column et_pb_css_mix_blend_mode_passthrough et_flex_column_24_24 et_flex_column_24_24_tablet et_flex_column_24_24_phone\"><div class=\"et_pb_text_1 et_pb_text et_pb_bg_layout_light et_pb_module et_flex_module preset--group--divi-text--divi-font-body--default\"><div class=\"et_pb_text_inner\"><span><span><a href=\"https:\/\/tclgfirm.com\/es\/\">Inicio<\/a><\/span><\/span>\n<\/div><\/div><\/div><\/div><\/div>\n\n<div class=\"et_pb_section_2 et_pb_section et_section_regular et_flex_section\">\n<div class=\"et_pb_row_2 et_pb_row et_flex_row\">\n<div class=\"et_pb_column_3 et_pb_column et-last-child et_flex_column et_pb_css_mix_blend_mode_passthrough et_flex_column_24_24 et_flex_column_24_24_tablet et_flex_column_24_24_phone\">\n<div class=\"et_pb_text_2 et_pb_text et_pb_bg_layout_light et_pb_module et_flex_module phc-pa-text preset--group--divi-text--divi-font-body--default\"><div class=\"et_pb_text_inner\"><p>No es raro que las empresas se enfrenten a demandas infundadas en las que un ex empleado las acusa de discriminaci\u00f3n por considerar que su despido o trato en el trabajo fue injusto. Si bien es cierto que muchas denuncias por discriminaci\u00f3n son leg\u00edtimas, las empresas tambi\u00e9n deben estar preparadas para defenderse de las denuncias injustificadas. En tales situaciones, la empresa debe actuar con rapidez y prudencia para protegerse contra estas demandas. Es fundamental que las empresas cuenten con pol\u00edticas y procedimientos antidiscriminatorios eficaces y que tramiten cualquier denuncia por discriminaci\u00f3n con rapidez y equidad. Si se presenta una demanda, se recomienda que las empresas soliciten el asesoramiento de un abogado con experiencia para determinar la mejor l\u00ednea de actuaci\u00f3n para defenderse contra estas denuncias.<\/p>\n<h2>\u00bfQu\u00e9 es la EEOC?<\/h2>\n<p>La Comisi\u00f3n para la Igualdad de Oportunidades en el Empleo de los Estados Unidos (EEOC, por sus siglas en ingl\u00e9s) es la agencia responsable de supervisar las denuncias por discriminaci\u00f3n. La EEOC proh\u00edbe que diversos factores, entre los que se incluyen, entre otros, la edad, la raza, la religi\u00f3n, la nacionalidad, el g\u00e9nero y la orientaci\u00f3n sexual, influyan en cualquier aspecto de las operaciones comerciales. Los empleadores de Florida tienen la posibilidad de despedir a un empleado sin causa justificada, ya que el estado es un estado de empleo a voluntad. Los empleados que deseen presentar una denuncia por discriminaci\u00f3n contra su empleador deben primero presentar una denuncia por discriminaci\u00f3n ante la EEOC y agotar todos los recursos administrativos antes de iniciar una demanda.<\/p>\n<h3>\u00bfCu\u00e1ndo puede un empleado presentar una reclamaci\u00f3n?<\/h3>\n<p>Los empleados pueden presentar una demanda por discriminaci\u00f3n si pueden demostrar que su despido fue resultado de discriminaci\u00f3n por pertenecer a un grupo protegido. Sin embargo, las demandas por discriminaci\u00f3n tambi\u00e9n pueden surgir de otras formas de maltrato, como descensos de categor\u00eda, denegaci\u00f3n de ascensos, disparidades salariales, bonificaciones no recibidas o trato desigual en comparaci\u00f3n con otros empleados. Cualquier diferencia notable en el trato entre empleados puede percibirse como una forma de discriminaci\u00f3n. Afortunadamente, existen formas en que las empresas pueden defenderse contra demandas por discriminaci\u00f3n infundadas.<\/p>\n<h3>\u00bfC\u00f3mo pueden defenderse las empresas de las denuncias injustificadas por discriminaci\u00f3n?<\/h3>\n<p>Para defenderse contra denuncias de discriminaci\u00f3n infundadas, las empresas deben mantener registros precisos y detallados de todos los procesos internos de toma de decisiones. Ya se trate de un despido, un ascenso o la determinaci\u00f3n del salario, las empresas deben llevar registros claros de los motivos por los que se tom\u00f3 cada decisi\u00f3n y asegurarse de que al menos un testigo est\u00e9 presente durante las conversaciones sobre el despido. Estos registros ser\u00e1n fundamentales para demostrar que ninguna de las decisiones tomadas fue de naturaleza discriminatoria y pueden servir para defenderse eficazmente contra denuncias infundadas.<\/p>\n<p>Otra estrategia eficaz consiste en crear pol\u00edticas estandarizadas que definan claramente el proceso de toma de decisiones para todas las decisiones importantes relacionadas con los empleados, incluyendo ascensos, bonificaciones y aumentos salariales. Es importante asegurarse de que todos los empleados conozcan estas pol\u00edticas y que los supervisores y gerentes est\u00e9n capacitados para aplicarlas de manera coherente. Al crear un proceso de toma de decisiones transparente, las empresas pueden defenderse eficazmente contra las denuncias falsas de discriminaci\u00f3n.<\/p>\n<h2>Defensa experta contra la discriminaci\u00f3n para empresas<\/h2>\n<p>Las denuncias por discriminaci\u00f3n no solo son emocionalmente agotadoras, sino que tambi\u00e9n pueden provocar da\u00f1os econ\u00f3micos y la p\u00e9rdida de reputaci\u00f3n para las empresas. Por lo tanto, es importante que las empresas cuenten con representaci\u00f3n legal para defenderse de estas denuncias.<\/p>\n<p>TCLG cuenta con una amplia experiencia en el manejo de una variedad de demandas por discriminaci\u00f3n, incluyendo aquellas basadas en raza, g\u00e9nero, edad, religi\u00f3n, origen nacional y orientaci\u00f3n sexual. La firma ofrece una gama de servicios, desde asesorar a las empresas sobre medidas preventivas para evitar demandas por discriminaci\u00f3n hasta defender a las empresas contra estas demandas cuando surgen.<\/p>\n<p>Cuando surgen denuncias por discriminaci\u00f3n, TCLG cuenta con la experiencia y los conocimientos necesarios para defender a las empresas frente a ellas. El bufete puede colaborar con las empresas para investigar las denuncias, recopilar pruebas y crear una estrategia de defensa s\u00f3lida. TCLG se compromete a ayudar a las empresas a resolver las denuncias por discriminaci\u00f3n de una manera eficaz y eficiente, minimizando el impacto en el negocio. Para ver c\u00f3mo podemos ayudarle a usted y a su empresa: <\/p>\n<\/div><\/div>\n\n<div class=\"et_pb_module et_pb_button_module_wrapper et_pb_button_0_wrapper\"><a class=\"et_pb_button_0 et_pb_button et_pb_bg_layout_light et_pb_module et_flex_module\" href=\"\/es\/contact\/\">CONTACTO<\/a><\/div>\n<\/div>\n<\/div>\n<\/div>","protected":false},"excerpt":{"rendered":"","protected":false},"author":1,"featured_media":0,"parent":29055,"menu_order":0,"comment_status":"closed","ping_status":"closed","template":"","meta":{"_acf_changed":false,"footnotes":""},"dipi_cpt_category":[],"class_list":["post-28889","page","type-page","status-publish","hentry"],"acf":[],"yoast_head":"<!-- This site is optimized with the Yoast SEO Premium plugin v27.3 (Yoast SEO v27.3) - https:\/\/yoast.com\/product\/yoast-seo-premium-wordpress\/ -->\n<title>Discrimination Defense - TCLG - The Campbell Law Group<\/title>\n<meta name=\"robots\" content=\"index, follow, max-snippet:-1, max-image-preview:large, max-video-preview:-1\" \/>\n<link rel=\"canonical\" href=\"https:\/\/tclgfirm.com\/es\/areas-de-practica\/ley-laboral\/litigios-en-materia-de-defensa-laboral\/defensa-contra-la-discriminacion\/\" \/>\n<meta property=\"og:locale\" content=\"es_MX\" \/>\n<meta property=\"og:type\" content=\"article\" \/>\n<meta property=\"og:title\" content=\"Discrimination Defense\" \/>\n<meta property=\"og:url\" content=\"https:\/\/tclgfirm.com\/es\/areas-de-practica\/ley-laboral\/litigios-en-materia-de-defensa-laboral\/defensa-contra-la-discriminacion\/\" \/>\n<meta property=\"og:site_name\" content=\"TCLG - The Campbell Law Group\" \/>\n<meta property=\"article:publisher\" content=\"https:\/\/www.facebook.com\/businessattorneymiami\/\" \/>\n<meta property=\"article:modified_time\" content=\"2025-11-14T23:01:53+00:00\" \/>\n<meta property=\"og:image\" content=\"https:\/\/tclgfirm.com\/wp-content\/uploads\/2025\/11\/site-image-1.png\" \/>\n\t<meta property=\"og:image:width\" content=\"1200\" \/>\n\t<meta property=\"og:image:height\" content=\"675\" \/>\n\t<meta property=\"og:image:type\" content=\"image\/png\" \/>\n<meta name=\"twitter:card\" content=\"summary_large_image\" \/>\n<meta name=\"twitter:site\" content=\"@Campbelllawgrp\" \/>\n<script type=\"application\/ld+json\" class=\"yoast-schema-graph\">{\"@context\":\"https:\\\/\\\/schema.org\",\"@graph\":[{\"@type\":\"WebPage\",\"@id\":\"https:\\\/\\\/tclgfirm.com\\\/practice-areas\\\/employment-law\\\/employment-defense-litigation\\\/discrimination-defense\\\/\",\"url\":\"https:\\\/\\\/tclgfirm.com\\\/practice-areas\\\/employment-law\\\/employment-defense-litigation\\\/discrimination-defense\\\/\",\"name\":\"Discrimination Defense - TCLG - The Campbell Law Group\",\"isPartOf\":{\"@id\":\"https:\\\/\\\/tclgfirm.com\\\/#website\"},\"datePublished\":\"2025-10-03T17:45:26+00:00\",\"dateModified\":\"2025-11-14T23:01:53+00:00\",\"breadcrumb\":{\"@id\":\"https:\\\/\\\/tclgfirm.com\\\/practice-areas\\\/employment-law\\\/employment-defense-litigation\\\/discrimination-defense\\\/#breadcrumb\"},\"inLanguage\":\"es\",\"potentialAction\":[{\"@type\":\"ReadAction\",\"target\":[\"https:\\\/\\\/tclgfirm.com\\\/practice-areas\\\/employment-law\\\/employment-defense-litigation\\\/discrimination-defense\\\/\"]}]},{\"@type\":\"BreadcrumbList\",\"@id\":\"https:\\\/\\\/tclgfirm.com\\\/practice-areas\\\/employment-law\\\/employment-defense-litigation\\\/discrimination-defense\\\/#breadcrumb\",\"itemListElement\":[{\"@type\":\"ListItem\",\"position\":1,\"name\":\"Home\",\"item\":\"https:\\\/\\\/tclgfirm.com\\\/\"},{\"@type\":\"ListItem\",\"position\":2,\"name\":\"Practice Areas\",\"item\":\"https:\\\/\\\/tclgfirm.com\\\/practice-areas\\\/\"},{\"@type\":\"ListItem\",\"position\":3,\"name\":\"Employment Law\",\"item\":\"https:\\\/\\\/tclgfirm.com\\\/practice-areas\\\/employment-law\\\/\"},{\"@type\":\"ListItem\",\"position\":4,\"name\":\"Employment Defense Litigation\",\"item\":\"https:\\\/\\\/tclgfirm.com\\\/practice-areas\\\/employment-law\\\/employment-defense-litigation\\\/\"},{\"@type\":\"ListItem\",\"position\":5,\"name\":\"Discrimination Defense\"}]},{\"@type\":\"WebSite\",\"@id\":\"https:\\\/\\\/tclgfirm.com\\\/#website\",\"url\":\"https:\\\/\\\/tclgfirm.com\\\/\",\"name\":\"TCLG Business & Corporate Law\",\"description\":\"Business &amp; Corporate Law\",\"publisher\":{\"@id\":\"https:\\\/\\\/tclgfirm.com\\\/#organization\"},\"potentialAction\":[{\"@type\":\"SearchAction\",\"target\":{\"@type\":\"EntryPoint\",\"urlTemplate\":\"https:\\\/\\\/tclgfirm.com\\\/?s={search_term_string}\"},\"query-input\":{\"@type\":\"PropertyValueSpecification\",\"valueRequired\":true,\"valueName\":\"search_term_string\"}}],\"inLanguage\":\"es\"},{\"@type\":\"Organization\",\"@id\":\"https:\\\/\\\/tclgfirm.com\\\/#organization\",\"name\":\"The Campbell Law Group\",\"alternateName\":\"TCLG\",\"url\":\"https:\\\/\\\/tclgfirm.com\\\/\",\"logo\":{\"@type\":\"ImageObject\",\"inLanguage\":\"es\",\"@id\":\"https:\\\/\\\/tclgfirm.com\\\/#\\\/schema\\\/logo\\\/image\\\/\",\"url\":\"https:\\\/\\\/tclgfirm.com\\\/wp-content\\\/uploads\\\/2025\\\/11\\\/logo-yoast.png\",\"contentUrl\":\"https:\\\/\\\/tclgfirm.com\\\/wp-content\\\/uploads\\\/2025\\\/11\\\/logo-yoast.png\",\"width\":696,\"height\":696,\"caption\":\"The Campbell Law Group\"},\"image\":{\"@id\":\"https:\\\/\\\/tclgfirm.com\\\/#\\\/schema\\\/logo\\\/image\\\/\"},\"sameAs\":[\"https:\\\/\\\/www.facebook.com\\\/businessattorneymiami\\\/\",\"https:\\\/\\\/x.com\\\/Campbelllawgrp\"]}]}<\/script>\n<!-- \/ Yoast SEO Premium plugin. -->","yoast_head_json":{"title":"Defensa contra la discriminaci\u00f3n - TCLG - The Campbell Law Group","robots":{"index":"index","follow":"follow","max-snippet":"max-snippet:-1","max-image-preview":"max-image-preview:large","max-video-preview":"max-video-preview:-1"},"canonical":"https:\/\/tclgfirm.com\/es\/areas-de-practica\/ley-laboral\/litigios-en-materia-de-defensa-laboral\/defensa-contra-la-discriminacion\/","og_locale":"es_MX","og_type":"article","og_title":"Discrimination Defense","og_url":"https:\/\/tclgfirm.com\/es\/areas-de-practica\/ley-laboral\/litigios-en-materia-de-defensa-laboral\/defensa-contra-la-discriminacion\/","og_site_name":"TCLG - The Campbell Law Group","article_publisher":"https:\/\/www.facebook.com\/businessattorneymiami\/","article_modified_time":"2025-11-14T23:01:53+00:00","og_image":[{"width":1200,"height":675,"url":"https:\/\/tclgfirm.com\/wp-content\/uploads\/2025\/11\/site-image-1.png","type":"image\/png"}],"twitter_card":"summary_large_image","twitter_site":"@Campbelllawgrp","schema":{"@context":"https:\/\/schema.org","@graph":[{"@type":"WebPage","@id":"https:\/\/tclgfirm.com\/practice-areas\/employment-law\/employment-defense-litigation\/discrimination-defense\/","url":"https:\/\/tclgfirm.com\/practice-areas\/employment-law\/employment-defense-litigation\/discrimination-defense\/","name":"Defensa contra la discriminaci\u00f3n - TCLG - The Campbell Law Group","isPartOf":{"@id":"https:\/\/tclgfirm.com\/#website"},"datePublished":"2025-10-03T17:45:26+00:00","dateModified":"2025-11-14T23:01:53+00:00","breadcrumb":{"@id":"https:\/\/tclgfirm.com\/practice-areas\/employment-law\/employment-defense-litigation\/discrimination-defense\/#breadcrumb"},"inLanguage":"es","potentialAction":[{"@type":"ReadAction","target":["https:\/\/tclgfirm.com\/practice-areas\/employment-law\/employment-defense-litigation\/discrimination-defense\/"]}]},{"@type":"BreadcrumbList","@id":"https:\/\/tclgfirm.com\/practice-areas\/employment-law\/employment-defense-litigation\/discrimination-defense\/#breadcrumb","itemListElement":[{"@type":"ListItem","position":1,"name":"Home","item":"https:\/\/tclgfirm.com\/"},{"@type":"ListItem","position":2,"name":"Practice Areas","item":"https:\/\/tclgfirm.com\/practice-areas\/"},{"@type":"ListItem","position":3,"name":"Employment Law","item":"https:\/\/tclgfirm.com\/practice-areas\/employment-law\/"},{"@type":"ListItem","position":4,"name":"Employment Defense Litigation","item":"https:\/\/tclgfirm.com\/practice-areas\/employment-law\/employment-defense-litigation\/"},{"@type":"ListItem","position":5,"name":"Discrimination Defense"}]},{"@type":"WebSite","@id":"https:\/\/tclgfirm.com\/#website","url":"https:\/\/tclgfirm.com\/","name":"Derecho mercantil y corporativo de TCLG","description":"Derecho mercantil y corporativo","publisher":{"@id":"https:\/\/tclgfirm.com\/#organization"},"potentialAction":[{"@type":"SearchAction","target":{"@type":"EntryPoint","urlTemplate":"https:\/\/tclgfirm.com\/?s={search_term_string}"},"query-input":{"@type":"PropertyValueSpecification","valueRequired":true,"valueName":"search_term_string"}}],"inLanguage":"es"},{"@type":"Organization","@id":"https:\/\/tclgfirm.com\/#organization","name":"El Grupo Jur\u00eddico Campbell","alternateName":"TCLG","url":"https:\/\/tclgfirm.com\/","logo":{"@type":"ImageObject","inLanguage":"es","@id":"https:\/\/tclgfirm.com\/#\/schema\/logo\/image\/","url":"https:\/\/tclgfirm.com\/wp-content\/uploads\/2025\/11\/logo-yoast.png","contentUrl":"https:\/\/tclgfirm.com\/wp-content\/uploads\/2025\/11\/logo-yoast.png","width":696,"height":696,"caption":"The Campbell Law Group"},"image":{"@id":"https:\/\/tclgfirm.com\/#\/schema\/logo\/image\/"},"sameAs":["https:\/\/www.facebook.com\/businessattorneymiami\/","https:\/\/x.com\/Campbelllawgrp"]}]}},"_links":{"self":[{"href":"https:\/\/tclgfirm.com\/es\/wp-json\/wp\/v2\/pages\/28889","targetHints":{"allow":["GET"]}}],"collection":[{"href":"https:\/\/tclgfirm.com\/es\/wp-json\/wp\/v2\/pages"}],"about":[{"href":"https:\/\/tclgfirm.com\/es\/wp-json\/wp\/v2\/types\/page"}],"author":[{"embeddable":true,"href":"https:\/\/tclgfirm.com\/es\/wp-json\/wp\/v2\/users\/1"}],"replies":[{"embeddable":true,"href":"https:\/\/tclgfirm.com\/es\/wp-json\/wp\/v2\/comments?post=28889"}],"version-history":[{"count":0,"href":"https:\/\/tclgfirm.com\/es\/wp-json\/wp\/v2\/pages\/28889\/revisions"}],"up":[{"embeddable":true,"href":"https:\/\/tclgfirm.com\/es\/wp-json\/wp\/v2\/pages\/29055"}],"wp:attachment":[{"href":"https:\/\/tclgfirm.com\/es\/wp-json\/wp\/v2\/media?parent=28889"}],"wp:term":[{"taxonomy":"dipi_cpt_category","embeddable":true,"href":"https:\/\/tclgfirm.com\/es\/wp-json\/wp\/v2\/dipi_cpt_category?post=28889"}],"curies":[{"name":"wp","href":"https:\/\/api.w.org\/{rel}","templated":true}]}}