{"id":28893,"date":"2025-10-03T17:32:13","date_gmt":"2025-10-03T21:32:13","guid":{"rendered":"https:\/\/tclgdev.wpenginepowered.com\/?page_id=28893"},"modified":"2025-11-14T18:00:56","modified_gmt":"2025-11-14T23:00:56","slug":"contratos-de-contratista-independiente","status":"publish","type":"page","link":"https:\/\/tclgfirm.com\/es\/practice-areas-old\/employment-law\/employment-agreements\/independent-contractor-agreements\/","title":{"rendered":"Contratos de contratista independiente"},"content":{"rendered":"<div class=\"et_pb_section_0 et_pb_section et_section_regular et_flex_section preset--module--divi-section--mjwl5e219h\">\n<div class=\"et_pb_row_0 et_pb_row et_flex_row\">\n<div class=\"et_pb_column_0 et_pb_column et_flex_column et_pb_css_mix_blend_mode_passthrough et_flex_column_24_24 et_flex_column_24_24_tablet et_flex_column_24_24_phone\">\n<div class=\"et_pb_text_0 et_pb_text et_pb_bg_layout_light et_pb_module et_flex_module preset--group--divi-text--divi-font-body--default\"><div class=\"et_pb_text_inner\"><h1>Contratos de contratista independiente<\/h1>\n<\/div><\/div>\n<\/div>\n\n<div class=\"et_pb_column_1 et_pb_column et-last-child et_flex_column et_pb_css_mix_blend_mode_passthrough et_flex_column_24_24 et_flex_column_24_24_tablet et_flex_column_24_24_phone\">\n<div class=\"et_pb_image_0 et_pb_image et_pb_module et_flex_module\"><span class=\"et_pb_image_wrap\"><img loading=\"lazy\" decoding=\"async\" src=\"https:\/\/tclgfirm.com\/wp-content\/uploads\/2025\/09\/TCLG.ISO-Cream.png\" width=\"341\" height=\"350\" srcset=\"https:\/\/tclgfirm.com\/wp-content\/uploads\/2025\/09\/TCLG.ISO-Cream.png 341w, https:\/\/tclgfirm.com\/wp-content\/uploads\/2025\/09\/TCLG.ISO-Cream-292x300.png 292w, https:\/\/tclgfirm.com\/wp-content\/uploads\/2025\/09\/TCLG.ISO-Cream-12x12.png 12w\" sizes=\"(max-width: 341px) 100vw, 341px\" class=\"wp-image-28819\" alt=\"Favicon de Tclg\" \/><\/span><\/div>\n<\/div>\n<\/div>\n<\/div>\n\n<div class=\"et_pb_section_1 et_pb_section et_section_regular et_flex_section\"><div class=\"et_pb_row_1 et_pb_row et_flex_row\"><div class=\"et_pb_column_2 et_pb_column et-last-child et_flex_column et_pb_css_mix_blend_mode_passthrough et_flex_column_24_24 et_flex_column_24_24_tablet et_flex_column_24_24_phone\"><div class=\"et_pb_text_1 et_pb_text et_pb_bg_layout_light et_pb_module et_flex_module preset--group--divi-text--divi-font-body--default\"><div class=\"et_pb_text_inner\"><span><span><a href=\"https:\/\/tclgfirm.com\/es\/\">Inicio<\/a><\/span><\/span>\n<\/div><\/div><\/div><\/div><\/div>\n\n<div class=\"et_pb_section_2 et_pb_section et_section_regular et_flex_section\">\n<div class=\"et_pb_row_2 et_pb_row et_flex_row\">\n<div class=\"et_pb_column_3 et_pb_column et-last-child et_flex_column et_pb_css_mix_blend_mode_passthrough et_flex_column_24_24 et_flex_column_24_24_tablet et_flex_column_24_24_phone\">\n<div class=\"et_pb_text_2 et_pb_text et_pb_bg_layout_light et_pb_module et_flex_module phc-pa-text preset--group--divi-text--divi-font-body--default\"><div class=\"et_pb_text_inner\"><p>En el estado de Florida, es una pr\u00e1ctica com\u00fan que las empresas aprovechen los servicios de contratistas independientes, principalmente debido a las ventajas inherentes que ofrecen en t\u00e9rminos de flexibilidad y rentabilidad.<\/p>\n<p>Un aspecto importante del uso de contratistas independientes es que no reciben los mismos beneficios que los empleados regulares. Los contratistas independientes no tienen derecho a los beneficios que ofrece la empresa, como cobertura de seguro m\u00e9dico o planes de jubilaci\u00f3n. A diferencia de los empleados, ellos son responsables de gestionar sus propias necesidades de seguro y jubilaci\u00f3n. Los contratistas independientes tampoco tienen derecho a prestaciones por desempleo. Esto significa que, en caso de finalizaci\u00f3n del proyecto o terminaci\u00f3n de los servicios del contratista, no tienen derecho a indemnizaci\u00f3n por desempleo, lo que supone un ahorro adicional de costos para las empresas.<\/p>\n<p>Para establecer una relaci\u00f3n laboral con contratistas independientes, las empresas suelen recurrir a contratos de contratista independiente. Estos contratos son documentos legales fundamentales que definen los t\u00e9rminos y condiciones del compromiso entre la empresa y el contratista. Aportan claridad y transparencia, y protegen los derechos y las expectativas de ambas partes implicadas.<\/p>\n<h2>\u00bfQu\u00e9 se incluye habitualmente en los contratos de contratista independiente?<\/h2>\n<p>En lo que respecta a los contratos de contratistas independientes en Florida, hay varios elementos comunes que suelen incluirse para establecer un entendimiento claro entre el contratista y la empresa contratante. Estos elementos ayudan a definir los par\u00e1metros de la relaci\u00f3n laboral y garantizan que ambas partes est\u00e9n alineadas. Los componentes clave que suelen encontrarse en este tipo de contratos son los siguientes:<\/p>\n<\/div><\/div>\n\n<div class=\"et_pb_text_3 et_pb_text et_pb_bg_layout_light et_pb_module et_flex_module phc-pa-text preset--group--divi-text--divi-font-body--default\"><div class=\"et_pb_text_inner\" data-et-mv-hidden-phone=\"true\"><p><!-- 1\/3 + 2\/3 table (colgroup-based) --><\/p>\n<table style=\"width: 90%; border-collapse: collapse; background-color: #f4f3f1; margin-left: auto; margin-right: auto; border: 1px solid #34171b; height: 234px;\">\n<colgroup>\n<col style=\"width: 33.3333%;\" \/>\n<col style=\"width: 66.6667%;\" \/> <\/colgroup>\n<tbody>\n<tr style=\"height: 18px;\">\n<th style=\"text-align: center; border: 1px solid #34171b; height: 18px;\"><strong>T\u00e9rmino<\/strong><\/th>\n<th style=\"text-align: center; border: 1px solid #34171b; height: 18px;\"><strong>Descripci\u00f3n<\/strong><\/th>\n<\/tr>\n<p><!-- Rows --><\/p>\n<tr style=\"height: 18px;\">\n<td style=\"border: 1px solid #34171b; height: 18px;\">Alcance del trabajo<\/td>\n<td style=\"border: 1px solid #34171b; height: 18px;\">Define las tareas, responsabilidades y servicios espec\u00edficos que realizar\u00e1 el contratista. Garantiza la claridad en cuanto a los resultados y las expectativas.<\/td>\n<\/tr>\n<tr style=\"height: 18px;\">\n<td style=\"border: 1px solid #34171b; height: 18px;\">Plazos del proyecto<\/td>\n<td style=\"border: 1px solid #34171b; height: 18px;\">Establece plazos y objetivos para la finalizaci\u00f3n de tareas o proyectos. Ayuda a gestionar las expectativas y garantiza la entrega puntual.<\/td>\n<\/tr>\n<tr style=\"height: 18px;\">\n<td style=\"border: 1px solid #34171b; height: 18px;\">Condiciones de pago<\/td>\n<td style=\"border: 1px solid #34171b; height: 18px;\">Describe la estructura de compensaci\u00f3n, incluyendo el monto, la frecuencia, el m\u00e9todo de pago, los procedimientos de facturaci\u00f3n y las pol\u00edticas de reembolso.<\/td>\n<\/tr>\n<tr style=\"height: 18px;\">\n<td style=\"border: 1px solid #34171b; height: 18px;\">Confidencialidad<\/td>\n<td style=\"border: 1px solid #34171b; height: 18px;\">Protege la informaci\u00f3n confidencial y de propiedad exclusiva. Proh\u00edbe al contratista divulgar o utilizar datos confidenciales sin autorizaci\u00f3n.<\/td>\n<\/tr>\n<tr style=\"height: 36px;\">\n<td style=\"border: 1px solid #34171b; height: 36px;\">Otras disposiciones<\/td>\n<td style=\"border: 1px solid #34171b; height: 36px;\">Puede incluir cl\u00e1usulas sobre la propiedad intelectual, la resoluci\u00f3n de disputas, las obligaciones de no competencia, los derechos de rescisi\u00f3n y otros detalles legales.<\/td>\n<\/tr>\n<\/tbody>\n<\/table>\n<\/div><\/div>\n\n<div class=\"et_pb_text_4 et_pb_text et_pb_bg_layout_light et_pb_module et_flex_module phc-pa-text preset--group--divi-text--divi-font-body--default\"><div class=\"et_pb_text_inner\"><p>Al incluir estos elementos habituales en los contratos de contratistas independientes, tanto el contratista como la empresa contratante pueden establecer expectativas claras, proteger sus intereses y promover una relaci\u00f3n laboral mutuamente beneficiosa. Es importante que ambas partes revisen y negocien cuidadosamente estos t\u00e9rminos para asegurarse de que se ajustan a sus necesidades y objetivos.<\/p>\n<p>Para minimizar posibles errores o equivocaciones al redactar este tipo de acuerdos, es recomendable buscar la orientaci\u00f3n de abogados calificados y con experiencia que puedan brindar apoyo especializado durante todo el proceso.<\/p>\n<h3>La redacci\u00f3n de contratos de contratistas independientes<\/h3>\n<p>A la hora de redactar contratos con contratistas independientes, es fundamental contar con la ayuda de abogados expertos. TCLG cuenta con amplia experiencia en asuntos legales complejos relacionados con los negocios y el empleo, y destaca por su probada trayectoria en la creaci\u00f3n de contratos eficaces y completos con contratistas independientes. Nuestros abogados poseen amplios conocimientos y experiencia en el manejo de las complejidades de la legislaci\u00f3n de Florida, lo que nos permite ofrecer una s\u00f3lida representaci\u00f3n a nuestros clientes. Si necesita ayuda con la relaci\u00f3n de su empresa con contratistas independientes: <\/p>\n<\/div><\/div>\n\n<div class=\"et_pb_module et_pb_button_module_wrapper et_pb_button_0_wrapper\"><a class=\"et_pb_button_0 et_pb_button et_pb_bg_layout_light et_pb_module et_flex_module\" href=\"\/es\/contact\/\">CONTACTO<\/a><\/div>\n<\/div>\n<\/div>\n<\/div>","protected":false},"excerpt":{"rendered":"","protected":false},"author":1,"featured_media":0,"parent":29052,"menu_order":0,"comment_status":"closed","ping_status":"closed","template":"","meta":{"_acf_changed":false,"footnotes":""},"dipi_cpt_category":[],"class_list":["post-28893","page","type-page","status-publish","hentry"],"acf":[],"yoast_head":"<!-- This site is optimized with the Yoast SEO Premium plugin v27.5 (Yoast SEO v27.5) - https:\/\/yoast.com\/product\/yoast-seo-premium-wordpress\/ -->\n<title>Independent Contractor Agreements - TCLG - The Campbell Law Group<\/title>\n<meta name=\"robots\" content=\"index, follow, max-snippet:-1, max-image-preview:large, max-video-preview:-1\" \/>\n<link rel=\"canonical\" href=\"https:\/\/tclgfirm.com\/es\/areas-de-practica-antiguas\/ley-laboral\/contratos-de-trabajo\/contratos-de-contratista-independiente\/\" \/>\n<meta property=\"og:locale\" content=\"es_MX\" \/>\n<meta property=\"og:type\" content=\"article\" \/>\n<meta property=\"og:title\" content=\"Independent Contractor Agreements\" \/>\n<meta property=\"og:url\" content=\"https:\/\/tclgfirm.com\/es\/areas-de-practica-antiguas\/ley-laboral\/contratos-de-trabajo\/contratos-de-contratista-independiente\/\" \/>\n<meta property=\"og:site_name\" content=\"TCLG - The Campbell Law Group\" \/>\n<meta property=\"article:publisher\" content=\"https:\/\/www.facebook.com\/businessattorneymiami\/\" \/>\n<meta property=\"article:modified_time\" content=\"2025-11-14T23:00:56+00:00\" \/>\n<meta property=\"og:image\" content=\"https:\/\/tclgfirm.com\/wp-content\/uploads\/2025\/11\/site-image-1.png\" \/>\n\t<meta property=\"og:image:width\" content=\"1200\" \/>\n\t<meta property=\"og:image:height\" content=\"675\" \/>\n\t<meta property=\"og:image:type\" content=\"image\/png\" \/>\n<meta name=\"twitter:card\" content=\"summary_large_image\" \/>\n<meta name=\"twitter:site\" content=\"@Campbelllawgrp\" \/>\n<script type=\"application\/ld+json\" class=\"yoast-schema-graph\">{\"@context\":\"https:\\\/\\\/schema.org\",\"@graph\":[{\"@type\":\"WebPage\",\"@id\":\"https:\\\/\\\/tclgfirm.com\\\/practice-areas-old\\\/employment-law\\\/employment-agreements\\\/independent-contractor-agreements\\\/\",\"url\":\"https:\\\/\\\/tclgfirm.com\\\/practice-areas-old\\\/employment-law\\\/employment-agreements\\\/independent-contractor-agreements\\\/\",\"name\":\"Independent Contractor Agreements - TCLG - The Campbell Law Group\",\"isPartOf\":{\"@id\":\"https:\\\/\\\/tclgfirm.com\\\/#website\"},\"datePublished\":\"2025-10-03T21:32:13+00:00\",\"dateModified\":\"2025-11-14T23:00:56+00:00\",\"breadcrumb\":{\"@id\":\"https:\\\/\\\/tclgfirm.com\\\/practice-areas-old\\\/employment-law\\\/employment-agreements\\\/independent-contractor-agreements\\\/#breadcrumb\"},\"inLanguage\":\"es\",\"potentialAction\":[{\"@type\":\"ReadAction\",\"target\":[\"https:\\\/\\\/tclgfirm.com\\\/practice-areas-old\\\/employment-law\\\/employment-agreements\\\/independent-contractor-agreements\\\/\"]}]},{\"@type\":\"BreadcrumbList\",\"@id\":\"https:\\\/\\\/tclgfirm.com\\\/practice-areas-old\\\/employment-law\\\/employment-agreements\\\/independent-contractor-agreements\\\/#breadcrumb\",\"itemListElement\":[{\"@type\":\"ListItem\",\"position\":1,\"name\":\"Home\",\"item\":\"https:\\\/\\\/tclgfirm.com\\\/\"},{\"@type\":\"ListItem\",\"position\":2,\"name\":\"Practice Areas\",\"item\":\"https:\\\/\\\/tclgfirm.com\\\/practice-areas-old\\\/\"},{\"@type\":\"ListItem\",\"position\":3,\"name\":\"Employment Law\",\"item\":\"https:\\\/\\\/tclgfirm.com\\\/practice-areas-old\\\/employment-law\\\/\"},{\"@type\":\"ListItem\",\"position\":4,\"name\":\"Employment Agreements\",\"item\":\"https:\\\/\\\/tclgfirm.com\\\/practice-areas-old\\\/employment-law\\\/employment-agreements\\\/\"},{\"@type\":\"ListItem\",\"position\":5,\"name\":\"Independent Contractor Agreements\"}]},{\"@type\":\"WebSite\",\"@id\":\"https:\\\/\\\/tclgfirm.com\\\/#website\",\"url\":\"https:\\\/\\\/tclgfirm.com\\\/\",\"name\":\"TCLG Business & Corporate Law\",\"description\":\"Business &amp; Corporate Law\",\"publisher\":{\"@id\":\"https:\\\/\\\/tclgfirm.com\\\/#organization\"},\"potentialAction\":[{\"@type\":\"SearchAction\",\"target\":{\"@type\":\"EntryPoint\",\"urlTemplate\":\"https:\\\/\\\/tclgfirm.com\\\/?s={search_term_string}\"},\"query-input\":{\"@type\":\"PropertyValueSpecification\",\"valueRequired\":true,\"valueName\":\"search_term_string\"}}],\"inLanguage\":\"es\"},{\"@type\":\"Organization\",\"@id\":\"https:\\\/\\\/tclgfirm.com\\\/#organization\",\"name\":\"The Campbell Law Group\",\"alternateName\":\"TCLG\",\"url\":\"https:\\\/\\\/tclgfirm.com\\\/\",\"logo\":{\"@type\":\"ImageObject\",\"inLanguage\":\"es\",\"@id\":\"https:\\\/\\\/tclgfirm.com\\\/#\\\/schema\\\/logo\\\/image\\\/\",\"url\":\"https:\\\/\\\/tclgfirm.com\\\/wp-content\\\/uploads\\\/2025\\\/11\\\/logo-yoast.png\",\"contentUrl\":\"https:\\\/\\\/tclgfirm.com\\\/wp-content\\\/uploads\\\/2025\\\/11\\\/logo-yoast.png\",\"width\":696,\"height\":696,\"caption\":\"The Campbell Law Group\"},\"image\":{\"@id\":\"https:\\\/\\\/tclgfirm.com\\\/#\\\/schema\\\/logo\\\/image\\\/\"},\"sameAs\":[\"https:\\\/\\\/www.facebook.com\\\/businessattorneymiami\\\/\",\"https:\\\/\\\/x.com\\\/Campbelllawgrp\"]}]}<\/script>\n<!-- \/ Yoast SEO Premium plugin. -->","yoast_head_json":{"title":"Acuerdos de contratistas independientes - TCLG - The Campbell Law Group","robots":{"index":"index","follow":"follow","max-snippet":"max-snippet:-1","max-image-preview":"max-image-preview:large","max-video-preview":"max-video-preview:-1"},"canonical":"https:\/\/tclgfirm.com\/es\/areas-de-practica-antiguas\/ley-laboral\/contratos-de-trabajo\/contratos-de-contratista-independiente\/","og_locale":"es_MX","og_type":"article","og_title":"Independent Contractor Agreements","og_url":"https:\/\/tclgfirm.com\/es\/areas-de-practica-antiguas\/ley-laboral\/contratos-de-trabajo\/contratos-de-contratista-independiente\/","og_site_name":"TCLG - The Campbell Law Group","article_publisher":"https:\/\/www.facebook.com\/businessattorneymiami\/","article_modified_time":"2025-11-14T23:00:56+00:00","og_image":[{"width":1200,"height":675,"url":"https:\/\/tclgfirm.com\/wp-content\/uploads\/2025\/11\/site-image-1.png","type":"image\/png"}],"twitter_card":"summary_large_image","twitter_site":"@Campbelllawgrp","schema":{"@context":"https:\/\/schema.org","@graph":[{"@type":"WebPage","@id":"https:\/\/tclgfirm.com\/practice-areas-old\/employment-law\/employment-agreements\/independent-contractor-agreements\/","url":"https:\/\/tclgfirm.com\/practice-areas-old\/employment-law\/employment-agreements\/independent-contractor-agreements\/","name":"Acuerdos de contratistas independientes - TCLG - The Campbell Law Group","isPartOf":{"@id":"https:\/\/tclgfirm.com\/#website"},"datePublished":"2025-10-03T21:32:13+00:00","dateModified":"2025-11-14T23:00:56+00:00","breadcrumb":{"@id":"https:\/\/tclgfirm.com\/practice-areas-old\/employment-law\/employment-agreements\/independent-contractor-agreements\/#breadcrumb"},"inLanguage":"es","potentialAction":[{"@type":"ReadAction","target":["https:\/\/tclgfirm.com\/practice-areas-old\/employment-law\/employment-agreements\/independent-contractor-agreements\/"]}]},{"@type":"BreadcrumbList","@id":"https:\/\/tclgfirm.com\/practice-areas-old\/employment-law\/employment-agreements\/independent-contractor-agreements\/#breadcrumb","itemListElement":[{"@type":"ListItem","position":1,"name":"Home","item":"https:\/\/tclgfirm.com\/"},{"@type":"ListItem","position":2,"name":"Practice Areas","item":"https:\/\/tclgfirm.com\/practice-areas-old\/"},{"@type":"ListItem","position":3,"name":"Employment Law","item":"https:\/\/tclgfirm.com\/practice-areas-old\/employment-law\/"},{"@type":"ListItem","position":4,"name":"Employment Agreements","item":"https:\/\/tclgfirm.com\/practice-areas-old\/employment-law\/employment-agreements\/"},{"@type":"ListItem","position":5,"name":"Independent Contractor Agreements"}]},{"@type":"WebSite","@id":"https:\/\/tclgfirm.com\/#website","url":"https:\/\/tclgfirm.com\/","name":"Derecho mercantil y corporativo de TCLG","description":"Derecho mercantil y corporativo","publisher":{"@id":"https:\/\/tclgfirm.com\/#organization"},"potentialAction":[{"@type":"SearchAction","target":{"@type":"EntryPoint","urlTemplate":"https:\/\/tclgfirm.com\/?s={search_term_string}"},"query-input":{"@type":"PropertyValueSpecification","valueRequired":true,"valueName":"search_term_string"}}],"inLanguage":"es"},{"@type":"Organization","@id":"https:\/\/tclgfirm.com\/#organization","name":"El Grupo Jur\u00eddico Campbell","alternateName":"TCLG","url":"https:\/\/tclgfirm.com\/","logo":{"@type":"ImageObject","inLanguage":"es","@id":"https:\/\/tclgfirm.com\/#\/schema\/logo\/image\/","url":"https:\/\/tclgfirm.com\/wp-content\/uploads\/2025\/11\/logo-yoast.png","contentUrl":"https:\/\/tclgfirm.com\/wp-content\/uploads\/2025\/11\/logo-yoast.png","width":696,"height":696,"caption":"The Campbell Law Group"},"image":{"@id":"https:\/\/tclgfirm.com\/#\/schema\/logo\/image\/"},"sameAs":["https:\/\/www.facebook.com\/businessattorneymiami\/","https:\/\/x.com\/Campbelllawgrp"]}]}},"_links":{"self":[{"href":"https:\/\/tclgfirm.com\/es\/wp-json\/wp\/v2\/pages\/28893","targetHints":{"allow":["GET"]}}],"collection":[{"href":"https:\/\/tclgfirm.com\/es\/wp-json\/wp\/v2\/pages"}],"about":[{"href":"https:\/\/tclgfirm.com\/es\/wp-json\/wp\/v2\/types\/page"}],"author":[{"embeddable":true,"href":"https:\/\/tclgfirm.com\/es\/wp-json\/wp\/v2\/users\/1"}],"replies":[{"embeddable":true,"href":"https:\/\/tclgfirm.com\/es\/wp-json\/wp\/v2\/comments?post=28893"}],"version-history":[{"count":0,"href":"https:\/\/tclgfirm.com\/es\/wp-json\/wp\/v2\/pages\/28893\/revisions"}],"up":[{"embeddable":true,"href":"https:\/\/tclgfirm.com\/es\/wp-json\/wp\/v2\/pages\/29052"}],"wp:attachment":[{"href":"https:\/\/tclgfirm.com\/es\/wp-json\/wp\/v2\/media?parent=28893"}],"wp:term":[{"taxonomy":"dipi_cpt_category","embeddable":true,"href":"https:\/\/tclgfirm.com\/es\/wp-json\/wp\/v2\/dipi_cpt_category?post=28893"}],"curies":[{"name":"wp","href":"https:\/\/api.w.org\/{rel}","templated":true}]}}