{"id":29200,"date":"2025-10-22T14:55:36","date_gmt":"2025-10-22T18:55:36","guid":{"rendered":"https:\/\/tclgdev.wpenginepowered.com\/?page_id=29200"},"modified":"2026-02-24T02:59:43","modified_gmt":"2026-02-24T07:59:43","slug":"regina-m-campbell-abogada","status":"publish","type":"page","link":"https:\/\/tclgfirm.com\/es\/team\/regina-m-campbell-esq\/","title":{"rendered":"Regina M. Campbell, Esq."},"content":{"rendered":"<div class=\"et_pb_section_0 et_pb_section et_section_regular et_flex_section\">\r\n\r\n<div class=\"et_pb_row_0 et_pb_row et_flex_row\">\r\n\r\n<div class=\"et_pb_column_0 et_pb_column et-last-child et_flex_column et_pb_css_mix_blend_mode_passthrough et_flex_column_24_24 et_flex_column_24_24_tablet et_flex_column_24_24_phone\">\r\n\r\n<div class=\"et_pb_text_0 et_pb_text et_pb_bg_layout_light et_pb_module et_block_module preset--group--divi-text--divi-font-body--default\"><div class=\"et_pb_text_inner\" data-et-mv-hidden-phone=\"true\"><h1>Regina M. Campbell, Esq.<\/h1>\n<\/div><\/div><\/div><\/div><\/div>\r\n\r\n<div class=\"et_pb_section_1 et_pb_section et_section_regular et_flex_section\" id=\"our-team\">\r\n\r\n<div class=\"et_pb_row_1 et_pb_row et_flex_row\">\r\n\r\n<div class=\"et_pb_column_1 et_pb_column et_flex_column et_pb_css_mix_blend_mode_passthrough et_flex_column_12_24 et_flex_column_12_24_tablet et_flex_column_24_24_phone\">\r\n\r\n<div class=\"et_pb_blurb_0 et_pb_blurb et_pb_bg_layout_light et_pb_blurb_position_top et_pb_module et_block_module preset--group--divi-blurb--divi-font-body--default\"><div class=\"et_pb_blurb_content\"><div class=\"et_pb_main_blurb_image\"><span class=\"et_pb_image_wrap et_pb_only_image_mode_wrap\"><img loading=\"lazy\" decoding=\"async\" src=\"https:\/\/tclgfirm.com\/wp-content\/uploads\/2025\/10\/Regina-Campbell.png\" alt=\"Regina Campbell\" width=\"259\" height=\"303\" srcset=\"https:\/\/tclgfirm.com\/wp-content\/uploads\/2025\/10\/Regina-Campbell.png 259w, https:\/\/tclgfirm.com\/wp-content\/uploads\/2025\/10\/Regina-Campbell-256x300.png 256w, https:\/\/tclgfirm.com\/wp-content\/uploads\/2025\/10\/Regina-Campbell-10x12.png 10w\" sizes=\"(max-width: 259px) 100vw, 259px\" class=\"et-waypoint et_pb_animation_top et_pb_animation_top_tablet et_pb_animation_top_phone wp-image-28961\" \/><\/span><\/div><div class=\"et_pb_blurb_container\"><h4 class=\"et_pb_module_header\">Regina M. Campbell, ESQ.<\/h4><div class=\"et_pb_blurb_description\"><p>Abogada Principal<br \/><a href=\"tel:+13054601856\">(305) 460-1856<\/a><\/p>\n<\/div><\/div><\/div><\/div>\r\n\r\n<div class=\"et_pb_text_1 et_pb_text et_pb_bg_layout_light et_pb_module et_block_module preset--group--divi-text--divi-font-body--default\"><div class=\"et_pb_text_inner\" data-et-mv-hidden-phone=\"true\"><h2>Educaci\u00f3n<\/h2>\n<ul>\n<li>Universidad de Hofstra<br \/>Facultad de Derecho Maurice A. Deane<br \/>Hempstead, NY<br \/>Doctorado en Derecho (2007)<\/li>\n<li>Universidad Internacional de Florida<br \/>Miami, FL<br \/>Licenciatura en Ciencias Pol\u00edticas (1998)<\/li>\n<\/ul>\n<\/div><\/div>\r\n\r\n<div class=\"et_pb_text_2 et_pb_text et_pb_bg_layout_light et_pb_module et_block_module preset--group--divi-text--divi-font-body--default\"><div class=\"et_pb_text_inner\" data-et-mv-hidden-phone=\"true\"><h2>Admisiones<\/h2>\n<ul>\n<li>Colegio de Abogados de Florida (2009)<\/li>\n<li>Tribunal de Distrito de los Estados Unidos para los Distritos Sur (2013), Medio (2015) y Norte de Florida (2018).<\/li>\n<li>Tribunal de Quiebras de los Estados Unidos para los Distritos Medio y Sur de Florida (2015)<\/li>\n<li>Miembro del Collaborative Family Law Institute, Inc. (2017)<\/li>\n<\/ul>\n<\/div><\/div><\/div>\r\n\r\n<div class=\"et_pb_column_2 et_pb_column et-last-child et_flex_column et_pb_css_mix_blend_mode_passthrough et_flex_column_12_24 et_flex_column_12_24_tablet et_flex_column_24_24_phone\">\r\n\r\n<div class=\"et_pb_text_3 et_pb_text et_pb_bg_layout_light et_pb_module et_block_module preset--group--divi-text--divi-font-body--default\"><div class=\"et_pb_text_inner\" data-et-mv-hidden-phone=\"true\"><p>Regina es socia directora de The Campbell Law Group, con sede en Coral Gables, Florida. Es reconocida por su perspicacia \u00fanica, su ingeniosa capacidad para resolver problemas y su comprensi\u00f3n de c\u00f3mo los asuntos legales afectan de manera diferente a las personas y a las empresas.<\/p>\n<p>Una de las mayores pasiones de Regina es el litigio. Regina y The Campbell Law Group PA han visto una gran cantidad de \u00e9xito en el enjuiciamiento y litigio de fraude empresarial complejo y esquemas ponzi, interferencia il\u00edcita con una relaci\u00f3n de negocios, casos de no competencia, acciones de accionistas, divorcio complejo y acciones post-divorcio, especialmente los casos con partes recalcitrantes con un talento para ocultar los activos y \/ o evitar las obligaciones de manutenci\u00f3n, entre otras causas de acci\u00f3n.<\/p>\n<p>Regina, tambi\u00e9n, como resultado de su experiencia en la creaci\u00f3n de varias empresas desde cero, antes de convertirse en abogada, tiene una s\u00f3lida formaci\u00f3n en transacciones empresariales y financieras complejas, con experiencia espec\u00edfica en fusiones y adquisiciones (M&amp;A), financiaci\u00f3n de capital privado, y redacci\u00f3n y planificaci\u00f3n estrat\u00e9gica de estructuras empresariales y documentos de gobierno accionarial\/corporativo, junto con cuestiones que surgen en la gesti\u00f3n y la din\u00e1mica entre accionistas y\/o miembros y propietarios de una empresa.<\/p>\n<p>Otra de las grandes pasiones de Regina ha sido ayudar a familias y ni\u00f1os a navegar a trav\u00e9s de las dificultades que se presentan en situaciones de derecho de familia. Desde que form\u00f3 TCLG en 2010, Regina ha ayudado a resolver numerosos casos de derecho de familia en los tribunales del estado de Florida y en procedimientos alternativos de resoluci\u00f3n de conflictos, como la mediaci\u00f3n. Regina es conocida por sus soluciones creativas a problemas complejos, su amplio conocimiento de la ley, y su \u00e9tica de trabajo diligente. Sus habilidades \u00fanicas le permiten representar eficazmente a sus clientes y proteger sus derechos en las disoluciones que implican la divisi\u00f3n de sus intereses comerciales, y le ha ayudado a asegurar cientos de miles de d\u00f3lares en activos de las partes recalcitrantes que intentan evadir las obligaciones de manutenci\u00f3n y la divisi\u00f3n de los activos.<\/p>\n<p>En su tiempo libre, Regina participa en la comunidad, no s\u00f3lo realizando trabajos pro bono para ayudar a organizaciones sin \u00e1nimo de lucro y a particulares con necesidades legales, sino tambi\u00e9n ofreciendo su tiempo como voluntaria para trabajar con organizaciones centradas en la prestaci\u00f3n de servicios humanitarios a los pobres y a las personas sin hogar, como Camillus House.<\/p>\n<p>Regina habla ingl\u00e9s y espa\u00f1ol con fluidez y ha asistido a empresas y familias de m\u00e1s de veinte pa\u00edses en sus necesidades legales empresariales y familiares.<\/p>\n<\/div><\/div><\/div><\/div><\/div>","protected":false},"excerpt":{"rendered":"","protected":false},"author":1,"featured_media":0,"parent":28964,"menu_order":0,"comment_status":"closed","ping_status":"closed","template":"","meta":{"_acf_changed":false,"footnotes":""},"dipi_cpt_category":[],"class_list":["post-29200","page","type-page","status-publish","hentry"],"acf":[],"yoast_head":"<!-- This site is optimized with the Yoast SEO Premium plugin v27.5 (Yoast SEO v27.5) - https:\/\/yoast.com\/product\/yoast-seo-premium-wordpress\/ -->\n<title>Regina M. Campbell, Esq. - TCLG - The Campbell Law Group<\/title>\n<meta name=\"description\" content=\"Regina Campbell is the managing partner of The Campbell Law Group based in Coral Gables and serving the entire state of Florida.\" \/>\n<meta name=\"robots\" content=\"index, follow, max-snippet:-1, max-image-preview:large, max-video-preview:-1\" \/>\n<link rel=\"canonical\" href=\"https:\/\/tclgfirm.com\/es\/equipo\/regina-m-campbell-abogada\/\" \/>\n<meta property=\"og:locale\" content=\"es_MX\" \/>\n<meta property=\"og:type\" content=\"article\" \/>\n<meta property=\"og:title\" content=\"Regina M. Campbell, Esq.\" \/>\n<meta property=\"og:description\" content=\"Regina Campbell is the managing partner of The Campbell Law Group based in Coral Gables and serving the entire state of Florida.\" \/>\n<meta property=\"og:url\" content=\"https:\/\/tclgfirm.com\/es\/equipo\/regina-m-campbell-abogada\/\" \/>\n<meta property=\"og:site_name\" content=\"TCLG - The Campbell Law Group\" \/>\n<meta property=\"article:publisher\" content=\"https:\/\/www.facebook.com\/businessattorneymiami\/\" \/>\n<meta property=\"article:modified_time\" content=\"2026-02-24T07:59:43+00:00\" \/>\n<meta property=\"og:image\" content=\"https:\/\/tclgfirm.com\/wp-content\/uploads\/2025\/11\/site-image-1.png\" \/>\n\t<meta property=\"og:image:width\" content=\"1200\" \/>\n\t<meta property=\"og:image:height\" content=\"675\" \/>\n\t<meta property=\"og:image:type\" content=\"image\/png\" \/>\n<meta name=\"twitter:card\" content=\"summary_large_image\" \/>\n<meta name=\"twitter:site\" content=\"@Campbelllawgrp\" \/>\n<script type=\"application\/ld+json\" class=\"yoast-schema-graph\">{\"@context\":\"https:\\\/\\\/schema.org\",\"@graph\":[{\"@type\":\"WebPage\",\"@id\":\"https:\\\/\\\/tclgfirm.com\\\/team\\\/regina-m-campbell-esq\\\/\",\"url\":\"https:\\\/\\\/tclgfirm.com\\\/team\\\/regina-m-campbell-esq\\\/\",\"name\":\"Regina M. Campbell, Esq. - TCLG - The Campbell Law Group\",\"isPartOf\":{\"@id\":\"https:\\\/\\\/tclgfirm.com\\\/#website\"},\"datePublished\":\"2025-10-22T18:55:36+00:00\",\"dateModified\":\"2026-02-24T07:59:43+00:00\",\"description\":\"Regina Campbell is the managing partner of The Campbell Law Group based in Coral Gables and serving the entire state of Florida.\",\"breadcrumb\":{\"@id\":\"https:\\\/\\\/tclgfirm.com\\\/team\\\/regina-m-campbell-esq\\\/#breadcrumb\"},\"inLanguage\":\"es\",\"potentialAction\":[{\"@type\":\"ReadAction\",\"target\":[\"https:\\\/\\\/tclgfirm.com\\\/team\\\/regina-m-campbell-esq\\\/\"]}]},{\"@type\":\"BreadcrumbList\",\"@id\":\"https:\\\/\\\/tclgfirm.com\\\/team\\\/regina-m-campbell-esq\\\/#breadcrumb\",\"itemListElement\":[{\"@type\":\"ListItem\",\"position\":1,\"name\":\"Home\",\"item\":\"https:\\\/\\\/tclgfirm.com\\\/\"},{\"@type\":\"ListItem\",\"position\":2,\"name\":\"Team\",\"item\":\"https:\\\/\\\/tclgfirm.com\\\/team\\\/\"},{\"@type\":\"ListItem\",\"position\":3,\"name\":\"Regina M. Campbell, Esq.\"}]},{\"@type\":\"WebSite\",\"@id\":\"https:\\\/\\\/tclgfirm.com\\\/#website\",\"url\":\"https:\\\/\\\/tclgfirm.com\\\/\",\"name\":\"TCLG Business & Corporate Law\",\"description\":\"Business &amp; Corporate Law\",\"publisher\":{\"@id\":\"https:\\\/\\\/tclgfirm.com\\\/#organization\"},\"potentialAction\":[{\"@type\":\"SearchAction\",\"target\":{\"@type\":\"EntryPoint\",\"urlTemplate\":\"https:\\\/\\\/tclgfirm.com\\\/?s={search_term_string}\"},\"query-input\":{\"@type\":\"PropertyValueSpecification\",\"valueRequired\":true,\"valueName\":\"search_term_string\"}}],\"inLanguage\":\"es\"},{\"@type\":\"Organization\",\"@id\":\"https:\\\/\\\/tclgfirm.com\\\/#organization\",\"name\":\"The Campbell Law Group\",\"alternateName\":\"TCLG\",\"url\":\"https:\\\/\\\/tclgfirm.com\\\/\",\"logo\":{\"@type\":\"ImageObject\",\"inLanguage\":\"es\",\"@id\":\"https:\\\/\\\/tclgfirm.com\\\/#\\\/schema\\\/logo\\\/image\\\/\",\"url\":\"https:\\\/\\\/tclgfirm.com\\\/wp-content\\\/uploads\\\/2025\\\/11\\\/logo-yoast.png\",\"contentUrl\":\"https:\\\/\\\/tclgfirm.com\\\/wp-content\\\/uploads\\\/2025\\\/11\\\/logo-yoast.png\",\"width\":696,\"height\":696,\"caption\":\"The Campbell Law Group\"},\"image\":{\"@id\":\"https:\\\/\\\/tclgfirm.com\\\/#\\\/schema\\\/logo\\\/image\\\/\"},\"sameAs\":[\"https:\\\/\\\/www.facebook.com\\\/businessattorneymiami\\\/\",\"https:\\\/\\\/x.com\\\/Campbelllawgrp\"]}]}<\/script>\n<!-- \/ Yoast SEO Premium plugin. -->","yoast_head_json":{"title":"Regina M. Campbell, abogada - TCLG - The Campbell Law Group","description":"Regina Campbell es la socia gerente de The Campbell Law Group, con sede en Coral Gables y que presta servicios en todo el estado de Florida.","robots":{"index":"index","follow":"follow","max-snippet":"max-snippet:-1","max-image-preview":"max-image-preview:large","max-video-preview":"max-video-preview:-1"},"canonical":"https:\/\/tclgfirm.com\/es\/equipo\/regina-m-campbell-abogada\/","og_locale":"es_MX","og_type":"article","og_title":"Regina M. Campbell, Esq.","og_description":"Regina Campbell is the managing partner of The Campbell Law Group based in Coral Gables and serving the entire state of Florida.","og_url":"https:\/\/tclgfirm.com\/es\/equipo\/regina-m-campbell-abogada\/","og_site_name":"TCLG - The Campbell Law Group","article_publisher":"https:\/\/www.facebook.com\/businessattorneymiami\/","article_modified_time":"2026-02-24T07:59:43+00:00","og_image":[{"width":1200,"height":675,"url":"https:\/\/tclgfirm.com\/wp-content\/uploads\/2025\/11\/site-image-1.png","type":"image\/png"}],"twitter_card":"summary_large_image","twitter_site":"@Campbelllawgrp","schema":{"@context":"https:\/\/schema.org","@graph":[{"@type":"WebPage","@id":"https:\/\/tclgfirm.com\/team\/regina-m-campbell-esq\/","url":"https:\/\/tclgfirm.com\/team\/regina-m-campbell-esq\/","name":"Regina M. Campbell, abogada - TCLG - The Campbell Law Group","isPartOf":{"@id":"https:\/\/tclgfirm.com\/#website"},"datePublished":"2025-10-22T18:55:36+00:00","dateModified":"2026-02-24T07:59:43+00:00","description":"Regina Campbell es la socia gerente de The Campbell Law Group, con sede en Coral Gables y que presta servicios en todo el estado de Florida.","breadcrumb":{"@id":"https:\/\/tclgfirm.com\/team\/regina-m-campbell-esq\/#breadcrumb"},"inLanguage":"es","potentialAction":[{"@type":"ReadAction","target":["https:\/\/tclgfirm.com\/team\/regina-m-campbell-esq\/"]}]},{"@type":"BreadcrumbList","@id":"https:\/\/tclgfirm.com\/team\/regina-m-campbell-esq\/#breadcrumb","itemListElement":[{"@type":"ListItem","position":1,"name":"Home","item":"https:\/\/tclgfirm.com\/"},{"@type":"ListItem","position":2,"name":"Team","item":"https:\/\/tclgfirm.com\/team\/"},{"@type":"ListItem","position":3,"name":"Regina M. Campbell, Esq."}]},{"@type":"WebSite","@id":"https:\/\/tclgfirm.com\/#website","url":"https:\/\/tclgfirm.com\/","name":"Derecho mercantil y corporativo de TCLG","description":"Derecho mercantil y corporativo","publisher":{"@id":"https:\/\/tclgfirm.com\/#organization"},"potentialAction":[{"@type":"SearchAction","target":{"@type":"EntryPoint","urlTemplate":"https:\/\/tclgfirm.com\/?s={search_term_string}"},"query-input":{"@type":"PropertyValueSpecification","valueRequired":true,"valueName":"search_term_string"}}],"inLanguage":"es"},{"@type":"Organization","@id":"https:\/\/tclgfirm.com\/#organization","name":"El Grupo Jur\u00eddico Campbell","alternateName":"TCLG","url":"https:\/\/tclgfirm.com\/","logo":{"@type":"ImageObject","inLanguage":"es","@id":"https:\/\/tclgfirm.com\/#\/schema\/logo\/image\/","url":"https:\/\/tclgfirm.com\/wp-content\/uploads\/2025\/11\/logo-yoast.png","contentUrl":"https:\/\/tclgfirm.com\/wp-content\/uploads\/2025\/11\/logo-yoast.png","width":696,"height":696,"caption":"The Campbell Law Group"},"image":{"@id":"https:\/\/tclgfirm.com\/#\/schema\/logo\/image\/"},"sameAs":["https:\/\/www.facebook.com\/businessattorneymiami\/","https:\/\/x.com\/Campbelllawgrp"]}]}},"_links":{"self":[{"href":"https:\/\/tclgfirm.com\/es\/wp-json\/wp\/v2\/pages\/29200","targetHints":{"allow":["GET"]}}],"collection":[{"href":"https:\/\/tclgfirm.com\/es\/wp-json\/wp\/v2\/pages"}],"about":[{"href":"https:\/\/tclgfirm.com\/es\/wp-json\/wp\/v2\/types\/page"}],"author":[{"embeddable":true,"href":"https:\/\/tclgfirm.com\/es\/wp-json\/wp\/v2\/users\/1"}],"replies":[{"embeddable":true,"href":"https:\/\/tclgfirm.com\/es\/wp-json\/wp\/v2\/comments?post=29200"}],"version-history":[{"count":0,"href":"https:\/\/tclgfirm.com\/es\/wp-json\/wp\/v2\/pages\/29200\/revisions"}],"up":[{"embeddable":true,"href":"https:\/\/tclgfirm.com\/es\/wp-json\/wp\/v2\/pages\/28964"}],"wp:attachment":[{"href":"https:\/\/tclgfirm.com\/es\/wp-json\/wp\/v2\/media?parent=29200"}],"wp:term":[{"taxonomy":"dipi_cpt_category","embeddable":true,"href":"https:\/\/tclgfirm.com\/es\/wp-json\/wp\/v2\/dipi_cpt_category?post=29200"}],"curies":[{"name":"wp","href":"https:\/\/api.w.org\/{rel}","templated":true}]}}