{"id":29246,"date":"2025-11-17T13:42:26","date_gmt":"2025-11-17T18:42:26","guid":{"rendered":"https:\/\/tclgfirm.com\/?page_id=29246"},"modified":"2025-12-29T14:47:42","modified_gmt":"2025-12-29T19:47:42","slug":"politica-de-privacidad","status":"publish","type":"page","link":"https:\/\/tclgfirm.com\/es\/privacy-policy\/","title":{"rendered":"Pol\u00edtica de privacidad"},"content":{"rendered":"<div class=\"et_pb_section_0 et_pb_section et_section_regular et_flex_section\">\n<div class=\"et_pb_row_0 et_pb_row et_flex_row\">\n<div class=\"et_pb_column_0 et_pb_column et_flex_column et_pb_css_mix_blend_mode_passthrough et_flex_column_24_24 et_flex_column_24_24_tablet et_flex_column_24_24_phone\">\n<div class=\"et_pb_text_0 et_pb_text et_pb_bg_layout_light et_pb_module et_flex_module preset--group--divi-text--divi-font-body--default\"><div class=\"et_pb_text_inner\"><h1>Pol\u00edtica de privacidad<\/p>\n<h1>\n<\/div><\/div>\n<\/div>\n\n<div class=\"et_pb_column_1 et_pb_column et-last-child et_flex_column et_pb_css_mix_blend_mode_passthrough et_flex_column_24_24 et_flex_column_24_24_tablet et_flex_column_24_24_phone\">\n<div class=\"et_pb_image_0 et_pb_image et_pb_module et_flex_module\"><span class=\"et_pb_image_wrap\"><img loading=\"lazy\" decoding=\"async\" src=\"https:\/\/tclgfirm.com\/wp-content\/uploads\/2025\/09\/TCLG.ISO-Cream.png\" width=\"341\" height=\"350\" srcset=\"https:\/\/tclgfirm.com\/wp-content\/uploads\/2025\/09\/TCLG.ISO-Cream.png 341w, https:\/\/tclgfirm.com\/wp-content\/uploads\/2025\/09\/TCLG.ISO-Cream-292x300.png 292w, https:\/\/tclgfirm.com\/wp-content\/uploads\/2025\/09\/TCLG.ISO-Cream-12x12.png 12w\" sizes=\"(max-width: 341px) 100vw, 341px\" class=\"wp-image-28819\" alt=\"Favicon de Tclg\" \/><\/span><\/div>\n<\/div>\n<\/div>\n<\/div>\n\n<div class=\"et_pb_section_1 et_pb_section et_section_regular et_flex_section\"><div class=\"et_pb_row_1 et_pb_row et_flex_row\"><div class=\"et_pb_column_2 et_pb_column et-last-child et_flex_column et_pb_css_mix_blend_mode_passthrough et_flex_column_24_24 et_flex_column_24_24_tablet et_flex_column_24_24_phone\"><div class=\"et_pb_text_1 et_pb_text et_pb_bg_layout_light et_pb_module et_flex_module preset--group--divi-text--divi-font-body--default\"><div class=\"et_pb_text_inner\"><span><span><a href=\"https:\/\/tclgfirm.com\/es\/\">Inicio<\/a><\/span><\/span>\n<\/div><\/div><\/div><\/div><\/div>\n\n\n\n<div class=\"et_pb_section_2 et_pb_section et_section_regular et_flex_section\">\n<div class=\"et_pb_row_2 et_pb_row et_flex_row\">\n<div class=\"et_pb_column_3 et_pb_column et-last-child et_flex_column et_pb_css_mix_blend_mode_passthrough et_flex_column_24_24 et_flex_column_24_24_tablet et_flex_column_24_24_phone\">\n<div class=\"et_pb_text_2 et_pb_text et_pb_bg_layout_light et_pb_module et_flex_module phc-pa-text preset--group--divi-text--divi-font-body--default\"><div class=\"et_pb_text_inner\" data-et-mv-hidden-phone=\"true\"><p>Reconocemos que su privacidad es importante. Este documento describe los tipos de informaci\u00f3n personal que recibimos y recopilamos cuando usted utiliza www.tclgfirm.com, as\u00ed como algunas de las medidas que tomamos para salvaguardar la informaci\u00f3n. Esperamos que esto le ayude a tomar una decisi\u00f3n informada sobre compartir informaci\u00f3n personal con nosotros.<\/p>\n<p><a href=\"\/es\/\">https:\/\/tclgfirm.com<\/a> Nos esforzamos por mantener los m\u00e1s altos est\u00e1ndares de decencia, equidad e integridad en todas nuestras operaciones. Del mismo modo, nos comprometemos a proteger la privacidad de nuestros clientes, consumidores y visitantes en l\u00ednea en nuestro sitio web.<\/p>\n<p><strong>Informaci\u00f3n personal<\/strong><\/p>\n<p><a href=\"\/es\/\">https:\/\/tclgfirm.com<\/a> recopila informaci\u00f3n de identificaci\u00f3n personal de los visitantes de nuestro sitio web \u00fanicamente de forma voluntaria. La informaci\u00f3n personal recopilada de forma voluntaria puede incluir el nombre, la direcci\u00f3n postal, la direcci\u00f3n de correo electr\u00f3nico, el nombre de la empresa y el n\u00famero de tel\u00e9fono.<\/p>\n<p>Esta informaci\u00f3n se recopila si nos solicita informaci\u00f3n, participa en un concurso o sorteo, se inscribe en nuestra lista de correo electr\u00f3nico o nos solicita alg\u00fan otro servicio o informaci\u00f3n. La informaci\u00f3n recopilada se revisa internamente y se utiliza para mejorar el contenido de nuestro sitio web, notificar actualizaciones a nuestros visitantes y responder a sus preguntas.<\/p>\n<p>Una vez revisada la informaci\u00f3n, se descarta o se almacena en nuestros archivos. Si realizamos cambios materiales en la recopilaci\u00f3n de informaci\u00f3n personal identificable, le informaremos colocando un aviso en nuestro sitio. La informaci\u00f3n personal recibida de cualquier visitante se utilizar\u00e1 \u00fanicamente para fines internos y no se vender\u00e1 ni facilitar\u00e1 a terceros.<\/p>\n<p>No se compartir\u00e1 con terceros ni con afiliados ninguna informaci\u00f3n personal, n\u00famero de tel\u00e9fono m\u00f3vil o consentimiento para recibir mensajes con fines de marketing o promocionales.<\/p>\n<p><strong>Uso de cookies y balizas web<\/strong><\/p>\n<p>Podemos utilizar cookies para ayudarle a personalizar su experiencia en l\u00ednea. Las cookies son identificadores que se transfieren al disco duro de su computadora a trav\u00e9s de su navegador web para permitir que nuestros sistemas reconozcan su navegador. El prop\u00f3sito de una cookie es informar al servidor web que ha regresado a una p\u00e1gina espec\u00edfica. Por ejemplo, si personaliza las p\u00e1ginas del sitio o se registra en cualquiera de los servicios de nuestro sitio, una cookie permite <a href=\"\/es\/\">https:\/\/tclgfirm.com<\/a> para recordar su informaci\u00f3n espec\u00edfica en visitas posteriores. Usted tiene la posibilidad de aceptar o rechazar las cookies modificando su navegador web; sin embargo, si decide rechazar las cookies, es posible que no pueda disfrutar plenamente de las funciones interactivas del sitio.<\/p>\n<p>Una baliza web es un archivo de imagen transparente que se utiliza para monitorizar su recorrido por un sitio web o un conjunto de sitios. Tambi\u00e9n se denominan web bugs y suelen utilizarlos los sitios que contratan servicios de terceros para controlar el tr\u00e1fico. Pueden utilizarse en asociaci\u00f3n con las cookies para comprender c\u00f3mo interact\u00faan los visitantes con las p\u00e1ginas y el contenido de las p\u00e1ginas de un sitio web.<\/p>\n<p>Podemos servir anuncios de terceros que utilizan cookies y balizas web en el curso de los anuncios que se sirven en nuestro sitio web para determinar cu\u00e1ntas veces has visto un anuncio. Para el uso de cookies o balizas web no se les facilita ninguna informaci\u00f3n personal identificable que usted nos proporcione, por lo que no pueden identificarle personalmente con esa informaci\u00f3n en nuestro sitio web.<\/p>\n<p>Los navegadores pueden configurarse para aceptar o rechazar cookies o para avisar cuando se env\u00eda una cookie. El software de privacidad puede utilizarse para anular las balizas web. La adopci\u00f3n de cualquiera de estas medidas no deber\u00eda causar ning\u00fan problema con nuestro sitio, si as\u00ed lo desea.<\/p>\n<p><strong>Ley de Protecci\u00f3n de la Privacidad Infantil en Internet<\/strong><\/p>\n<p>Este sitio web est\u00e1 dirigido a adultos; no a ni\u00f1os menores de 13 a\u00f1os. Operamos nuestro sitio en cumplimiento de la Ley de Protecci\u00f3n de la Privacidad Infantil en Internet, y no recopilaremos ni utilizaremos conscientemente informaci\u00f3n personal de menores de 13 a\u00f1os.<\/p>\n<p><strong>Informaci\u00f3n no personal<\/strong><\/p>\n<p>En algunos casos, podemos recopilar informaci\u00f3n sobre usted que no le identifique personalmente. Utilizamos esta informaci\u00f3n, que no identifica a usuarios individuales, para analizar tendencias, administrar el sitio, rastrear los movimientos de los usuarios por el sitio y recopilar informaci\u00f3n demogr\u00e1fica sobre nuestra base de usuarios en su conjunto. La informaci\u00f3n recopilada se utiliza \u00fanicamente para revisi\u00f3n interna y no se comparte con otras organizaciones con fines comerciales.<\/p>\n<p><strong>Divulgaci\u00f3n de informaci\u00f3n<\/strong><\/p>\n<p>Si <a href=\"\/es\/\">https:\/\/tclgfirm.com<\/a> se venda, la informaci\u00f3n que hayamos obtenido de usted a trav\u00e9s de su participaci\u00f3n voluntaria en nuestro sitio web podr\u00e1 transferirse al nuevo propietario como parte de la venta, con el fin de que pueda continuar prest\u00e1ndose el servicio que se le proporciona. En tal caso, recibir\u00e1 una notificaci\u00f3n a trav\u00e9s de nuestro sitio web sobre ese cambio en el control y las pr\u00e1cticas, y haremos todo lo posible para garantizar que el comprador respete cualquier solicitud de exclusi\u00f3n que usted nos haya hecho.<\/p>\n<p><strong>C\u00f3mo puede corregir o eliminar informaci\u00f3n<\/strong><\/p>\n<p>Le proporcionamos esta pol\u00edtica de privacidad como declaraci\u00f3n de nuestro compromiso de proteger su informaci\u00f3n personal. Si ha enviado informaci\u00f3n personal a trav\u00e9s de nuestro sitio web y desea que dicha informaci\u00f3n sea eliminada de nuestros registros, o si desea actualizarla o corregirla, utilice nuestra p\u00e1gina de contacto.<\/p>\n<p><strong>Actualizaciones y fecha de entrada en vigor<\/strong><\/p>\n<p><a href=\"\/es\/\">https:\/\/tclgfirm.com<\/a> se reserva el derecho a realizar cambios en esta pol\u00edtica. Si se produce un cambio sustancial en nuestras pr\u00e1cticas de privacidad, lo indicaremos en nuestro sitio web y proporcionaremos un enlace a la nueva pol\u00edtica de privacidad. Le recomendamos que revise peri\u00f3dicamente esta pol\u00edtica para saber qu\u00e9 informaci\u00f3n recopilamos y c\u00f3mo la utilizamos.<\/p>\n<p><strong>Aceptar las condiciones<\/strong><\/p>\n<p>Si no est\u00e1 de acuerdo con la Pol\u00edtica de Privacidad de The Campbell Law Group tal y como se publica en este sitio web, le rogamos que no utilice este sitio ni ninguno de los servicios que ofrece.<\/p>\n<p>El uso de este sitio implica la aceptaci\u00f3n de esta pol\u00edtica de privacidad.<\/p>\n<\/div><\/div>\n\n<div class=\"et_pb_module et_pb_button_module_wrapper et_pb_button_0_wrapper\"><a class=\"et_pb_button_0 et_pb_button et_pb_bg_layout_light et_pb_module et_flex_module\" href=\"\/es\/contact\/\">P\u00d3NGASE EN CONTACTO CON NOSOTROS PARA UNA CONSULTA ESTRAT\u00c9GICA<\/a><\/div>\n<\/div>\n<\/div>\n<\/div>","protected":false},"excerpt":{"rendered":"<p>Este documento describe los tipos de informaci\u00f3n personal que recibimos y recopilamos cuando utiliza este sitio, as\u00ed como algunas de las medidas que tomamos para proteger la informaci\u00f3n.<\/p>","protected":false},"author":1,"featured_media":25459,"parent":0,"menu_order":0,"comment_status":"closed","ping_status":"closed","template":"","meta":{"_acf_changed":false,"footnotes":""},"dipi_cpt_category":[],"class_list":["post-29246","page","type-page","status-publish","has-post-thumbnail","hentry"],"acf":[],"yoast_head":"<!-- This site is optimized with the Yoast SEO Premium plugin v27.3 (Yoast SEO v27.3) - https:\/\/yoast.com\/product\/yoast-seo-premium-wordpress\/ -->\n<title>Privacy Policy - TCLG - The Campbell Law Group<\/title>\n<meta name=\"description\" content=\"This document outlines the types of personal information we receive and collect when you use this site, as well as some of the steps we take to safeguard information.\" \/>\n<meta name=\"robots\" content=\"index, follow, max-snippet:-1, max-image-preview:large, max-video-preview:-1\" \/>\n<link rel=\"canonical\" href=\"https:\/\/tclgfirm.com\/es\/politica-de-privacidad\/\" \/>\n<meta property=\"og:locale\" content=\"es_MX\" \/>\n<meta property=\"og:type\" content=\"article\" \/>\n<meta property=\"og:title\" content=\"Privacy Policy\" \/>\n<meta property=\"og:description\" content=\"This document outlines the types of personal information we receive and collect when you use this site, as well as some of the steps we take to safeguard information.\" \/>\n<meta property=\"og:url\" content=\"https:\/\/tclgfirm.com\/es\/politica-de-privacidad\/\" \/>\n<meta property=\"og:site_name\" content=\"TCLG - The Campbell Law Group\" \/>\n<meta property=\"article:publisher\" content=\"https:\/\/www.facebook.com\/businessattorneymiami\/\" \/>\n<meta property=\"article:modified_time\" content=\"2025-12-29T19:47:42+00:00\" \/>\n<meta property=\"og:image\" content=\"https:\/\/tclgfirm.com\/wp-content\/uploads\/2023\/04\/non-compete-signing-scaled-1.jpg\" \/>\n\t<meta property=\"og:image:width\" content=\"2560\" \/>\n\t<meta property=\"og:image:height\" content=\"1702\" \/>\n\t<meta property=\"og:image:type\" content=\"image\/jpeg\" \/>\n<meta name=\"twitter:card\" content=\"summary_large_image\" \/>\n<meta name=\"twitter:site\" content=\"@Campbelllawgrp\" \/>\n<meta name=\"twitter:label1\" content=\"Est. reading time\" \/>\n\t<meta name=\"twitter:data1\" content=\"1 minuto\" \/>\n<script type=\"application\/ld+json\" class=\"yoast-schema-graph\">{\"@context\":\"https:\\\/\\\/schema.org\",\"@graph\":[{\"@type\":\"WebPage\",\"@id\":\"https:\\\/\\\/tclgfirm.com\\\/privacy-policy\\\/\",\"url\":\"https:\\\/\\\/tclgfirm.com\\\/privacy-policy\\\/\",\"name\":\"Privacy Policy - TCLG - The Campbell Law Group\",\"isPartOf\":{\"@id\":\"https:\\\/\\\/tclgfirm.com\\\/#website\"},\"primaryImageOfPage\":{\"@id\":\"https:\\\/\\\/tclgfirm.com\\\/privacy-policy\\\/#primaryimage\"},\"image\":{\"@id\":\"https:\\\/\\\/tclgfirm.com\\\/privacy-policy\\\/#primaryimage\"},\"thumbnailUrl\":\"https:\\\/\\\/tclgfirm.com\\\/wp-content\\\/uploads\\\/2023\\\/04\\\/non-compete-signing-scaled-1.jpg\",\"datePublished\":\"2025-11-17T18:42:26+00:00\",\"dateModified\":\"2025-12-29T19:47:42+00:00\",\"description\":\"This document outlines the types of personal information we receive and collect when you use this site, as well as some of the steps we take to safeguard information.\",\"breadcrumb\":{\"@id\":\"https:\\\/\\\/tclgfirm.com\\\/privacy-policy\\\/#breadcrumb\"},\"inLanguage\":\"es\",\"potentialAction\":[{\"@type\":\"ReadAction\",\"target\":[\"https:\\\/\\\/tclgfirm.com\\\/privacy-policy\\\/\"]}]},{\"@type\":\"ImageObject\",\"inLanguage\":\"es\",\"@id\":\"https:\\\/\\\/tclgfirm.com\\\/privacy-policy\\\/#primaryimage\",\"url\":\"https:\\\/\\\/tclgfirm.com\\\/wp-content\\\/uploads\\\/2023\\\/04\\\/non-compete-signing-scaled-1.jpg\",\"contentUrl\":\"https:\\\/\\\/tclgfirm.com\\\/wp-content\\\/uploads\\\/2023\\\/04\\\/non-compete-signing-scaled-1.jpg\",\"width\":2560,\"height\":1702,\"caption\":\"non compete agreement\"},{\"@type\":\"BreadcrumbList\",\"@id\":\"https:\\\/\\\/tclgfirm.com\\\/privacy-policy\\\/#breadcrumb\",\"itemListElement\":[{\"@type\":\"ListItem\",\"position\":1,\"name\":\"Home\",\"item\":\"https:\\\/\\\/tclgfirm.com\\\/\"},{\"@type\":\"ListItem\",\"position\":2,\"name\":\"Privacy Policy\"}]},{\"@type\":\"WebSite\",\"@id\":\"https:\\\/\\\/tclgfirm.com\\\/#website\",\"url\":\"https:\\\/\\\/tclgfirm.com\\\/\",\"name\":\"TCLG Business & Corporate Law\",\"description\":\"Business &amp; Corporate Law\",\"publisher\":{\"@id\":\"https:\\\/\\\/tclgfirm.com\\\/#organization\"},\"potentialAction\":[{\"@type\":\"SearchAction\",\"target\":{\"@type\":\"EntryPoint\",\"urlTemplate\":\"https:\\\/\\\/tclgfirm.com\\\/?s={search_term_string}\"},\"query-input\":{\"@type\":\"PropertyValueSpecification\",\"valueRequired\":true,\"valueName\":\"search_term_string\"}}],\"inLanguage\":\"es\"},{\"@type\":\"Organization\",\"@id\":\"https:\\\/\\\/tclgfirm.com\\\/#organization\",\"name\":\"The Campbell Law Group\",\"alternateName\":\"TCLG\",\"url\":\"https:\\\/\\\/tclgfirm.com\\\/\",\"logo\":{\"@type\":\"ImageObject\",\"inLanguage\":\"es\",\"@id\":\"https:\\\/\\\/tclgfirm.com\\\/#\\\/schema\\\/logo\\\/image\\\/\",\"url\":\"https:\\\/\\\/tclgfirm.com\\\/wp-content\\\/uploads\\\/2025\\\/11\\\/logo-yoast.png\",\"contentUrl\":\"https:\\\/\\\/tclgfirm.com\\\/wp-content\\\/uploads\\\/2025\\\/11\\\/logo-yoast.png\",\"width\":696,\"height\":696,\"caption\":\"The Campbell Law Group\"},\"image\":{\"@id\":\"https:\\\/\\\/tclgfirm.com\\\/#\\\/schema\\\/logo\\\/image\\\/\"},\"sameAs\":[\"https:\\\/\\\/www.facebook.com\\\/businessattorneymiami\\\/\",\"https:\\\/\\\/x.com\\\/Campbelllawgrp\"]}]}<\/script>\n<!-- \/ Yoast SEO Premium plugin. -->","yoast_head_json":{"title":"Pol\u00edtica de privacidad - TCLG - The Campbell Law Group","description":"Este documento describe los tipos de informaci\u00f3n personal que recibimos y recopilamos cuando utiliza este sitio, as\u00ed como algunas de las medidas que tomamos para proteger la informaci\u00f3n.","robots":{"index":"index","follow":"follow","max-snippet":"max-snippet:-1","max-image-preview":"max-image-preview:large","max-video-preview":"max-video-preview:-1"},"canonical":"https:\/\/tclgfirm.com\/es\/politica-de-privacidad\/","og_locale":"es_MX","og_type":"article","og_title":"Privacy Policy","og_description":"This document outlines the types of personal information we receive and collect when you use this site, as well as some of the steps we take to safeguard information.","og_url":"https:\/\/tclgfirm.com\/es\/politica-de-privacidad\/","og_site_name":"TCLG - The Campbell Law Group","article_publisher":"https:\/\/www.facebook.com\/businessattorneymiami\/","article_modified_time":"2025-12-29T19:47:42+00:00","og_image":[{"width":2560,"height":1702,"url":"https:\/\/tclgfirm.com\/wp-content\/uploads\/2023\/04\/non-compete-signing-scaled-1.jpg","type":"image\/jpeg"}],"twitter_card":"summary_large_image","twitter_site":"@Campbelllawgrp","twitter_misc":{"Est. reading time":"1 minuto"},"schema":{"@context":"https:\/\/schema.org","@graph":[{"@type":"WebPage","@id":"https:\/\/tclgfirm.com\/privacy-policy\/","url":"https:\/\/tclgfirm.com\/privacy-policy\/","name":"Pol\u00edtica de privacidad - TCLG - The Campbell Law Group","isPartOf":{"@id":"https:\/\/tclgfirm.com\/#website"},"primaryImageOfPage":{"@id":"https:\/\/tclgfirm.com\/privacy-policy\/#primaryimage"},"image":{"@id":"https:\/\/tclgfirm.com\/privacy-policy\/#primaryimage"},"thumbnailUrl":"https:\/\/tclgfirm.com\/wp-content\/uploads\/2023\/04\/non-compete-signing-scaled-1.jpg","datePublished":"2025-11-17T18:42:26+00:00","dateModified":"2025-12-29T19:47:42+00:00","description":"Este documento describe los tipos de informaci\u00f3n personal que recibimos y recopilamos cuando utiliza este sitio, as\u00ed como algunas de las medidas que tomamos para proteger la informaci\u00f3n.","breadcrumb":{"@id":"https:\/\/tclgfirm.com\/privacy-policy\/#breadcrumb"},"inLanguage":"es","potentialAction":[{"@type":"ReadAction","target":["https:\/\/tclgfirm.com\/privacy-policy\/"]}]},{"@type":"ImageObject","inLanguage":"es","@id":"https:\/\/tclgfirm.com\/privacy-policy\/#primaryimage","url":"https:\/\/tclgfirm.com\/wp-content\/uploads\/2023\/04\/non-compete-signing-scaled-1.jpg","contentUrl":"https:\/\/tclgfirm.com\/wp-content\/uploads\/2023\/04\/non-compete-signing-scaled-1.jpg","width":2560,"height":1702,"caption":"non compete agreement"},{"@type":"BreadcrumbList","@id":"https:\/\/tclgfirm.com\/privacy-policy\/#breadcrumb","itemListElement":[{"@type":"ListItem","position":1,"name":"Home","item":"https:\/\/tclgfirm.com\/"},{"@type":"ListItem","position":2,"name":"Privacy Policy"}]},{"@type":"WebSite","@id":"https:\/\/tclgfirm.com\/#website","url":"https:\/\/tclgfirm.com\/","name":"Derecho mercantil y corporativo de TCLG","description":"Derecho mercantil y corporativo","publisher":{"@id":"https:\/\/tclgfirm.com\/#organization"},"potentialAction":[{"@type":"SearchAction","target":{"@type":"EntryPoint","urlTemplate":"https:\/\/tclgfirm.com\/?s={search_term_string}"},"query-input":{"@type":"PropertyValueSpecification","valueRequired":true,"valueName":"search_term_string"}}],"inLanguage":"es"},{"@type":"Organization","@id":"https:\/\/tclgfirm.com\/#organization","name":"El Grupo Jur\u00eddico Campbell","alternateName":"TCLG","url":"https:\/\/tclgfirm.com\/","logo":{"@type":"ImageObject","inLanguage":"es","@id":"https:\/\/tclgfirm.com\/#\/schema\/logo\/image\/","url":"https:\/\/tclgfirm.com\/wp-content\/uploads\/2025\/11\/logo-yoast.png","contentUrl":"https:\/\/tclgfirm.com\/wp-content\/uploads\/2025\/11\/logo-yoast.png","width":696,"height":696,"caption":"The Campbell Law Group"},"image":{"@id":"https:\/\/tclgfirm.com\/#\/schema\/logo\/image\/"},"sameAs":["https:\/\/www.facebook.com\/businessattorneymiami\/","https:\/\/x.com\/Campbelllawgrp"]}]}},"_links":{"self":[{"href":"https:\/\/tclgfirm.com\/es\/wp-json\/wp\/v2\/pages\/29246","targetHints":{"allow":["GET"]}}],"collection":[{"href":"https:\/\/tclgfirm.com\/es\/wp-json\/wp\/v2\/pages"}],"about":[{"href":"https:\/\/tclgfirm.com\/es\/wp-json\/wp\/v2\/types\/page"}],"author":[{"embeddable":true,"href":"https:\/\/tclgfirm.com\/es\/wp-json\/wp\/v2\/users\/1"}],"replies":[{"embeddable":true,"href":"https:\/\/tclgfirm.com\/es\/wp-json\/wp\/v2\/comments?post=29246"}],"version-history":[{"count":0,"href":"https:\/\/tclgfirm.com\/es\/wp-json\/wp\/v2\/pages\/29246\/revisions"}],"wp:featuredmedia":[{"embeddable":true,"href":"https:\/\/tclgfirm.com\/es\/wp-json\/wp\/v2\/media\/25459"}],"wp:attachment":[{"href":"https:\/\/tclgfirm.com\/es\/wp-json\/wp\/v2\/media?parent=29246"}],"wp:term":[{"taxonomy":"dipi_cpt_category","embeddable":true,"href":"https:\/\/tclgfirm.com\/es\/wp-json\/wp\/v2\/dipi_cpt_category?post=29246"}],"curies":[{"name":"wp","href":"https:\/\/api.w.org\/{rel}","templated":true}]}}