{"id":29277,"date":"2026-01-28T15:53:39","date_gmt":"2026-01-28T20:53:39","guid":{"rendered":"https:\/\/tclgfirm.com\/?page_id=29277"},"modified":"2026-02-12T16:46:36","modified_gmt":"2026-02-12T21:46:36","slug":"christine-m-lugo-abogada","status":"publish","type":"page","link":"https:\/\/tclgfirm.com\/es\/team\/christine-m-lugo-esq\/","title":{"rendered":"Christine M. Lugo, abogada."},"content":{"rendered":"<div class=\"et_pb_section_0 et_pb_section et_section_regular et_flex_section\">\n<div class=\"et_pb_row_0 et_pb_row et_flex_row\">\n<div class=\"et_pb_column_0 et_pb_column et-last-child et_flex_column et_pb_css_mix_blend_mode_passthrough et_flex_column_24_24 et_flex_column_24_24_tablet et_flex_column_24_24_phone\">\n<div class=\"et_pb_text_0 et_pb_text et_pb_bg_layout_light et_pb_module et_block_module preset--group--divi-text--divi-font-body--h19rs5u--default preset--group--divi-text--divi-font-body--h1yjkjr--default\"><div class=\"et_pb_text_inner\"><h1>Christine M. Lugo, abogada.<\/h1>\n<\/div><\/div>\n<\/div>\n<\/div>\n<\/div>\n\n<div class=\"et_pb_section_1 et_pb_section et_section_regular et_flex_section\" id=\"our-team\">\n<div class=\"et_pb_row_1 et_pb_row et_flex_row\">\n<div class=\"et_pb_column_1 et_pb_column et_flex_column et_pb_css_mix_blend_mode_passthrough et_flex_column_12_24 et_flex_column_12_24_tablet et_flex_column_24_24_phone\">\n<div class=\"et_pb_blurb_0 et_pb_blurb et_pb_bg_layout_light et_pb_blurb_position_top et_pb_module et_block_module preset--group--divi-blurb--divi-font-body--h19rs5u--default\"><div class=\"et_pb_blurb_content\"><div class=\"et_pb_main_blurb_image\"><span class=\"et_pb_image_wrap et_pb_only_image_mode_wrap\"><img loading=\"lazy\" decoding=\"async\" src=\"https:\/\/tclgfirm.com\/wp-content\/uploads\/2026\/01\/christine_w_rounded_20px_transparent.png\" alt=\"Christine M. Lugo\" width=\"320\" height=\"321\" srcset=\"https:\/\/tclgfirm.com\/wp-content\/uploads\/2026\/01\/christine_w_rounded_20px_transparent.png 320w, https:\/\/tclgfirm.com\/wp-content\/uploads\/2026\/01\/christine_w_rounded_20px_transparent-300x300.png 300w, https:\/\/tclgfirm.com\/wp-content\/uploads\/2026\/01\/christine_w_rounded_20px_transparent-150x150.png 150w, https:\/\/tclgfirm.com\/wp-content\/uploads\/2026\/01\/christine_w_rounded_20px_transparent-12x12.png 12w\" sizes=\"(max-width: 320px) 100vw, 320px\" class=\"wp-image-29280\" title=\"Christine W Redondeada\" \/><\/span><\/div><div class=\"et_pb_blurb_container\"><h4 class=\"et_pb_module_header\">Christine M. Lugo, abogada.<\/h4><div class=\"et_pb_blurb_description\"><p>Abogado asociado s\u00e9nior<br \/>\n<a href=\"mailto:clugo@tclgfirm.com\">Correo electr\u00f3nico<\/a><\/p>\n<\/div><\/div><\/div><\/div>\n\n<div class=\"et_pb_text_1 et_pb_text et_pb_bg_layout_light et_pb_module et_block_module preset--group--divi-text--divi-font-body--h19rs5u--default preset--group--divi-text--divi-font-body--h1yjkjr--default\"><div class=\"et_pb_text_inner\" data-et-mv-hidden-phone=\"true\"><h2>Educaci\u00f3n<\/h2>\n<ul>\n<li>Facultad de Derecho de la Universidad Internacional de Florida<br \/>Doctorado en Derecho<\/li>\n<li>Universidad Internacional de Florida<br \/>Licenciatura en Ciencias de la Comunicaci\u00f3n<\/li>\n<\/ul>\n<\/div><\/div>\n\n<div class=\"et_pb_text_2 et_pb_text et_pb_bg_layout_light et_pb_module et_block_module preset--group--divi-text--divi-font-body--h19rs5u--default preset--group--divi-text--divi-font-body--h1yjkjr--default\"><div class=\"et_pb_text_inner\" data-et-mv-hidden-phone=\"true\"><h2>Admisiones<\/h2>\n<ul>\n<li>Colegio de Abogados de Florida<\/li>\n<li>Tribunales de Distrito de los Estados Unidos para el Distrito Sur de Florida<\/li>\n<li>Tribunales de Distrito de los Estados Unidos para el Distrito Este de Michigan<\/li>\n<li>Tribunales de Apelaci\u00f3n de los Estados Unidos, 6.\u00ba Circuito<\/li>\n<li>Tribunales de Apelaci\u00f3n de los Estados Unidos, 11.\u00ba Circuito<\/li>\n<\/ul>\n<\/div><\/div>\n<\/div>\n\n<div class=\"et_pb_column_2 et_pb_column et-last-child et_flex_column et_pb_css_mix_blend_mode_passthrough et_flex_column_12_24 et_flex_column_12_24_tablet et_flex_column_24_24_phone\">\n<div class=\"et_pb_text_3 et_pb_text et_pb_bg_layout_light et_pb_module et_block_module preset--group--divi-text--divi-font-body--h19rs5u--default preset--group--divi-text--divi-font-body--h1yjkjr--default\"><div class=\"et_pb_text_inner\"><p>Christine M. Lugo es abogada asociada s\u00e9nior en The Campbell Law Group, P.A., donde su pr\u00e1ctica se centra en asuntos transaccionales, derecho de familia, derecho corporativo y litigios comerciales. Cuenta con m\u00e1s de 11 a\u00f1os de experiencia, incluyendo antecedentes en litigios comerciales complejos y pr\u00e1cticas de apelaci\u00f3n tanto en tribunales estatales como federales.<\/p>\n<p>Christine ha trabajado en asuntos de alto riesgo relacionados con incumplimientos contractuales, disputas inmobiliarias y ejecuciones hipotecarias, fraudes, lesiones personales y litigios comerciales complejos, incluyendo su contribuci\u00f3n a la obtenci\u00f3n de una sentencia de $38.4 millones en un caso de fraude y una revocaci\u00f3n parcial de $750,000 en una sentencia de $2.99 millones ante el Tribunal de Apelaciones del Und\u00e9cimo Circuito. Tambi\u00e9n tiene una amplia experiencia en apelaciones, ya que ha redactado escritos y mociones y ha litigado ante el Tribunal de Apelaci\u00f3n del Tercer Distrito de Florida en cuestiones de prescripci\u00f3n y caducidad, y ha obtenido los honorarios de los abogados de apelaci\u00f3n tras ganar el recurso.<\/p>\n<p>La experiencia previa de Christine incluye la representaci\u00f3n de clientes indigentes como pasante legal certificada en la Cl\u00ednica de Derecho Familiar y Educativo de la Facultad de Derecho de la Universidad Internacional de Florida, y el desempe\u00f1o como asistente judicial externa de la Honorable Ariana Fajardo en el Edificio de Justicia Richard E. Gerstein, as\u00ed como pasante legal en la Unidad de Representaci\u00f3n Dom\u00e9stica de la Oficina del Defensor P\u00fablico de Miami-Dade. A trav\u00e9s de estas funciones, desarroll\u00f3 una s\u00f3lida base en investigaci\u00f3n jur\u00eddica, pr\u00e1ctica de mociones, defensa en tribunales y asesoramiento a clientes.<\/p>\n<p>Christine obtuvo su t\u00edtulo de Juris Doctor en la Facultad de Derecho de la Universidad Internacional de Florida, donde fue incluida en la Lista del Decano y recibi\u00f3 el premio CALI Excellence for the Future Award en aplicaci\u00f3n de la ley de valores. Tambi\u00e9n es licenciada en Ciencias de la Comunicaci\u00f3n por la Universidad Internacional de Florida, con especializaci\u00f3n en Publicidad y subespecializaci\u00f3n en Ciencias Pol\u00edticas. Tiene licencia para ejercer en Florida, en los Tribunales de Distrito de los Estados Unidos para el Distrito Sur de Florida y el Distrito Este de Michigan, y en los Tribunales de Apelaci\u00f3n de los Estados Unidos para los Circuitos Und\u00e9cimo y Sexto. Es totalmente biling\u00fce en ingl\u00e9s y espa\u00f1ol, y ha sido reconocida por Lawyers of Distinction en 2019, 2021, 2022, 2023 y 2024 y 2025.<\/p>\n<p>Adem\u00e1s de su pr\u00e1ctica jur\u00eddica, Christine disfruta viajar y pasar tiempo de calidad con su familia.<\/p>\n<\/div><\/div>\n<\/div>\n<\/div>\n<\/div>","protected":false},"excerpt":{"rendered":"","protected":false},"author":1,"featured_media":0,"parent":28964,"menu_order":0,"comment_status":"closed","ping_status":"closed","template":"","meta":{"_acf_changed":false,"footnotes":""},"dipi_cpt_category":[],"class_list":["post-29277","page","type-page","status-publish","hentry"],"acf":[],"yoast_head":"<!-- This site is optimized with the Yoast SEO Premium plugin v27.5 (Yoast SEO v27.5) - https:\/\/yoast.com\/product\/yoast-seo-premium-wordpress\/ -->\n<title>Christine M. Lugo, Esq. - TCLG - The Campbell Law Group<\/title>\n<meta name=\"description\" content=\"Christine M. Lugo is a senior associate attorney at The Campbell Law Group, P.A., where her practice focuses on transactional matters, corporate law, and commercial litigation. She leverages more than 11 years of experience, wherein she focused on complex commercial litigation and appellate advocacy at both the state and federal levels.\" \/>\n<meta name=\"robots\" content=\"index, follow, max-snippet:-1, max-image-preview:large, max-video-preview:-1\" \/>\n<link rel=\"canonical\" href=\"https:\/\/tclgfirm.com\/es\/equipo\/christine-m-lugo-abogada\/\" \/>\n<meta property=\"og:locale\" content=\"es_MX\" \/>\n<meta property=\"og:type\" content=\"article\" \/>\n<meta property=\"og:title\" content=\"Christine M. Lugo, Esq.\" \/>\n<meta property=\"og:description\" content=\"Christine M. Lugo is a senior associate attorney at The Campbell Law Group, P.A., where her practice focuses on transactional matters, corporate law, and commercial litigation. She leverages more than 11 years of experience, wherein she focused on complex commercial litigation and appellate advocacy at both the state and federal levels.\" \/>\n<meta property=\"og:url\" content=\"https:\/\/tclgfirm.com\/es\/equipo\/christine-m-lugo-abogada\/\" \/>\n<meta property=\"og:site_name\" content=\"TCLG - The Campbell Law Group\" \/>\n<meta property=\"article:publisher\" content=\"https:\/\/www.facebook.com\/businessattorneymiami\/\" \/>\n<meta property=\"article:modified_time\" content=\"2026-02-12T21:46:36+00:00\" \/>\n<meta property=\"og:image\" content=\"https:\/\/tclgfirm.com\/wp-content\/uploads\/2025\/11\/site-image-1.png\" \/>\n\t<meta property=\"og:image:width\" content=\"1200\" \/>\n\t<meta property=\"og:image:height\" content=\"675\" \/>\n\t<meta property=\"og:image:type\" content=\"image\/png\" \/>\n<meta name=\"twitter:card\" content=\"summary_large_image\" \/>\n<meta name=\"twitter:site\" content=\"@Campbelllawgrp\" \/>\n<meta name=\"twitter:label1\" content=\"Est. reading time\" \/>\n\t<meta name=\"twitter:data1\" content=\"1 minuto\" \/>\n<script type=\"application\/ld+json\" class=\"yoast-schema-graph\">{\"@context\":\"https:\\\/\\\/schema.org\",\"@graph\":[{\"@type\":\"WebPage\",\"@id\":\"https:\\\/\\\/tclgfirm.com\\\/team\\\/christine-m-lugo-esq\\\/\",\"url\":\"https:\\\/\\\/tclgfirm.com\\\/team\\\/christine-m-lugo-esq\\\/\",\"name\":\"Christine M. Lugo, Esq. - TCLG - The Campbell Law Group\",\"isPartOf\":{\"@id\":\"https:\\\/\\\/tclgfirm.com\\\/#website\"},\"datePublished\":\"2026-01-28T20:53:39+00:00\",\"dateModified\":\"2026-02-12T21:46:36+00:00\",\"description\":\"Christine M. Lugo is a senior associate attorney at The Campbell Law Group, P.A., where her practice focuses on transactional matters, corporate law, and commercial litigation. She leverages more than 11 years of experience, wherein she focused on complex commercial litigation and appellate advocacy at both the state and federal levels.\",\"breadcrumb\":{\"@id\":\"https:\\\/\\\/tclgfirm.com\\\/team\\\/christine-m-lugo-esq\\\/#breadcrumb\"},\"inLanguage\":\"es\",\"potentialAction\":[{\"@type\":\"ReadAction\",\"target\":[\"https:\\\/\\\/tclgfirm.com\\\/team\\\/christine-m-lugo-esq\\\/\"]}]},{\"@type\":\"BreadcrumbList\",\"@id\":\"https:\\\/\\\/tclgfirm.com\\\/team\\\/christine-m-lugo-esq\\\/#breadcrumb\",\"itemListElement\":[{\"@type\":\"ListItem\",\"position\":1,\"name\":\"Home\",\"item\":\"https:\\\/\\\/tclgfirm.com\\\/\"},{\"@type\":\"ListItem\",\"position\":2,\"name\":\"Team\",\"item\":\"https:\\\/\\\/tclgfirm.com\\\/team\\\/\"},{\"@type\":\"ListItem\",\"position\":3,\"name\":\"Christine M. Lugo, Esq.\"}]},{\"@type\":\"WebSite\",\"@id\":\"https:\\\/\\\/tclgfirm.com\\\/#website\",\"url\":\"https:\\\/\\\/tclgfirm.com\\\/\",\"name\":\"TCLG Business & Corporate Law\",\"description\":\"Business &amp; Corporate Law\",\"publisher\":{\"@id\":\"https:\\\/\\\/tclgfirm.com\\\/#organization\"},\"potentialAction\":[{\"@type\":\"SearchAction\",\"target\":{\"@type\":\"EntryPoint\",\"urlTemplate\":\"https:\\\/\\\/tclgfirm.com\\\/?s={search_term_string}\"},\"query-input\":{\"@type\":\"PropertyValueSpecification\",\"valueRequired\":true,\"valueName\":\"search_term_string\"}}],\"inLanguage\":\"es\"},{\"@type\":\"Organization\",\"@id\":\"https:\\\/\\\/tclgfirm.com\\\/#organization\",\"name\":\"The Campbell Law Group\",\"alternateName\":\"TCLG\",\"url\":\"https:\\\/\\\/tclgfirm.com\\\/\",\"logo\":{\"@type\":\"ImageObject\",\"inLanguage\":\"es\",\"@id\":\"https:\\\/\\\/tclgfirm.com\\\/#\\\/schema\\\/logo\\\/image\\\/\",\"url\":\"https:\\\/\\\/tclgfirm.com\\\/wp-content\\\/uploads\\\/2025\\\/11\\\/logo-yoast.png\",\"contentUrl\":\"https:\\\/\\\/tclgfirm.com\\\/wp-content\\\/uploads\\\/2025\\\/11\\\/logo-yoast.png\",\"width\":696,\"height\":696,\"caption\":\"The Campbell Law Group\"},\"image\":{\"@id\":\"https:\\\/\\\/tclgfirm.com\\\/#\\\/schema\\\/logo\\\/image\\\/\"},\"sameAs\":[\"https:\\\/\\\/www.facebook.com\\\/businessattorneymiami\\\/\",\"https:\\\/\\\/x.com\\\/Campbelllawgrp\"]}]}<\/script>\n<!-- \/ Yoast SEO Premium plugin. -->","yoast_head_json":{"title":"Christine M. Lugo, abogada - TCLG - The Campbell Law Group","description":"Christine M. Lugo es abogada asociada s\u00e9nior en The Campbell Law Group, P.A., donde su pr\u00e1ctica se centra en asuntos transaccionales, derecho corporativo y litigios comerciales. Cuenta con m\u00e1s de 11 a\u00f1os de experiencia, durante los cuales se ha especializado en litigios comerciales complejos y defensa en apelaciones tanto a nivel estatal como federal.","robots":{"index":"index","follow":"follow","max-snippet":"max-snippet:-1","max-image-preview":"max-image-preview:large","max-video-preview":"max-video-preview:-1"},"canonical":"https:\/\/tclgfirm.com\/es\/equipo\/christine-m-lugo-abogada\/","og_locale":"es_MX","og_type":"article","og_title":"Christine M. Lugo, Esq.","og_description":"Christine M. Lugo is a senior associate attorney at The Campbell Law Group, P.A., where her practice focuses on transactional matters, corporate law, and commercial litigation. She leverages more than 11 years of experience, wherein she focused on complex commercial litigation and appellate advocacy at both the state and federal levels.","og_url":"https:\/\/tclgfirm.com\/es\/equipo\/christine-m-lugo-abogada\/","og_site_name":"TCLG - The Campbell Law Group","article_publisher":"https:\/\/www.facebook.com\/businessattorneymiami\/","article_modified_time":"2026-02-12T21:46:36+00:00","og_image":[{"width":1200,"height":675,"url":"https:\/\/tclgfirm.com\/wp-content\/uploads\/2025\/11\/site-image-1.png","type":"image\/png"}],"twitter_card":"summary_large_image","twitter_site":"@Campbelllawgrp","twitter_misc":{"Est. reading time":"1 minuto"},"schema":{"@context":"https:\/\/schema.org","@graph":[{"@type":"WebPage","@id":"https:\/\/tclgfirm.com\/team\/christine-m-lugo-esq\/","url":"https:\/\/tclgfirm.com\/team\/christine-m-lugo-esq\/","name":"Christine M. Lugo, abogada - TCLG - The Campbell Law Group","isPartOf":{"@id":"https:\/\/tclgfirm.com\/#website"},"datePublished":"2026-01-28T20:53:39+00:00","dateModified":"2026-02-12T21:46:36+00:00","description":"Christine M. Lugo es abogada asociada s\u00e9nior en The Campbell Law Group, P.A., donde su pr\u00e1ctica se centra en asuntos transaccionales, derecho corporativo y litigios comerciales. Cuenta con m\u00e1s de 11 a\u00f1os de experiencia, durante los cuales se ha especializado en litigios comerciales complejos y defensa en apelaciones tanto a nivel estatal como federal.","breadcrumb":{"@id":"https:\/\/tclgfirm.com\/team\/christine-m-lugo-esq\/#breadcrumb"},"inLanguage":"es","potentialAction":[{"@type":"ReadAction","target":["https:\/\/tclgfirm.com\/team\/christine-m-lugo-esq\/"]}]},{"@type":"BreadcrumbList","@id":"https:\/\/tclgfirm.com\/team\/christine-m-lugo-esq\/#breadcrumb","itemListElement":[{"@type":"ListItem","position":1,"name":"Home","item":"https:\/\/tclgfirm.com\/"},{"@type":"ListItem","position":2,"name":"Team","item":"https:\/\/tclgfirm.com\/team\/"},{"@type":"ListItem","position":3,"name":"Christine M. Lugo, Esq."}]},{"@type":"WebSite","@id":"https:\/\/tclgfirm.com\/#website","url":"https:\/\/tclgfirm.com\/","name":"Derecho mercantil y corporativo de TCLG","description":"Derecho mercantil y corporativo","publisher":{"@id":"https:\/\/tclgfirm.com\/#organization"},"potentialAction":[{"@type":"SearchAction","target":{"@type":"EntryPoint","urlTemplate":"https:\/\/tclgfirm.com\/?s={search_term_string}"},"query-input":{"@type":"PropertyValueSpecification","valueRequired":true,"valueName":"search_term_string"}}],"inLanguage":"es"},{"@type":"Organization","@id":"https:\/\/tclgfirm.com\/#organization","name":"El Grupo Jur\u00eddico Campbell","alternateName":"TCLG","url":"https:\/\/tclgfirm.com\/","logo":{"@type":"ImageObject","inLanguage":"es","@id":"https:\/\/tclgfirm.com\/#\/schema\/logo\/image\/","url":"https:\/\/tclgfirm.com\/wp-content\/uploads\/2025\/11\/logo-yoast.png","contentUrl":"https:\/\/tclgfirm.com\/wp-content\/uploads\/2025\/11\/logo-yoast.png","width":696,"height":696,"caption":"The Campbell Law Group"},"image":{"@id":"https:\/\/tclgfirm.com\/#\/schema\/logo\/image\/"},"sameAs":["https:\/\/www.facebook.com\/businessattorneymiami\/","https:\/\/x.com\/Campbelllawgrp"]}]}},"_links":{"self":[{"href":"https:\/\/tclgfirm.com\/es\/wp-json\/wp\/v2\/pages\/29277","targetHints":{"allow":["GET"]}}],"collection":[{"href":"https:\/\/tclgfirm.com\/es\/wp-json\/wp\/v2\/pages"}],"about":[{"href":"https:\/\/tclgfirm.com\/es\/wp-json\/wp\/v2\/types\/page"}],"author":[{"embeddable":true,"href":"https:\/\/tclgfirm.com\/es\/wp-json\/wp\/v2\/users\/1"}],"replies":[{"embeddable":true,"href":"https:\/\/tclgfirm.com\/es\/wp-json\/wp\/v2\/comments?post=29277"}],"version-history":[{"count":0,"href":"https:\/\/tclgfirm.com\/es\/wp-json\/wp\/v2\/pages\/29277\/revisions"}],"up":[{"embeddable":true,"href":"https:\/\/tclgfirm.com\/es\/wp-json\/wp\/v2\/pages\/28964"}],"wp:attachment":[{"href":"https:\/\/tclgfirm.com\/es\/wp-json\/wp\/v2\/media?parent=29277"}],"wp:term":[{"taxonomy":"dipi_cpt_category","embeddable":true,"href":"https:\/\/tclgfirm.com\/es\/wp-json\/wp\/v2\/dipi_cpt_category?post=29277"}],"curies":[{"name":"wp","href":"https:\/\/api.w.org\/{rel}","templated":true}]}}